{"id":3199,"date":"2016-05-18T15:27:33","date_gmt":"2016-05-18T15:27:33","guid":{"rendered":"https:\/\/www.feuerundstein.com\/bioethanol\/planika\/"},"modified":"2023-06-09T10:48:35","modified_gmt":"2023-06-09T10:48:35","slug":"planika","status":"publish","type":"page","link":"https:\/\/www.feuerundstein.com\/fr\/cheminee-et-poele\/bioethanol\/planika\/","title":{"rendered":"Planika"},"content":{"rendered":"\n<style type=\"text\/css\" data-created_by=\"avia_inline_auto\" id=\"style-css-av-863zo-48fdaece4817d2bd87f0cea919305d1e\">\n.flex_column.av-863zo-48fdaece4817d2bd87f0cea919305d1e{\nborder-radius:0px 0px 0px 0px;\npadding:0px 0px 0px 0px;\n}\n<\/style>\n<div  class='flex_column av-863zo-48fdaece4817d2bd87f0cea919305d1e av_one_full  avia-builder-el-0  avia-builder-el-no-sibling  first flex_column_div av-zero-column-padding  '     ><section  class='av_textblock_section av-jik67hxm-202fe40daff16201541c93eb7627f05c '   itemscope=\"itemscope\" itemtype=\"https:\/\/schema.org\/CreativeWork\" ><div class='avia_textblock'  itemprop=\"text\" ><p style=\"text-align: justify;\"><strong><a href=\"https:\/\/www.feuerundstein.com\/wp-content\/uploads\/2016\/05\/01-300x169.jpg\"><img loading=\"lazy\" decoding=\"async\" class=\"size-medium wp-image-2943 alignright\" src=\"https:\/\/www.feuerundstein.com\/wp-content\/uploads\/2016\/05\/01-300x169.jpg\" alt=\"Planika\" width=\"300\" height=\"169\" srcset=\"https:\/\/www.feuerundstein.com\/wp-content\/uploads\/2016\/05\/01-300x169.jpg 300w, https:\/\/www.feuerundstein.com\/wp-content\/uploads\/2016\/05\/01-768x432.jpg 768w, https:\/\/www.feuerundstein.com\/wp-content\/uploads\/2016\/05\/01-1024x576.jpg 1024w, https:\/\/www.feuerundstein.com\/wp-content\/uploads\/2016\/05\/01.jpg 1517w\" sizes=\"auto, (max-width: 300px) 100vw, 300px\" \/><\/a>Le monde unique de PLANIKA<br \/>\n<\/strong><\/p>\n<p style=\"text-align: justify;\">Les <strong>PLANIKA<\/strong> sont des foyers bio exceptionnels sans fum\u00e9e et inodores qui n&rsquo;ont pas besoin de chemin\u00e9e, ni de ventilation suppl\u00e9mentaire. Les produits combinent la beaut\u00e9 naturelle du feu et la technologie de pointe.<\/p>\n<p style=\"text-align: justify;\"><strong>PLANIKA<\/strong> a \u00e9t\u00e9 fond\u00e9e par Alfred Weilandt et Jaroslaw D\u0105browski. Leur but \u00e9tait de d\u00e9velopper une m\u00e9thode qui, d&rsquo;une part \u00e0 un charact\u00e8re qui correspond \u00e0 chacun gr\u00e2ce \u00e0 un design individuel et, d&rsquo;autre part, il doit \u00eatre s\u00fbr et facile d\u2019utilisation.<\/p>\n<p style=\"text-align: justify;\">Le <strong>bio\u00e9thanol<\/strong> est d\u00e9j\u00e0 disponible sur les march\u00e9s mondiaux depuis 15 ans et PLANIKA occupe ainsi une position de leader dans la production et la vente de foyers bio.<\/p>\n<p style=\"text-align: justify;\">Le succ\u00e8s des produits est d\u00fb \u00e0 l\u2019importance que <strong>PLANIKA<\/strong> accorde au d\u00e9tail et \u00e0 un traitement de qualit\u00e9 des produits. De plus, la vari\u00e9t\u00e9 des produits nous permet de d\u00e9velopper et de placer des chemin\u00e9es dans des endroits vari\u00e9s. En outre, le design b\u00e9n\u00e9ficie d\u2019un charact\u00e8re unique gr\u00e2ce \u00e0 la collaboration avec des architectes ou des architectes d\u2019int\u00e9rieurs tel que Christphe Pillet, Arik Levy et Serge Atallah<a href=\"https:\/\/www.feuerundstein.com\/wp-content\/uploads\/2016\/05\/23-300x169.jpg\"><img loading=\"lazy\" decoding=\"async\" class=\"size-medium wp-image-2947 alignleft\" src=\"https:\/\/www.feuerundstein.com\/wp-content\/uploads\/2016\/05\/23-300x169.jpg\" alt=\"23\" width=\"300\" height=\"169\" srcset=\"https:\/\/www.feuerundstein.com\/wp-content\/uploads\/2016\/05\/23-300x169.jpg 300w, https:\/\/www.feuerundstein.com\/wp-content\/uploads\/2016\/05\/23-768x432.jpg 768w, https:\/\/www.feuerundstein.com\/wp-content\/uploads\/2016\/05\/23-1024x576.jpg 1024w, https:\/\/www.feuerundstein.com\/wp-content\/uploads\/2016\/05\/23.jpg 1517w\" sizes=\"auto, (max-width: 300px) 100vw, 300px\" \/><\/a>.<\/p>\n<p style=\"text-align: justify;\">Les produits sont disponibles dans plus de 80 pays et peuvent \u00eatre vus dans le monde entier dans des h\u00f4tels tel que les h\u00f4tels Hilton, les h\u00f4tels Kempinski et bien d&rsquo;autres.<\/p>\n<p style=\"text-align: justify;\">Les produits attirent l\u2019attention dans tous les domaines, priv\u00e9 ou commercial.<\/p>\n<p>La technologie brevet\u00e9e BEV offre les avantages suivants:<\/p>\n<ul>\n<li>Pas de contact direct entre le carburant et la flamme<\/li>\n<li>Pas d&rsquo;odeur, pas de fum\u00e9e, pas de suie<\/li>\n<li>Processus de combustion propre<\/li>\n<li>Bien s\u00fbr, la flamme dor\u00e9e<\/li>\n<li>Temps de combustion plus long<\/li>\n<\/ul>\n<p style=\"text-align: justify;\">Laissez-vous convaincre par nos produits et le jeu de flamme qu\u2019ils peuvent offrir dans votre maison.<\/p>\n<p style=\"text-align: justify;\">Tous les mod\u00e8les et leurs renseignements correspondant sont accessibles sur la <span style=\"color: #000000;\"><a style=\"color: #000000;\" href=\"http:\/\/www.planikafires.de\/\" target=\"_blank\" rel=\"noopener\">Homepage<\/a><\/span> ou sur demande<\/p>\n<\/div><\/section><\/div>\n","protected":false},"excerpt":{"rendered":"","protected":false},"author":4,"featured_media":0,"parent":3196,"menu_order":0,"comment_status":"closed","ping_status":"closed","template":"","meta":{"footnotes":""},"class_list":["post-3199","page","type-page","status-publish","hentry"],"yoast_head":"<!-- This site is optimized with the Yoast SEO plugin v27.4 - https:\/\/yoast.com\/product\/yoast-seo-wordpress\/ -->\n<title>Planika<\/title>\n<meta name=\"description\" content=\"Les PLANIKA sont des foyers bio exceptionnels sans fum\u00e9e et inodores qui n&#039;ont pas besoin de chemin\u00e9e, ni de ventilation suppl\u00e9mentaire.\" \/>\n<meta name=\"robots\" content=\"index, follow, max-snippet:-1, max-image-preview:large, max-video-preview:-1\" \/>\n<link rel=\"canonical\" href=\"https:\/\/www.feuerundstein.com\/fr\/cheminee-et-poele\/bioethanol\/planika\/\" \/>\n<meta property=\"og:locale\" content=\"fr_FR\" \/>\n<meta property=\"og:type\" content=\"article\" \/>\n<meta property=\"og:title\" content=\"Planika\" \/>\n<meta property=\"og:description\" content=\"Les PLANIKA sont des foyers bio exceptionnels sans fum\u00e9e et inodores qui n&#039;ont pas besoin de chemin\u00e9e, ni de ventilation suppl\u00e9mentaire.\" \/>\n<meta property=\"og:url\" content=\"https:\/\/www.feuerundstein.com\/fr\/cheminee-et-poele\/bioethanol\/planika\/\" \/>\n<meta property=\"og:site_name\" content=\"Feuer und Stein S\u00e0rl\" \/>\n<meta property=\"article:modified_time\" content=\"2023-06-09T10:48:35+00:00\" \/>\n<meta property=\"og:image\" content=\"https:\/\/www.feuerundstein.com\/wp-content\/uploads\/2016\/05\/01-300x169.jpg\" \/>\n<meta name=\"twitter:card\" content=\"summary_large_image\" \/>\n<meta name=\"twitter:label1\" content=\"Dur\u00e9e de lecture estim\u00e9e\" \/>\n\t<meta name=\"twitter:data1\" content=\"2 minutes\" \/>\n<script type=\"application\/ld+json\" class=\"yoast-schema-graph\">{\"@context\":\"https:\\\/\\\/schema.org\",\"@graph\":[{\"@type\":\"WebPage\",\"@id\":\"https:\\\/\\\/www.feuerundstein.com\\\/fr\\\/cheminee-et-poele\\\/bioethanol\\\/planika\\\/\",\"url\":\"https:\\\/\\\/www.feuerundstein.com\\\/fr\\\/cheminee-et-poele\\\/bioethanol\\\/planika\\\/\",\"name\":\"Planika\",\"isPartOf\":{\"@id\":\"https:\\\/\\\/www.feuerundstein.com\\\/#website\"},\"primaryImageOfPage\":{\"@id\":\"https:\\\/\\\/www.feuerundstein.com\\\/fr\\\/cheminee-et-poele\\\/bioethanol\\\/planika\\\/#primaryimage\"},\"image\":{\"@id\":\"https:\\\/\\\/www.feuerundstein.com\\\/fr\\\/cheminee-et-poele\\\/bioethanol\\\/planika\\\/#primaryimage\"},\"thumbnailUrl\":\"https:\\\/\\\/www.feuerundstein.com\\\/wp-content\\\/uploads\\\/2016\\\/05\\\/01-300x169.jpg\",\"datePublished\":\"2016-05-18T15:27:33+00:00\",\"dateModified\":\"2023-06-09T10:48:35+00:00\",\"description\":\"Les PLANIKA sont des foyers bio exceptionnels sans fum\u00e9e et inodores qui n'ont pas besoin de chemin\u00e9e, ni de ventilation suppl\u00e9mentaire.\",\"breadcrumb\":{\"@id\":\"https:\\\/\\\/www.feuerundstein.com\\\/fr\\\/cheminee-et-poele\\\/bioethanol\\\/planika\\\/#breadcrumb\"},\"inLanguage\":\"fr-FR\",\"potentialAction\":[{\"@type\":\"ReadAction\",\"target\":[\"https:\\\/\\\/www.feuerundstein.com\\\/fr\\\/cheminee-et-poele\\\/bioethanol\\\/planika\\\/\"]}]},{\"@type\":\"ImageObject\",\"inLanguage\":\"fr-FR\",\"@id\":\"https:\\\/\\\/www.feuerundstein.com\\\/fr\\\/cheminee-et-poele\\\/bioethanol\\\/planika\\\/#primaryimage\",\"url\":\"https:\\\/\\\/www.feuerundstein.com\\\/wp-content\\\/uploads\\\/2016\\\/05\\\/01-300x169.jpg\",\"contentUrl\":\"https:\\\/\\\/www.feuerundstein.com\\\/wp-content\\\/uploads\\\/2016\\\/05\\\/01-300x169.jpg\"},{\"@type\":\"BreadcrumbList\",\"@id\":\"https:\\\/\\\/www.feuerundstein.com\\\/fr\\\/cheminee-et-poele\\\/bioethanol\\\/planika\\\/#breadcrumb\",\"itemListElement\":[{\"@type\":\"ListItem\",\"position\":1,\"name\":\"Startseite\",\"item\":\"https:\\\/\\\/www.feuerundstein.com\\\/fr\\\/\"},{\"@type\":\"ListItem\",\"position\":2,\"name\":\"Chemin\u00e9e\\\/Po\u00eale\",\"item\":\"https:\\\/\\\/www.feuerundstein.com\\\/fr\\\/cheminee-et-poele\\\/\"},{\"@type\":\"ListItem\",\"position\":3,\"name\":\"Bio\u00e9thanol\",\"item\":\"https:\\\/\\\/www.feuerundstein.com\\\/fr\\\/cheminee-et-poele\\\/bioethanol\\\/\"},{\"@type\":\"ListItem\",\"position\":4,\"name\":\"Planika\"}]},{\"@type\":\"WebSite\",\"@id\":\"https:\\\/\\\/www.feuerundstein.com\\\/#website\",\"url\":\"https:\\\/\\\/www.feuerundstein.com\\\/\",\"name\":\"Feuer und Stein S\u00e0rl\",\"description\":\"Fireplace and Wood floor expert\",\"potentialAction\":[{\"@type\":\"SearchAction\",\"target\":{\"@type\":\"EntryPoint\",\"urlTemplate\":\"https:\\\/\\\/www.feuerundstein.com\\\/?s={search_term_string}\"},\"query-input\":{\"@type\":\"PropertyValueSpecification\",\"valueRequired\":true,\"valueName\":\"search_term_string\"}}],\"inLanguage\":\"fr-FR\"}]}<\/script>\n<!-- \/ Yoast SEO plugin. -->","yoast_head_json":{"title":"Planika","description":"Les PLANIKA sont des foyers bio exceptionnels sans fum\u00e9e et inodores qui n'ont pas besoin de chemin\u00e9e, ni de ventilation suppl\u00e9mentaire.","robots":{"index":"index","follow":"follow","max-snippet":"max-snippet:-1","max-image-preview":"max-image-preview:large","max-video-preview":"max-video-preview:-1"},"canonical":"https:\/\/www.feuerundstein.com\/fr\/cheminee-et-poele\/bioethanol\/planika\/","og_locale":"fr_FR","og_type":"article","og_title":"Planika","og_description":"Les PLANIKA sont des foyers bio exceptionnels sans fum\u00e9e et inodores qui n'ont pas besoin de chemin\u00e9e, ni de ventilation suppl\u00e9mentaire.","og_url":"https:\/\/www.feuerundstein.com\/fr\/cheminee-et-poele\/bioethanol\/planika\/","og_site_name":"Feuer und Stein S\u00e0rl","article_modified_time":"2023-06-09T10:48:35+00:00","og_image":[{"url":"https:\/\/www.feuerundstein.com\/wp-content\/uploads\/2016\/05\/01-300x169.jpg","type":"","width":"","height":""}],"twitter_card":"summary_large_image","twitter_misc":{"Dur\u00e9e de lecture estim\u00e9e":"2 minutes"},"schema":{"@context":"https:\/\/schema.org","@graph":[{"@type":"WebPage","@id":"https:\/\/www.feuerundstein.com\/fr\/cheminee-et-poele\/bioethanol\/planika\/","url":"https:\/\/www.feuerundstein.com\/fr\/cheminee-et-poele\/bioethanol\/planika\/","name":"Planika","isPartOf":{"@id":"https:\/\/www.feuerundstein.com\/#website"},"primaryImageOfPage":{"@id":"https:\/\/www.feuerundstein.com\/fr\/cheminee-et-poele\/bioethanol\/planika\/#primaryimage"},"image":{"@id":"https:\/\/www.feuerundstein.com\/fr\/cheminee-et-poele\/bioethanol\/planika\/#primaryimage"},"thumbnailUrl":"https:\/\/www.feuerundstein.com\/wp-content\/uploads\/2016\/05\/01-300x169.jpg","datePublished":"2016-05-18T15:27:33+00:00","dateModified":"2023-06-09T10:48:35+00:00","description":"Les PLANIKA sont des foyers bio exceptionnels sans fum\u00e9e et inodores qui n'ont pas besoin de chemin\u00e9e, ni de ventilation suppl\u00e9mentaire.","breadcrumb":{"@id":"https:\/\/www.feuerundstein.com\/fr\/cheminee-et-poele\/bioethanol\/planika\/#breadcrumb"},"inLanguage":"fr-FR","potentialAction":[{"@type":"ReadAction","target":["https:\/\/www.feuerundstein.com\/fr\/cheminee-et-poele\/bioethanol\/planika\/"]}]},{"@type":"ImageObject","inLanguage":"fr-FR","@id":"https:\/\/www.feuerundstein.com\/fr\/cheminee-et-poele\/bioethanol\/planika\/#primaryimage","url":"https:\/\/www.feuerundstein.com\/wp-content\/uploads\/2016\/05\/01-300x169.jpg","contentUrl":"https:\/\/www.feuerundstein.com\/wp-content\/uploads\/2016\/05\/01-300x169.jpg"},{"@type":"BreadcrumbList","@id":"https:\/\/www.feuerundstein.com\/fr\/cheminee-et-poele\/bioethanol\/planika\/#breadcrumb","itemListElement":[{"@type":"ListItem","position":1,"name":"Startseite","item":"https:\/\/www.feuerundstein.com\/fr\/"},{"@type":"ListItem","position":2,"name":"Chemin\u00e9e\/Po\u00eale","item":"https:\/\/www.feuerundstein.com\/fr\/cheminee-et-poele\/"},{"@type":"ListItem","position":3,"name":"Bio\u00e9thanol","item":"https:\/\/www.feuerundstein.com\/fr\/cheminee-et-poele\/bioethanol\/"},{"@type":"ListItem","position":4,"name":"Planika"}]},{"@type":"WebSite","@id":"https:\/\/www.feuerundstein.com\/#website","url":"https:\/\/www.feuerundstein.com\/","name":"Feuer und Stein S\u00e0rl","description":"Fireplace and Wood floor expert","potentialAction":[{"@type":"SearchAction","target":{"@type":"EntryPoint","urlTemplate":"https:\/\/www.feuerundstein.com\/?s={search_term_string}"},"query-input":{"@type":"PropertyValueSpecification","valueRequired":true,"valueName":"search_term_string"}}],"inLanguage":"fr-FR"}]}},"_links":{"self":[{"href":"https:\/\/www.feuerundstein.com\/fr\/wp-json\/wp\/v2\/pages\/3199","targetHints":{"allow":["GET"]}}],"collection":[{"href":"https:\/\/www.feuerundstein.com\/fr\/wp-json\/wp\/v2\/pages"}],"about":[{"href":"https:\/\/www.feuerundstein.com\/fr\/wp-json\/wp\/v2\/types\/page"}],"author":[{"embeddable":true,"href":"https:\/\/www.feuerundstein.com\/fr\/wp-json\/wp\/v2\/users\/4"}],"replies":[{"embeddable":true,"href":"https:\/\/www.feuerundstein.com\/fr\/wp-json\/wp\/v2\/comments?post=3199"}],"version-history":[{"count":9,"href":"https:\/\/www.feuerundstein.com\/fr\/wp-json\/wp\/v2\/pages\/3199\/revisions"}],"predecessor-version":[{"id":7033,"href":"https:\/\/www.feuerundstein.com\/fr\/wp-json\/wp\/v2\/pages\/3199\/revisions\/7033"}],"up":[{"embeddable":true,"href":"https:\/\/www.feuerundstein.com\/fr\/wp-json\/wp\/v2\/pages\/3196"}],"wp:attachment":[{"href":"https:\/\/www.feuerundstein.com\/fr\/wp-json\/wp\/v2\/media?parent=3199"}],"curies":[{"name":"wp","href":"https:\/\/api.w.org\/{rel}","templated":true}]}}