{"id":3202,"date":"2016-02-04T13:39:34","date_gmt":"2016-02-04T13:39:34","guid":{"rendered":"https:\/\/www.feuerundstein.com\/kamineofen\/gaskamin\/"},"modified":"2026-04-14T16:18:52","modified_gmt":"2026-04-14T16:18:52","slug":"gaskamin","status":"publish","type":"page","link":"https:\/\/www.feuerundstein.com\/fr\/cheminee-et-poele\/gaskamin\/","title":{"rendered":"Chemin\u00e9e \u00e0 gaz"},"content":{"rendered":"<h3>Chemin\u00e9e \u00e0 gaz<\/h3>\n<p>Romantisme des flammes, chaleur et exp\u00e9rience du feu sur simple pression d&rsquo;un bouton : les po\u00eales en fa\u00efence \u00e0 gaz, les chemin\u00e9es \u00e0 gaz et les chemin\u00e9es \u00e0 gaz avec inserts chauffants sp\u00e9ciaux sont des appareils de style de vie id\u00e9aux.<\/p>\n<p>Une distinction est faite entre les foyers \u00e0 gaz ferm\u00e9s et ouverts.<\/p>\n<p>Si vous appr\u00e9ciez le confort et la commodit\u00e9, vous serez tr\u00e8s heureux avec un foyer au gaz. Vous n&rsquo;avez pas \u00e0 vous soucier du bois de chauffage, encore moins \u00e0 le stocker. Il n&rsquo;est pas n\u00e9cessaire de nettoyer constamment la chemin\u00e9e. L&rsquo;exp\u00e9rience du feu est tr\u00e8s intense et le motif de flamme qui en r\u00e9sulte peut difficilement \u00eatre distingu\u00e9 d&rsquo;un feu de bois.<\/p>\n<p>Cependant, les exigences structurelles pour l&rsquo;installation d&rsquo;un foyer \u00e0 gaz doivent toujours \u00eatre respect\u00e9es\u00a0:<\/p>\n<p>la pr\u00e9sence d&rsquo;un tuyau de gaz dans la maison<br \/>\nRaccordement \u00e9lectrique et raccordement gaz pour le br\u00fbleur \u00e0 gaz<br \/>\nChemin\u00e9e adapt\u00e9e au gaz<\/p>\n<p>Nos chemin\u00e9es \u00e0 gaz (qu&rsquo;elles soient ouvertes ou ferm\u00e9es) sont con\u00e7ues individuellement pour vous, tout comme les chemin\u00e9es \u00e0 bois.<\/p>\n<p>Lors de la fabrication d&rsquo;un foyer \u00e0 gaz individuel, nous utilisons des inserts des fabricants suivants : Boley, Bell-fires, M-Design, Faber &#8211; en cliquant sur ces liens, vous pouvez parcourir les catalogues de ces fabricants.<\/p>\n<p>Les foyers \u00e0 gaz ouverts peuvent \u00e9galement \u00eatre facilement mis en \u0153uvre dans les maisons passives ou \u00e0 faible consommation d&rsquo;\u00e9nergie \u00e0 l&rsquo;aide de volets d&rsquo;entr\u00e9e et d&rsquo;\u00e9vacuation herm\u00e9tiquement ferm\u00e9s.<\/p>\n","protected":false},"excerpt":{"rendered":"<p>Chemin\u00e9e \u00e0 gaz Romantisme des flammes, chaleur et exp\u00e9rience du feu sur simple pression d&rsquo;un bouton : les po\u00eales en fa\u00efence \u00e0 gaz, les chemin\u00e9es \u00e0 gaz et les chemin\u00e9es \u00e0 gaz avec inserts chauffants sp\u00e9ciaux sont des appareils de style de vie id\u00e9aux. Une distinction est faite entre les foyers \u00e0 gaz ferm\u00e9s et [&hellip;]<\/p>\n","protected":false},"author":1,"featured_media":7257,"parent":3200,"menu_order":0,"comment_status":"closed","ping_status":"closed","template":"","meta":{"footnotes":""},"class_list":["post-3202","page","type-page","status-publish","has-post-thumbnail","hentry"],"yoast_head":"<!-- This site is optimized with the Yoast SEO plugin v27.5 - https:\/\/yoast.com\/product\/yoast-seo-wordpress\/ -->\n<title>Feuer und Stein, sp\u00e9cialiste des Chemin\u00e9e \u00e0 gaz foyers \u00e0 gaz.<\/title>\n<meta name=\"description\" content=\"Romantisme des flammes, chaleur et exp\u00e9rience du feu sur simple pression d&#039;un bouton : les chemin\u00e9es \u00e0 gaz et les chemin\u00e9es \u00e0 gaz avec inserts chauffants sp\u00e9ciaux sont id\u00e9ales...\" \/>\n<meta name=\"robots\" content=\"index, follow, max-snippet:-1, max-image-preview:large, max-video-preview:-1\" \/>\n<link rel=\"canonical\" href=\"https:\/\/www.feuerundstein.com\/kamineofen\/gaskamin\/\" \/>\n<meta property=\"og:locale\" content=\"fr_FR\" \/>\n<meta property=\"og:type\" content=\"article\" \/>\n<meta property=\"og:title\" content=\"Feuer und Stein, sp\u00e9cialiste des Chemin\u00e9e \u00e0 gaz foyers \u00e0 gaz.\" \/>\n<meta property=\"og:description\" content=\"Romantisme des flammes, chaleur et exp\u00e9rience du feu sur simple pression d&#039;un bouton : les chemin\u00e9es \u00e0 gaz et les chemin\u00e9es \u00e0 gaz avec inserts chauffants sp\u00e9ciaux sont id\u00e9ales...\" \/>\n<meta property=\"og:url\" content=\"https:\/\/www.feuerundstein.com\/kamineofen\/gaskamin\/\" \/>\n<meta property=\"og:site_name\" content=\"Feuer und Stein S\u00e0rl\" \/>\n<meta property=\"article:modified_time\" content=\"2026-04-14T16:18:52+00:00\" \/>\n<meta property=\"og:image\" content=\"https:\/\/www.feuerundstein.com\/wp-content\/uploads\/2026\/04\/FeuerStein_09Oktober2024_JM_00011-1030x687.jpg\" \/>\n\t<meta property=\"og:image:width\" content=\"1030\" \/>\n\t<meta property=\"og:image:height\" content=\"687\" \/>\n\t<meta property=\"og:image:type\" content=\"image\/jpeg\" \/>\n<meta name=\"twitter:card\" content=\"summary_large_image\" \/>\n<meta name=\"twitter:label1\" content=\"Dur\u00e9e de lecture estim\u00e9e\" \/>\n\t<meta name=\"twitter:data1\" content=\"1 minute\" \/>\n<script type=\"application\/ld+json\" class=\"yoast-schema-graph\">{\"@context\":\"https:\\\/\\\/schema.org\",\"@graph\":[{\"@type\":\"WebPage\",\"@id\":\"https:\\\/\\\/www.feuerundstein.com\\\/kamineofen\\\/gaskamin\\\/\",\"url\":\"https:\\\/\\\/www.feuerundstein.com\\\/kamineofen\\\/gaskamin\\\/\",\"name\":\"Feuer und Stein, sp\u00e9cialiste des Chemin\u00e9e \u00e0 gaz foyers \u00e0 gaz.\",\"isPartOf\":{\"@id\":\"https:\\\/\\\/www.feuerundstein.com\\\/#website\"},\"primaryImageOfPage\":{\"@id\":\"https:\\\/\\\/www.feuerundstein.com\\\/kamineofen\\\/gaskamin\\\/#primaryimage\"},\"image\":{\"@id\":\"https:\\\/\\\/www.feuerundstein.com\\\/kamineofen\\\/gaskamin\\\/#primaryimage\"},\"thumbnailUrl\":\"https:\\\/\\\/www.feuerundstein.com\\\/wp-content\\\/uploads\\\/2026\\\/04\\\/FeuerStein_09Oktober2024_JM_00011-scaled.jpg\",\"datePublished\":\"2016-02-04T13:39:34+00:00\",\"dateModified\":\"2026-04-14T16:18:52+00:00\",\"description\":\"Romantisme des flammes, chaleur et exp\u00e9rience du feu sur simple pression d'un bouton : les chemin\u00e9es \u00e0 gaz et les chemin\u00e9es \u00e0 gaz avec inserts chauffants sp\u00e9ciaux sont id\u00e9ales...\",\"breadcrumb\":{\"@id\":\"https:\\\/\\\/www.feuerundstein.com\\\/kamineofen\\\/gaskamin\\\/#breadcrumb\"},\"inLanguage\":\"fr-FR\",\"potentialAction\":[{\"@type\":\"ReadAction\",\"target\":[\"https:\\\/\\\/www.feuerundstein.com\\\/kamineofen\\\/gaskamin\\\/\"]}]},{\"@type\":\"ImageObject\",\"inLanguage\":\"fr-FR\",\"@id\":\"https:\\\/\\\/www.feuerundstein.com\\\/kamineofen\\\/gaskamin\\\/#primaryimage\",\"url\":\"https:\\\/\\\/www.feuerundstein.com\\\/wp-content\\\/uploads\\\/2026\\\/04\\\/FeuerStein_09Oktober2024_JM_00011-scaled.jpg\",\"contentUrl\":\"https:\\\/\\\/www.feuerundstein.com\\\/wp-content\\\/uploads\\\/2026\\\/04\\\/FeuerStein_09Oktober2024_JM_00011-scaled.jpg\",\"width\":2560,\"height\":1707},{\"@type\":\"BreadcrumbList\",\"@id\":\"https:\\\/\\\/www.feuerundstein.com\\\/kamineofen\\\/gaskamin\\\/#breadcrumb\",\"itemListElement\":[{\"@type\":\"ListItem\",\"position\":1,\"name\":\"Startseite\",\"item\":\"https:\\\/\\\/www.feuerundstein.com\\\/fr\\\/\"},{\"@type\":\"ListItem\",\"position\":2,\"name\":\"Chemin\u00e9e\\\/Po\u00eale\",\"item\":\"https:\\\/\\\/www.feuerundstein.com\\\/fr\\\/cheminee-et-poele\\\/\"},{\"@type\":\"ListItem\",\"position\":3,\"name\":\"Chemin\u00e9e \u00e0 gaz\"}]},{\"@type\":\"WebSite\",\"@id\":\"https:\\\/\\\/www.feuerundstein.com\\\/#website\",\"url\":\"https:\\\/\\\/www.feuerundstein.com\\\/\",\"name\":\"Feuer und Stein S\u00e0rl\",\"description\":\"Fireplace and Wood floor expert\",\"potentialAction\":[{\"@type\":\"SearchAction\",\"target\":{\"@type\":\"EntryPoint\",\"urlTemplate\":\"https:\\\/\\\/www.feuerundstein.com\\\/?s={search_term_string}\"},\"query-input\":{\"@type\":\"PropertyValueSpecification\",\"valueRequired\":true,\"valueName\":\"search_term_string\"}}],\"inLanguage\":\"fr-FR\"}]}<\/script>\n<!-- \/ Yoast SEO plugin. -->","yoast_head_json":{"title":"Feuer und Stein, sp\u00e9cialiste des Chemin\u00e9e \u00e0 gaz foyers \u00e0 gaz.","description":"Romantisme des flammes, chaleur et exp\u00e9rience du feu sur simple pression d'un bouton : les chemin\u00e9es \u00e0 gaz et les chemin\u00e9es \u00e0 gaz avec inserts chauffants sp\u00e9ciaux sont id\u00e9ales...","robots":{"index":"index","follow":"follow","max-snippet":"max-snippet:-1","max-image-preview":"max-image-preview:large","max-video-preview":"max-video-preview:-1"},"canonical":"https:\/\/www.feuerundstein.com\/kamineofen\/gaskamin\/","og_locale":"fr_FR","og_type":"article","og_title":"Feuer und Stein, sp\u00e9cialiste des Chemin\u00e9e \u00e0 gaz foyers \u00e0 gaz.","og_description":"Romantisme des flammes, chaleur et exp\u00e9rience du feu sur simple pression d'un bouton : les chemin\u00e9es \u00e0 gaz et les chemin\u00e9es \u00e0 gaz avec inserts chauffants sp\u00e9ciaux sont id\u00e9ales...","og_url":"https:\/\/www.feuerundstein.com\/kamineofen\/gaskamin\/","og_site_name":"Feuer und Stein S\u00e0rl","article_modified_time":"2026-04-14T16:18:52+00:00","og_image":[{"width":1030,"height":687,"url":"https:\/\/www.feuerundstein.com\/wp-content\/uploads\/2026\/04\/FeuerStein_09Oktober2024_JM_00011-1030x687.jpg","type":"image\/jpeg"}],"twitter_card":"summary_large_image","twitter_misc":{"Dur\u00e9e de lecture estim\u00e9e":"1 minute"},"schema":{"@context":"https:\/\/schema.org","@graph":[{"@type":"WebPage","@id":"https:\/\/www.feuerundstein.com\/kamineofen\/gaskamin\/","url":"https:\/\/www.feuerundstein.com\/kamineofen\/gaskamin\/","name":"Feuer und Stein, sp\u00e9cialiste des Chemin\u00e9e \u00e0 gaz foyers \u00e0 gaz.","isPartOf":{"@id":"https:\/\/www.feuerundstein.com\/#website"},"primaryImageOfPage":{"@id":"https:\/\/www.feuerundstein.com\/kamineofen\/gaskamin\/#primaryimage"},"image":{"@id":"https:\/\/www.feuerundstein.com\/kamineofen\/gaskamin\/#primaryimage"},"thumbnailUrl":"https:\/\/www.feuerundstein.com\/wp-content\/uploads\/2026\/04\/FeuerStein_09Oktober2024_JM_00011-scaled.jpg","datePublished":"2016-02-04T13:39:34+00:00","dateModified":"2026-04-14T16:18:52+00:00","description":"Romantisme des flammes, chaleur et exp\u00e9rience du feu sur simple pression d'un bouton : les chemin\u00e9es \u00e0 gaz et les chemin\u00e9es \u00e0 gaz avec inserts chauffants sp\u00e9ciaux sont id\u00e9ales...","breadcrumb":{"@id":"https:\/\/www.feuerundstein.com\/kamineofen\/gaskamin\/#breadcrumb"},"inLanguage":"fr-FR","potentialAction":[{"@type":"ReadAction","target":["https:\/\/www.feuerundstein.com\/kamineofen\/gaskamin\/"]}]},{"@type":"ImageObject","inLanguage":"fr-FR","@id":"https:\/\/www.feuerundstein.com\/kamineofen\/gaskamin\/#primaryimage","url":"https:\/\/www.feuerundstein.com\/wp-content\/uploads\/2026\/04\/FeuerStein_09Oktober2024_JM_00011-scaled.jpg","contentUrl":"https:\/\/www.feuerundstein.com\/wp-content\/uploads\/2026\/04\/FeuerStein_09Oktober2024_JM_00011-scaled.jpg","width":2560,"height":1707},{"@type":"BreadcrumbList","@id":"https:\/\/www.feuerundstein.com\/kamineofen\/gaskamin\/#breadcrumb","itemListElement":[{"@type":"ListItem","position":1,"name":"Startseite","item":"https:\/\/www.feuerundstein.com\/fr\/"},{"@type":"ListItem","position":2,"name":"Chemin\u00e9e\/Po\u00eale","item":"https:\/\/www.feuerundstein.com\/fr\/cheminee-et-poele\/"},{"@type":"ListItem","position":3,"name":"Chemin\u00e9e \u00e0 gaz"}]},{"@type":"WebSite","@id":"https:\/\/www.feuerundstein.com\/#website","url":"https:\/\/www.feuerundstein.com\/","name":"Feuer und Stein S\u00e0rl","description":"Fireplace and Wood floor expert","potentialAction":[{"@type":"SearchAction","target":{"@type":"EntryPoint","urlTemplate":"https:\/\/www.feuerundstein.com\/?s={search_term_string}"},"query-input":{"@type":"PropertyValueSpecification","valueRequired":true,"valueName":"search_term_string"}}],"inLanguage":"fr-FR"}]}},"_links":{"self":[{"href":"https:\/\/www.feuerundstein.com\/fr\/wp-json\/wp\/v2\/pages\/3202","targetHints":{"allow":["GET"]}}],"collection":[{"href":"https:\/\/www.feuerundstein.com\/fr\/wp-json\/wp\/v2\/pages"}],"about":[{"href":"https:\/\/www.feuerundstein.com\/fr\/wp-json\/wp\/v2\/types\/page"}],"author":[{"embeddable":true,"href":"https:\/\/www.feuerundstein.com\/fr\/wp-json\/wp\/v2\/users\/1"}],"replies":[{"embeddable":true,"href":"https:\/\/www.feuerundstein.com\/fr\/wp-json\/wp\/v2\/comments?post=3202"}],"version-history":[{"count":3,"href":"https:\/\/www.feuerundstein.com\/fr\/wp-json\/wp\/v2\/pages\/3202\/revisions"}],"predecessor-version":[{"id":7047,"href":"https:\/\/www.feuerundstein.com\/fr\/wp-json\/wp\/v2\/pages\/3202\/revisions\/7047"}],"up":[{"embeddable":true,"href":"https:\/\/www.feuerundstein.com\/fr\/wp-json\/wp\/v2\/pages\/3200"}],"wp:featuredmedia":[{"embeddable":true,"href":"https:\/\/www.feuerundstein.com\/fr\/wp-json\/wp\/v2\/media\/7257"}],"wp:attachment":[{"href":"https:\/\/www.feuerundstein.com\/fr\/wp-json\/wp\/v2\/media?parent=3202"}],"curies":[{"name":"wp","href":"https:\/\/api.w.org\/{rel}","templated":true}]}}