{"id":3203,"date":"2015-11-09T21:12:47","date_gmt":"2015-11-09T21:12:47","guid":{"rendered":"https:\/\/www.feuerundstein.com\/ihr-fs-team\/"},"modified":"2026-04-14T16:07:50","modified_gmt":"2026-04-14T16:07:50","slug":"equipe-feuer-und-stein","status":"publish","type":"page","link":"https:\/\/www.feuerundstein.com\/fr\/equipe-feuer-und-stein\/","title":{"rendered":"L&rsquo;\u00e9quipe Feuer und Stein"},"content":{"rendered":"\n<style type=\"text\/css\" data-created_by=\"avia_inline_auto\" id=\"style-css-av-esgn1r-174d3473501d12510475d85ab7890cce\">\n.flex_column.av-esgn1r-174d3473501d12510475d85ab7890cce{\nborder-radius:0px 0px 0px 0px;\npadding:0px 0px 0px 0px;\n}\n<\/style>\n<div  class='flex_column av-esgn1r-174d3473501d12510475d85ab7890cce av_one_full  avia-builder-el-0  avia-builder-el-no-sibling  first flex_column_div av-zero-column-padding  '     ><div  class='togglecontainer av-jsn2wazr-a159afcd3595296bda188c33341e1d99  avia-builder-el-1  avia-builder-el-no-sibling ' >\n<section class='av_toggle_section av-bx7067-ada1fbc0cb791234fbf9b6fb8a6e8705'  itemscope=\"itemscope\" itemtype=\"https:\/\/schema.org\/CreativeWork\" ><div role=\"tablist\" class=\"single_toggle\" data-tags=\"{Tout} \"  ><p id='toggle-toggle-id-1' data-fake-id='#toggle-id-1' class='toggler  av-title-above '  itemprop=\"headline\"  role='tab' tabindex='0' aria-controls='toggle-id-1' data-slide-speed=\"200\" data-title=\"Tim HOLSTEIN\" data-title-open=\"\" data-aria_collapsed=\"Cliquez pour \u00e9tendre : Tim HOLSTEIN\" data-aria_expanded=\"Cliquez pour r\u00e9duire : Tim HOLSTEIN\">Tim HOLSTEIN<span class=\"toggle_icon\"><span class=\"vert_icon\"><\/span><span class=\"hor_icon\"><\/span><\/span><\/p><div id='toggle-id-1' aria-labelledby='toggle-toggle-id-1' role='region' class='toggle_wrap  av-title-above'  ><div class='toggle_content invers-color '  itemprop=\"text\" ><p>Directeur g\u00e9n\u00e9ral<\/p>\n<p><a href=\"https:\/\/www.feuerundstein.com\/wp-content\/uploads\/2026\/04\/FeuerStein_09Oktober2024_JM_00040-scaled.jpg\"><img loading=\"lazy\" decoding=\"async\" class=\"wp-image-7200 alignleft\" src=\"https:\/\/www.feuerundstein.com\/wp-content\/uploads\/2026\/04\/FeuerStein_09Oktober2024_JM_00040-scaled.jpg\" alt=\"\" width=\"390\" height=\"260\" srcset=\"https:\/\/www.feuerundstein.com\/wp-content\/uploads\/2026\/04\/FeuerStein_09Oktober2024_JM_00040-scaled.jpg 2560w, https:\/\/www.feuerundstein.com\/wp-content\/uploads\/2026\/04\/FeuerStein_09Oktober2024_JM_00040-300x200.jpg 300w, https:\/\/www.feuerundstein.com\/wp-content\/uploads\/2026\/04\/FeuerStein_09Oktober2024_JM_00040-1030x687.jpg 1030w, https:\/\/www.feuerundstein.com\/wp-content\/uploads\/2026\/04\/FeuerStein_09Oktober2024_JM_00040-768x512.jpg 768w, https:\/\/www.feuerundstein.com\/wp-content\/uploads\/2026\/04\/FeuerStein_09Oktober2024_JM_00040-1536x1024.jpg 1536w, https:\/\/www.feuerundstein.com\/wp-content\/uploads\/2026\/04\/FeuerStein_09Oktober2024_JM_00040-2048x1365.jpg 2048w, https:\/\/www.feuerundstein.com\/wp-content\/uploads\/2026\/04\/FeuerStein_09Oktober2024_JM_00040-1500x1000.jpg 1500w, https:\/\/www.feuerundstein.com\/wp-content\/uploads\/2026\/04\/FeuerStein_09Oktober2024_JM_00040-705x470.jpg 705w\" sizes=\"auto, (max-width: 390px) 100vw, 390px\" \/><\/a><\/p>\n<\/div><\/div><\/div><\/section>\n<section class='av_toggle_section av-9rosn3-0c98ef0e26a3b63edde3f96186f4428d'  itemscope=\"itemscope\" itemtype=\"https:\/\/schema.org\/CreativeWork\" ><div role=\"tablist\" class=\"single_toggle\" data-tags=\"{Tout} \"  ><p id='toggle-toggle-id-2' data-fake-id='#toggle-id-2' class='toggler  av-title-above '  itemprop=\"headline\"  role='tab' tabindex='0' aria-controls='toggle-id-2' data-slide-speed=\"200\" data-title=\"Dirk SCH\u00c4FER\" data-title-open=\"\" data-aria_collapsed=\"Cliquez pour \u00e9tendre : Dirk SCH\u00c4FER\" data-aria_expanded=\"Cliquez pour r\u00e9duire : Dirk SCH\u00c4FER\">Dirk SCH\u00c4FER<span class=\"toggle_icon\"><span class=\"vert_icon\"><\/span><span class=\"hor_icon\"><\/span><\/span><\/p><div id='toggle-id-2' aria-labelledby='toggle-toggle-id-2' role='region' class='toggle_wrap  av-title-above'  ><div class='toggle_content invers-color '  itemprop=\"text\" ><p>Directeur des op\u00e9rations<\/p>\n<p>Personne de contact pour Outdoorliving, les chemin\u00e9es, les po\u00eales et les syst\u00e8mes de chemin\u00e9e<\/p>\n<p><a href=\"https:\/\/www.feuerundstein.com\/wp-content\/uploads\/2026\/04\/Dirk-scaled.jpg\"><img loading=\"lazy\" decoding=\"async\" class=\"wp-image-7288 alignleft\" src=\"https:\/\/www.feuerundstein.com\/wp-content\/uploads\/2026\/04\/Dirk-scaled.jpg\" alt=\"\" width=\"344\" height=\"322\" srcset=\"https:\/\/www.feuerundstein.com\/wp-content\/uploads\/2026\/04\/Dirk-scaled.jpg 2560w, https:\/\/www.feuerundstein.com\/wp-content\/uploads\/2026\/04\/Dirk-300x281.jpg 300w, https:\/\/www.feuerundstein.com\/wp-content\/uploads\/2026\/04\/Dirk-1030x965.jpg 1030w, https:\/\/www.feuerundstein.com\/wp-content\/uploads\/2026\/04\/Dirk-768x719.jpg 768w, https:\/\/www.feuerundstein.com\/wp-content\/uploads\/2026\/04\/Dirk-1536x1439.jpg 1536w, https:\/\/www.feuerundstein.com\/wp-content\/uploads\/2026\/04\/Dirk-2048x1918.jpg 2048w, https:\/\/www.feuerundstein.com\/wp-content\/uploads\/2026\/04\/Dirk-1500x1405.jpg 1500w, https:\/\/www.feuerundstein.com\/wp-content\/uploads\/2026\/04\/Dirk-705x660.jpg 705w\" sizes=\"auto, (max-width: 344px) 100vw, 344px\" \/><\/a><\/p>\n<\/div><\/div><\/div><\/section>\n<section class='av_toggle_section av-6wmntr-92eeccacd95a58c9144f44e739fd2e24'  itemscope=\"itemscope\" itemtype=\"https:\/\/schema.org\/CreativeWork\" ><div role=\"tablist\" class=\"single_toggle\" data-tags=\"{Tout} \"  ><p id='toggle-toggle-id-3' data-fake-id='#toggle-id-3' class='toggler  av-title-above '  itemprop=\"headline\"  role='tab' tabindex='0' aria-controls='toggle-id-3' data-slide-speed=\"200\" data-title=\"Sebastian MARX\" data-title-open=\"\" data-aria_collapsed=\"Cliquez pour \u00e9tendre : Sebastian MARX\" data-aria_expanded=\"Cliquez pour r\u00e9duire : Sebastian MARX\">Sebastian MARX<span class=\"toggle_icon\"><span class=\"vert_icon\"><\/span><span class=\"hor_icon\"><\/span><\/span><\/p><div id='toggle-id-3' aria-labelledby='toggle-toggle-id-3' role='region' class='toggle_wrap  av-title-above'  ><div class='toggle_content invers-color '  itemprop=\"text\" ><p>Personne de contact pour les chemin\u00e9es, po\u00eales et syst\u00e8mes de chemin\u00e9e<\/p>\n<\/div><\/div><\/div><\/section>\n<section class='av_toggle_section av-2i5pqn-c057f074c6ba8a9b8554fe4fa8b7f44d'  itemscope=\"itemscope\" itemtype=\"https:\/\/schema.org\/CreativeWork\" ><div role=\"tablist\" class=\"single_toggle\" data-tags=\"{Tout} \"  ><p id='toggle-toggle-id-4' data-fake-id='#toggle-id-4' class='toggler  av-title-above '  itemprop=\"headline\"  role='tab' tabindex='0' aria-controls='toggle-id-4' data-slide-speed=\"200\" data-title=\"St\u00e9phanie GEYER\" data-title-open=\"\" data-aria_collapsed=\"Cliquez pour \u00e9tendre : St\u00e9phanie GEYER\" data-aria_expanded=\"Cliquez pour r\u00e9duire : St\u00e9phanie GEYER\">St\u00e9phanie GEYER<span class=\"toggle_icon\"><span class=\"vert_icon\"><\/span><span class=\"hor_icon\"><\/span><\/span><\/p><div id='toggle-id-4' aria-labelledby='toggle-toggle-id-4' role='region' class='toggle_wrap  av-title-above'  ><div class='toggle_content invers-color '  itemprop=\"text\" ><p>Comptabilit\u00e9<\/p>\n<\/div><\/div><\/div><\/section>\n<\/div><\/div>\n","protected":false},"excerpt":{"rendered":"","protected":false},"author":1,"featured_media":3801,"parent":0,"menu_order":0,"comment_status":"closed","ping_status":"closed","template":"","meta":{"footnotes":""},"class_list":["post-3203","page","type-page","status-publish","has-post-thumbnail","hentry"],"yoast_head":"<!-- This site is optimized with the Yoast SEO plugin v27.4 - https:\/\/yoast.com\/product\/yoast-seo-wordpress\/ -->\n<title>Rencontrez toute l&#039;\u00e9quipe de Feuer und Stein qui r\u00e9pondra \u00e0 toutes vos attentes<\/title>\n<meta name=\"description\" content=\"L&#039;\u00e9quipe Feuer und Stein\" \/>\n<meta name=\"robots\" content=\"index, follow, max-snippet:-1, max-image-preview:large, max-video-preview:-1\" \/>\n<link rel=\"canonical\" href=\"https:\/\/www.feuerundstein.com\/ihr-fs-team\/\" \/>\n<meta property=\"og:locale\" content=\"fr_FR\" \/>\n<meta property=\"og:type\" content=\"article\" \/>\n<meta property=\"og:title\" content=\"Rencontrez toute l&#039;\u00e9quipe de Feuer und Stein qui r\u00e9pondra \u00e0 toutes vos attentes\" \/>\n<meta property=\"og:description\" content=\"L&#039;\u00e9quipe Feuer und Stein\" \/>\n<meta property=\"og:url\" content=\"https:\/\/www.feuerundstein.com\/ihr-fs-team\/\" \/>\n<meta property=\"og:site_name\" content=\"Feuer und Stein S\u00e0rl\" \/>\n<meta property=\"article:modified_time\" content=\"2026-04-14T16:07:50+00:00\" \/>\n<meta property=\"og:image\" content=\"https:\/\/www.feuerundstein.com\/wp-content\/uploads\/2016\/03\/Teamfoto_neu.jpg\" \/>\n\t<meta property=\"og:image:width\" content=\"1974\" \/>\n\t<meta property=\"og:image:height\" content=\"1400\" \/>\n\t<meta property=\"og:image:type\" content=\"image\/jpeg\" \/>\n<meta name=\"twitter:card\" content=\"summary_large_image\" \/>\n<meta name=\"twitter:label1\" content=\"Dur\u00e9e de lecture estim\u00e9e\" \/>\n\t<meta name=\"twitter:data1\" content=\"2 minutes\" \/>\n<script type=\"application\/ld+json\" class=\"yoast-schema-graph\">{\"@context\":\"https:\\\/\\\/schema.org\",\"@graph\":[{\"@type\":\"WebPage\",\"@id\":\"https:\\\/\\\/www.feuerundstein.com\\\/ihr-fs-team\\\/\",\"url\":\"https:\\\/\\\/www.feuerundstein.com\\\/ihr-fs-team\\\/\",\"name\":\"Rencontrez toute l'\u00e9quipe de Feuer und Stein qui r\u00e9pondra \u00e0 toutes vos attentes\",\"isPartOf\":{\"@id\":\"https:\\\/\\\/www.feuerundstein.com\\\/#website\"},\"primaryImageOfPage\":{\"@id\":\"https:\\\/\\\/www.feuerundstein.com\\\/ihr-fs-team\\\/#primaryimage\"},\"image\":{\"@id\":\"https:\\\/\\\/www.feuerundstein.com\\\/ihr-fs-team\\\/#primaryimage\"},\"thumbnailUrl\":\"https:\\\/\\\/www.feuerundstein.com\\\/wp-content\\\/uploads\\\/2016\\\/03\\\/Teamfoto_neu.jpg\",\"datePublished\":\"2015-11-09T21:12:47+00:00\",\"dateModified\":\"2026-04-14T16:07:50+00:00\",\"description\":\"L'\u00e9quipe Feuer und Stein\",\"breadcrumb\":{\"@id\":\"https:\\\/\\\/www.feuerundstein.com\\\/ihr-fs-team\\\/#breadcrumb\"},\"inLanguage\":\"fr-FR\",\"potentialAction\":[{\"@type\":\"ReadAction\",\"target\":[\"https:\\\/\\\/www.feuerundstein.com\\\/ihr-fs-team\\\/\"]}]},{\"@type\":\"ImageObject\",\"inLanguage\":\"fr-FR\",\"@id\":\"https:\\\/\\\/www.feuerundstein.com\\\/ihr-fs-team\\\/#primaryimage\",\"url\":\"https:\\\/\\\/www.feuerundstein.com\\\/wp-content\\\/uploads\\\/2016\\\/03\\\/Teamfoto_neu.jpg\",\"contentUrl\":\"https:\\\/\\\/www.feuerundstein.com\\\/wp-content\\\/uploads\\\/2016\\\/03\\\/Teamfoto_neu.jpg\",\"width\":1974,\"height\":1400},{\"@type\":\"BreadcrumbList\",\"@id\":\"https:\\\/\\\/www.feuerundstein.com\\\/ihr-fs-team\\\/#breadcrumb\",\"itemListElement\":[{\"@type\":\"ListItem\",\"position\":1,\"name\":\"Startseite\",\"item\":\"https:\\\/\\\/www.feuerundstein.com\\\/fr\\\/\"},{\"@type\":\"ListItem\",\"position\":2,\"name\":\"L&#8217;\u00e9quipe Feuer und Stein\"}]},{\"@type\":\"WebSite\",\"@id\":\"https:\\\/\\\/www.feuerundstein.com\\\/#website\",\"url\":\"https:\\\/\\\/www.feuerundstein.com\\\/\",\"name\":\"Feuer und Stein S\u00e0rl\",\"description\":\"Fireplace and Wood floor expert\",\"potentialAction\":[{\"@type\":\"SearchAction\",\"target\":{\"@type\":\"EntryPoint\",\"urlTemplate\":\"https:\\\/\\\/www.feuerundstein.com\\\/?s={search_term_string}\"},\"query-input\":{\"@type\":\"PropertyValueSpecification\",\"valueRequired\":true,\"valueName\":\"search_term_string\"}}],\"inLanguage\":\"fr-FR\"}]}<\/script>\n<!-- \/ Yoast SEO plugin. -->","yoast_head_json":{"title":"Rencontrez toute l'\u00e9quipe de Feuer und Stein qui r\u00e9pondra \u00e0 toutes vos attentes","description":"L'\u00e9quipe Feuer und Stein","robots":{"index":"index","follow":"follow","max-snippet":"max-snippet:-1","max-image-preview":"max-image-preview:large","max-video-preview":"max-video-preview:-1"},"canonical":"https:\/\/www.feuerundstein.com\/ihr-fs-team\/","og_locale":"fr_FR","og_type":"article","og_title":"Rencontrez toute l'\u00e9quipe de Feuer und Stein qui r\u00e9pondra \u00e0 toutes vos attentes","og_description":"L'\u00e9quipe Feuer und Stein","og_url":"https:\/\/www.feuerundstein.com\/ihr-fs-team\/","og_site_name":"Feuer und Stein S\u00e0rl","article_modified_time":"2026-04-14T16:07:50+00:00","og_image":[{"width":1974,"height":1400,"url":"https:\/\/www.feuerundstein.com\/wp-content\/uploads\/2016\/03\/Teamfoto_neu.jpg","type":"image\/jpeg"}],"twitter_card":"summary_large_image","twitter_misc":{"Dur\u00e9e de lecture estim\u00e9e":"2 minutes"},"schema":{"@context":"https:\/\/schema.org","@graph":[{"@type":"WebPage","@id":"https:\/\/www.feuerundstein.com\/ihr-fs-team\/","url":"https:\/\/www.feuerundstein.com\/ihr-fs-team\/","name":"Rencontrez toute l'\u00e9quipe de Feuer und Stein qui r\u00e9pondra \u00e0 toutes vos attentes","isPartOf":{"@id":"https:\/\/www.feuerundstein.com\/#website"},"primaryImageOfPage":{"@id":"https:\/\/www.feuerundstein.com\/ihr-fs-team\/#primaryimage"},"image":{"@id":"https:\/\/www.feuerundstein.com\/ihr-fs-team\/#primaryimage"},"thumbnailUrl":"https:\/\/www.feuerundstein.com\/wp-content\/uploads\/2016\/03\/Teamfoto_neu.jpg","datePublished":"2015-11-09T21:12:47+00:00","dateModified":"2026-04-14T16:07:50+00:00","description":"L'\u00e9quipe Feuer und Stein","breadcrumb":{"@id":"https:\/\/www.feuerundstein.com\/ihr-fs-team\/#breadcrumb"},"inLanguage":"fr-FR","potentialAction":[{"@type":"ReadAction","target":["https:\/\/www.feuerundstein.com\/ihr-fs-team\/"]}]},{"@type":"ImageObject","inLanguage":"fr-FR","@id":"https:\/\/www.feuerundstein.com\/ihr-fs-team\/#primaryimage","url":"https:\/\/www.feuerundstein.com\/wp-content\/uploads\/2016\/03\/Teamfoto_neu.jpg","contentUrl":"https:\/\/www.feuerundstein.com\/wp-content\/uploads\/2016\/03\/Teamfoto_neu.jpg","width":1974,"height":1400},{"@type":"BreadcrumbList","@id":"https:\/\/www.feuerundstein.com\/ihr-fs-team\/#breadcrumb","itemListElement":[{"@type":"ListItem","position":1,"name":"Startseite","item":"https:\/\/www.feuerundstein.com\/fr\/"},{"@type":"ListItem","position":2,"name":"L&#8217;\u00e9quipe Feuer und Stein"}]},{"@type":"WebSite","@id":"https:\/\/www.feuerundstein.com\/#website","url":"https:\/\/www.feuerundstein.com\/","name":"Feuer und Stein S\u00e0rl","description":"Fireplace and Wood floor expert","potentialAction":[{"@type":"SearchAction","target":{"@type":"EntryPoint","urlTemplate":"https:\/\/www.feuerundstein.com\/?s={search_term_string}"},"query-input":{"@type":"PropertyValueSpecification","valueRequired":true,"valueName":"search_term_string"}}],"inLanguage":"fr-FR"}]}},"_links":{"self":[{"href":"https:\/\/www.feuerundstein.com\/fr\/wp-json\/wp\/v2\/pages\/3203","targetHints":{"allow":["GET"]}}],"collection":[{"href":"https:\/\/www.feuerundstein.com\/fr\/wp-json\/wp\/v2\/pages"}],"about":[{"href":"https:\/\/www.feuerundstein.com\/fr\/wp-json\/wp\/v2\/types\/page"}],"author":[{"embeddable":true,"href":"https:\/\/www.feuerundstein.com\/fr\/wp-json\/wp\/v2\/users\/1"}],"replies":[{"embeddable":true,"href":"https:\/\/www.feuerundstein.com\/fr\/wp-json\/wp\/v2\/comments?post=3203"}],"version-history":[{"count":31,"href":"https:\/\/www.feuerundstein.com\/fr\/wp-json\/wp\/v2\/pages\/3203\/revisions"}],"predecessor-version":[{"id":7444,"href":"https:\/\/www.feuerundstein.com\/fr\/wp-json\/wp\/v2\/pages\/3203\/revisions\/7444"}],"wp:featuredmedia":[{"embeddable":true,"href":"https:\/\/www.feuerundstein.com\/fr\/wp-json\/wp\/v2\/media\/3801"}],"wp:attachment":[{"href":"https:\/\/www.feuerundstein.com\/fr\/wp-json\/wp\/v2\/media?parent=3203"}],"curies":[{"name":"wp","href":"https:\/\/api.w.org\/{rel}","templated":true}]}}