{"id":3205,"date":"2015-11-09T21:12:22","date_gmt":"2015-11-09T21:12:22","guid":{"rendered":"https:\/\/www.feuerundstein.com\/unternehmen\/imagefilm\/"},"modified":"2026-04-14T16:08:08","modified_gmt":"2026-04-14T16:08:08","slug":"demovideo","status":"publish","type":"page","link":"https:\/\/www.feuerundstein.com\/fr\/demovideo\/","title":{"rendered":"D\u00e9movid\u00e9o"},"content":{"rendered":"\n<style type=\"text\/css\" data-created_by=\"avia_inline_auto\" id=\"style-css-av-av_one_full-1df1b63c6c045939f2dc1aefbdd8e7ad\">\n.flex_column.av-av_one_full-1df1b63c6c045939f2dc1aefbdd8e7ad{\nborder-radius:0px 0px 0px 0px;\npadding:0px 0px 0px 0px;\n}\n<\/style>\n<div  class='flex_column av-av_one_full-1df1b63c6c045939f2dc1aefbdd8e7ad av_one_full  avia-builder-el-0  avia-builder-el-no-sibling  first flex_column_div av-zero-column-padding  '     ><div  class='avia-video av-jik7ra1w-bce70ac2909fae61218dfa352bb151ce avia-video-16-9 av-no-preview-image avia-video-load-always av-lazyload-immediate av-lazyload-video-embed'  itemprop=\"video\" itemtype=\"https:\/\/schema.org\/VideoObject\"  data-original_url='https:\/\/youtu.be\/xwgG2G_NAOk'><script type='text\/html' class='av-video-tmpl'><div class='avia-iframe-wrap'><iframe loading=\"lazy\" width=\"1500\" height=\"844\" src=\"https:\/\/www.youtube.com\/embed\/xwgG2G_NAOk?feature=oembed&autoplay=0&loop=0&controls=1&mute=0\" frameborder=\"0\" allow=\"autoplay; encrypted-media\" allowfullscreen><\/iframe><\/div><\/script><div class='av-click-to-play-overlay'><div class=\"avia_playpause_icon\"><\/div><\/div><\/div><\/div>\n","protected":false},"excerpt":{"rendered":"","protected":false},"author":1,"featured_media":3565,"parent":0,"menu_order":0,"comment_status":"closed","ping_status":"closed","template":"","meta":{"footnotes":""},"class_list":["post-3205","page","type-page","status-publish","has-post-thumbnail","hentry"],"yoast_head":"<!-- This site is optimized with the Yoast SEO plugin v27.4 - https:\/\/yoast.com\/product\/yoast-seo-wordpress\/ -->\n<title>Regardez notre D\u00e9movid\u00e9o sur les services et produits de Feuer und Stein<\/title>\n<meta name=\"description\" content=\"Regardez notre D\u00e9movid\u00e9o sur les services et produits de Feuer und Stein. Vous \u00eates interess\u00e9s par une chemin\u00e9e, un po\u00eble \u00e0 granulets, une terrasse, un saune ? Contactez notre service commercial.\" \/>\n<meta name=\"robots\" content=\"index, follow, max-snippet:-1, max-image-preview:large, max-video-preview:-1\" \/>\n<link rel=\"canonical\" href=\"https:\/\/www.feuerundstein.com\/fr\/demovideo\/\" \/>\n<meta property=\"og:locale\" content=\"fr_FR\" \/>\n<meta property=\"og:type\" content=\"article\" \/>\n<meta property=\"og:title\" content=\"Regardez notre D\u00e9movid\u00e9o sur les services et produits de Feuer und Stein\" \/>\n<meta property=\"og:description\" content=\"Regardez notre D\u00e9movid\u00e9o sur les services et produits de Feuer und Stein. Vous \u00eates interess\u00e9s par une chemin\u00e9e, un po\u00eble \u00e0 granulets, une terrasse, un saune ? Contactez notre service commercial.\" \/>\n<meta property=\"og:url\" content=\"https:\/\/www.feuerundstein.com\/fr\/demovideo\/\" \/>\n<meta property=\"og:site_name\" content=\"Feuer und Stein S\u00e0rl\" \/>\n<meta property=\"article:modified_time\" content=\"2026-04-14T16:08:08+00:00\" \/>\n<meta property=\"og:image\" content=\"https:\/\/www.feuerundstein.com\/wp-content\/uploads\/2017\/01\/LoGO-3.jpg\" \/>\n\t<meta property=\"og:image:width\" content=\"2486\" \/>\n\t<meta property=\"og:image:height\" content=\"1222\" \/>\n\t<meta property=\"og:image:type\" content=\"image\/jpeg\" \/>\n<meta name=\"twitter:card\" content=\"summary_large_image\" \/>\n<meta name=\"twitter:label1\" content=\"Dur\u00e9e de lecture estim\u00e9e\" \/>\n\t<meta name=\"twitter:data1\" content=\"1 minute\" \/>\n<script type=\"application\/ld+json\" class=\"yoast-schema-graph\">{\"@context\":\"https:\\\/\\\/schema.org\",\"@graph\":[{\"@type\":\"WebPage\",\"@id\":\"https:\\\/\\\/www.feuerundstein.com\\\/fr\\\/demovideo\\\/\",\"url\":\"https:\\\/\\\/www.feuerundstein.com\\\/fr\\\/demovideo\\\/\",\"name\":\"Regardez notre D\u00e9movid\u00e9o sur les services et produits de Feuer und Stein\",\"isPartOf\":{\"@id\":\"https:\\\/\\\/www.feuerundstein.com\\\/#website\"},\"primaryImageOfPage\":{\"@id\":\"https:\\\/\\\/www.feuerundstein.com\\\/fr\\\/demovideo\\\/#primaryimage\"},\"image\":{\"@id\":\"https:\\\/\\\/www.feuerundstein.com\\\/fr\\\/demovideo\\\/#primaryimage\"},\"thumbnailUrl\":\"https:\\\/\\\/www.feuerundstein.com\\\/wp-content\\\/uploads\\\/2017\\\/01\\\/LoGO-3.jpg\",\"datePublished\":\"2015-11-09T21:12:22+00:00\",\"dateModified\":\"2026-04-14T16:08:08+00:00\",\"description\":\"Regardez notre D\u00e9movid\u00e9o sur les services et produits de Feuer und Stein. Vous \u00eates interess\u00e9s par une chemin\u00e9e, un po\u00eble \u00e0 granulets, une terrasse, un saune ? Contactez notre service commercial.\",\"breadcrumb\":{\"@id\":\"https:\\\/\\\/www.feuerundstein.com\\\/fr\\\/demovideo\\\/#breadcrumb\"},\"inLanguage\":\"fr-FR\",\"potentialAction\":[{\"@type\":\"ReadAction\",\"target\":[\"https:\\\/\\\/www.feuerundstein.com\\\/fr\\\/demovideo\\\/\"]}]},{\"@type\":\"ImageObject\",\"inLanguage\":\"fr-FR\",\"@id\":\"https:\\\/\\\/www.feuerundstein.com\\\/fr\\\/demovideo\\\/#primaryimage\",\"url\":\"https:\\\/\\\/www.feuerundstein.com\\\/wp-content\\\/uploads\\\/2017\\\/01\\\/LoGO-3.jpg\",\"contentUrl\":\"https:\\\/\\\/www.feuerundstein.com\\\/wp-content\\\/uploads\\\/2017\\\/01\\\/LoGO-3.jpg\",\"width\":2486,\"height\":1222},{\"@type\":\"BreadcrumbList\",\"@id\":\"https:\\\/\\\/www.feuerundstein.com\\\/fr\\\/demovideo\\\/#breadcrumb\",\"itemListElement\":[{\"@type\":\"ListItem\",\"position\":1,\"name\":\"Startseite\",\"item\":\"https:\\\/\\\/www.feuerundstein.com\\\/fr\\\/\"},{\"@type\":\"ListItem\",\"position\":2,\"name\":\"D\u00e9movid\u00e9o\"}]},{\"@type\":\"WebSite\",\"@id\":\"https:\\\/\\\/www.feuerundstein.com\\\/#website\",\"url\":\"https:\\\/\\\/www.feuerundstein.com\\\/\",\"name\":\"Feuer und Stein S\u00e0rl\",\"description\":\"Fireplace and Wood floor expert\",\"potentialAction\":[{\"@type\":\"SearchAction\",\"target\":{\"@type\":\"EntryPoint\",\"urlTemplate\":\"https:\\\/\\\/www.feuerundstein.com\\\/?s={search_term_string}\"},\"query-input\":{\"@type\":\"PropertyValueSpecification\",\"valueRequired\":true,\"valueName\":\"search_term_string\"}}],\"inLanguage\":\"fr-FR\"}]}<\/script>\n<!-- \/ Yoast SEO plugin. -->","yoast_head_json":{"title":"Regardez notre D\u00e9movid\u00e9o sur les services et produits de Feuer und Stein","description":"Regardez notre D\u00e9movid\u00e9o sur les services et produits de Feuer und Stein. Vous \u00eates interess\u00e9s par une chemin\u00e9e, un po\u00eble \u00e0 granulets, une terrasse, un saune ? Contactez notre service commercial.","robots":{"index":"index","follow":"follow","max-snippet":"max-snippet:-1","max-image-preview":"max-image-preview:large","max-video-preview":"max-video-preview:-1"},"canonical":"https:\/\/www.feuerundstein.com\/fr\/demovideo\/","og_locale":"fr_FR","og_type":"article","og_title":"Regardez notre D\u00e9movid\u00e9o sur les services et produits de Feuer und Stein","og_description":"Regardez notre D\u00e9movid\u00e9o sur les services et produits de Feuer und Stein. Vous \u00eates interess\u00e9s par une chemin\u00e9e, un po\u00eble \u00e0 granulets, une terrasse, un saune ? Contactez notre service commercial.","og_url":"https:\/\/www.feuerundstein.com\/fr\/demovideo\/","og_site_name":"Feuer und Stein S\u00e0rl","article_modified_time":"2026-04-14T16:08:08+00:00","og_image":[{"width":2486,"height":1222,"url":"https:\/\/www.feuerundstein.com\/wp-content\/uploads\/2017\/01\/LoGO-3.jpg","type":"image\/jpeg"}],"twitter_card":"summary_large_image","twitter_misc":{"Dur\u00e9e de lecture estim\u00e9e":"1 minute"},"schema":{"@context":"https:\/\/schema.org","@graph":[{"@type":"WebPage","@id":"https:\/\/www.feuerundstein.com\/fr\/demovideo\/","url":"https:\/\/www.feuerundstein.com\/fr\/demovideo\/","name":"Regardez notre D\u00e9movid\u00e9o sur les services et produits de Feuer und Stein","isPartOf":{"@id":"https:\/\/www.feuerundstein.com\/#website"},"primaryImageOfPage":{"@id":"https:\/\/www.feuerundstein.com\/fr\/demovideo\/#primaryimage"},"image":{"@id":"https:\/\/www.feuerundstein.com\/fr\/demovideo\/#primaryimage"},"thumbnailUrl":"https:\/\/www.feuerundstein.com\/wp-content\/uploads\/2017\/01\/LoGO-3.jpg","datePublished":"2015-11-09T21:12:22+00:00","dateModified":"2026-04-14T16:08:08+00:00","description":"Regardez notre D\u00e9movid\u00e9o sur les services et produits de Feuer und Stein. Vous \u00eates interess\u00e9s par une chemin\u00e9e, un po\u00eble \u00e0 granulets, une terrasse, un saune ? Contactez notre service commercial.","breadcrumb":{"@id":"https:\/\/www.feuerundstein.com\/fr\/demovideo\/#breadcrumb"},"inLanguage":"fr-FR","potentialAction":[{"@type":"ReadAction","target":["https:\/\/www.feuerundstein.com\/fr\/demovideo\/"]}]},{"@type":"ImageObject","inLanguage":"fr-FR","@id":"https:\/\/www.feuerundstein.com\/fr\/demovideo\/#primaryimage","url":"https:\/\/www.feuerundstein.com\/wp-content\/uploads\/2017\/01\/LoGO-3.jpg","contentUrl":"https:\/\/www.feuerundstein.com\/wp-content\/uploads\/2017\/01\/LoGO-3.jpg","width":2486,"height":1222},{"@type":"BreadcrumbList","@id":"https:\/\/www.feuerundstein.com\/fr\/demovideo\/#breadcrumb","itemListElement":[{"@type":"ListItem","position":1,"name":"Startseite","item":"https:\/\/www.feuerundstein.com\/fr\/"},{"@type":"ListItem","position":2,"name":"D\u00e9movid\u00e9o"}]},{"@type":"WebSite","@id":"https:\/\/www.feuerundstein.com\/#website","url":"https:\/\/www.feuerundstein.com\/","name":"Feuer und Stein S\u00e0rl","description":"Fireplace and Wood floor expert","potentialAction":[{"@type":"SearchAction","target":{"@type":"EntryPoint","urlTemplate":"https:\/\/www.feuerundstein.com\/?s={search_term_string}"},"query-input":{"@type":"PropertyValueSpecification","valueRequired":true,"valueName":"search_term_string"}}],"inLanguage":"fr-FR"}]}},"_links":{"self":[{"href":"https:\/\/www.feuerundstein.com\/fr\/wp-json\/wp\/v2\/pages\/3205","targetHints":{"allow":["GET"]}}],"collection":[{"href":"https:\/\/www.feuerundstein.com\/fr\/wp-json\/wp\/v2\/pages"}],"about":[{"href":"https:\/\/www.feuerundstein.com\/fr\/wp-json\/wp\/v2\/types\/page"}],"author":[{"embeddable":true,"href":"https:\/\/www.feuerundstein.com\/fr\/wp-json\/wp\/v2\/users\/1"}],"replies":[{"embeddable":true,"href":"https:\/\/www.feuerundstein.com\/fr\/wp-json\/wp\/v2\/comments?post=3205"}],"version-history":[{"count":4,"href":"https:\/\/www.feuerundstein.com\/fr\/wp-json\/wp\/v2\/pages\/3205\/revisions"}],"predecessor-version":[{"id":7445,"href":"https:\/\/www.feuerundstein.com\/fr\/wp-json\/wp\/v2\/pages\/3205\/revisions\/7445"}],"wp:featuredmedia":[{"embeddable":true,"href":"https:\/\/www.feuerundstein.com\/fr\/wp-json\/wp\/v2\/media\/3565"}],"wp:attachment":[{"href":"https:\/\/www.feuerundstein.com\/fr\/wp-json\/wp\/v2\/media?parent=3205"}],"curies":[{"name":"wp","href":"https:\/\/api.w.org\/{rel}","templated":true}]}}