{"id":3210,"date":"2016-02-04T14:04:53","date_gmt":"2016-02-04T14:04:53","guid":{"rendered":"https:\/\/www.feuerundstein.com\/kamineofen\/speicher-ofen\/"},"modified":"2018-07-10T13:24:28","modified_gmt":"2018-07-10T13:24:28","slug":"speicher-ofen","status":"publish","type":"page","link":"https:\/\/www.feuerundstein.com\/fr\/cheminee-et-poele\/speicher-ofen\/","title":{"rendered":"Speicher &#8211; Kaminofen"},"content":{"rendered":"<p><a href=\"https:\/\/www.feuerundstein.com\/wp-content\/uploads\/2015\/11\/Cera_Conte_Plus_A01.jpg\"><img loading=\"lazy\" decoding=\"async\" class=\"wp-image-4618 alignleft\" src=\"https:\/\/www.feuerundstein.com\/wp-content\/uploads\/2015\/11\/Cera_Conte_Plus_A01-300x226.jpg\" alt=\"\" width=\"518\" height=\"390\" srcset=\"https:\/\/www.feuerundstein.com\/wp-content\/uploads\/2015\/11\/Cera_Conte_Plus_A01-300x226.jpg 300w, https:\/\/www.feuerundstein.com\/wp-content\/uploads\/2015\/11\/Cera_Conte_Plus_A01-768x578.jpg 768w, https:\/\/www.feuerundstein.com\/wp-content\/uploads\/2015\/11\/Cera_Conte_Plus_A01-1030x775.jpg 1030w, https:\/\/www.feuerundstein.com\/wp-content\/uploads\/2015\/11\/Cera_Conte_Plus_A01-600x452.jpg 600w, https:\/\/www.feuerundstein.com\/wp-content\/uploads\/2015\/11\/Cera_Conte_Plus_A01-1500x1129.jpg 1500w, https:\/\/www.feuerundstein.com\/wp-content\/uploads\/2015\/11\/Cera_Conte_Plus_A01-705x531.jpg 705w, https:\/\/www.feuerundstein.com\/wp-content\/uploads\/2015\/11\/Cera_Conte_Plus_A01-450x339.jpg 450w\" sizes=\"auto, (max-width: 518px) 100vw, 518px\" \/><\/a><\/p>\n<p><strong>Speicher Kamin\u00f6fen<\/strong><\/p>\n<p>Die neue Aufgabe der Kaminofen-Hersteller: \u00ab\u00a0Wie erreichen wir mehr Energieeffizienz auf kleinster Fl\u00e4che von unseren Kamin\u00f6fen?\u00a0\u00bb<\/p>\n<p>Dieses Problem wurde ganz einfach gel\u00f6st: schweren Speichersteinen<\/p>\n<p>Der Speicherkaminofen ist eine aus Keramik oder Naturstein gefertigte Feuerst\u00e4tte. Die beim Holzabbrand freiwerdende Energie oder W\u00e4rme, wird vom keramischen Speicherkern aufgenommen. Nach dem Holzbrand gibt dieser in seiner Funktion als W\u00e4rmetauscher die gespeicherte Energie w\u00e4hrend l\u00e4ngere Zeit \u00fcber die Oberfl\u00e4che in Form von Strahlungsw\u00e4rme wohl dosiert in die Umgebung am.<\/p>\n<p>Sehr clever gel\u00f6st von der Firma <a href=\"http:\/\/www.tonwerk-ag.com\/Produkte\">Tonwerk Lausen<\/a> aus der Schweiz &#8211; diese baut Ihre Kamin\u00f6fen komplett als massive Konstruktion und vergisst dabei nicht die \u00d6fen schlicht und sehr modern zu halten. Durch einen entsprechenden Drehteller kann der Ofen auch je nach Sitzbegebenheit zur Beobachtung der Feuerstelle ausgerichtet werden.<\/p>\n<p>Ein weiterer Hersteller f\u00fcr Speicherkamin\u00f6fen ist die Firma <a href=\"https:\/\/www.cera.de\/de\/home.html\">CERA DESIGN<\/a> &#8211; deren Kamin\u00f6fen\u00a0f\u00fcr \u00f6kologische, kostensparende und effiziente W\u00e4rmeabgabe sorgen.<\/p>\n<p>Noch ein weiterer Hersteller f\u00fcr Speicherkamin\u00f6fen ist die Firma <a href=\"http:\/\/nordpeis.de\/Produkte\/Speicheroefen\">Nordpeis<\/a>. Mit ihrer besonderen Konstruktion halten diese \u00d6fen die W\u00e4rme l\u00e4nger. Sie nutzen die W\u00e4rmeenergie maximal aus und geben noch lange nach dem Erl\u00f6schen des Feuers behagliche W\u00e4rme ab. Das bedeutet, Sie sparen Brennholz und heizen wirtschaftlicher und umweltfreundlicher.<\/p>\n<p>&nbsp;<\/p>\n","protected":false},"excerpt":{"rendered":"<p>Speicher Kamin\u00f6fen Die neue Aufgabe der Kaminofen-Hersteller: \u00ab\u00a0Wie erreichen wir mehr Energieeffizienz auf kleinster Fl\u00e4che von unseren Kamin\u00f6fen?\u00a0\u00bb Dieses Problem wurde ganz einfach gel\u00f6st: schweren Speichersteinen Der Speicherkaminofen ist eine aus Keramik oder Naturstein gefertigte Feuerst\u00e4tte. Die beim Holzabbrand freiwerdende Energie oder W\u00e4rme, wird vom keramischen Speicherkern aufgenommen. Nach dem Holzbrand gibt dieser in seiner [&hellip;]<\/p>\n","protected":false},"author":1,"featured_media":4644,"parent":3200,"menu_order":0,"comment_status":"closed","ping_status":"closed","template":"","meta":{"footnotes":""},"class_list":["post-3210","page","type-page","status-publish","has-post-thumbnail","hentry"],"yoast_head":"<!-- This site is optimized with the Yoast SEO plugin v27.4 - https:\/\/yoast.com\/product\/yoast-seo-wordpress\/ -->\n<title>Feuer und Stein, Spezialist f\u00fcr Kaminofen, Speicher Ofen<\/title>\n<meta name=\"description\" content=\"SPEICHER OFEN - KAMINOFEN MIT W\u00c4RMESPEICHER Der Speicher Ofen ist eine aus Keramik oder Naturstein gefertigte Feuerst\u00e4tte.\" \/>\n<meta name=\"robots\" content=\"index, follow, max-snippet:-1, max-image-preview:large, max-video-preview:-1\" \/>\n<link rel=\"canonical\" href=\"https:\/\/www.feuerundstein.com\/fr\/cheminee-et-poele\/speicher-ofen\/\" \/>\n<meta property=\"og:locale\" content=\"fr_FR\" \/>\n<meta property=\"og:type\" content=\"article\" \/>\n<meta property=\"og:title\" content=\"Feuer und Stein, Spezialist f\u00fcr Kaminofen, Speicher Ofen\" \/>\n<meta property=\"og:description\" content=\"SPEICHER OFEN - KAMINOFEN MIT W\u00c4RMESPEICHER Der Speicher Ofen ist eine aus Keramik oder Naturstein gefertigte Feuerst\u00e4tte.\" \/>\n<meta property=\"og:url\" content=\"https:\/\/www.feuerundstein.com\/fr\/cheminee-et-poele\/speicher-ofen\/\" \/>\n<meta property=\"og:site_name\" content=\"Feuer und Stein S\u00e0rl\" \/>\n<meta property=\"article:modified_time\" content=\"2018-07-10T13:24:28+00:00\" \/>\n<meta property=\"og:image\" content=\"https:\/\/www.feuerundstein.com\/wp-content\/uploads\/2018\/07\/TONWERK.jpg\" \/>\n\t<meta property=\"og:image:width\" content=\"600\" \/>\n\t<meta property=\"og:image:height\" content=\"486\" \/>\n\t<meta property=\"og:image:type\" content=\"image\/jpeg\" \/>\n<meta name=\"twitter:card\" content=\"summary_large_image\" \/>\n<meta name=\"twitter:label1\" content=\"Dur\u00e9e de lecture estim\u00e9e\" \/>\n\t<meta name=\"twitter:data1\" content=\"1 minute\" \/>\n<script type=\"application\/ld+json\" class=\"yoast-schema-graph\">{\"@context\":\"https:\\\/\\\/schema.org\",\"@graph\":[{\"@type\":\"WebPage\",\"@id\":\"https:\\\/\\\/www.feuerundstein.com\\\/fr\\\/cheminee-et-poele\\\/speicher-ofen\\\/\",\"url\":\"https:\\\/\\\/www.feuerundstein.com\\\/fr\\\/cheminee-et-poele\\\/speicher-ofen\\\/\",\"name\":\"Feuer und Stein, Spezialist f\u00fcr Kaminofen, Speicher Ofen\",\"isPartOf\":{\"@id\":\"https:\\\/\\\/www.feuerundstein.com\\\/#website\"},\"primaryImageOfPage\":{\"@id\":\"https:\\\/\\\/www.feuerundstein.com\\\/fr\\\/cheminee-et-poele\\\/speicher-ofen\\\/#primaryimage\"},\"image\":{\"@id\":\"https:\\\/\\\/www.feuerundstein.com\\\/fr\\\/cheminee-et-poele\\\/speicher-ofen\\\/#primaryimage\"},\"thumbnailUrl\":\"https:\\\/\\\/www.feuerundstein.com\\\/wp-content\\\/uploads\\\/2018\\\/07\\\/TONWERK.jpg\",\"datePublished\":\"2016-02-04T14:04:53+00:00\",\"dateModified\":\"2018-07-10T13:24:28+00:00\",\"description\":\"SPEICHER OFEN - KAMINOFEN MIT W\u00c4RMESPEICHER Der Speicher Ofen ist eine aus Keramik oder Naturstein gefertigte Feuerst\u00e4tte.\",\"breadcrumb\":{\"@id\":\"https:\\\/\\\/www.feuerundstein.com\\\/fr\\\/cheminee-et-poele\\\/speicher-ofen\\\/#breadcrumb\"},\"inLanguage\":\"fr-FR\",\"potentialAction\":[{\"@type\":\"ReadAction\",\"target\":[\"https:\\\/\\\/www.feuerundstein.com\\\/fr\\\/cheminee-et-poele\\\/speicher-ofen\\\/\"]}]},{\"@type\":\"ImageObject\",\"inLanguage\":\"fr-FR\",\"@id\":\"https:\\\/\\\/www.feuerundstein.com\\\/fr\\\/cheminee-et-poele\\\/speicher-ofen\\\/#primaryimage\",\"url\":\"https:\\\/\\\/www.feuerundstein.com\\\/wp-content\\\/uploads\\\/2018\\\/07\\\/TONWERK.jpg\",\"contentUrl\":\"https:\\\/\\\/www.feuerundstein.com\\\/wp-content\\\/uploads\\\/2018\\\/07\\\/TONWERK.jpg\",\"width\":600,\"height\":486,\"caption\":\"Tonwerk - T-Sky eco2\"},{\"@type\":\"BreadcrumbList\",\"@id\":\"https:\\\/\\\/www.feuerundstein.com\\\/fr\\\/cheminee-et-poele\\\/speicher-ofen\\\/#breadcrumb\",\"itemListElement\":[{\"@type\":\"ListItem\",\"position\":1,\"name\":\"Startseite\",\"item\":\"https:\\\/\\\/www.feuerundstein.com\\\/fr\\\/\"},{\"@type\":\"ListItem\",\"position\":2,\"name\":\"Chemin\u00e9e\\\/Po\u00eale\",\"item\":\"https:\\\/\\\/www.feuerundstein.com\\\/fr\\\/cheminee-et-poele\\\/\"},{\"@type\":\"ListItem\",\"position\":3,\"name\":\"Speicher &#8211; Kaminofen\"}]},{\"@type\":\"WebSite\",\"@id\":\"https:\\\/\\\/www.feuerundstein.com\\\/#website\",\"url\":\"https:\\\/\\\/www.feuerundstein.com\\\/\",\"name\":\"Feuer und Stein S\u00e0rl\",\"description\":\"Fireplace and Wood floor expert\",\"potentialAction\":[{\"@type\":\"SearchAction\",\"target\":{\"@type\":\"EntryPoint\",\"urlTemplate\":\"https:\\\/\\\/www.feuerundstein.com\\\/?s={search_term_string}\"},\"query-input\":{\"@type\":\"PropertyValueSpecification\",\"valueRequired\":true,\"valueName\":\"search_term_string\"}}],\"inLanguage\":\"fr-FR\"}]}<\/script>\n<!-- \/ Yoast SEO plugin. -->","yoast_head_json":{"title":"Feuer und Stein, Spezialist f\u00fcr Kaminofen, Speicher Ofen","description":"SPEICHER OFEN - KAMINOFEN MIT W\u00c4RMESPEICHER Der Speicher Ofen ist eine aus Keramik oder Naturstein gefertigte Feuerst\u00e4tte.","robots":{"index":"index","follow":"follow","max-snippet":"max-snippet:-1","max-image-preview":"max-image-preview:large","max-video-preview":"max-video-preview:-1"},"canonical":"https:\/\/www.feuerundstein.com\/fr\/cheminee-et-poele\/speicher-ofen\/","og_locale":"fr_FR","og_type":"article","og_title":"Feuer und Stein, Spezialist f\u00fcr Kaminofen, Speicher Ofen","og_description":"SPEICHER OFEN - KAMINOFEN MIT W\u00c4RMESPEICHER Der Speicher Ofen ist eine aus Keramik oder Naturstein gefertigte Feuerst\u00e4tte.","og_url":"https:\/\/www.feuerundstein.com\/fr\/cheminee-et-poele\/speicher-ofen\/","og_site_name":"Feuer und Stein S\u00e0rl","article_modified_time":"2018-07-10T13:24:28+00:00","og_image":[{"width":600,"height":486,"url":"https:\/\/www.feuerundstein.com\/wp-content\/uploads\/2018\/07\/TONWERK.jpg","type":"image\/jpeg"}],"twitter_card":"summary_large_image","twitter_misc":{"Dur\u00e9e de lecture estim\u00e9e":"1 minute"},"schema":{"@context":"https:\/\/schema.org","@graph":[{"@type":"WebPage","@id":"https:\/\/www.feuerundstein.com\/fr\/cheminee-et-poele\/speicher-ofen\/","url":"https:\/\/www.feuerundstein.com\/fr\/cheminee-et-poele\/speicher-ofen\/","name":"Feuer und Stein, Spezialist f\u00fcr Kaminofen, Speicher Ofen","isPartOf":{"@id":"https:\/\/www.feuerundstein.com\/#website"},"primaryImageOfPage":{"@id":"https:\/\/www.feuerundstein.com\/fr\/cheminee-et-poele\/speicher-ofen\/#primaryimage"},"image":{"@id":"https:\/\/www.feuerundstein.com\/fr\/cheminee-et-poele\/speicher-ofen\/#primaryimage"},"thumbnailUrl":"https:\/\/www.feuerundstein.com\/wp-content\/uploads\/2018\/07\/TONWERK.jpg","datePublished":"2016-02-04T14:04:53+00:00","dateModified":"2018-07-10T13:24:28+00:00","description":"SPEICHER OFEN - KAMINOFEN MIT W\u00c4RMESPEICHER Der Speicher Ofen ist eine aus Keramik oder Naturstein gefertigte Feuerst\u00e4tte.","breadcrumb":{"@id":"https:\/\/www.feuerundstein.com\/fr\/cheminee-et-poele\/speicher-ofen\/#breadcrumb"},"inLanguage":"fr-FR","potentialAction":[{"@type":"ReadAction","target":["https:\/\/www.feuerundstein.com\/fr\/cheminee-et-poele\/speicher-ofen\/"]}]},{"@type":"ImageObject","inLanguage":"fr-FR","@id":"https:\/\/www.feuerundstein.com\/fr\/cheminee-et-poele\/speicher-ofen\/#primaryimage","url":"https:\/\/www.feuerundstein.com\/wp-content\/uploads\/2018\/07\/TONWERK.jpg","contentUrl":"https:\/\/www.feuerundstein.com\/wp-content\/uploads\/2018\/07\/TONWERK.jpg","width":600,"height":486,"caption":"Tonwerk - T-Sky eco2"},{"@type":"BreadcrumbList","@id":"https:\/\/www.feuerundstein.com\/fr\/cheminee-et-poele\/speicher-ofen\/#breadcrumb","itemListElement":[{"@type":"ListItem","position":1,"name":"Startseite","item":"https:\/\/www.feuerundstein.com\/fr\/"},{"@type":"ListItem","position":2,"name":"Chemin\u00e9e\/Po\u00eale","item":"https:\/\/www.feuerundstein.com\/fr\/cheminee-et-poele\/"},{"@type":"ListItem","position":3,"name":"Speicher &#8211; Kaminofen"}]},{"@type":"WebSite","@id":"https:\/\/www.feuerundstein.com\/#website","url":"https:\/\/www.feuerundstein.com\/","name":"Feuer und Stein S\u00e0rl","description":"Fireplace and Wood floor expert","potentialAction":[{"@type":"SearchAction","target":{"@type":"EntryPoint","urlTemplate":"https:\/\/www.feuerundstein.com\/?s={search_term_string}"},"query-input":{"@type":"PropertyValueSpecification","valueRequired":true,"valueName":"search_term_string"}}],"inLanguage":"fr-FR"}]}},"_links":{"self":[{"href":"https:\/\/www.feuerundstein.com\/fr\/wp-json\/wp\/v2\/pages\/3210","targetHints":{"allow":["GET"]}}],"collection":[{"href":"https:\/\/www.feuerundstein.com\/fr\/wp-json\/wp\/v2\/pages"}],"about":[{"href":"https:\/\/www.feuerundstein.com\/fr\/wp-json\/wp\/v2\/types\/page"}],"author":[{"embeddable":true,"href":"https:\/\/www.feuerundstein.com\/fr\/wp-json\/wp\/v2\/users\/1"}],"replies":[{"embeddable":true,"href":"https:\/\/www.feuerundstein.com\/fr\/wp-json\/wp\/v2\/comments?post=3210"}],"version-history":[{"count":14,"href":"https:\/\/www.feuerundstein.com\/fr\/wp-json\/wp\/v2\/pages\/3210\/revisions"}],"predecessor-version":[{"id":4668,"href":"https:\/\/www.feuerundstein.com\/fr\/wp-json\/wp\/v2\/pages\/3210\/revisions\/4668"}],"up":[{"embeddable":true,"href":"https:\/\/www.feuerundstein.com\/fr\/wp-json\/wp\/v2\/pages\/3200"}],"wp:featuredmedia":[{"embeddable":true,"href":"https:\/\/www.feuerundstein.com\/fr\/wp-json\/wp\/v2\/media\/4644"}],"wp:attachment":[{"href":"https:\/\/www.feuerundstein.com\/fr\/wp-json\/wp\/v2\/media?parent=3210"}],"curies":[{"name":"wp","href":"https:\/\/api.w.org\/{rel}","templated":true}]}}