{"id":3216,"date":"2015-11-09T21:13:33","date_gmt":"2015-11-09T21:13:33","guid":{"rendered":"https:\/\/www.feuerundstein.com\/unternehmen\/oeffnungszeiten\/"},"modified":"2026-04-14T16:22:34","modified_gmt":"2026-04-14T16:22:34","slug":"heures-d-ouverture","status":"publish","type":"page","link":"https:\/\/www.feuerundstein.com\/fr\/heures-d-ouverture\/","title":{"rendered":"Heures d&rsquo;ouverture"},"content":{"rendered":"\n<style type=\"text\/css\" data-created_by=\"avia_inline_auto\" id=\"style-css-av-4mv7bn-15cb3ff158a06a5ebc5b4290c807c094\">\n.flex_column.av-4mv7bn-15cb3ff158a06a5ebc5b4290c807c094{\nborder-radius:0px 0px 0px 0px;\npadding:0px 0px 0px 0px;\n}\n<\/style>\n<div  class='flex_column av-4mv7bn-15cb3ff158a06a5ebc5b4290c807c094 av_one_half  avia-builder-el-0  el_before_av_one_half  avia-builder-el-first  first flex_column_div av-zero-column-padding  '     ><style type=\"text\/css\" data-created_by=\"avia_inline_auto\" id=\"style-css-av-jikatpjq-7adca5d938865226323ee4c77a21f0b3\">\n.avia-image-container.av-jikatpjq-7adca5d938865226323ee4c77a21f0b3 img.avia_image{\nbox-shadow:none;\n}\n.avia-image-container.av-jikatpjq-7adca5d938865226323ee4c77a21f0b3 .av-image-caption-overlay-center{\ncolor:#ffffff;\n}\n<\/style>\n<div  class='avia-image-container av-jikatpjq-7adca5d938865226323ee4c77a21f0b3 av-styling-no-styling av-img-linked avia-align-center  avia-builder-el-1  avia-builder-el-no-sibling '   itemprop=\"image\" itemscope=\"itemscope\" itemtype=\"https:\/\/schema.org\/ImageObject\" ><div class=\"avia-image-container-inner\"><div class=\"avia-image-overlay-wrap\"><a href=\"https:\/\/www.feuerundstein.com\/wp-content\/uploads\/2017\/01\/LOGO_schwarz-1024x524.png\" data-srcset=\"https:\/\/www.feuerundstein.com\/wp-content\/uploads\/2017\/01\/LOGO_schwarz-1024x524.png 1024w, https:\/\/www.feuerundstein.com\/wp-content\/uploads\/2017\/01\/LOGO_schwarz-300x153.png 300w, https:\/\/www.feuerundstein.com\/wp-content\/uploads\/2017\/01\/LOGO_schwarz-768x393.png 768w, https:\/\/www.feuerundstein.com\/wp-content\/uploads\/2017\/01\/LOGO_schwarz-600x307.png 600w, https:\/\/www.feuerundstein.com\/wp-content\/uploads\/2017\/01\/LOGO_schwarz-100x50.png 100w\" data-sizes=\"(max-width: 1024px) 100vw, 1024px\" class='avia_image '  aria-label='LOGO_schwarz'><img decoding=\"async\" fetchpriority=\"high\" class='wp-image-3629 avia-img-lazy-loading-not-3629 avia_image ' src=\"https:\/\/www.feuerundstein.com\/wp-content\/uploads\/2017\/01\/LOGO_schwarz-300x153.png\" alt='' title='LOGO_schwarz'  height=\"153\" width=\"300\"  itemprop=\"thumbnailUrl\" srcset=\"https:\/\/www.feuerundstein.com\/wp-content\/uploads\/2017\/01\/LOGO_schwarz-300x153.png 300w, https:\/\/www.feuerundstein.com\/wp-content\/uploads\/2017\/01\/LOGO_schwarz-768x393.png 768w, https:\/\/www.feuerundstein.com\/wp-content\/uploads\/2017\/01\/LOGO_schwarz-1024x524.png 1024w, https:\/\/www.feuerundstein.com\/wp-content\/uploads\/2017\/01\/LOGO_schwarz-600x307.png 600w, https:\/\/www.feuerundstein.com\/wp-content\/uploads\/2017\/01\/LOGO_schwarz-100x50.png 100w\" sizes=\"(max-width: 300px) 100vw, 300px\" \/><\/a><\/div><\/div><\/div><\/div>\n\n<style type=\"text\/css\" data-created_by=\"avia_inline_auto\" id=\"style-css-av-anx1v-a13a46768a4139d94414b417fcf8763c\">\n.flex_column.av-anx1v-a13a46768a4139d94414b417fcf8763c{\nborder-radius:0px 0px 0px 0px;\npadding:0px 0px 0px 0px;\n}\n<\/style>\n<div  class='flex_column av-anx1v-a13a46768a4139d94414b417fcf8763c av_one_half  avia-builder-el-2  el_after_av_one_half  avia-builder-el-last  flex_column_div av-zero-column-padding  '     ><section  class='av_textblock_section av-jikau3um-6fc96f4be8a674c2c90812f253b6c5de '   itemscope=\"itemscope\" itemtype=\"https:\/\/schema.org\/CreativeWork\" ><div class='avia_textblock'  itemprop=\"text\" ><h3>FEUER &amp; STEIN Team<\/h3>\n<hr \/>\n<p><strong>Horaires d&rsquo;ouverture<\/strong><\/p>\n<p><strong>Lun. &#8211; Ven.<\/strong> 8h00-12h00 | 13h00-17h00<br \/>12h00-13h00 : <strong>sur rendez-vous uniquement<\/strong><\/p>\n<p><strong>Sam.<\/strong> 10h00-13h00<\/p>\n<hr \/>\n<p><strong>Si\u00e8ge social et exposition :<\/strong><br \/><strong>Feuer &amp; Stein S.\u00e0.r.l.<br \/>\n<\/strong>33 Rue de Munsbach<br \/>L-6941 NIEDERANVEN<br \/>Tel: \u00a0 \u00a0 <strong>+352 34 13 39<br \/>\n<\/strong>Fax: \u00a0 \u00a0 <strong>+352 34 06 69<\/strong><\/p>\n<\/div><\/section><\/div>\n","protected":false},"excerpt":{"rendered":"","protected":false},"author":1,"featured_media":3345,"parent":0,"menu_order":0,"comment_status":"closed","ping_status":"closed","template":"","meta":{"footnotes":""},"class_list":["post-3216","page","type-page","status-publish","has-post-thumbnail","hentry"],"yoast_head":"<!-- This site is optimized with the Yoast SEO plugin v27.5 - https:\/\/yoast.com\/product\/yoast-seo-wordpress\/ -->\n<title>Feuer und Stein - Heures d&#039;ouverture pour visiter notre showroom<\/title>\n<meta name=\"description\" content=\"Heures d&#039;ouverture : qu&#039;il s&#039;agisse d&#039;une chemin\u00e9e, d&#039;une cuisini\u00e8re, d&#039;un po\u00eale en fa\u00efence ou d&#039;un po\u00eale, nous vous proposons une planification individuelle.\" \/>\n<meta name=\"robots\" content=\"index, follow, max-snippet:-1, max-image-preview:large, max-video-preview:-1\" \/>\n<link rel=\"canonical\" href=\"https:\/\/www.feuerundstein.com\/oeffnungszeiten\/\" \/>\n<meta property=\"og:locale\" content=\"fr_FR\" \/>\n<meta property=\"og:type\" content=\"article\" \/>\n<meta property=\"og:title\" content=\"Feuer und Stein - Heures d&#039;ouverture pour visiter notre showroom\" \/>\n<meta property=\"og:description\" content=\"Heures d&#039;ouverture : qu&#039;il s&#039;agisse d&#039;une chemin\u00e9e, d&#039;une cuisini\u00e8re, d&#039;un po\u00eale en fa\u00efence ou d&#039;un po\u00eale, nous vous proposons une planification individuelle.\" \/>\n<meta property=\"og:url\" content=\"https:\/\/www.feuerundstein.com\/oeffnungszeiten\/\" \/>\n<meta property=\"og:site_name\" content=\"Feuer und Stein S\u00e0rl\" \/>\n<meta property=\"article:modified_time\" content=\"2026-04-14T16:22:34+00:00\" \/>\n<meta property=\"og:image\" content=\"https:\/\/www.feuerundstein.com\/wp-content\/uploads\/2015\/11\/Parkett-Laminat.jpg\" \/>\n\t<meta property=\"og:image:width\" content=\"974\" \/>\n\t<meta property=\"og:image:height\" content=\"476\" \/>\n\t<meta property=\"og:image:type\" content=\"image\/jpeg\" \/>\n<meta name=\"twitter:card\" content=\"summary_large_image\" \/>\n<meta name=\"twitter:label1\" content=\"Dur\u00e9e de lecture estim\u00e9e\" \/>\n\t<meta name=\"twitter:data1\" content=\"2 minutes\" \/>\n<script type=\"application\/ld+json\" class=\"yoast-schema-graph\">{\"@context\":\"https:\\\/\\\/schema.org\",\"@graph\":[{\"@type\":\"WebPage\",\"@id\":\"https:\\\/\\\/www.feuerundstein.com\\\/oeffnungszeiten\\\/\",\"url\":\"https:\\\/\\\/www.feuerundstein.com\\\/oeffnungszeiten\\\/\",\"name\":\"Feuer und Stein - Heures d'ouverture pour visiter notre showroom\",\"isPartOf\":{\"@id\":\"https:\\\/\\\/www.feuerundstein.com\\\/#website\"},\"primaryImageOfPage\":{\"@id\":\"https:\\\/\\\/www.feuerundstein.com\\\/oeffnungszeiten\\\/#primaryimage\"},\"image\":{\"@id\":\"https:\\\/\\\/www.feuerundstein.com\\\/oeffnungszeiten\\\/#primaryimage\"},\"thumbnailUrl\":\"https:\\\/\\\/www.feuerundstein.com\\\/wp-content\\\/uploads\\\/2015\\\/11\\\/Parkett-Laminat.jpg\",\"datePublished\":\"2015-11-09T21:13:33+00:00\",\"dateModified\":\"2026-04-14T16:22:34+00:00\",\"description\":\"Heures d'ouverture : qu'il s'agisse d'une chemin\u00e9e, d'une cuisini\u00e8re, d'un po\u00eale en fa\u00efence ou d'un po\u00eale, nous vous proposons une planification individuelle.\",\"breadcrumb\":{\"@id\":\"https:\\\/\\\/www.feuerundstein.com\\\/oeffnungszeiten\\\/#breadcrumb\"},\"inLanguage\":\"fr-FR\",\"potentialAction\":[{\"@type\":\"ReadAction\",\"target\":[\"https:\\\/\\\/www.feuerundstein.com\\\/oeffnungszeiten\\\/\"]}]},{\"@type\":\"ImageObject\",\"inLanguage\":\"fr-FR\",\"@id\":\"https:\\\/\\\/www.feuerundstein.com\\\/oeffnungszeiten\\\/#primaryimage\",\"url\":\"https:\\\/\\\/www.feuerundstein.com\\\/wp-content\\\/uploads\\\/2015\\\/11\\\/Parkett-Laminat.jpg\",\"contentUrl\":\"https:\\\/\\\/www.feuerundstein.com\\\/wp-content\\\/uploads\\\/2015\\\/11\\\/Parkett-Laminat.jpg\",\"width\":974,\"height\":476,\"caption\":\"Heures d'ouverture\"},{\"@type\":\"BreadcrumbList\",\"@id\":\"https:\\\/\\\/www.feuerundstein.com\\\/oeffnungszeiten\\\/#breadcrumb\",\"itemListElement\":[{\"@type\":\"ListItem\",\"position\":1,\"name\":\"Startseite\",\"item\":\"https:\\\/\\\/www.feuerundstein.com\\\/fr\\\/\"},{\"@type\":\"ListItem\",\"position\":2,\"name\":\"Heures d&#8217;ouverture\"}]},{\"@type\":\"WebSite\",\"@id\":\"https:\\\/\\\/www.feuerundstein.com\\\/#website\",\"url\":\"https:\\\/\\\/www.feuerundstein.com\\\/\",\"name\":\"Feuer und Stein S\u00e0rl\",\"description\":\"Fireplace and Wood floor expert\",\"potentialAction\":[{\"@type\":\"SearchAction\",\"target\":{\"@type\":\"EntryPoint\",\"urlTemplate\":\"https:\\\/\\\/www.feuerundstein.com\\\/?s={search_term_string}\"},\"query-input\":{\"@type\":\"PropertyValueSpecification\",\"valueRequired\":true,\"valueName\":\"search_term_string\"}}],\"inLanguage\":\"fr-FR\"}]}<\/script>\n<!-- \/ Yoast SEO plugin. -->","yoast_head_json":{"title":"Feuer und Stein - Heures d'ouverture pour visiter notre showroom","description":"Heures d'ouverture : qu'il s'agisse d'une chemin\u00e9e, d'une cuisini\u00e8re, d'un po\u00eale en fa\u00efence ou d'un po\u00eale, nous vous proposons une planification individuelle.","robots":{"index":"index","follow":"follow","max-snippet":"max-snippet:-1","max-image-preview":"max-image-preview:large","max-video-preview":"max-video-preview:-1"},"canonical":"https:\/\/www.feuerundstein.com\/oeffnungszeiten\/","og_locale":"fr_FR","og_type":"article","og_title":"Feuer und Stein - Heures d'ouverture pour visiter notre showroom","og_description":"Heures d'ouverture : qu'il s'agisse d'une chemin\u00e9e, d'une cuisini\u00e8re, d'un po\u00eale en fa\u00efence ou d'un po\u00eale, nous vous proposons une planification individuelle.","og_url":"https:\/\/www.feuerundstein.com\/oeffnungszeiten\/","og_site_name":"Feuer und Stein S\u00e0rl","article_modified_time":"2026-04-14T16:22:34+00:00","og_image":[{"width":974,"height":476,"url":"https:\/\/www.feuerundstein.com\/wp-content\/uploads\/2015\/11\/Parkett-Laminat.jpg","type":"image\/jpeg"}],"twitter_card":"summary_large_image","twitter_misc":{"Dur\u00e9e de lecture estim\u00e9e":"2 minutes"},"schema":{"@context":"https:\/\/schema.org","@graph":[{"@type":"WebPage","@id":"https:\/\/www.feuerundstein.com\/oeffnungszeiten\/","url":"https:\/\/www.feuerundstein.com\/oeffnungszeiten\/","name":"Feuer und Stein - Heures d'ouverture pour visiter notre showroom","isPartOf":{"@id":"https:\/\/www.feuerundstein.com\/#website"},"primaryImageOfPage":{"@id":"https:\/\/www.feuerundstein.com\/oeffnungszeiten\/#primaryimage"},"image":{"@id":"https:\/\/www.feuerundstein.com\/oeffnungszeiten\/#primaryimage"},"thumbnailUrl":"https:\/\/www.feuerundstein.com\/wp-content\/uploads\/2015\/11\/Parkett-Laminat.jpg","datePublished":"2015-11-09T21:13:33+00:00","dateModified":"2026-04-14T16:22:34+00:00","description":"Heures d'ouverture : qu'il s'agisse d'une chemin\u00e9e, d'une cuisini\u00e8re, d'un po\u00eale en fa\u00efence ou d'un po\u00eale, nous vous proposons une planification individuelle.","breadcrumb":{"@id":"https:\/\/www.feuerundstein.com\/oeffnungszeiten\/#breadcrumb"},"inLanguage":"fr-FR","potentialAction":[{"@type":"ReadAction","target":["https:\/\/www.feuerundstein.com\/oeffnungszeiten\/"]}]},{"@type":"ImageObject","inLanguage":"fr-FR","@id":"https:\/\/www.feuerundstein.com\/oeffnungszeiten\/#primaryimage","url":"https:\/\/www.feuerundstein.com\/wp-content\/uploads\/2015\/11\/Parkett-Laminat.jpg","contentUrl":"https:\/\/www.feuerundstein.com\/wp-content\/uploads\/2015\/11\/Parkett-Laminat.jpg","width":974,"height":476,"caption":"Heures d'ouverture"},{"@type":"BreadcrumbList","@id":"https:\/\/www.feuerundstein.com\/oeffnungszeiten\/#breadcrumb","itemListElement":[{"@type":"ListItem","position":1,"name":"Startseite","item":"https:\/\/www.feuerundstein.com\/fr\/"},{"@type":"ListItem","position":2,"name":"Heures d&#8217;ouverture"}]},{"@type":"WebSite","@id":"https:\/\/www.feuerundstein.com\/#website","url":"https:\/\/www.feuerundstein.com\/","name":"Feuer und Stein S\u00e0rl","description":"Fireplace and Wood floor expert","potentialAction":[{"@type":"SearchAction","target":{"@type":"EntryPoint","urlTemplate":"https:\/\/www.feuerundstein.com\/?s={search_term_string}"},"query-input":{"@type":"PropertyValueSpecification","valueRequired":true,"valueName":"search_term_string"}}],"inLanguage":"fr-FR"}]}},"_links":{"self":[{"href":"https:\/\/www.feuerundstein.com\/fr\/wp-json\/wp\/v2\/pages\/3216","targetHints":{"allow":["GET"]}}],"collection":[{"href":"https:\/\/www.feuerundstein.com\/fr\/wp-json\/wp\/v2\/pages"}],"about":[{"href":"https:\/\/www.feuerundstein.com\/fr\/wp-json\/wp\/v2\/types\/page"}],"author":[{"embeddable":true,"href":"https:\/\/www.feuerundstein.com\/fr\/wp-json\/wp\/v2\/users\/1"}],"replies":[{"embeddable":true,"href":"https:\/\/www.feuerundstein.com\/fr\/wp-json\/wp\/v2\/comments?post=3216"}],"version-history":[{"count":9,"href":"https:\/\/www.feuerundstein.com\/fr\/wp-json\/wp\/v2\/pages\/3216\/revisions"}],"predecessor-version":[{"id":7473,"href":"https:\/\/www.feuerundstein.com\/fr\/wp-json\/wp\/v2\/pages\/3216\/revisions\/7473"}],"wp:featuredmedia":[{"embeddable":true,"href":"https:\/\/www.feuerundstein.com\/fr\/wp-json\/wp\/v2\/media\/3345"}],"wp:attachment":[{"href":"https:\/\/www.feuerundstein.com\/fr\/wp-json\/wp\/v2\/media?parent=3216"}],"curies":[{"name":"wp","href":"https:\/\/api.w.org\/{rel}","templated":true}]}}