{"id":3217,"date":"2015-11-09T21:11:44","date_gmt":"2015-11-09T21:11:44","guid":{"rendered":"https:\/\/www.feuerundstein.com\/unternehmen\/ueber-feuer-und-stein\/"},"modified":"2025-06-12T05:49:07","modified_gmt":"2025-06-12T05:49:07","slug":"feuer-und-stein","status":"publish","type":"page","link":"https:\/\/www.feuerundstein.com\/fr\/feuer-und-stein\/","title":{"rendered":"\u00c0 propos de Feuer und Stein"},"content":{"rendered":"\n<style type=\"text\/css\" data-created_by=\"avia_inline_auto\" id=\"style-css-av-9ozbv-254931d2b440d53d335c5808a64f8876\">\n.flex_column.av-9ozbv-254931d2b440d53d335c5808a64f8876{\nborder-radius:0px 0px 0px 0px;\npadding:0px 0px 0px 0px;\n}\n<\/style>\n<div  class='flex_column av-9ozbv-254931d2b440d53d335c5808a64f8876 av_one_full  avia-builder-el-0  avia-builder-el-no-sibling  first flex_column_div av-zero-column-padding  '     ><section  class='av_textblock_section av-jumqrh57-7fc70cec3f35cc8645160370269d46cd '   itemscope=\"itemscope\" itemtype=\"https:\/\/schema.org\/CreativeWork\" ><div class='avia_textblock'  itemprop=\"text\" ><p style=\"text-align: center;\"><strong>\u00c0 propos de Feuer Und Stein<\/strong><\/p>\n<p style=\"text-align: center;\">Depuis plus de 26 ans, l&rsquo;entreprise fabrique des chemin\u00e9es, po\u00eales et chemin\u00e9es, et sa gamme de produits s&rsquo;est constamment \u00e9largie. L&rsquo;entreprise compte parmi ses r\u00e9f\u00e9rences de nombreux projets domestiques, ainsi que des projets en Allemagne, en France et en Belgique.<\/p>\n<p style=\"text-align: center;\">\u00ab\u00a0Un style de vie au soleil\u00a0\u00bb. Avec la construction d&rsquo;auvents, de nouveaux espaces de vie sont cr\u00e9\u00e9s autour de la maison.<\/p>\n<p style=\"text-align: center;\">Cette ann\u00e9e, sp\u00e9cialement pour l&rsquo;\u00e9t\u00e9 et la saison des barbecues, nous avons am\u00e9lior\u00e9 nos services. Outre les grils et les fours, qui atteignent la temp\u00e9rature de cuisson en 20\u00a0minutes et fonctionnent au bois ou au gaz, vous pouvez \u00e9galement opter pour un gril \u00e0 granul\u00e9s sans fum\u00e9e.<\/p>\n<p style=\"text-align: center;\"><strong>Nos services\u00a0:<\/strong><\/p>\n<p style=\"text-align: center;\">Conception sur mesure, adapt\u00e9e aux besoins et au style de vie de nos clients<\/p>\n<p style=\"text-align: center;\">Planification CAO personnalis\u00e9e<br \/>\nConstruction solide et professionnelle<\/p>\n<p style=\"text-align: center;\">Utilisation des derni\u00e8res technologies<\/p>\n<p style=\"text-align: center;\">Service pour tous les aspects des po\u00eales et chemin\u00e9es<\/p>\n<\/div><\/section><\/div>\n","protected":false},"excerpt":{"rendered":"","protected":false},"author":1,"featured_media":3411,"parent":0,"menu_order":0,"comment_status":"closed","ping_status":"closed","template":"","meta":{"footnotes":""},"class_list":["post-3217","page","type-page","status-publish","has-post-thumbnail","hentry"],"yoast_head":"<!-- This site is optimized with the Yoast SEO plugin v27.4 - https:\/\/yoast.com\/product\/yoast-seo-wordpress\/ -->\n<title>Feuer und Stein vous accompagne depuis plus de 20 ans<\/title>\n<meta name=\"description\" content=\"Feuer und Stein Depuis plus de 26 ans, en tant que fabricant de po\u00eales et de po\u00eales, la gamme de produits de la soci\u00e9t\u00e9 n&#039;a cess\u00e9 d&#039;augmenter.\" \/>\n<meta name=\"robots\" content=\"index, follow, max-snippet:-1, max-image-preview:large, max-video-preview:-1\" \/>\n<link rel=\"canonical\" href=\"https:\/\/www.feuerundstein.com\/fr\/feuer-und-stein\/\" \/>\n<meta property=\"og:locale\" content=\"fr_FR\" \/>\n<meta property=\"og:type\" content=\"article\" \/>\n<meta property=\"og:title\" content=\"Feuer und Stein vous accompagne depuis plus de 20 ans\" \/>\n<meta property=\"og:description\" content=\"Feuer und Stein Depuis plus de 26 ans, en tant que fabricant de po\u00eales et de po\u00eales, la gamme de produits de la soci\u00e9t\u00e9 n&#039;a cess\u00e9 d&#039;augmenter.\" \/>\n<meta property=\"og:url\" content=\"https:\/\/www.feuerundstein.com\/fr\/feuer-und-stein\/\" \/>\n<meta property=\"og:site_name\" content=\"Feuer und Stein S\u00e0rl\" \/>\n<meta property=\"article:modified_time\" content=\"2025-06-12T05:49:07+00:00\" \/>\n<meta name=\"twitter:card\" content=\"summary_large_image\" \/>\n<meta name=\"twitter:label1\" content=\"Dur\u00e9e de lecture estim\u00e9e\" \/>\n\t<meta name=\"twitter:data1\" content=\"1 minute\" \/>\n<script type=\"application\/ld+json\" class=\"yoast-schema-graph\">{\"@context\":\"https:\\\/\\\/schema.org\",\"@graph\":[{\"@type\":\"WebPage\",\"@id\":\"https:\\\/\\\/www.feuerundstein.com\\\/fr\\\/feuer-und-stein\\\/\",\"url\":\"https:\\\/\\\/www.feuerundstein.com\\\/fr\\\/feuer-und-stein\\\/\",\"name\":\"Feuer und Stein vous accompagne depuis plus de 20 ans\",\"isPartOf\":{\"@id\":\"https:\\\/\\\/www.feuerundstein.com\\\/#website\"},\"primaryImageOfPage\":{\"@id\":\"https:\\\/\\\/www.feuerundstein.com\\\/fr\\\/feuer-und-stein\\\/#primaryimage\"},\"image\":{\"@id\":\"https:\\\/\\\/www.feuerundstein.com\\\/fr\\\/feuer-und-stein\\\/#primaryimage\"},\"thumbnailUrl\":\"https:\\\/\\\/www.feuerundstein.com\\\/wp-content\\\/uploads\\\/2015\\\/11\\\/REVUE-1.jpg\",\"datePublished\":\"2015-11-09T21:11:44+00:00\",\"dateModified\":\"2025-06-12T05:49:07+00:00\",\"description\":\"Feuer und Stein Depuis plus de 26 ans, en tant que fabricant de po\u00eales et de po\u00eales, la gamme de produits de la soci\u00e9t\u00e9 n'a cess\u00e9 d'augmenter.\",\"breadcrumb\":{\"@id\":\"https:\\\/\\\/www.feuerundstein.com\\\/fr\\\/feuer-und-stein\\\/#breadcrumb\"},\"inLanguage\":\"fr-FR\",\"potentialAction\":[{\"@type\":\"ReadAction\",\"target\":[\"https:\\\/\\\/www.feuerundstein.com\\\/fr\\\/feuer-und-stein\\\/\"]}]},{\"@type\":\"ImageObject\",\"inLanguage\":\"fr-FR\",\"@id\":\"https:\\\/\\\/www.feuerundstein.com\\\/fr\\\/feuer-und-stein\\\/#primaryimage\",\"url\":\"https:\\\/\\\/www.feuerundstein.com\\\/wp-content\\\/uploads\\\/2015\\\/11\\\/REVUE-1.jpg\",\"contentUrl\":\"https:\\\/\\\/www.feuerundstein.com\\\/wp-content\\\/uploads\\\/2015\\\/11\\\/REVUE-1.jpg\",\"width\":508,\"height\":705},{\"@type\":\"BreadcrumbList\",\"@id\":\"https:\\\/\\\/www.feuerundstein.com\\\/fr\\\/feuer-und-stein\\\/#breadcrumb\",\"itemListElement\":[{\"@type\":\"ListItem\",\"position\":1,\"name\":\"Startseite\",\"item\":\"https:\\\/\\\/www.feuerundstein.com\\\/fr\\\/\"},{\"@type\":\"ListItem\",\"position\":2,\"name\":\"\u00c0 propos de Feuer und Stein\"}]},{\"@type\":\"WebSite\",\"@id\":\"https:\\\/\\\/www.feuerundstein.com\\\/#website\",\"url\":\"https:\\\/\\\/www.feuerundstein.com\\\/\",\"name\":\"Feuer und Stein S\u00e0rl\",\"description\":\"Fireplace and Wood floor expert\",\"potentialAction\":[{\"@type\":\"SearchAction\",\"target\":{\"@type\":\"EntryPoint\",\"urlTemplate\":\"https:\\\/\\\/www.feuerundstein.com\\\/?s={search_term_string}\"},\"query-input\":{\"@type\":\"PropertyValueSpecification\",\"valueRequired\":true,\"valueName\":\"search_term_string\"}}],\"inLanguage\":\"fr-FR\"}]}<\/script>\n<!-- \/ Yoast SEO plugin. -->","yoast_head_json":{"title":"Feuer und Stein vous accompagne depuis plus de 20 ans","description":"Feuer und Stein Depuis plus de 26 ans, en tant que fabricant de po\u00eales et de po\u00eales, la gamme de produits de la soci\u00e9t\u00e9 n'a cess\u00e9 d'augmenter.","robots":{"index":"index","follow":"follow","max-snippet":"max-snippet:-1","max-image-preview":"max-image-preview:large","max-video-preview":"max-video-preview:-1"},"canonical":"https:\/\/www.feuerundstein.com\/fr\/feuer-und-stein\/","og_locale":"fr_FR","og_type":"article","og_title":"Feuer und Stein vous accompagne depuis plus de 20 ans","og_description":"Feuer und Stein Depuis plus de 26 ans, en tant que fabricant de po\u00eales et de po\u00eales, la gamme de produits de la soci\u00e9t\u00e9 n'a cess\u00e9 d'augmenter.","og_url":"https:\/\/www.feuerundstein.com\/fr\/feuer-und-stein\/","og_site_name":"Feuer und Stein S\u00e0rl","article_modified_time":"2025-06-12T05:49:07+00:00","twitter_card":"summary_large_image","twitter_misc":{"Dur\u00e9e de lecture estim\u00e9e":"1 minute"},"schema":{"@context":"https:\/\/schema.org","@graph":[{"@type":"WebPage","@id":"https:\/\/www.feuerundstein.com\/fr\/feuer-und-stein\/","url":"https:\/\/www.feuerundstein.com\/fr\/feuer-und-stein\/","name":"Feuer und Stein vous accompagne depuis plus de 20 ans","isPartOf":{"@id":"https:\/\/www.feuerundstein.com\/#website"},"primaryImageOfPage":{"@id":"https:\/\/www.feuerundstein.com\/fr\/feuer-und-stein\/#primaryimage"},"image":{"@id":"https:\/\/www.feuerundstein.com\/fr\/feuer-und-stein\/#primaryimage"},"thumbnailUrl":"https:\/\/www.feuerundstein.com\/wp-content\/uploads\/2015\/11\/REVUE-1.jpg","datePublished":"2015-11-09T21:11:44+00:00","dateModified":"2025-06-12T05:49:07+00:00","description":"Feuer und Stein Depuis plus de 26 ans, en tant que fabricant de po\u00eales et de po\u00eales, la gamme de produits de la soci\u00e9t\u00e9 n'a cess\u00e9 d'augmenter.","breadcrumb":{"@id":"https:\/\/www.feuerundstein.com\/fr\/feuer-und-stein\/#breadcrumb"},"inLanguage":"fr-FR","potentialAction":[{"@type":"ReadAction","target":["https:\/\/www.feuerundstein.com\/fr\/feuer-und-stein\/"]}]},{"@type":"ImageObject","inLanguage":"fr-FR","@id":"https:\/\/www.feuerundstein.com\/fr\/feuer-und-stein\/#primaryimage","url":"https:\/\/www.feuerundstein.com\/wp-content\/uploads\/2015\/11\/REVUE-1.jpg","contentUrl":"https:\/\/www.feuerundstein.com\/wp-content\/uploads\/2015\/11\/REVUE-1.jpg","width":508,"height":705},{"@type":"BreadcrumbList","@id":"https:\/\/www.feuerundstein.com\/fr\/feuer-und-stein\/#breadcrumb","itemListElement":[{"@type":"ListItem","position":1,"name":"Startseite","item":"https:\/\/www.feuerundstein.com\/fr\/"},{"@type":"ListItem","position":2,"name":"\u00c0 propos de Feuer und Stein"}]},{"@type":"WebSite","@id":"https:\/\/www.feuerundstein.com\/#website","url":"https:\/\/www.feuerundstein.com\/","name":"Feuer und Stein S\u00e0rl","description":"Fireplace and Wood floor expert","potentialAction":[{"@type":"SearchAction","target":{"@type":"EntryPoint","urlTemplate":"https:\/\/www.feuerundstein.com\/?s={search_term_string}"},"query-input":{"@type":"PropertyValueSpecification","valueRequired":true,"valueName":"search_term_string"}}],"inLanguage":"fr-FR"}]}},"_links":{"self":[{"href":"https:\/\/www.feuerundstein.com\/fr\/wp-json\/wp\/v2\/pages\/3217","targetHints":{"allow":["GET"]}}],"collection":[{"href":"https:\/\/www.feuerundstein.com\/fr\/wp-json\/wp\/v2\/pages"}],"about":[{"href":"https:\/\/www.feuerundstein.com\/fr\/wp-json\/wp\/v2\/types\/page"}],"author":[{"embeddable":true,"href":"https:\/\/www.feuerundstein.com\/fr\/wp-json\/wp\/v2\/users\/1"}],"replies":[{"embeddable":true,"href":"https:\/\/www.feuerundstein.com\/fr\/wp-json\/wp\/v2\/comments?post=3217"}],"version-history":[{"count":18,"href":"https:\/\/www.feuerundstein.com\/fr\/wp-json\/wp\/v2\/pages\/3217\/revisions"}],"predecessor-version":[{"id":7155,"href":"https:\/\/www.feuerundstein.com\/fr\/wp-json\/wp\/v2\/pages\/3217\/revisions\/7155"}],"wp:featuredmedia":[{"embeddable":true,"href":"https:\/\/www.feuerundstein.com\/fr\/wp-json\/wp\/v2\/media\/3411"}],"wp:attachment":[{"href":"https:\/\/www.feuerundstein.com\/fr\/wp-json\/wp\/v2\/media?parent=3217"}],"curies":[{"name":"wp","href":"https:\/\/api.w.org\/{rel}","templated":true}]}}