{"id":3218,"date":"2016-05-18T14:42:35","date_gmt":"2016-05-18T14:42:35","guid":{"rendered":"https:\/\/www.feuerundstein.com\/unternehmen\/unsere-lieferanten\/"},"modified":"2026-04-14T16:11:13","modified_gmt":"2026-04-14T16:11:13","slug":"nos-fournisseurs","status":"publish","type":"page","link":"https:\/\/www.feuerundstein.com\/fr\/nos-fournisseurs\/","title":{"rendered":"Nos fournisseurs"},"content":{"rendered":"<section  class='av_textblock_section av-jikaw5p3-d31080fb57fae2541aed07387659c2fd '   itemscope=\"itemscope\" itemtype=\"https:\/\/schema.org\/CreativeWork\" ><div class='avia_textblock'  itemprop=\"text\" ><p>Vous trouverez ici un aper\u00e7u de nos fournisseurs r\u00e9guliers. Si vous \u00eates int\u00e9ress\u00e9 par d&rsquo;autres produits ou fabricants, veuillez nous contacter s\u2019il vous plait. Nous serons heureux de vous conseiller et de vous aider.<\/p>\n<table class=\"table table-bordered table-striped\">\n<thead>\n<tr>\n<th>PRODUIT<\/th>\n<th>FOURNISSEUR<\/th>\n<th>SITE WEB<\/th>\n<\/tr>\n<\/thead>\n<tbody>\n<tr>\n<td>BIOETHANOLBRENNER<\/td>\n<td>CAMINA FEUERUNGSTECHNIK GMBH<\/td>\n<td><a href=\"http:\/\/camina.de\/de\/startseite.html\" target=\"_blank\" rel=\"noopener\">Camina.de<\/a><\/td>\n<\/tr>\n<tr>\n<td>BIOETHANOLBRENNER<\/td>\n<td>PLANIKA INTELLIGENT FIRES<\/td>\n<td><a href=\"http:\/\/www.planikafires.de\/\" target=\"_blank\" rel=\"noopener\">Planikafires.de<\/a><\/td>\n<\/tr>\n<tr>\n<td>BIOETHANOLBRENNER<\/td>\n<td>SPARTHERM FEUERUNGSTECHNIK GMBH<\/td>\n<td><a href=\"http:\/\/ebios-fire.com\/ty\/\" target=\"_blank\" rel=\"noopener\">Ebios-Fire.com<\/a><\/td>\n<\/tr>\n<tr>\n<td>DESIGNEROFEN<\/td>\n<td>FOCUS &#8211; ATELIER DOMINIQUE IMBERT<\/td>\n<td><a href=\"http:\/\/www.focus-kamin-design.de\/\" target=\"_blank\" rel=\"noopener\">Focus.fr\/de<\/a><\/td>\n<\/tr>\n<tr>\n<td>GASKAMIN<\/td>\n<td>BOLEY EXCLUSIVE FIRPLACES<\/td>\n<td><a href=\"http:\/\/www.boley-kamine.de\/\" target=\"_blank\" rel=\"noopener\">Boley-Kamine.de<\/a><\/td>\n<\/tr>\n<tr>\n<td>GASKAMINEINSATZ<\/td>\n<td>FABER DEUTSCHLAND GMBH &amp; CO KG<\/td>\n<td><a href=\"https:\/\/www.faber.nl\/de\/\" target=\"_blank\" rel=\"noopener\">Faber.nl\/de<\/a><\/td>\n<\/tr>\n<tr>\n<td>GASKAMINEINSATZ<\/td>\n<td>M-DESIGN DEUTSCHLAND GMBH<\/td>\n<td>\u00a0<a href=\"http:\/\/www.m-design.be\/de\/gallery\/gaskamine\/\" target=\"_blank\" rel=\"noopener\">M-design.be\/Gaskamine<\/a><\/td>\n<\/tr>\n<tr>\n<td>GASKAMINEINSATZ<\/td>\n<td>METALFIRE NV<\/td>\n<td>\u00a0<a href=\"http:\/\/www.metalfire.eu\/de\/produkte\/gas\" target=\"_blank\" rel=\"noopener\">Metalfire.eu\/de<\/a><\/td>\n<\/tr>\n<tr>\n<td>GASKAMINEINSATZ<\/td>\n<td>SPARTHERM FEUERUNGSTECHNIK GMBH<\/td>\n<td>\u00a0<a href=\"http:\/\/www.spartherm.com\/produkte\/brennzellen\/#\" target=\"_blank\" rel=\"noopener\">Spartherm.com<\/a><\/td>\n<\/tr>\n<tr>\n<td>HOLZKAMIN<\/td>\n<td>CAMINA FEUERUNGSTECHNIK GMBH<\/td>\n<td>\u00a0<a href=\"http:\/\/camina.de\/de\/startseite.html\" target=\"_blank\" rel=\"noopener\">Camina.de<\/a><\/td>\n<\/tr>\n<tr>\n<td>HOLZKAMINEINSATZ<\/td>\n<td>M-DESIGN DEUTSCHLAND GMBH<\/td>\n<td>\u00a0<a href=\"http:\/\/www.m-design.be\/de\/cat\/kamine-mit-sichtscheibe\/\" target=\"_blank\" rel=\"noopener\">M-Design.be\/de<\/a><\/td>\n<\/tr>\n<tr>\n<td>HOLZKAMINEINSATZ<\/td>\n<td>METALFIRE NV<\/td>\n<td>\u00a0<a href=\"http:\/\/www.metalfire.eu\/de\/produkte\/holz\" target=\"_blank\" rel=\"noopener\">Metalfire.eu\/Holz<\/a><\/td>\n<\/tr>\n<tr>\n<td>HOLZKAMINEINSATZ<\/td>\n<td>SPARTHERM FEUERUNGSTECHNIK GMBH<\/td>\n<td>\u00a0<a href=\"http:\/\/www.spartherm.com\/produkte\/brennzellen\/#\" target=\"_blank\" rel=\"noopener\">Spartherm.com<\/a><\/td>\n<\/tr>\n<tr>\n<td>HOLZKAMINEINSATZ<\/td>\n<td>SCHMID FEUERUNGSTECHNIK GMBH<\/td>\n<td>\u00a0<a href=\"http:\/\/www.schmid.st\/de\/\" target=\"_blank\" rel=\"noopener\">Schmid.st\/de<\/a><\/td>\n<\/tr>\n<tr>\n<td>KAMIN\u00d6FEN<\/td>\n<td>AUSTROFLAMM GMBH<\/td>\n<td>\u00a0<a href=\"http:\/\/www.austroflamm.com\/de\/index.html\" target=\"_blank\" rel=\"noopener\">Austroflamm.com\/de<\/a><\/td>\n<\/tr>\n<tr>\n<td>KAMIN\u00d6FEN<\/td>\n<td>CERA DESIGN<\/td>\n<td>\u00a0<a href=\"http:\/\/www.cera.de\/de\/home.html\" target=\"_blank\" rel=\"noopener\">Cera.de<\/a><\/td>\n<\/tr>\n<tr>\n<td>KAMIN\u00d6FEN<\/td>\n<td>MORS<span class=\"font5\">\u00d8<\/span><\/td>\n<td>\u00a0<a href=\"http:\/\/morsoe.com\/de\/indoor\" target=\"_blank\" rel=\"noopener\">Mors\u00d8.com<\/a><\/td>\n<\/tr>\n<tr>\n<td>KAMIN\u00d6FEN<\/td>\n<td>TIBA AG<\/td>\n<td>\u00a0<a href=\"http:\/\/www.tiba.ch\/de\/kaminofen.html\" target=\"_blank\" rel=\"noopener\">Tiba.ch<\/a><\/td>\n<\/tr>\n<tr>\n<td>KAMIN\u00d6FEN (wassergef\u00fchrt)<\/td>\n<td>ROKOSSA ENERGIETECHNIK GMBH<\/td>\n<td>\u00a0<a href=\"http:\/\/www.rokossa-energy.com\/produkte\/wasserfuehrende-kaminoefen\/\" target=\"_blank\" rel=\"noopener\">Rokossa-Energy.com<\/a><\/td>\n<\/tr>\n<tr>\n<td>PELLET\u00d6FEN (wassergef\u00fchrt)<\/td>\n<td>MZC GROUP<\/td>\n<td>\u00a0<a href=\"http:\/\/www.mcz.it\/de\/\" target=\"_blank\" rel=\"noopener\">MCZ GROUP<\/a><\/td>\n<\/tr>\n<tr>\n<td>SPEICHER\u00d6FEN<\/td>\n<td>NORDPEIS<\/td>\n<td>\u00a0<a href=\"http:\/\/nordpeis.de\/Produkte\/Kaminofen\" target=\"_blank\" rel=\"noopener\">Nordpeis.de<\/a><\/td>\n<\/tr>\n<tr>\n<td>SPEICHER\u00d6FEN<\/td>\n<td>TONWERK LAUSEN AG<\/td>\n<td>\u00a0<a href=\"http:\/\/www.tonwerk-ag.com\/\" target=\"_blank\" rel=\"noopener\">Tonwerk.com<\/a><\/td>\n<\/tr>\n<tr>\n<td>LAMINAT\/PARKETT\/VINYL<\/td>\n<td>BERRY ALLOC<\/td>\n<td>\u00a0<a href=\"http:\/\/www.berryalloc.com\/de\/de\" target=\"_blank\" rel=\"noopener\">BerryAlloc.com\/de<\/a><\/td>\n<\/tr>\n<tr>\n<td>LAMINAT\/PARKETT\/VINYL<\/td>\n<td>JOKA<\/td>\n<td>\u00a0<a href=\"https:\/\/www.joka.de\/joka-parkett-laminat-teppich-designboeden-und-mehr.html\" target=\"_blank\" rel=\"noopener\">joka.de<\/a><\/td>\n<\/tr>\n<tr>\n<td>LAMINAT<\/td>\n<td>SWISS KRONOTEX GMBH &amp; CO KG<\/td>\n<td>\u00a0<a href=\"http:\/\/www.kronotex.com\/cms\/Kronotex\/0829303558.html\" target=\"_blank\" rel=\"noopener\">Kronotex.com<\/a><\/td>\n<\/tr>\n<tr>\n<td>VINYL<\/td>\n<td>WINEO<\/td>\n<td>\u00a0<a href=\"http:\/\/www.wineo.de\/\" target=\"_blank\" rel=\"noopener\">wineo.de<\/a><\/td>\n<\/tr>\n<tr>\n<td>PARKETT<\/td>\n<td>ESCO GROUP<\/td>\n<td>\u00a0<a href=\"http:\/\/www.escogroup.eu\/de\" target=\"_blank\" rel=\"noopener\">Escogroup.eu<\/a><\/td>\n<\/tr>\n<tr>\n<td>PARKETT<\/td>\n<td>BOEN<\/td>\n<td>\u00a0<a href=\"http:\/\/www.boen.de\/\" target=\"_blank\" rel=\"noopener\">boen.de<\/a><\/td>\n<\/tr>\n<tr>\n<td>PARKETT<\/td>\n<td>KAEHRS PARKETT DEUTSCHLAND GMBH &amp; CO.KG<\/td>\n<td>\u00a0<a href=\"http:\/\/www.kahrs.com\/de-DE\/konsument\/\/\" target=\"_blank\" rel=\"noopener\">kahrs.com\/de-DE\/Konsument\/<\/a><\/td>\n<\/tr>\n<tr>\n<td>PARKETT<\/td>\n<td>SCHEUCHER HOLZINDUSTRIE<\/td>\n<td>\u00a0<a href=\"http:\/\/www.scheucherparkett.at\/scheucher\/\" target=\"_blank\" rel=\"noopener\">Scheucher.at<\/a><\/td>\n<\/tr>\n<tr>\n<td>PARKETT<\/td>\n<td>MAFI NATURHOLZB\u00d6DEN GMBH<\/td>\n<td>\u00a0<a href=\"https:\/\/mafi.com\/de\" target=\"_blank\" rel=\"noopener\">Mafi.com<\/a><\/td>\n<\/tr>\n<tr>\n<td>PARKETT<\/td>\n<td>SOLIDFLOOR<\/td>\n<td>\u00a0<a href=\"http:\/\/www.solidfloor.com\/de\" target=\"_blank\" rel=\"noopener\">Solidfloor.com<\/a><\/td>\n<\/tr>\n<tr>\n<td>PARKETT<\/td>\n<td>FLAMINGO PARKET<\/td>\n<td>\u00a0<a href=\"http:\/\/www.flamingoparket.nl\/de\/home\/\/de\" target=\"_blank\" rel=\"noopener\">flamingoparket.nl<\/a><\/td>\n<\/tr>\n<tr>\n<td>PARKETT<\/td>\n<td>Z-PARKET<\/td>\n<td>\u00a0<a href=\"http:\/\/www.z-parket.be\/\" target=\"_blank\" rel=\"noopener\">Z-Parket.be<\/a><\/td>\n<\/tr>\n<tr>\n<td>PARKETT<\/td>\n<td>HOCO<\/td>\n<td>\u00a0<a href=\"http:\/\/www.hoco-holz.de\/de\/\" target=\"_blank\" rel=\"noopener\">hoco-holz.de\/de\/<\/a><\/td>\n<\/tr>\n<tr>\n<td>PIZZA \u00d6FEN<\/td>\n<td>ALFA REFRATTARI<\/td>\n<td>\u00a0<a href=\"http:\/\/www.alfapizza.it\/hausgebrauch\/\" target=\"_blank\" rel=\"noopener\">AlfaPizza.it<\/a><\/td>\n<\/tr>\n<tr>\n<td>SAUNEN<\/td>\n<td>TYL\u00d6 &#8211; KLAUS SCHENKER GMBH<\/td>\n<td>\u00a0<a href=\"http:\/\/www.tylo.de\/\" target=\"_blank\" rel=\"noopener\">Tyl\u00f6.de<\/a><\/td>\n<\/tr>\n<tr>\n<td>SCHORNSTEIN<\/td>\n<td>EKA EDELSTAHLKAMINE GMBH<\/td>\n<td>\u00a0<a href=\"http:\/\/www.eka-edelstahlkamine.de\/Home.htm\" target=\"_blank\" rel=\"noopener\">Eka-Edelstahlkamine.de<\/a><\/td>\n<\/tr>\n<tr>\n<td>SONNENSEGEL<\/td>\n<td>PLASPACK NETZE GMBH<\/td>\n<td>\u00a0<a href=\"http:\/\/www.soliday.eu\/\" target=\"_blank\" rel=\"noopener\">Soliday.eu<\/a><\/td>\n<\/tr>\n<tr>\n<td>WPC-TERRASSE<\/td>\n<td>ELISABETH SCHOBER GMBH<\/td>\n<td>\u00a0<a href=\"http:\/\/www.terrafina.de\/\" target=\"_blank\" rel=\"noopener\">Terrafina.de<\/a><\/td>\n<\/tr>\n<\/tbody>\n<\/table>\n<p>&nbsp;<\/p>\n<\/div><\/section>\n","protected":false},"excerpt":{"rendered":"","protected":false},"author":4,"featured_media":3565,"parent":0,"menu_order":0,"comment_status":"closed","ping_status":"closed","template":"","meta":{"footnotes":""},"class_list":["post-3218","page","type-page","status-publish","has-post-thumbnail","hentry"],"yoast_head":"<!-- This site is optimized with the Yoast SEO plugin v27.4 - https:\/\/yoast.com\/product\/yoast-seo-wordpress\/ -->\n<title>D\u00e9couvrez la liste de nos fournisseurs r\u00e9guliers et visitez leur site web<\/title>\n<meta name=\"description\" content=\"Vous trouverez ici un aper\u00e7u de nos fournisseurs r\u00e9guliers\" \/>\n<meta name=\"robots\" content=\"index, follow, max-snippet:-1, max-image-preview:large, max-video-preview:-1\" \/>\n<link rel=\"canonical\" href=\"https:\/\/www.feuerundstein.com\/unsere-lieferanten\/\" \/>\n<meta property=\"og:locale\" content=\"fr_FR\" \/>\n<meta property=\"og:type\" content=\"article\" \/>\n<meta property=\"og:title\" content=\"D\u00e9couvrez la liste de nos fournisseurs r\u00e9guliers et visitez leur site web\" \/>\n<meta property=\"og:description\" content=\"Vous trouverez ici un aper\u00e7u de nos fournisseurs r\u00e9guliers\" \/>\n<meta property=\"og:url\" content=\"https:\/\/www.feuerundstein.com\/unsere-lieferanten\/\" \/>\n<meta property=\"og:site_name\" content=\"Feuer und Stein S\u00e0rl\" \/>\n<meta property=\"article:modified_time\" content=\"2026-04-14T16:11:13+00:00\" \/>\n<meta property=\"og:image\" content=\"https:\/\/www.feuerundstein.com\/wp-content\/uploads\/2017\/01\/LoGO-3.jpg\" \/>\n\t<meta property=\"og:image:width\" content=\"2486\" \/>\n\t<meta property=\"og:image:height\" content=\"1222\" \/>\n\t<meta property=\"og:image:type\" content=\"image\/jpeg\" \/>\n<meta name=\"twitter:card\" content=\"summary_large_image\" \/>\n<meta name=\"twitter:label1\" content=\"Dur\u00e9e de lecture estim\u00e9e\" \/>\n\t<meta name=\"twitter:data1\" content=\"2 minutes\" \/>\n<script type=\"application\/ld+json\" class=\"yoast-schema-graph\">{\"@context\":\"https:\\\/\\\/schema.org\",\"@graph\":[{\"@type\":\"WebPage\",\"@id\":\"https:\\\/\\\/www.feuerundstein.com\\\/unsere-lieferanten\\\/\",\"url\":\"https:\\\/\\\/www.feuerundstein.com\\\/unsere-lieferanten\\\/\",\"name\":\"D\u00e9couvrez la liste de nos fournisseurs r\u00e9guliers et visitez leur site web\",\"isPartOf\":{\"@id\":\"https:\\\/\\\/www.feuerundstein.com\\\/#website\"},\"primaryImageOfPage\":{\"@id\":\"https:\\\/\\\/www.feuerundstein.com\\\/unsere-lieferanten\\\/#primaryimage\"},\"image\":{\"@id\":\"https:\\\/\\\/www.feuerundstein.com\\\/unsere-lieferanten\\\/#primaryimage\"},\"thumbnailUrl\":\"https:\\\/\\\/www.feuerundstein.com\\\/wp-content\\\/uploads\\\/2017\\\/01\\\/LoGO-3.jpg\",\"datePublished\":\"2016-05-18T14:42:35+00:00\",\"dateModified\":\"2026-04-14T16:11:13+00:00\",\"description\":\"Vous trouverez ici un aper\u00e7u de nos fournisseurs r\u00e9guliers\",\"breadcrumb\":{\"@id\":\"https:\\\/\\\/www.feuerundstein.com\\\/unsere-lieferanten\\\/#breadcrumb\"},\"inLanguage\":\"fr-FR\",\"potentialAction\":[{\"@type\":\"ReadAction\",\"target\":[\"https:\\\/\\\/www.feuerundstein.com\\\/unsere-lieferanten\\\/\"]}]},{\"@type\":\"ImageObject\",\"inLanguage\":\"fr-FR\",\"@id\":\"https:\\\/\\\/www.feuerundstein.com\\\/unsere-lieferanten\\\/#primaryimage\",\"url\":\"https:\\\/\\\/www.feuerundstein.com\\\/wp-content\\\/uploads\\\/2017\\\/01\\\/LoGO-3.jpg\",\"contentUrl\":\"https:\\\/\\\/www.feuerundstein.com\\\/wp-content\\\/uploads\\\/2017\\\/01\\\/LoGO-3.jpg\",\"width\":2486,\"height\":1222},{\"@type\":\"BreadcrumbList\",\"@id\":\"https:\\\/\\\/www.feuerundstein.com\\\/unsere-lieferanten\\\/#breadcrumb\",\"itemListElement\":[{\"@type\":\"ListItem\",\"position\":1,\"name\":\"Startseite\",\"item\":\"https:\\\/\\\/www.feuerundstein.com\\\/fr\\\/\"},{\"@type\":\"ListItem\",\"position\":2,\"name\":\"Nos fournisseurs\"}]},{\"@type\":\"WebSite\",\"@id\":\"https:\\\/\\\/www.feuerundstein.com\\\/#website\",\"url\":\"https:\\\/\\\/www.feuerundstein.com\\\/\",\"name\":\"Feuer und Stein S\u00e0rl\",\"description\":\"Fireplace and Wood floor expert\",\"potentialAction\":[{\"@type\":\"SearchAction\",\"target\":{\"@type\":\"EntryPoint\",\"urlTemplate\":\"https:\\\/\\\/www.feuerundstein.com\\\/?s={search_term_string}\"},\"query-input\":{\"@type\":\"PropertyValueSpecification\",\"valueRequired\":true,\"valueName\":\"search_term_string\"}}],\"inLanguage\":\"fr-FR\"}]}<\/script>\n<!-- \/ Yoast SEO plugin. -->","yoast_head_json":{"title":"D\u00e9couvrez la liste de nos fournisseurs r\u00e9guliers et visitez leur site web","description":"Vous trouverez ici un aper\u00e7u de nos fournisseurs r\u00e9guliers","robots":{"index":"index","follow":"follow","max-snippet":"max-snippet:-1","max-image-preview":"max-image-preview:large","max-video-preview":"max-video-preview:-1"},"canonical":"https:\/\/www.feuerundstein.com\/unsere-lieferanten\/","og_locale":"fr_FR","og_type":"article","og_title":"D\u00e9couvrez la liste de nos fournisseurs r\u00e9guliers et visitez leur site web","og_description":"Vous trouverez ici un aper\u00e7u de nos fournisseurs r\u00e9guliers","og_url":"https:\/\/www.feuerundstein.com\/unsere-lieferanten\/","og_site_name":"Feuer und Stein S\u00e0rl","article_modified_time":"2026-04-14T16:11:13+00:00","og_image":[{"width":2486,"height":1222,"url":"https:\/\/www.feuerundstein.com\/wp-content\/uploads\/2017\/01\/LoGO-3.jpg","type":"image\/jpeg"}],"twitter_card":"summary_large_image","twitter_misc":{"Dur\u00e9e de lecture estim\u00e9e":"2 minutes"},"schema":{"@context":"https:\/\/schema.org","@graph":[{"@type":"WebPage","@id":"https:\/\/www.feuerundstein.com\/unsere-lieferanten\/","url":"https:\/\/www.feuerundstein.com\/unsere-lieferanten\/","name":"D\u00e9couvrez la liste de nos fournisseurs r\u00e9guliers et visitez leur site web","isPartOf":{"@id":"https:\/\/www.feuerundstein.com\/#website"},"primaryImageOfPage":{"@id":"https:\/\/www.feuerundstein.com\/unsere-lieferanten\/#primaryimage"},"image":{"@id":"https:\/\/www.feuerundstein.com\/unsere-lieferanten\/#primaryimage"},"thumbnailUrl":"https:\/\/www.feuerundstein.com\/wp-content\/uploads\/2017\/01\/LoGO-3.jpg","datePublished":"2016-05-18T14:42:35+00:00","dateModified":"2026-04-14T16:11:13+00:00","description":"Vous trouverez ici un aper\u00e7u de nos fournisseurs r\u00e9guliers","breadcrumb":{"@id":"https:\/\/www.feuerundstein.com\/unsere-lieferanten\/#breadcrumb"},"inLanguage":"fr-FR","potentialAction":[{"@type":"ReadAction","target":["https:\/\/www.feuerundstein.com\/unsere-lieferanten\/"]}]},{"@type":"ImageObject","inLanguage":"fr-FR","@id":"https:\/\/www.feuerundstein.com\/unsere-lieferanten\/#primaryimage","url":"https:\/\/www.feuerundstein.com\/wp-content\/uploads\/2017\/01\/LoGO-3.jpg","contentUrl":"https:\/\/www.feuerundstein.com\/wp-content\/uploads\/2017\/01\/LoGO-3.jpg","width":2486,"height":1222},{"@type":"BreadcrumbList","@id":"https:\/\/www.feuerundstein.com\/unsere-lieferanten\/#breadcrumb","itemListElement":[{"@type":"ListItem","position":1,"name":"Startseite","item":"https:\/\/www.feuerundstein.com\/fr\/"},{"@type":"ListItem","position":2,"name":"Nos fournisseurs"}]},{"@type":"WebSite","@id":"https:\/\/www.feuerundstein.com\/#website","url":"https:\/\/www.feuerundstein.com\/","name":"Feuer und Stein S\u00e0rl","description":"Fireplace and Wood floor expert","potentialAction":[{"@type":"SearchAction","target":{"@type":"EntryPoint","urlTemplate":"https:\/\/www.feuerundstein.com\/?s={search_term_string}"},"query-input":{"@type":"PropertyValueSpecification","valueRequired":true,"valueName":"search_term_string"}}],"inLanguage":"fr-FR"}]}},"_links":{"self":[{"href":"https:\/\/www.feuerundstein.com\/fr\/wp-json\/wp\/v2\/pages\/3218","targetHints":{"allow":["GET"]}}],"collection":[{"href":"https:\/\/www.feuerundstein.com\/fr\/wp-json\/wp\/v2\/pages"}],"about":[{"href":"https:\/\/www.feuerundstein.com\/fr\/wp-json\/wp\/v2\/types\/page"}],"author":[{"embeddable":true,"href":"https:\/\/www.feuerundstein.com\/fr\/wp-json\/wp\/v2\/users\/4"}],"replies":[{"embeddable":true,"href":"https:\/\/www.feuerundstein.com\/fr\/wp-json\/wp\/v2\/comments?post=3218"}],"version-history":[{"count":29,"href":"https:\/\/www.feuerundstein.com\/fr\/wp-json\/wp\/v2\/pages\/3218\/revisions"}],"predecessor-version":[{"id":7458,"href":"https:\/\/www.feuerundstein.com\/fr\/wp-json\/wp\/v2\/pages\/3218\/revisions\/7458"}],"wp:featuredmedia":[{"embeddable":true,"href":"https:\/\/www.feuerundstein.com\/fr\/wp-json\/wp\/v2\/media\/3565"}],"wp:attachment":[{"href":"https:\/\/www.feuerundstein.com\/fr\/wp-json\/wp\/v2\/media?parent=3218"}],"curies":[{"name":"wp","href":"https:\/\/api.w.org\/{rel}","templated":true}]}}