{"id":4394,"date":"2018-06-25T11:17:11","date_gmt":"2018-06-25T11:17:11","guid":{"rendered":"https:\/\/www.feuerundstein.com\/impressum\/"},"modified":"2026-04-14T16:09:02","modified_gmt":"2026-04-14T16:09:02","slug":"impressum","status":"publish","type":"page","link":"https:\/\/www.feuerundstein.com\/fr\/impressum\/","title":{"rendered":"Impressum"},"content":{"rendered":"\n<style type=\"text\/css\" data-created_by=\"avia_inline_auto\" id=\"style-css-av-2pjr4y-2b1bc3d3ff1be7c1e5c43073e08f7ccd\">\n.flex_column.av-2pjr4y-2b1bc3d3ff1be7c1e5c43073e08f7ccd{\nborder-radius:0px 0px 0px 0px;\npadding:0px 0px 0px 0px;\n}\n<\/style>\n<div  class='flex_column av-2pjr4y-2b1bc3d3ff1be7c1e5c43073e08f7ccd av_one_full  avia-builder-el-0  avia-builder-el-no-sibling  first flex_column_div av-zero-column-padding  '     ><section  class='av_textblock_section av-jiu5mie9-b87b3e8f0deb88c1eba296921e120de9 '   itemscope=\"itemscope\" itemtype=\"https:\/\/schema.org\/CreativeWork\" ><div class='avia_textblock'  itemprop=\"text\" ><p><strong>Feuer &amp; Stein S.\u00e0.r.l.<br \/>\n<\/strong>33 Rue de Munsbach<strong><br \/>\n<\/strong>L-6941 NIEDERANVEN<\/p>\n<p>Tel: +352 34 13 39<\/p>\n<p>E-mail :\u00a0<a href=\"mailto:info@feuerundstein.com\">info@feuerundstein.com<\/a><\/p>\n<p>Directeur g\u00e9n\u00e9ral\u00a0: Tim HOLSTEIN<\/p>\n<p>Registre du commerce\u00a0:<br \/>N\u00b0 de TVA\u00a0:<\/p>\n<p>Avis de non-responsabilit\u00e9<\/p>\n<p><strong>1. Contenu de l\u2019offre en ligne<\/strong><\/p>\n<p>L\u2019auteur d\u00e9cline toute responsabilit\u00e9 quant \u00e0 l\u2019actualit\u00e9, l\u2019exactitude, l\u2019exhaustivit\u00e9 ou la qualit\u00e9 des informations fournies. Toute action en responsabilit\u00e9 contre l\u2019auteur concernant des dommages mat\u00e9riels ou immat\u00e9riels caus\u00e9s par l\u2019utilisation ou la non-utilisation des informations fournies ou par l\u2019utilisation d\u2019informations erron\u00e9es ou incompl\u00e8tes est fondamentalement exclue, sauf s\u2019il est prouv\u00e9 qu\u2019il a agi intentionnellement ou par n\u00e9gligence grave.<\/p>\n<p>Toutes les offres sont sans engagement et sans engagement. L\u2019auteur se r\u00e9serve express\u00e9ment le droit de modifier, de compl\u00e9ter ou de supprimer des parties de pages ou l\u2019offre dans son int\u00e9gralit\u00e9, ou d\u2019en cesser temporairement ou d\u00e9finitivement la publication sans pr\u00e9avis.<\/p>\n<p><strong>2. R\u00e9f\u00e9rences et liens<\/strong><br \/>En cas de r\u00e9f\u00e9rences directes ou indirectes \u00e0 des sites web externes (\u00ab\u00a0hyperliens\u00a0\u00bb) ne relevant pas de la responsabilit\u00e9 de l&rsquo;auteur, sa responsabilit\u00e9 ne saurait \u00eatre engag\u00e9e que si l&rsquo;auteur avait connaissance du contenu et s&rsquo;il lui \u00e9tait techniquement possible et raisonnable d&rsquo;en emp\u00eacher l&rsquo;utilisation en cas de contenu ill\u00e9gal.<br \/>L&rsquo;auteur d\u00e9clare express\u00e9ment qu&rsquo;au moment de la cr\u00e9ation du lien, aucun contenu ill\u00e9gal n&rsquo;\u00e9tait identifiable sur les pages li\u00e9es. L&rsquo;auteur n&rsquo;a aucune influence sur la conception, le contenu ou la paternit\u00e9 actuels et futurs des pages li\u00e9es. Par cons\u00e9quent, l&rsquo;auteur se distancie express\u00e9ment de tout contenu des pages li\u00e9es qui aurait \u00e9t\u00e9 modifi\u00e9 apr\u00e8s la cr\u00e9ation du lien. Cette d\u00e9claration s&rsquo;applique \u00e0 tous les liens et r\u00e9f\u00e9rences figurant sur le site web de l&rsquo;auteur, ainsi qu&rsquo;aux entr\u00e9es de tiers dans les livres d&rsquo;or, forums de discussion, r\u00e9pertoires de liens, listes de diffusion et toutes autres formes de bases de donn\u00e9es dont le contenu est accessible de l&rsquo;ext\u00e9rieur. Seul le fournisseur de la page li\u00e9e est responsable des contenus ill\u00e9gaux, erron\u00e9s ou incomplets, et notamment des dommages r\u00e9sultant de l&rsquo;utilisation ou de la non-utilisation de ces informations, et non celui qui renvoie simplement \u00e0 la publication concern\u00e9e par le biais des liens.<\/p>\n<p><strong>3. Droit d&rsquo;auteur et droit des marques<\/strong><br \/>L&rsquo;auteur s&rsquo;efforce de respecter les droits d&rsquo;auteur des images, graphiques, documents audio, s\u00e9quences vid\u00e9o et textes utilis\u00e9s dans toutes ses publications, d&rsquo;utiliser des images, graphiques, documents audio, s\u00e9quences vid\u00e9o et textes cr\u00e9\u00e9s par lui-m\u00eame ou d&rsquo;utiliser des graphiques, documents audio, s\u00e9quences vid\u00e9o et textes libres de droits.<br \/>Toutes les marques et marques commerciales mentionn\u00e9es sur le site web et \u00e9ventuellement prot\u00e9g\u00e9es par des tiers sont soumises sans restriction aux dispositions du droit des marques applicable et aux droits de propri\u00e9t\u00e9 de leurs propri\u00e9taires respectifs. La simple mention d&rsquo;une marque n&rsquo;implique pas qu&rsquo;elle n&rsquo;est pas prot\u00e9g\u00e9e par les droits de tiers\u00a0!<br \/>Les droits d&rsquo;auteur sur les objets publi\u00e9s et cr\u00e9\u00e9s par l&rsquo;auteur appartiennent exclusivement \u00e0 l&rsquo;auteur des pages. Toute reproduction ou utilisation de ces graphiques, documents audio, s\u00e9quences vid\u00e9o et textes dans d&rsquo;autres publications \u00e9lectroniques ou imprim\u00e9es est interdite sans l&rsquo;autorisation expresse de l&rsquo;auteur.<\/p>\n<p><strong>4. Validit\u00e9 juridique de cette clause de non-responsabilit\u00e9<\/strong><br \/>Cette clause de non-responsabilit\u00e9 doit \u00eatre consid\u00e9r\u00e9e comme faisant partie int\u00e9grante de l&rsquo;offre Internet \u00e0 partir de laquelle cette page a \u00e9t\u00e9 r\u00e9f\u00e9renc\u00e9e. Si certaines parties ou formulations de ce texte ne sont pas, plus ou pas enti\u00e8rement conformes \u00e0 la l\u00e9gislation en vigueur, le contenu et la validit\u00e9 des autres parties du document n&rsquo;en seront pas affect\u00e9s.<br \/>Veuillez cliquer ou utiliser la fonction Retour de votre navigateur pour revenir \u00e0 la page d&rsquo;origine\u00a0!<\/p>\n<p><strong>Clause de non-responsabilit\u00e9<\/strong><\/p>\n<p><strong>1. Contenu<\/strong><br \/>L&rsquo;auteur se r\u00e9serve le droit de ne pas \u00eatre responsable de l&rsquo;actualit\u00e9, de l&rsquo;exactitude, de l&rsquo;exhaustivit\u00e9 ou de la qualit\u00e9 des informations fournies. Toute r\u00e9clamation en responsabilit\u00e9 pour dommages caus\u00e9s par l&rsquo;utilisation des informations fournies, y compris celles incompl\u00e8tes ou erron\u00e9es, sera donc rejet\u00e9e.<br \/>Toutes les offres sont sans engagement. Des parties des pages ou la publication compl\u00e8te, y compris l&rsquo;ensemble des offres et informations, peuvent \u00eatre compl\u00e9t\u00e9es, modifi\u00e9es ou supprim\u00e9es partiellement ou totalement par l&rsquo;auteur sans pr\u00e9avis.<\/p>\n<p><strong>2. R\u00e9f\u00e9rences et liens<\/strong><br \/>L&rsquo;auteur d\u00e9cline toute responsabilit\u00e9 quant aux contenus li\u00e9s ou r\u00e9f\u00e9renc\u00e9s sur ses pages, sauf s&rsquo;il a pleinement connaissance de contenus illicites et est en mesure d&#8217;emp\u00eacher les visiteurs de son site de consulter ces pages. En cas de dommage r\u00e9sultant de l&rsquo;utilisation des informations pr\u00e9sent\u00e9es, seul l&rsquo;auteur des pages concern\u00e9es peut \u00eatre tenu responsable, et non celui qui a cr\u00e9\u00e9 le lien. De plus, l&rsquo;auteur d\u00e9cline toute responsabilit\u00e9 quant aux publications ou messages publi\u00e9s par les utilisateurs des forums de discussion, livres d&rsquo;or ou listes de diffusion disponibles sur ses pages.<\/p>\n<p><strong>3. Droits d&rsquo;auteur<\/strong><br \/>L&rsquo;auteur s&rsquo;engage \u00e0 ne pas utiliser de mat\u00e9riel prot\u00e9g\u00e9 par le droit d&rsquo;auteur pour la publication ou, si cela est impossible, \u00e0 indiquer le droit d&rsquo;auteur de l&rsquo;objet concern\u00e9.<br \/>Les droits d&rsquo;auteur sur tout mat\u00e9riel cr\u00e9\u00e9 par l&rsquo;auteur sont r\u00e9serv\u00e9s. Toute reproduction ou utilisation d&rsquo;\u00e9l\u00e9ments tels que des images, des sch\u00e9mas, des sons ou des textes dans d&rsquo;autres publications \u00e9lectroniques ou imprim\u00e9es est interdite sans l&rsquo;accord de l&rsquo;auteur.<\/p>\n<p><strong>4. Politique de confidentialit\u00e9<\/strong><br \/>Si la possibilit\u00e9 de saisir des donn\u00e9es personnelles ou professionnelles (adresses e-mail, nom, adresses) est offerte, la saisie de ces donn\u00e9es est volontaire. L&rsquo;utilisation et le paiement de tous les services propos\u00e9s sont autoris\u00e9s, dans la mesure o\u00f9 cela est techniquement possible et raisonnable, sans indication de donn\u00e9es personnelles ou sous r\u00e9serve de donn\u00e9es anonymis\u00e9es ou d&rsquo;un pseudonyme. L&rsquo;utilisation d&rsquo;adresses postales, de num\u00e9ros de t\u00e9l\u00e9phone ou de fax et d&rsquo;adresses e-mail publi\u00e9s \u00e0 des fins marketing est interdite. L&rsquo;envoi de spams sera sanctionn\u00e9.<\/p>\n<p><strong>5. Validit\u00e9 juridique de la pr\u00e9sente clause de non-responsabilit\u00e9<\/strong><br \/>La pr\u00e9sente clause de non-responsabilit\u00e9 doit \u00eatre consid\u00e9r\u00e9e comme faisant partie int\u00e9grante de la publication internet \u00e0 laquelle vous avez \u00e9t\u00e9 redirig\u00e9. Si des sections ou des termes de cette d\u00e9claration ne sont pas l\u00e9gaux ou corrects, le contenu ou la validit\u00e9 des autres parties n&rsquo;en seront pas affect\u00e9s.<\/p>\n<\/div><\/section><\/div>\n","protected":false},"excerpt":{"rendered":"","protected":false},"author":1,"featured_media":3565,"parent":0,"menu_order":0,"comment_status":"closed","ping_status":"closed","template":"","meta":{"footnotes":""},"class_list":["post-4394","page","type-page","status-publish","has-post-thumbnail","hentry"],"yoast_head":"<!-- This site is optimized with the Yoast SEO plugin v27.4 - https:\/\/yoast.com\/product\/yoast-seo-wordpress\/ -->\n<title>Impressum - Feuer und Stein S\u00e0rl<\/title>\n<meta name=\"description\" content=\"Impressum de Feuerundstein\" \/>\n<meta name=\"robots\" content=\"index, follow, max-snippet:-1, max-image-preview:large, max-video-preview:-1\" \/>\n<link rel=\"canonical\" href=\"https:\/\/www.feuerundstein.com\/impressum\/\" \/>\n<meta property=\"og:locale\" content=\"fr_FR\" \/>\n<meta property=\"og:type\" content=\"article\" \/>\n<meta property=\"og:title\" content=\"Impressum - Feuer und Stein S\u00e0rl\" \/>\n<meta property=\"og:description\" content=\"Impressum de Feuerundstein\" \/>\n<meta property=\"og:url\" content=\"https:\/\/www.feuerundstein.com\/impressum\/\" \/>\n<meta property=\"og:site_name\" content=\"Feuer und Stein S\u00e0rl\" \/>\n<meta property=\"article:modified_time\" content=\"2026-04-14T16:09:02+00:00\" \/>\n<meta property=\"og:image\" content=\"https:\/\/www.feuerundstein.com\/wp-content\/uploads\/2017\/01\/LoGO-3.jpg\" \/>\n\t<meta property=\"og:image:width\" content=\"2486\" \/>\n\t<meta property=\"og:image:height\" content=\"1222\" \/>\n\t<meta property=\"og:image:type\" content=\"image\/jpeg\" \/>\n<meta name=\"twitter:card\" content=\"summary_large_image\" \/>\n<meta name=\"twitter:label1\" content=\"Dur\u00e9e de lecture estim\u00e9e\" \/>\n\t<meta name=\"twitter:data1\" content=\"6 minutes\" \/>\n<script type=\"application\/ld+json\" class=\"yoast-schema-graph\">{\"@context\":\"https:\\\/\\\/schema.org\",\"@graph\":[{\"@type\":\"WebPage\",\"@id\":\"https:\\\/\\\/www.feuerundstein.com\\\/impressum\\\/\",\"url\":\"https:\\\/\\\/www.feuerundstein.com\\\/impressum\\\/\",\"name\":\"Impressum - Feuer und Stein S\u00e0rl\",\"isPartOf\":{\"@id\":\"https:\\\/\\\/www.feuerundstein.com\\\/#website\"},\"primaryImageOfPage\":{\"@id\":\"https:\\\/\\\/www.feuerundstein.com\\\/impressum\\\/#primaryimage\"},\"image\":{\"@id\":\"https:\\\/\\\/www.feuerundstein.com\\\/impressum\\\/#primaryimage\"},\"thumbnailUrl\":\"https:\\\/\\\/www.feuerundstein.com\\\/wp-content\\\/uploads\\\/2017\\\/01\\\/LoGO-3.jpg\",\"datePublished\":\"2018-06-25T11:17:11+00:00\",\"dateModified\":\"2026-04-14T16:09:02+00:00\",\"description\":\"Impressum de Feuerundstein\",\"breadcrumb\":{\"@id\":\"https:\\\/\\\/www.feuerundstein.com\\\/impressum\\\/#breadcrumb\"},\"inLanguage\":\"fr-FR\",\"potentialAction\":[{\"@type\":\"ReadAction\",\"target\":[\"https:\\\/\\\/www.feuerundstein.com\\\/impressum\\\/\"]}]},{\"@type\":\"ImageObject\",\"inLanguage\":\"fr-FR\",\"@id\":\"https:\\\/\\\/www.feuerundstein.com\\\/impressum\\\/#primaryimage\",\"url\":\"https:\\\/\\\/www.feuerundstein.com\\\/wp-content\\\/uploads\\\/2017\\\/01\\\/LoGO-3.jpg\",\"contentUrl\":\"https:\\\/\\\/www.feuerundstein.com\\\/wp-content\\\/uploads\\\/2017\\\/01\\\/LoGO-3.jpg\",\"width\":2486,\"height\":1222},{\"@type\":\"BreadcrumbList\",\"@id\":\"https:\\\/\\\/www.feuerundstein.com\\\/impressum\\\/#breadcrumb\",\"itemListElement\":[{\"@type\":\"ListItem\",\"position\":1,\"name\":\"Startseite\",\"item\":\"https:\\\/\\\/www.feuerundstein.com\\\/fr\\\/\"},{\"@type\":\"ListItem\",\"position\":2,\"name\":\"Impressum\"}]},{\"@type\":\"WebSite\",\"@id\":\"https:\\\/\\\/www.feuerundstein.com\\\/#website\",\"url\":\"https:\\\/\\\/www.feuerundstein.com\\\/\",\"name\":\"Feuer und Stein S\u00e0rl\",\"description\":\"Fireplace and Wood floor expert\",\"potentialAction\":[{\"@type\":\"SearchAction\",\"target\":{\"@type\":\"EntryPoint\",\"urlTemplate\":\"https:\\\/\\\/www.feuerundstein.com\\\/?s={search_term_string}\"},\"query-input\":{\"@type\":\"PropertyValueSpecification\",\"valueRequired\":true,\"valueName\":\"search_term_string\"}}],\"inLanguage\":\"fr-FR\"}]}<\/script>\n<!-- \/ Yoast SEO plugin. -->","yoast_head_json":{"title":"Impressum - Feuer und Stein S\u00e0rl","description":"Impressum de Feuerundstein","robots":{"index":"index","follow":"follow","max-snippet":"max-snippet:-1","max-image-preview":"max-image-preview:large","max-video-preview":"max-video-preview:-1"},"canonical":"https:\/\/www.feuerundstein.com\/impressum\/","og_locale":"fr_FR","og_type":"article","og_title":"Impressum - Feuer und Stein S\u00e0rl","og_description":"Impressum de Feuerundstein","og_url":"https:\/\/www.feuerundstein.com\/impressum\/","og_site_name":"Feuer und Stein S\u00e0rl","article_modified_time":"2026-04-14T16:09:02+00:00","og_image":[{"width":2486,"height":1222,"url":"https:\/\/www.feuerundstein.com\/wp-content\/uploads\/2017\/01\/LoGO-3.jpg","type":"image\/jpeg"}],"twitter_card":"summary_large_image","twitter_misc":{"Dur\u00e9e de lecture estim\u00e9e":"6 minutes"},"schema":{"@context":"https:\/\/schema.org","@graph":[{"@type":"WebPage","@id":"https:\/\/www.feuerundstein.com\/impressum\/","url":"https:\/\/www.feuerundstein.com\/impressum\/","name":"Impressum - Feuer und Stein S\u00e0rl","isPartOf":{"@id":"https:\/\/www.feuerundstein.com\/#website"},"primaryImageOfPage":{"@id":"https:\/\/www.feuerundstein.com\/impressum\/#primaryimage"},"image":{"@id":"https:\/\/www.feuerundstein.com\/impressum\/#primaryimage"},"thumbnailUrl":"https:\/\/www.feuerundstein.com\/wp-content\/uploads\/2017\/01\/LoGO-3.jpg","datePublished":"2018-06-25T11:17:11+00:00","dateModified":"2026-04-14T16:09:02+00:00","description":"Impressum de Feuerundstein","breadcrumb":{"@id":"https:\/\/www.feuerundstein.com\/impressum\/#breadcrumb"},"inLanguage":"fr-FR","potentialAction":[{"@type":"ReadAction","target":["https:\/\/www.feuerundstein.com\/impressum\/"]}]},{"@type":"ImageObject","inLanguage":"fr-FR","@id":"https:\/\/www.feuerundstein.com\/impressum\/#primaryimage","url":"https:\/\/www.feuerundstein.com\/wp-content\/uploads\/2017\/01\/LoGO-3.jpg","contentUrl":"https:\/\/www.feuerundstein.com\/wp-content\/uploads\/2017\/01\/LoGO-3.jpg","width":2486,"height":1222},{"@type":"BreadcrumbList","@id":"https:\/\/www.feuerundstein.com\/impressum\/#breadcrumb","itemListElement":[{"@type":"ListItem","position":1,"name":"Startseite","item":"https:\/\/www.feuerundstein.com\/fr\/"},{"@type":"ListItem","position":2,"name":"Impressum"}]},{"@type":"WebSite","@id":"https:\/\/www.feuerundstein.com\/#website","url":"https:\/\/www.feuerundstein.com\/","name":"Feuer und Stein S\u00e0rl","description":"Fireplace and Wood floor expert","potentialAction":[{"@type":"SearchAction","target":{"@type":"EntryPoint","urlTemplate":"https:\/\/www.feuerundstein.com\/?s={search_term_string}"},"query-input":{"@type":"PropertyValueSpecification","valueRequired":true,"valueName":"search_term_string"}}],"inLanguage":"fr-FR"}]}},"_links":{"self":[{"href":"https:\/\/www.feuerundstein.com\/fr\/wp-json\/wp\/v2\/pages\/4394","targetHints":{"allow":["GET"]}}],"collection":[{"href":"https:\/\/www.feuerundstein.com\/fr\/wp-json\/wp\/v2\/pages"}],"about":[{"href":"https:\/\/www.feuerundstein.com\/fr\/wp-json\/wp\/v2\/types\/page"}],"author":[{"embeddable":true,"href":"https:\/\/www.feuerundstein.com\/fr\/wp-json\/wp\/v2\/users\/1"}],"replies":[{"embeddable":true,"href":"https:\/\/www.feuerundstein.com\/fr\/wp-json\/wp\/v2\/comments?post=4394"}],"version-history":[{"count":14,"href":"https:\/\/www.feuerundstein.com\/fr\/wp-json\/wp\/v2\/pages\/4394\/revisions"}],"predecessor-version":[{"id":7447,"href":"https:\/\/www.feuerundstein.com\/fr\/wp-json\/wp\/v2\/pages\/4394\/revisions\/7447"}],"wp:featuredmedia":[{"embeddable":true,"href":"https:\/\/www.feuerundstein.com\/fr\/wp-json\/wp\/v2\/media\/3565"}],"wp:attachment":[{"href":"https:\/\/www.feuerundstein.com\/fr\/wp-json\/wp\/v2\/media?parent=4394"}],"curies":[{"name":"wp","href":"https:\/\/api.w.org\/{rel}","templated":true}]}}