{"id":4397,"date":"2018-06-25T11:18:44","date_gmt":"2018-06-25T11:18:44","guid":{"rendered":"https:\/\/www.feuerundstein.com\/politique-de-confidentialite\/"},"modified":"2026-04-17T12:04:19","modified_gmt":"2026-04-17T12:04:19","slug":"politique-de-confidentialite","status":"publish","type":"page","link":"https:\/\/www.feuerundstein.com\/fr\/politique-de-confidentialite\/","title":{"rendered":"Politique de confidentialit\u00e9"},"content":{"rendered":"\n<style type=\"text\/css\" data-created_by=\"avia_inline_auto\" id=\"style-css-av-2izk1y-9ab21cb6b3e6f9b78cd329dfd6e94854\">\n.flex_column.av-2izk1y-9ab21cb6b3e6f9b78cd329dfd6e94854{\nborder-radius:0px 0px 0px 0px;\npadding:0px 0px 0px 0px;\n}\n<\/style>\n<div  class='flex_column av-2izk1y-9ab21cb6b3e6f9b78cd329dfd6e94854 av_one_full  avia-builder-el-0  avia-builder-el-no-sibling  first flex_column_div av-zero-column-padding  '     ><section  class='av_textblock_section av-jiu5x6dr-5d44fa354358605707d9906ee7ff9159 '   itemscope=\"itemscope\" itemtype=\"https:\/\/schema.org\/CreativeWork\" ><div class='avia_textblock'  itemprop=\"text\" ><p><strong>Aper\u00e7u de la protection des donn\u00e9es<\/strong><\/p>\n<p><strong>Informations g\u00e9n\u00e9rales<\/strong><\/p>\n<p>Les informations suivantes vous donnent un aper\u00e7u simple de ce qu&rsquo;il advient de vos donn\u00e9es personnelles lorsque vous visitez notre site web. Les donn\u00e9es personnelles sont toutes les donn\u00e9es permettant de vous identifier personnellement. Vous trouverez des informations d\u00e9taill\u00e9es sur la protection des donn\u00e9es dans notre politique de confidentialit\u00e9, disponible sous ce texte.<\/p>\n<p><strong>Collecte de donn\u00e9es sur notre site web<\/strong><\/p>\n<p><strong>Qui est responsable de la collecte des donn\u00e9es sur ce site web\u00a0?<\/strong><\/p>\n<p>Le traitement des donn\u00e9es sur ce site web est effectu\u00e9 par l&rsquo;exploitant du site web. Vous trouverez ses coordonn\u00e9es dans les mentions l\u00e9gales du site web.<\/p>\n<p><strong>Comment collectons-nous vos donn\u00e9es\u00a0?<\/strong><\/p>\n<p>Vos donn\u00e9es sont collect\u00e9es, d&rsquo;une part, lorsque vous nous les fournissez. Il peut s&rsquo;agir, par exemple, des donn\u00e9es que vous saisissez dans un formulaire de contact.<\/p>\n<p>D&rsquo;autres donn\u00e9es sont collect\u00e9es automatiquement par nos syst\u00e8mes informatiques lorsque vous visitez le site web. Il s&rsquo;agit principalement de donn\u00e9es techniques (par exemple, navigateur internet, syst\u00e8me d&rsquo;exploitation ou heure d&rsquo;acc\u00e8s \u00e0 la page). Ces donn\u00e9es sont collect\u00e9es automatiquement d\u00e8s que vous acc\u00e9dez \u00e0 notre site web.<\/p>\n<p><strong>\u00c0 quelles fins utilisons-nous vos donn\u00e9es\u00a0?<\/strong><\/p>\n<p>Certaines donn\u00e9es sont collect\u00e9es pour garantir une mise \u00e0 disposition impeccable du site web. D&rsquo;autres peuvent \u00eatre utilis\u00e9es pour analyser votre comportement d&rsquo;utilisateur.<\/p>\n<p><strong>Quels sont vos droits concernant vos donn\u00e9es\u00a0?<\/strong><\/p>\n<p>Vous avez le droit d&rsquo;obtenir \u00e0 tout moment et gratuitement des informations sur l&rsquo;origine, le destinataire et la finalit\u00e9 de vos donn\u00e9es personnelles stock\u00e9es. Vous avez \u00e9galement le droit de demander la rectification, le blocage ou la suppression de ces donn\u00e9es. Vous pouvez nous contacter \u00e0 tout moment \u00e0 l&rsquo;adresse indiqu\u00e9e dans les mentions l\u00e9gales pour toute question concernant ce sujet ou toute autre question relative \u00e0 la protection des donn\u00e9es. Vous avez \u00e9galement le droit de d\u00e9poser une plainte aupr\u00e8s de l&rsquo;autorit\u00e9 de contr\u00f4le comp\u00e9tente.<\/p>\n<p><strong>Informations g\u00e9n\u00e9rales et mentions obligatoires<\/strong><\/p>\n<p><strong>Protection des donn\u00e9es<\/strong><\/p>\n<p>Les exploitants de ces sites web accordent une grande importance \u00e0 la protection de vos donn\u00e9es personnelles. Nous traitons vos donn\u00e9es personnelles de mani\u00e8re confidentielle et conform\u00e9ment aux dispositions l\u00e9gales en mati\u00e8re de protection des donn\u00e9es et \u00e0 la pr\u00e9sente politique de confidentialit\u00e9.<\/p>\n<p>Lorsque vous utilisez ce site web, diverses donn\u00e9es personnelles sont collect\u00e9es. Les donn\u00e9es personnelles sont des donn\u00e9es permettant de vous identifier personnellement. La pr\u00e9sente politique de confidentialit\u00e9 explique quelles donn\u00e9es nous collectons et \u00e0 quelles fins nous les utilisons. Elle explique \u00e9galement comment et dans quel but.<\/p>\n<p>Nous attirons votre attention sur le fait que la transmission de donn\u00e9es sur Internet (par exemple, lors de communications par e-mail) peut pr\u00e9senter des failles de s\u00e9curit\u00e9. Une protection compl\u00e8te des donn\u00e9es contre l&rsquo;acc\u00e8s par des tiers est impossible.<\/p>\n<p><strong>Remarque concernant le responsable<\/strong><\/p>\n<p>Le responsable du traitement des donn\u00e9es sur ce site web est\u00a0:<\/p>\n<p><strong>Feuer &amp; Stein S.\u00e0.r.l.<\/strong><br \/>33 Rue de Munsbach<br \/>L-6941 NIEDERANVEN<\/p>\n<p>T\u00e9l.\u00a0: +352 34 13 39<\/p>\n<p>E-mail\u00a0: info@feuerundstein.com<\/p>\n<p>Directeur g\u00e9n\u00e9ral : Tim HOLSTEIN<br \/>www.feuerundstein.com<\/p>\n<p>Le responsable est la personne physique ou morale qui, seule ou conjointement avec d&rsquo;autres, d\u00e9cide des finalit\u00e9s et des moyens du traitement des donn\u00e9es personnelles (par exemple, noms, adresses e-mail, etc.).<\/p>\n<p><strong>R\u00e9vocation de votre consentement au traitement des donn\u00e9es<\/strong><\/p>\n<p><strong>De nombreuses op\u00e9rations de traitement de donn\u00e9es ne sont possibles qu&rsquo;avec votre consentement expr\u00e8s. Vous pouvez r\u00e9voquer votre consentement \u00e0 tout moment. Pour ce faire, il vous suffit de nous envoyer un e-mail informel. La l\u00e9galit\u00e9 du traitement des donn\u00e9es effectu\u00e9 jusqu&rsquo;\u00e0 la r\u00e9vocation n&rsquo;est pas affect\u00e9e par cette r\u00e9vocation.<\/strong><\/p>\n<p><strong>Droit de d\u00e9poser une plainte aupr\u00e8s de l&rsquo;autorit\u00e9 de contr\u00f4le comp\u00e9tente<\/strong><\/p>\n<p><strong>En cas de violation de la l\u00e9gislation sur la protection des donn\u00e9es, la personne concern\u00e9e a le droit de d\u00e9poser une plainte aupr\u00e8s de l&rsquo;autorit\u00e9 de contr\u00f4le comp\u00e9tente. L&rsquo;autorit\u00e9 de contr\u00f4le comp\u00e9tente en mati\u00e8re de protection des donn\u00e9es est le Commissaire \u00e0 la protection des donn\u00e9es du Land dans lequel notre entreprise a son si\u00e8ge social. La liste des d\u00e9l\u00e9gu\u00e9s \u00e0 la protection des donn\u00e9es et leurs coordonn\u00e9es sont disponibles sur le lien suivant\u00a0: https:\/\/www.bfdi.bund.de\/DE\/Infothek\/Anschriften_Links\/anschriften_links-node.html.<\/strong><\/p>\n<p><strong>Droit \u00e0 la portabilit\u00e9 des donn\u00e9es<\/strong><\/p>\n<p>Vous avez le droit de demander que les donn\u00e9es que nous traitons automatiquement sur la base de votre consentement ou en ex\u00e9cution d&rsquo;un contrat vous soient transmises, \u00e0 vous ou \u00e0 un tiers, dans un format courant et lisible par machine. Si vous demandez le transfert direct des donn\u00e9es \u00e0 un autre responsable du traitement, cela ne sera effectu\u00e9 que si cela est techniquement possible.<\/p>\n<p><strong>Cryptage SSL ou TLS<\/strong><\/p>\n<p>Ce site utilise le cryptage SSL ou TLS pour des raisons de s\u00e9curit\u00e9 et pour prot\u00e9ger la transmission de contenus confidentiels, tels que les commandes ou les demandes que vous nous envoyez en tant qu&rsquo;exploitant du site. Vous reconnaissez une connexion crypt\u00e9e au fait que la ligne d&rsquo;adresse de votre navigateur passe de \u00ab\u00a0http:\/\/\u00a0\u00bb \u00e0 \u00ab\u00a0https:\/\/\u00a0\u00bb et au symbole du cadenas dans la barre d&rsquo;adresse de votre navigateur.<\/p>\n<p>Si le cryptage SSL ou TLS est activ\u00e9, les donn\u00e9es que vous nous transmettez ne peuvent \u00eatre lues par des tiers.<\/p>\n<p><strong>Information, blocage, suppression<\/strong><\/p>\n<p>Dans le cadre des dispositions l\u00e9gales applicables, vous avez le droit d&rsquo;obtenir \u00e0 tout moment des informations gratuites sur vos donn\u00e9es personnelles enregistr\u00e9es, leur origine, leur destinataire et la finalit\u00e9 du traitement des donn\u00e9es, ainsi que le droit de les corriger, de les bloquer ou de les supprimer. Vous pouvez nous contacter \u00e0 tout moment \u00e0 l&rsquo;adresse indiqu\u00e9e dans les mentions l\u00e9gales \u00e0 cette fin et pour toute autre question relative aux donn\u00e9es personnelles.<\/p>\n<p><strong>Opposition aux e-mails publicitaires<\/strong><\/p>\n<p>L&rsquo;utilisation des coordonn\u00e9es publi\u00e9es dans les mentions l\u00e9gales pour l&rsquo;envoi de publicit\u00e9s et de documents d&rsquo;information non sollicit\u00e9s est interdite. Les exploitants du site web se r\u00e9servent express\u00e9ment le droit d&rsquo;engager des poursuites judiciaires en cas d&rsquo;envoi d&rsquo;informations publicitaires non sollicit\u00e9es, par exemple par le biais de spams.<\/p>\n<p><strong>Collecte de donn\u00e9es sur notre site web<\/strong><\/p>\n<p><strong>Cookies<\/strong><\/p>\n<p>Certains de nos sites web utilisent des cookies. Les cookies ne causent aucun dommage \u00e0 votre ordinateur et ne contiennent pas de virus. Les cookies servent \u00e0 rendre notre service plus convivial, efficace et s\u00e9curis\u00e9. Les cookies sont de petits fichiers texte stock\u00e9s sur votre ordinateur et enregistr\u00e9s par votre navigateur.<\/p>\n<p>La plupart des cookies que nous utilisons sont des \u00ab\u00a0cookies de session\u00a0\u00bb. Ils sont automatiquement supprim\u00e9s apr\u00e8s votre visite. D&rsquo;autres cookies restent stock\u00e9s sur votre appareil jusqu&rsquo;\u00e0 ce que vous les supprimiez. Ces cookies nous permettent de reconna\u00eetre votre navigateur lors de votre prochaine visite.<\/p>\n<p>Vous pouvez configurer votre navigateur pour \u00eatre inform\u00e9 de l&rsquo;installation de cookies, pour n&rsquo;autoriser les cookies que dans des cas individuels, pour exclure les cookies dans certains cas ou de mani\u00e8re g\u00e9n\u00e9rale, et pour activer la suppression automatique des cookies \u00e0 la fermeture du navigateur. La d\u00e9sactivation des cookies peut limiter les fonctionnalit\u00e9s de ce site web.<\/p>\n<p>Les cookies n\u00e9cessaires \u00e0 la communication \u00e9lectronique ou \u00e0 la fourniture de certaines fonctionnalit\u00e9s que vous avez demand\u00e9es (par exemple, la fonction panier) sont stock\u00e9s sur la base de l&rsquo;article 6 (1) (f) du RGPD. L&rsquo;exploitant du site web a un int\u00e9r\u00eat l\u00e9gitime \u00e0 stocker des cookies afin de garantir une fourniture techniquement sans erreur et optimis\u00e9e de ses services. Si d&rsquo;autres cookies (par exemple, des cookies d&rsquo;analyse de votre navigation) sont stock\u00e9s, ils sont trait\u00e9s s\u00e9par\u00e9ment dans la pr\u00e9sente politique de confidentialit\u00e9.<\/p>\n<p><strong>Fichiers journaux du serveur<\/strong><\/p>\n<p>Le fournisseur du site web collecte et stocke automatiquement des informations dans des fichiers journaux du serveur, que votre navigateur nous transmet automatiquement. Il s&rsquo;agit des \u00e9l\u00e9ments suivants\u00a0:<\/p>\n<p>&#8211; Type et version du navigateur<\/p>\n<p>&#8211; Syst\u00e8me d&rsquo;exploitation utilis\u00e9<\/p>\n<p>&#8211; URL de r\u00e9f\u00e9rence<\/p>\n<p>&#8211; Nom d&rsquo;h\u00f4te de l&rsquo;ordinateur acc\u00e9dant<\/p>\n<p>&#8211; Heure de la requ\u00eate du serveur<\/p>\n<p>&#8211; Adresse IP<\/p>\n<p>Ces donn\u00e9es ne seront pas fusionn\u00e9es avec d&rsquo;autres sources de donn\u00e9es.<\/p>\n<p>Le traitement des donn\u00e9es repose sur l&rsquo;article 6 (1) (b) du RGPD, qui autorise le traitement des donn\u00e9es pour l&rsquo;ex\u00e9cution d&rsquo;un contrat ou la prise de mesures pr\u00e9contractuelles.<\/p>\n<p><strong>Contact, formulaire de contact<\/strong><\/p>\n<p>Vous pouvez nous contacter par courrier, t\u00e9l\u00e9phone ou e-mail.<\/p>\n<p>Si vous nous contactez par courrier, nous pouvons notamment traiter vos coordonn\u00e9es (par exemple, nom, pr\u00e9nom, rue, lieu de r\u00e9sidence, code postal), la date et l&rsquo;heure de r\u00e9ception du courrier, ainsi que toute donn\u00e9e issue de votre courrier.<\/p>\n<p>Si vous nous contactez par t\u00e9l\u00e9phone, nous pouvons notamment traiter votre num\u00e9ro de t\u00e9l\u00e9phone et, si demand\u00e9 au cours de l&rsquo;entretien, votre nom, votre adresse e-mail, l&rsquo;heure de l&rsquo;appel et les d\u00e9tails de votre demande.<\/p>\n<p>Si vous nous contactez par e-mail, nous pouvons notamment traiter votre adresse e-mail, l&rsquo;heure de l&rsquo;e-mail et toute donn\u00e9e issue du texte du message (y compris les pi\u00e8ces jointes, le cas \u00e9ch\u00e9ant).<\/p>\n<p>Le traitement des donn\u00e9es susmentionn\u00e9es a pour finalit\u00e9 de traiter la demande de contact et de pouvoir contacter le demandeur pour y r\u00e9pondre.<\/p>\n<p>La base juridique du traitement des donn\u00e9es personnelles d\u00e9crit ici est l&rsquo;article 6 (1) (f) du RGPD. Notre int\u00e9r\u00eat l\u00e9gitime est de vous offrir la possibilit\u00e9 de nous contacter \u00e0 tout moment et de r\u00e9pondre \u00e0 vos demandes.<\/p>\n<p>Les donn\u00e9es personnelles seront supprim\u00e9es d\u00e8s qu&rsquo;elles ne seront plus n\u00e9cessaires \u00e0 la r\u00e9alisation de la finalit\u00e9 pour laquelle elles ont \u00e9t\u00e9 collect\u00e9es.<\/p>\n<p><strong>Modifications de la r\u00e9glementation sur la protection des donn\u00e9es<\/strong><\/p>\n<p>L&rsquo;\u00e9volution de la l\u00e9gislation ou des processus internes de notre entreprise peut n\u00e9cessiter une adaptation de la pr\u00e9sente politique de confidentialit\u00e9.<\/p>\n<p>En cas de changement, nous vous en informerons quatre semaines avant le changement pr\u00e9vu au-dessus de la rubrique \u00ab Politique de confidentialit\u00e9 \u00bb.<\/p>\n<\/div><\/section><\/div>\n","protected":false},"excerpt":{"rendered":"","protected":false},"author":1,"featured_media":3565,"parent":0,"menu_order":0,"comment_status":"closed","ping_status":"closed","template":"","meta":{"footnotes":""},"class_list":["post-4397","page","type-page","status-publish","has-post-thumbnail","hentry"],"yoast_head":"<!-- This site is optimized with the Yoast SEO plugin v27.5 - https:\/\/yoast.com\/product\/yoast-seo-wordpress\/ -->\n<title>Politique de confidentialit\u00e9 - Feuer und Stein S\u00e0rl<\/title>\n<meta name=\"description\" content=\"Politique de confidentialit\u00e9 de Feuerundstein\" \/>\n<meta name=\"robots\" content=\"index, follow, max-snippet:-1, max-image-preview:large, max-video-preview:-1\" \/>\n<link rel=\"canonical\" href=\"https:\/\/www.feuerundstein.com\/fr\/politique-de-confidentialite\/\" \/>\n<meta property=\"og:locale\" content=\"fr_FR\" \/>\n<meta property=\"og:type\" content=\"article\" \/>\n<meta property=\"og:title\" content=\"Politique de confidentialit\u00e9 - Feuer und Stein S\u00e0rl\" \/>\n<meta property=\"og:description\" content=\"Politique de confidentialit\u00e9 de Feuerundstein\" \/>\n<meta property=\"og:url\" content=\"https:\/\/www.feuerundstein.com\/fr\/politique-de-confidentialite\/\" \/>\n<meta property=\"og:site_name\" content=\"Feuer und Stein S\u00e0rl\" \/>\n<meta property=\"article:modified_time\" content=\"2026-04-17T12:04:19+00:00\" \/>\n<meta property=\"og:image\" content=\"https:\/\/www.feuerundstein.com\/wp-content\/uploads\/2017\/01\/LoGO-3.jpg\" \/>\n\t<meta property=\"og:image:width\" content=\"2486\" \/>\n\t<meta property=\"og:image:height\" content=\"1222\" \/>\n\t<meta property=\"og:image:type\" content=\"image\/jpeg\" \/>\n<meta name=\"twitter:card\" content=\"summary_large_image\" \/>\n<meta name=\"twitter:label1\" content=\"Dur\u00e9e de lecture estim\u00e9e\" \/>\n\t<meta name=\"twitter:data1\" content=\"9 minutes\" \/>\n<script type=\"application\/ld+json\" class=\"yoast-schema-graph\">{\"@context\":\"https:\\\/\\\/schema.org\",\"@graph\":[{\"@type\":\"WebPage\",\"@id\":\"https:\\\/\\\/www.feuerundstein.com\\\/fr\\\/politique-de-confidentialite\\\/\",\"url\":\"https:\\\/\\\/www.feuerundstein.com\\\/fr\\\/politique-de-confidentialite\\\/\",\"name\":\"Politique de confidentialit\u00e9 - Feuer und Stein S\u00e0rl\",\"isPartOf\":{\"@id\":\"https:\\\/\\\/www.feuerundstein.com\\\/#website\"},\"primaryImageOfPage\":{\"@id\":\"https:\\\/\\\/www.feuerundstein.com\\\/fr\\\/politique-de-confidentialite\\\/#primaryimage\"},\"image\":{\"@id\":\"https:\\\/\\\/www.feuerundstein.com\\\/fr\\\/politique-de-confidentialite\\\/#primaryimage\"},\"thumbnailUrl\":\"https:\\\/\\\/www.feuerundstein.com\\\/wp-content\\\/uploads\\\/2017\\\/01\\\/LoGO-3.jpg\",\"datePublished\":\"2018-06-25T11:18:44+00:00\",\"dateModified\":\"2026-04-17T12:04:19+00:00\",\"description\":\"Politique de confidentialit\u00e9 de Feuerundstein\",\"breadcrumb\":{\"@id\":\"https:\\\/\\\/www.feuerundstein.com\\\/fr\\\/politique-de-confidentialite\\\/#breadcrumb\"},\"inLanguage\":\"fr-FR\",\"potentialAction\":[{\"@type\":\"ReadAction\",\"target\":[\"https:\\\/\\\/www.feuerundstein.com\\\/fr\\\/politique-de-confidentialite\\\/\"]}]},{\"@type\":\"ImageObject\",\"inLanguage\":\"fr-FR\",\"@id\":\"https:\\\/\\\/www.feuerundstein.com\\\/fr\\\/politique-de-confidentialite\\\/#primaryimage\",\"url\":\"https:\\\/\\\/www.feuerundstein.com\\\/wp-content\\\/uploads\\\/2017\\\/01\\\/LoGO-3.jpg\",\"contentUrl\":\"https:\\\/\\\/www.feuerundstein.com\\\/wp-content\\\/uploads\\\/2017\\\/01\\\/LoGO-3.jpg\",\"width\":2486,\"height\":1222},{\"@type\":\"BreadcrumbList\",\"@id\":\"https:\\\/\\\/www.feuerundstein.com\\\/fr\\\/politique-de-confidentialite\\\/#breadcrumb\",\"itemListElement\":[{\"@type\":\"ListItem\",\"position\":1,\"name\":\"Startseite\",\"item\":\"https:\\\/\\\/www.feuerundstein.com\\\/fr\\\/\"},{\"@type\":\"ListItem\",\"position\":2,\"name\":\"Politique de confidentialit\u00e9\"}]},{\"@type\":\"WebSite\",\"@id\":\"https:\\\/\\\/www.feuerundstein.com\\\/#website\",\"url\":\"https:\\\/\\\/www.feuerundstein.com\\\/\",\"name\":\"Feuer und Stein S\u00e0rl\",\"description\":\"Fireplace and Wood floor expert\",\"potentialAction\":[{\"@type\":\"SearchAction\",\"target\":{\"@type\":\"EntryPoint\",\"urlTemplate\":\"https:\\\/\\\/www.feuerundstein.com\\\/?s={search_term_string}\"},\"query-input\":{\"@type\":\"PropertyValueSpecification\",\"valueRequired\":true,\"valueName\":\"search_term_string\"}}],\"inLanguage\":\"fr-FR\"}]}<\/script>\n<!-- \/ Yoast SEO plugin. -->","yoast_head_json":{"title":"Politique de confidentialit\u00e9 - Feuer und Stein S\u00e0rl","description":"Politique de confidentialit\u00e9 de Feuerundstein","robots":{"index":"index","follow":"follow","max-snippet":"max-snippet:-1","max-image-preview":"max-image-preview:large","max-video-preview":"max-video-preview:-1"},"canonical":"https:\/\/www.feuerundstein.com\/fr\/politique-de-confidentialite\/","og_locale":"fr_FR","og_type":"article","og_title":"Politique de confidentialit\u00e9 - Feuer und Stein S\u00e0rl","og_description":"Politique de confidentialit\u00e9 de Feuerundstein","og_url":"https:\/\/www.feuerundstein.com\/fr\/politique-de-confidentialite\/","og_site_name":"Feuer und Stein S\u00e0rl","article_modified_time":"2026-04-17T12:04:19+00:00","og_image":[{"width":2486,"height":1222,"url":"https:\/\/www.feuerundstein.com\/wp-content\/uploads\/2017\/01\/LoGO-3.jpg","type":"image\/jpeg"}],"twitter_card":"summary_large_image","twitter_misc":{"Dur\u00e9e de lecture estim\u00e9e":"9 minutes"},"schema":{"@context":"https:\/\/schema.org","@graph":[{"@type":"WebPage","@id":"https:\/\/www.feuerundstein.com\/fr\/politique-de-confidentialite\/","url":"https:\/\/www.feuerundstein.com\/fr\/politique-de-confidentialite\/","name":"Politique de confidentialit\u00e9 - Feuer und Stein S\u00e0rl","isPartOf":{"@id":"https:\/\/www.feuerundstein.com\/#website"},"primaryImageOfPage":{"@id":"https:\/\/www.feuerundstein.com\/fr\/politique-de-confidentialite\/#primaryimage"},"image":{"@id":"https:\/\/www.feuerundstein.com\/fr\/politique-de-confidentialite\/#primaryimage"},"thumbnailUrl":"https:\/\/www.feuerundstein.com\/wp-content\/uploads\/2017\/01\/LoGO-3.jpg","datePublished":"2018-06-25T11:18:44+00:00","dateModified":"2026-04-17T12:04:19+00:00","description":"Politique de confidentialit\u00e9 de Feuerundstein","breadcrumb":{"@id":"https:\/\/www.feuerundstein.com\/fr\/politique-de-confidentialite\/#breadcrumb"},"inLanguage":"fr-FR","potentialAction":[{"@type":"ReadAction","target":["https:\/\/www.feuerundstein.com\/fr\/politique-de-confidentialite\/"]}]},{"@type":"ImageObject","inLanguage":"fr-FR","@id":"https:\/\/www.feuerundstein.com\/fr\/politique-de-confidentialite\/#primaryimage","url":"https:\/\/www.feuerundstein.com\/wp-content\/uploads\/2017\/01\/LoGO-3.jpg","contentUrl":"https:\/\/www.feuerundstein.com\/wp-content\/uploads\/2017\/01\/LoGO-3.jpg","width":2486,"height":1222},{"@type":"BreadcrumbList","@id":"https:\/\/www.feuerundstein.com\/fr\/politique-de-confidentialite\/#breadcrumb","itemListElement":[{"@type":"ListItem","position":1,"name":"Startseite","item":"https:\/\/www.feuerundstein.com\/fr\/"},{"@type":"ListItem","position":2,"name":"Politique de confidentialit\u00e9"}]},{"@type":"WebSite","@id":"https:\/\/www.feuerundstein.com\/#website","url":"https:\/\/www.feuerundstein.com\/","name":"Feuer und Stein S\u00e0rl","description":"Fireplace and Wood floor expert","potentialAction":[{"@type":"SearchAction","target":{"@type":"EntryPoint","urlTemplate":"https:\/\/www.feuerundstein.com\/?s={search_term_string}"},"query-input":{"@type":"PropertyValueSpecification","valueRequired":true,"valueName":"search_term_string"}}],"inLanguage":"fr-FR"}]}},"_links":{"self":[{"href":"https:\/\/www.feuerundstein.com\/fr\/wp-json\/wp\/v2\/pages\/4397","targetHints":{"allow":["GET"]}}],"collection":[{"href":"https:\/\/www.feuerundstein.com\/fr\/wp-json\/wp\/v2\/pages"}],"about":[{"href":"https:\/\/www.feuerundstein.com\/fr\/wp-json\/wp\/v2\/types\/page"}],"author":[{"embeddable":true,"href":"https:\/\/www.feuerundstein.com\/fr\/wp-json\/wp\/v2\/users\/1"}],"replies":[{"embeddable":true,"href":"https:\/\/www.feuerundstein.com\/fr\/wp-json\/wp\/v2\/comments?post=4397"}],"version-history":[{"count":9,"href":"https:\/\/www.feuerundstein.com\/fr\/wp-json\/wp\/v2\/pages\/4397\/revisions"}],"predecessor-version":[{"id":8018,"href":"https:\/\/www.feuerundstein.com\/fr\/wp-json\/wp\/v2\/pages\/4397\/revisions\/8018"}],"wp:featuredmedia":[{"embeddable":true,"href":"https:\/\/www.feuerundstein.com\/fr\/wp-json\/wp\/v2\/media\/3565"}],"wp:attachment":[{"href":"https:\/\/www.feuerundstein.com\/fr\/wp-json\/wp\/v2\/media?parent=4397"}],"curies":[{"name":"wp","href":"https:\/\/api.w.org\/{rel}","templated":true}]}}