{"id":6990,"date":"2023-05-09T12:50:23","date_gmt":"2023-05-09T12:50:23","guid":{"rendered":"https:\/\/www.feuerundstein.com\/bahama\/"},"modified":"2026-04-17T11:57:54","modified_gmt":"2026-04-17T11:57:54","slug":"bahama","status":"publish","type":"page","link":"https:\/\/www.feuerundstein.com\/fr\/bahama\/","title":{"rendered":"BAHAMA\u00ae"},"content":{"rendered":"\n<style type=\"text\/css\" data-created_by=\"avia_inline_auto\" id=\"style-css-av-k7x4jwtk-2fd71abc4ed33db1d2824747c2ae2e7b\">\n.av-horizontal-gallery.av-k7x4jwtk-2fd71abc4ed33db1d2824747c2ae2e7b{\npadding:3.75% 0px;;\n}\n.av-horizontal-gallery.av-k7x4jwtk-2fd71abc4ed33db1d2824747c2ae2e7b .av-horizontal-gallery-inner{\npadding-bottom:25%;\n}\n<\/style>\n<div  class='av-horizontal-gallery av-k7x4jwtk-2fd71abc4ed33db1d2824747c2ae2e7b av-horizontal-gallery-large-gap av-horizontal-gallery-enlarge-effect  avia-builder-el-0  el_before_av_textblock  avia-builder-el-first  av-slideshow-ui av-control-default av-slideshow-manual av-loop-once av-loop-manual-endless av-horizontal-gallery-1' data-slideshow-data=\"{&quot;enlarge&quot;:1.3,&quot;animation&quot;:&quot;slide&quot;,&quot;autoplay&quot;:false,&quot;loop_autoplay&quot;:&quot;once&quot;,&quot;interval&quot;:5,&quot;loop_manual&quot;:&quot;manual-endless&quot;,&quot;autoplay_stopper&quot;:false,&quot;noNavigation&quot;:false,&quot;bg_slider&quot;:false,&quot;keep_padding&quot;:&quot;&quot;,&quot;hoverpause&quot;:false,&quot;show_slide_delay&quot;:0}\"  itemprop=\"image\" itemscope=\"itemscope\" itemtype=\"https:\/\/schema.org\/ImageObject\" ><div class='avia-slideshow-arrows avia-slideshow-controls' ><a href='#prev' class='prev-slide av-horizontal-gallery-prev avia-svg-icon avia-font-svg_entypo-fontello' data-av_svg_icon='left-open-big' data-av_iconset='svg_entypo-fontello' tabindex='-1' title=\"Pr\u00e9c\u00e9dent\"><svg version=\"1.1\" xmlns=\"http:\/\/www.w3.org\/2000\/svg\" width=\"15\" height=\"32\" viewBox=\"0 0 15 32\" preserveAspectRatio=\"xMidYMid meet\" aria-labelledby='av-svg-title-1' aria-describedby='av-svg-desc-1' role=\"graphics-symbol\" aria-hidden=\"true\">\n<title id='av-svg-title-1'>Pr\u00e9c\u00e9dent<\/title>\n<desc id='av-svg-desc-1'>Pr\u00e9c\u00e9dent<\/desc>\n<path d=\"M14.464 27.84q0.832 0.832 0 1.536-0.832 0.832-1.536 0l-12.544-12.608q-0.768-0.768 0-1.6l12.544-12.608q0.704-0.832 1.536 0 0.832 0.704 0 1.536l-11.456 11.904z\"><\/path>\n<\/svg><span class='avia_hidden_link_text'>Pr\u00e9c\u00e9dent<\/span><\/a><a href='#next' class='next-slide av-horizontal-gallery-next avia-svg-icon avia-font-svg_entypo-fontello' data-av_svg_icon='right-open-big' data-av_iconset='svg_entypo-fontello' tabindex='-1' title=\"Suivant\"><svg version=\"1.1\" xmlns=\"http:\/\/www.w3.org\/2000\/svg\" width=\"15\" height=\"32\" viewBox=\"0 0 15 32\" preserveAspectRatio=\"xMidYMid meet\" aria-labelledby='av-svg-title-2' aria-describedby='av-svg-desc-2' role=\"graphics-symbol\" aria-hidden=\"true\">\n<title id='av-svg-title-2'>Suivant<\/title>\n<desc id='av-svg-desc-2'>Suivant<\/desc>\n<path d=\"M0.416 27.84l11.456-11.84-11.456-11.904q-0.832-0.832 0-1.536 0.832-0.832 1.536 0l12.544 12.608q0.768 0.832 0 1.6l-12.544 12.608q-0.704 0.832-1.536 0-0.832-0.704 0-1.536z\"><\/path>\n<\/svg><span class='avia_hidden_link_text'>Suivant<\/span><\/a><\/div><div class='avia-slideshow-dots avia-slideshow-controls av-horizontal-gallery-dots fade-in'><a href='#1' class='goto-slide active' >1<\/a><a href='#2' class='goto-slide ' >2<\/a><a href='#3' class='goto-slide ' >3<\/a><a href='#4' class='goto-slide ' >4<\/a><\/div><div class='av-horizontal-gallery-inner' data-av-height='25'><div class=\"av-horizontal-gallery-slider\"><div class=\"av-horizontal-gallery-wrap noHover\"><img decoding=\"async\" loading=\"lazy\" class='wp-image-7295 avia-img-lazy-loading-7295 av-horizontal-gallery-img' width=\"1024\" height=\"576\" src=\"https:\/\/www.feuerundstein.com\/wp-content\/uploads\/2020\/03\/Magnum-Produktbilder-Bahama-de_1.jpg\" title='' alt='' srcset=\"https:\/\/www.feuerundstein.com\/wp-content\/uploads\/2020\/03\/Magnum-Produktbilder-Bahama-de_1.jpg 1024w, https:\/\/www.feuerundstein.com\/wp-content\/uploads\/2020\/03\/Magnum-Produktbilder-Bahama-de_1-300x169.jpg 300w, https:\/\/www.feuerundstein.com\/wp-content\/uploads\/2020\/03\/Magnum-Produktbilder-Bahama-de_1-768x432.jpg 768w, https:\/\/www.feuerundstein.com\/wp-content\/uploads\/2020\/03\/Magnum-Produktbilder-Bahama-de_1-600x338.jpg 600w, https:\/\/www.feuerundstein.com\/wp-content\/uploads\/2020\/03\/Magnum-Produktbilder-Bahama-de_1-705x397.jpg 705w, https:\/\/www.feuerundstein.com\/wp-content\/uploads\/2020\/03\/Magnum-Produktbilder-Bahama-de_1-450x253.jpg 450w\" sizes=\"auto, (max-width: 1024px) 100vw, 1024px\" \/><a href=\"https:\/\/www.feuerundstein.com\/wp-content\/uploads\/2020\/03\/Magnum-Produktbilder-Bahama-de_1.jpg\" data-srcset=\"https:\/\/www.feuerundstein.com\/wp-content\/uploads\/2020\/03\/Magnum-Produktbilder-Bahama-de_1.jpg 1024w, https:\/\/www.feuerundstein.com\/wp-content\/uploads\/2020\/03\/Magnum-Produktbilder-Bahama-de_1-300x169.jpg 300w, https:\/\/www.feuerundstein.com\/wp-content\/uploads\/2020\/03\/Magnum-Produktbilder-Bahama-de_1-768x432.jpg 768w, https:\/\/www.feuerundstein.com\/wp-content\/uploads\/2020\/03\/Magnum-Produktbilder-Bahama-de_1-600x338.jpg 600w, https:\/\/www.feuerundstein.com\/wp-content\/uploads\/2020\/03\/Magnum-Produktbilder-Bahama-de_1-705x397.jpg 705w, https:\/\/www.feuerundstein.com\/wp-content\/uploads\/2020\/03\/Magnum-Produktbilder-Bahama-de_1-450x253.jpg 450w\" data-sizes=\"(max-width: 1024px) 100vw, 1024px\" class='av-horizontal-gallery-link avia-svg-icon avia-font-svg_entypo-fontello' data-av_svg_icon='resize-full' data-av_iconset='svg_entypo-fontello' title='' alt='' aria-label='Ouvrir l\u2019image dans une Lightbox: '><svg version=\"1.1\" xmlns=\"http:\/\/www.w3.org\/2000\/svg\" width=\"25\" height=\"32\" viewBox=\"0 0 25 32\" preserveAspectRatio=\"xMidYMid meet\" aria-labelledby='av-svg-title-3' aria-describedby='av-svg-desc-3' role=\"graphics-symbol\" aria-hidden=\"true\">\n<title id='av-svg-title-3'>Ouvrir l\u2019image dans une Lightbox: <\/title>\n<desc id='av-svg-desc-3'>Ouvrir l\u2019image dans une Lightbox: <\/desc>\n<path d=\"M15.232 3.328h10.112v10.112l-3.2-3.968-4.672 4.864-3.2-3.2 4.864-4.672zM7.872 17.536l3.2 3.2-4.864 4.672 3.904 3.2h-10.112v-10.112l3.2 3.904z\"><\/path>\n<\/svg><\/a><\/div><div class=\"av-horizontal-gallery-wrap noHover\"><img decoding=\"async\" loading=\"lazy\" class='wp-image-7293 avia-img-lazy-loading-7293 av-horizontal-gallery-img' width=\"1024\" height=\"576\" src=\"https:\/\/www.feuerundstein.com\/wp-content\/uploads\/2020\/03\/Jumbrella-Wave-Produktbilder-Bahama-de_1.jpg\" title='' alt='' srcset=\"https:\/\/www.feuerundstein.com\/wp-content\/uploads\/2020\/03\/Jumbrella-Wave-Produktbilder-Bahama-de_1.jpg 1024w, https:\/\/www.feuerundstein.com\/wp-content\/uploads\/2020\/03\/Jumbrella-Wave-Produktbilder-Bahama-de_1-300x169.jpg 300w, https:\/\/www.feuerundstein.com\/wp-content\/uploads\/2020\/03\/Jumbrella-Wave-Produktbilder-Bahama-de_1-768x432.jpg 768w, https:\/\/www.feuerundstein.com\/wp-content\/uploads\/2020\/03\/Jumbrella-Wave-Produktbilder-Bahama-de_1-600x338.jpg 600w, https:\/\/www.feuerundstein.com\/wp-content\/uploads\/2020\/03\/Jumbrella-Wave-Produktbilder-Bahama-de_1-705x397.jpg 705w, https:\/\/www.feuerundstein.com\/wp-content\/uploads\/2020\/03\/Jumbrella-Wave-Produktbilder-Bahama-de_1-450x253.jpg 450w\" sizes=\"auto, (max-width: 1024px) 100vw, 1024px\" \/><a href=\"https:\/\/www.feuerundstein.com\/wp-content\/uploads\/2020\/03\/Jumbrella-Wave-Produktbilder-Bahama-de_1.jpg\" data-srcset=\"https:\/\/www.feuerundstein.com\/wp-content\/uploads\/2020\/03\/Jumbrella-Wave-Produktbilder-Bahama-de_1.jpg 1024w, https:\/\/www.feuerundstein.com\/wp-content\/uploads\/2020\/03\/Jumbrella-Wave-Produktbilder-Bahama-de_1-300x169.jpg 300w, https:\/\/www.feuerundstein.com\/wp-content\/uploads\/2020\/03\/Jumbrella-Wave-Produktbilder-Bahama-de_1-768x432.jpg 768w, https:\/\/www.feuerundstein.com\/wp-content\/uploads\/2020\/03\/Jumbrella-Wave-Produktbilder-Bahama-de_1-600x338.jpg 600w, https:\/\/www.feuerundstein.com\/wp-content\/uploads\/2020\/03\/Jumbrella-Wave-Produktbilder-Bahama-de_1-705x397.jpg 705w, https:\/\/www.feuerundstein.com\/wp-content\/uploads\/2020\/03\/Jumbrella-Wave-Produktbilder-Bahama-de_1-450x253.jpg 450w\" data-sizes=\"(max-width: 1024px) 100vw, 1024px\" class='av-horizontal-gallery-link avia-svg-icon avia-font-svg_entypo-fontello' data-av_svg_icon='resize-full' data-av_iconset='svg_entypo-fontello' title='' alt='' aria-label='Ouvrir l\u2019image dans une Lightbox: '><svg version=\"1.1\" xmlns=\"http:\/\/www.w3.org\/2000\/svg\" width=\"25\" height=\"32\" viewBox=\"0 0 25 32\" preserveAspectRatio=\"xMidYMid meet\" aria-labelledby='av-svg-title-4' aria-describedby='av-svg-desc-4' role=\"graphics-symbol\" aria-hidden=\"true\">\n<title id='av-svg-title-4'>Ouvrir l\u2019image dans une Lightbox: <\/title>\n<desc id='av-svg-desc-4'>Ouvrir l\u2019image dans une Lightbox: <\/desc>\n<path d=\"M15.232 3.328h10.112v10.112l-3.2-3.968-4.672 4.864-3.2-3.2 4.864-4.672zM7.872 17.536l3.2 3.2-4.864 4.672 3.904 3.2h-10.112v-10.112l3.2 3.904z\"><\/path>\n<\/svg><\/a><\/div><div class=\"av-horizontal-gallery-wrap noHover\"><img decoding=\"async\" loading=\"lazy\" class='wp-image-7292 avia-img-lazy-loading-7292 av-horizontal-gallery-img' width=\"1024\" height=\"576\" src=\"https:\/\/www.feuerundstein.com\/wp-content\/uploads\/2020\/03\/Jumbrella-Produktbilder-Bahama-de.jpg\" title='' alt='' srcset=\"https:\/\/www.feuerundstein.com\/wp-content\/uploads\/2020\/03\/Jumbrella-Produktbilder-Bahama-de.jpg 1024w, https:\/\/www.feuerundstein.com\/wp-content\/uploads\/2020\/03\/Jumbrella-Produktbilder-Bahama-de-300x169.jpg 300w, https:\/\/www.feuerundstein.com\/wp-content\/uploads\/2020\/03\/Jumbrella-Produktbilder-Bahama-de-768x432.jpg 768w, https:\/\/www.feuerundstein.com\/wp-content\/uploads\/2020\/03\/Jumbrella-Produktbilder-Bahama-de-600x338.jpg 600w, https:\/\/www.feuerundstein.com\/wp-content\/uploads\/2020\/03\/Jumbrella-Produktbilder-Bahama-de-705x397.jpg 705w, https:\/\/www.feuerundstein.com\/wp-content\/uploads\/2020\/03\/Jumbrella-Produktbilder-Bahama-de-450x253.jpg 450w\" sizes=\"auto, (max-width: 1024px) 100vw, 1024px\" \/><a href=\"https:\/\/www.feuerundstein.com\/wp-content\/uploads\/2020\/03\/Jumbrella-Produktbilder-Bahama-de.jpg\" data-srcset=\"https:\/\/www.feuerundstein.com\/wp-content\/uploads\/2020\/03\/Jumbrella-Produktbilder-Bahama-de.jpg 1024w, https:\/\/www.feuerundstein.com\/wp-content\/uploads\/2020\/03\/Jumbrella-Produktbilder-Bahama-de-300x169.jpg 300w, https:\/\/www.feuerundstein.com\/wp-content\/uploads\/2020\/03\/Jumbrella-Produktbilder-Bahama-de-768x432.jpg 768w, https:\/\/www.feuerundstein.com\/wp-content\/uploads\/2020\/03\/Jumbrella-Produktbilder-Bahama-de-600x338.jpg 600w, https:\/\/www.feuerundstein.com\/wp-content\/uploads\/2020\/03\/Jumbrella-Produktbilder-Bahama-de-705x397.jpg 705w, https:\/\/www.feuerundstein.com\/wp-content\/uploads\/2020\/03\/Jumbrella-Produktbilder-Bahama-de-450x253.jpg 450w\" data-sizes=\"(max-width: 1024px) 100vw, 1024px\" class='av-horizontal-gallery-link avia-svg-icon avia-font-svg_entypo-fontello' data-av_svg_icon='resize-full' data-av_iconset='svg_entypo-fontello' title='' alt='' aria-label='Ouvrir l\u2019image dans une Lightbox: '><svg version=\"1.1\" xmlns=\"http:\/\/www.w3.org\/2000\/svg\" width=\"25\" height=\"32\" viewBox=\"0 0 25 32\" preserveAspectRatio=\"xMidYMid meet\" aria-labelledby='av-svg-title-5' aria-describedby='av-svg-desc-5' role=\"graphics-symbol\" aria-hidden=\"true\">\n<title id='av-svg-title-5'>Ouvrir l\u2019image dans une Lightbox: <\/title>\n<desc id='av-svg-desc-5'>Ouvrir l\u2019image dans une Lightbox: <\/desc>\n<path d=\"M15.232 3.328h10.112v10.112l-3.2-3.968-4.672 4.864-3.2-3.2 4.864-4.672zM7.872 17.536l3.2 3.2-4.864 4.672 3.904 3.2h-10.112v-10.112l3.2 3.904z\"><\/path>\n<\/svg><\/a><\/div><div class=\"av-horizontal-gallery-wrap noHover\"><img decoding=\"async\" loading=\"lazy\" class='wp-image-7294 avia-img-lazy-loading-7294 av-horizontal-gallery-img' width=\"1024\" height=\"576\" src=\"https:\/\/www.feuerundstein.com\/wp-content\/uploads\/2020\/03\/Jumbrella-XL-Produktbilder-Bahama-de_1.jpg\" title='' alt='' srcset=\"https:\/\/www.feuerundstein.com\/wp-content\/uploads\/2020\/03\/Jumbrella-XL-Produktbilder-Bahama-de_1.jpg 1024w, https:\/\/www.feuerundstein.com\/wp-content\/uploads\/2020\/03\/Jumbrella-XL-Produktbilder-Bahama-de_1-300x169.jpg 300w, https:\/\/www.feuerundstein.com\/wp-content\/uploads\/2020\/03\/Jumbrella-XL-Produktbilder-Bahama-de_1-768x432.jpg 768w, https:\/\/www.feuerundstein.com\/wp-content\/uploads\/2020\/03\/Jumbrella-XL-Produktbilder-Bahama-de_1-600x338.jpg 600w, https:\/\/www.feuerundstein.com\/wp-content\/uploads\/2020\/03\/Jumbrella-XL-Produktbilder-Bahama-de_1-705x397.jpg 705w, https:\/\/www.feuerundstein.com\/wp-content\/uploads\/2020\/03\/Jumbrella-XL-Produktbilder-Bahama-de_1-450x253.jpg 450w\" sizes=\"auto, (max-width: 1024px) 100vw, 1024px\" \/><a href=\"https:\/\/www.feuerundstein.com\/wp-content\/uploads\/2020\/03\/Jumbrella-XL-Produktbilder-Bahama-de_1.jpg\" data-srcset=\"https:\/\/www.feuerundstein.com\/wp-content\/uploads\/2020\/03\/Jumbrella-XL-Produktbilder-Bahama-de_1.jpg 1024w, https:\/\/www.feuerundstein.com\/wp-content\/uploads\/2020\/03\/Jumbrella-XL-Produktbilder-Bahama-de_1-300x169.jpg 300w, https:\/\/www.feuerundstein.com\/wp-content\/uploads\/2020\/03\/Jumbrella-XL-Produktbilder-Bahama-de_1-768x432.jpg 768w, https:\/\/www.feuerundstein.com\/wp-content\/uploads\/2020\/03\/Jumbrella-XL-Produktbilder-Bahama-de_1-600x338.jpg 600w, https:\/\/www.feuerundstein.com\/wp-content\/uploads\/2020\/03\/Jumbrella-XL-Produktbilder-Bahama-de_1-705x397.jpg 705w, https:\/\/www.feuerundstein.com\/wp-content\/uploads\/2020\/03\/Jumbrella-XL-Produktbilder-Bahama-de_1-450x253.jpg 450w\" data-sizes=\"(max-width: 1024px) 100vw, 1024px\" class='av-horizontal-gallery-link avia-svg-icon avia-font-svg_entypo-fontello' data-av_svg_icon='resize-full' data-av_iconset='svg_entypo-fontello' title='' alt='' aria-label='Ouvrir l\u2019image dans une Lightbox: '><svg version=\"1.1\" xmlns=\"http:\/\/www.w3.org\/2000\/svg\" width=\"25\" height=\"32\" viewBox=\"0 0 25 32\" preserveAspectRatio=\"xMidYMid meet\" aria-labelledby='av-svg-title-6' aria-describedby='av-svg-desc-6' role=\"graphics-symbol\" aria-hidden=\"true\">\n<title id='av-svg-title-6'>Ouvrir l\u2019image dans une Lightbox: <\/title>\n<desc id='av-svg-desc-6'>Ouvrir l\u2019image dans une Lightbox: <\/desc>\n<path d=\"M15.232 3.328h10.112v10.112l-3.2-3.968-4.672 4.864-3.2-3.2 4.864-4.672zM7.872 17.536l3.2 3.2-4.864 4.672 3.904 3.2h-10.112v-10.112l3.2 3.904z\"><\/path>\n<\/svg><\/a><\/div><\/div><\/div><\/div>\n<section  class='av_textblock_section av-23xz4l-eaa1301788878e605baddecc16d5d514 '   itemscope=\"itemscope\" itemtype=\"https:\/\/schema.org\/CreativeWork\" ><div class='avia_textblock'  itemprop=\"text\" ><div class=\"wpb_text_column wpb_content_element \">\n<div class=\"wpb_wrapper\">\n<div class=\"wpb_text_column wpb_content_element \">\n<div class=\"wpb_wrapper\">\n<h3>BAHAMA \u00ae<\/h3>\n<p>Fond\u00e9e en 1950, Bahama con\u00e7oit et fabrique aujourd&rsquo;hui des parasols et des voiles de haute qualit\u00e9 et diversifi\u00e9s. Des clients nationaux et internationaux font confiance \u00e0 notre technologie industrielle et \u00e0 notre savoir-faire. Les produits de haute qualit\u00e9 de Bahama se caract\u00e9risent par des attributs techniques tels que la compacit\u00e9, la durabilit\u00e9 et la stabilit\u00e9 au vent, ainsi que des composants esth\u00e9tiques tels que la beaut\u00e9 de la forme et du mat\u00e9riau.<\/p>\n<p>Notre production enti\u00e8rement int\u00e9gr\u00e9e \u00ab\u00a0Made in Germany\u00a0\u00bb fabrique presque tous les composants en interne. Gr\u00e2ce au jeu de la qualit\u00e9 des mat\u00e9riaux et de la construction, Bahama garantit la r\u00e9sistance au vent de ses produits en position ouverte jusqu&rsquo;\u00e0 130 km\/h maximum selon les mod\u00e8les.<\/p>\n<p><strong>D\u00e9couvrez les possibilit\u00e9s d&rsquo;une saison ext\u00e9rieure prolong\u00e9e. Dans le vent et les intemp\u00e9ries.<\/strong><\/p>\n<\/div>\n<\/div>\n<\/div>\n<\/div>\n<\/div><\/section>\n","protected":false},"excerpt":{"rendered":"","protected":false},"author":5,"featured_media":7292,"parent":0,"menu_order":0,"comment_status":"closed","ping_status":"closed","template":"","meta":{"footnotes":""},"class_list":["post-6990","page","type-page","status-publish","has-post-thumbnail","hentry"],"yoast_head":"<!-- This site is optimized with the Yoast SEO plugin v27.4 - https:\/\/yoast.com\/product\/yoast-seo-wordpress\/ -->\n<title>BAHAMA\u00ae - Feuer und Stein S\u00e0rl<\/title>\n<meta name=\"description\" content=\"Fond\u00e9e en 1950, Bahama con\u00e7oit et produit aujourd&#039;hui des parasols et des voiles d&#039;ombrage de haute qualit\u00e9 et de grande vari\u00e9t\u00e9.\" \/>\n<meta name=\"robots\" content=\"index, follow, max-snippet:-1, max-image-preview:large, max-video-preview:-1\" \/>\n<link rel=\"canonical\" href=\"https:\/\/www.feuerundstein.com\/fr\/bahama\/\" \/>\n<meta property=\"og:locale\" content=\"fr_FR\" \/>\n<meta property=\"og:type\" content=\"article\" \/>\n<meta property=\"og:title\" content=\"BAHAMA\u00ae - Feuer und Stein S\u00e0rl\" \/>\n<meta property=\"og:description\" content=\"Fond\u00e9e en 1950, Bahama con\u00e7oit et produit aujourd&#039;hui des parasols et des voiles d&#039;ombrage de haute qualit\u00e9 et de grande vari\u00e9t\u00e9.\" \/>\n<meta property=\"og:url\" content=\"https:\/\/www.feuerundstein.com\/fr\/bahama\/\" \/>\n<meta property=\"og:site_name\" content=\"Feuer und Stein S\u00e0rl\" \/>\n<meta property=\"article:modified_time\" content=\"2026-04-17T11:57:54+00:00\" \/>\n<meta property=\"og:image\" content=\"https:\/\/www.feuerundstein.com\/wp-content\/uploads\/2020\/03\/Jumbrella-Produktbilder-Bahama-de.jpg\" \/>\n\t<meta property=\"og:image:width\" content=\"1024\" \/>\n\t<meta property=\"og:image:height\" content=\"576\" \/>\n\t<meta property=\"og:image:type\" content=\"image\/jpeg\" \/>\n<meta name=\"twitter:card\" content=\"summary_large_image\" \/>\n<meta name=\"twitter:label1\" content=\"Dur\u00e9e de lecture estim\u00e9e\" \/>\n\t<meta name=\"twitter:data1\" content=\"2 minutes\" \/>\n<script type=\"application\/ld+json\" class=\"yoast-schema-graph\">{\"@context\":\"https:\\\/\\\/schema.org\",\"@graph\":[{\"@type\":\"WebPage\",\"@id\":\"https:\\\/\\\/www.feuerundstein.com\\\/fr\\\/bahama\\\/\",\"url\":\"https:\\\/\\\/www.feuerundstein.com\\\/fr\\\/bahama\\\/\",\"name\":\"BAHAMA\u00ae - Feuer und Stein S\u00e0rl\",\"isPartOf\":{\"@id\":\"https:\\\/\\\/www.feuerundstein.com\\\/#website\"},\"primaryImageOfPage\":{\"@id\":\"https:\\\/\\\/www.feuerundstein.com\\\/fr\\\/bahama\\\/#primaryimage\"},\"image\":{\"@id\":\"https:\\\/\\\/www.feuerundstein.com\\\/fr\\\/bahama\\\/#primaryimage\"},\"thumbnailUrl\":\"https:\\\/\\\/www.feuerundstein.com\\\/wp-content\\\/uploads\\\/2020\\\/03\\\/Jumbrella-Produktbilder-Bahama-de.jpg\",\"datePublished\":\"2023-05-09T12:50:23+00:00\",\"dateModified\":\"2026-04-17T11:57:54+00:00\",\"description\":\"Fond\u00e9e en 1950, Bahama con\u00e7oit et produit aujourd'hui des parasols et des voiles d'ombrage de haute qualit\u00e9 et de grande vari\u00e9t\u00e9.\",\"breadcrumb\":{\"@id\":\"https:\\\/\\\/www.feuerundstein.com\\\/fr\\\/bahama\\\/#breadcrumb\"},\"inLanguage\":\"fr-FR\",\"potentialAction\":[{\"@type\":\"ReadAction\",\"target\":[\"https:\\\/\\\/www.feuerundstein.com\\\/fr\\\/bahama\\\/\"]}]},{\"@type\":\"ImageObject\",\"inLanguage\":\"fr-FR\",\"@id\":\"https:\\\/\\\/www.feuerundstein.com\\\/fr\\\/bahama\\\/#primaryimage\",\"url\":\"https:\\\/\\\/www.feuerundstein.com\\\/wp-content\\\/uploads\\\/2020\\\/03\\\/Jumbrella-Produktbilder-Bahama-de.jpg\",\"contentUrl\":\"https:\\\/\\\/www.feuerundstein.com\\\/wp-content\\\/uploads\\\/2020\\\/03\\\/Jumbrella-Produktbilder-Bahama-de.jpg\",\"width\":1024,\"height\":576},{\"@type\":\"BreadcrumbList\",\"@id\":\"https:\\\/\\\/www.feuerundstein.com\\\/fr\\\/bahama\\\/#breadcrumb\",\"itemListElement\":[{\"@type\":\"ListItem\",\"position\":1,\"name\":\"Startseite\",\"item\":\"https:\\\/\\\/www.feuerundstein.com\\\/fr\\\/\"},{\"@type\":\"ListItem\",\"position\":2,\"name\":\"BAHAMA\u00ae\"}]},{\"@type\":\"WebSite\",\"@id\":\"https:\\\/\\\/www.feuerundstein.com\\\/#website\",\"url\":\"https:\\\/\\\/www.feuerundstein.com\\\/\",\"name\":\"Feuer und Stein S\u00e0rl\",\"description\":\"Fireplace and Wood floor expert\",\"potentialAction\":[{\"@type\":\"SearchAction\",\"target\":{\"@type\":\"EntryPoint\",\"urlTemplate\":\"https:\\\/\\\/www.feuerundstein.com\\\/?s={search_term_string}\"},\"query-input\":{\"@type\":\"PropertyValueSpecification\",\"valueRequired\":true,\"valueName\":\"search_term_string\"}}],\"inLanguage\":\"fr-FR\"}]}<\/script>\n<!-- \/ Yoast SEO plugin. -->","yoast_head_json":{"title":"BAHAMA\u00ae - Feuer und Stein S\u00e0rl","description":"Fond\u00e9e en 1950, Bahama con\u00e7oit et produit aujourd'hui des parasols et des voiles d'ombrage de haute qualit\u00e9 et de grande vari\u00e9t\u00e9.","robots":{"index":"index","follow":"follow","max-snippet":"max-snippet:-1","max-image-preview":"max-image-preview:large","max-video-preview":"max-video-preview:-1"},"canonical":"https:\/\/www.feuerundstein.com\/fr\/bahama\/","og_locale":"fr_FR","og_type":"article","og_title":"BAHAMA\u00ae - Feuer und Stein S\u00e0rl","og_description":"Fond\u00e9e en 1950, Bahama con\u00e7oit et produit aujourd'hui des parasols et des voiles d'ombrage de haute qualit\u00e9 et de grande vari\u00e9t\u00e9.","og_url":"https:\/\/www.feuerundstein.com\/fr\/bahama\/","og_site_name":"Feuer und Stein S\u00e0rl","article_modified_time":"2026-04-17T11:57:54+00:00","og_image":[{"width":1024,"height":576,"url":"https:\/\/www.feuerundstein.com\/wp-content\/uploads\/2020\/03\/Jumbrella-Produktbilder-Bahama-de.jpg","type":"image\/jpeg"}],"twitter_card":"summary_large_image","twitter_misc":{"Dur\u00e9e de lecture estim\u00e9e":"2 minutes"},"schema":{"@context":"https:\/\/schema.org","@graph":[{"@type":"WebPage","@id":"https:\/\/www.feuerundstein.com\/fr\/bahama\/","url":"https:\/\/www.feuerundstein.com\/fr\/bahama\/","name":"BAHAMA\u00ae - Feuer und Stein S\u00e0rl","isPartOf":{"@id":"https:\/\/www.feuerundstein.com\/#website"},"primaryImageOfPage":{"@id":"https:\/\/www.feuerundstein.com\/fr\/bahama\/#primaryimage"},"image":{"@id":"https:\/\/www.feuerundstein.com\/fr\/bahama\/#primaryimage"},"thumbnailUrl":"https:\/\/www.feuerundstein.com\/wp-content\/uploads\/2020\/03\/Jumbrella-Produktbilder-Bahama-de.jpg","datePublished":"2023-05-09T12:50:23+00:00","dateModified":"2026-04-17T11:57:54+00:00","description":"Fond\u00e9e en 1950, Bahama con\u00e7oit et produit aujourd'hui des parasols et des voiles d'ombrage de haute qualit\u00e9 et de grande vari\u00e9t\u00e9.","breadcrumb":{"@id":"https:\/\/www.feuerundstein.com\/fr\/bahama\/#breadcrumb"},"inLanguage":"fr-FR","potentialAction":[{"@type":"ReadAction","target":["https:\/\/www.feuerundstein.com\/fr\/bahama\/"]}]},{"@type":"ImageObject","inLanguage":"fr-FR","@id":"https:\/\/www.feuerundstein.com\/fr\/bahama\/#primaryimage","url":"https:\/\/www.feuerundstein.com\/wp-content\/uploads\/2020\/03\/Jumbrella-Produktbilder-Bahama-de.jpg","contentUrl":"https:\/\/www.feuerundstein.com\/wp-content\/uploads\/2020\/03\/Jumbrella-Produktbilder-Bahama-de.jpg","width":1024,"height":576},{"@type":"BreadcrumbList","@id":"https:\/\/www.feuerundstein.com\/fr\/bahama\/#breadcrumb","itemListElement":[{"@type":"ListItem","position":1,"name":"Startseite","item":"https:\/\/www.feuerundstein.com\/fr\/"},{"@type":"ListItem","position":2,"name":"BAHAMA\u00ae"}]},{"@type":"WebSite","@id":"https:\/\/www.feuerundstein.com\/#website","url":"https:\/\/www.feuerundstein.com\/","name":"Feuer und Stein S\u00e0rl","description":"Fireplace and Wood floor expert","potentialAction":[{"@type":"SearchAction","target":{"@type":"EntryPoint","urlTemplate":"https:\/\/www.feuerundstein.com\/?s={search_term_string}"},"query-input":{"@type":"PropertyValueSpecification","valueRequired":true,"valueName":"search_term_string"}}],"inLanguage":"fr-FR"}]}},"_links":{"self":[{"href":"https:\/\/www.feuerundstein.com\/fr\/wp-json\/wp\/v2\/pages\/6990","targetHints":{"allow":["GET"]}}],"collection":[{"href":"https:\/\/www.feuerundstein.com\/fr\/wp-json\/wp\/v2\/pages"}],"about":[{"href":"https:\/\/www.feuerundstein.com\/fr\/wp-json\/wp\/v2\/types\/page"}],"author":[{"embeddable":true,"href":"https:\/\/www.feuerundstein.com\/fr\/wp-json\/wp\/v2\/users\/5"}],"replies":[{"embeddable":true,"href":"https:\/\/www.feuerundstein.com\/fr\/wp-json\/wp\/v2\/comments?post=6990"}],"version-history":[{"count":12,"href":"https:\/\/www.feuerundstein.com\/fr\/wp-json\/wp\/v2\/pages\/6990\/revisions"}],"predecessor-version":[{"id":8003,"href":"https:\/\/www.feuerundstein.com\/fr\/wp-json\/wp\/v2\/pages\/6990\/revisions\/8003"}],"wp:featuredmedia":[{"embeddable":true,"href":"https:\/\/www.feuerundstein.com\/fr\/wp-json\/wp\/v2\/media\/7292"}],"wp:attachment":[{"href":"https:\/\/www.feuerundstein.com\/fr\/wp-json\/wp\/v2\/media?parent=6990"}],"curies":[{"name":"wp","href":"https:\/\/api.w.org\/{rel}","templated":true}]}}