{"id":7475,"date":"2026-04-14T16:23:58","date_gmt":"2026-04-14T16:23:58","guid":{"rendered":"https:\/\/www.feuerundstein.com\/suritec-systeme-dalerte-precoce\/"},"modified":"2026-04-14T16:23:58","modified_gmt":"2026-04-14T16:23:58","slug":"suritec-systeme-dalerte-precoce","status":"publish","type":"page","link":"https:\/\/www.feuerundstein.com\/fr\/suritec-systeme-dalerte-precoce\/","title":{"rendered":"Suritec &#8211; Syst\u00e8me d&rsquo;alerte pr\u00e9coce"},"content":{"rendered":"<section  class='av_textblock_section av-k7gc4p96-8e6a7f69ff0f3507f4f4bbb97806f208 '   itemscope=\"itemscope\" itemtype=\"https:\/\/schema.org\/CreativeWork\" ><div class='avia_textblock'  itemprop=\"text\" ><div id=\"heading-4A8bIKCcOP\" class=\"sh-heading \">\n<p><a href=\"https:\/\/www.feuerundstein.com\/wp-content\/uploads\/2020\/03\/suriteclogo1-300x166.jpg\"><img loading=\"lazy\" decoding=\"async\" class=\"alignnone size-medium wp-image-5968\" src=\"https:\/\/www.feuerundstein.com\/wp-content\/uploads\/2020\/03\/suriteclogo1-300x166.jpg\" alt=\"\" width=\"300\" height=\"166\" srcset=\"https:\/\/www.feuerundstein.com\/wp-content\/uploads\/2020\/03\/suriteclogo1-300x166.jpg 300w, https:\/\/www.feuerundstein.com\/wp-content\/uploads\/2020\/03\/suriteclogo1-1030x569.jpg 1030w, https:\/\/www.feuerundstein.com\/wp-content\/uploads\/2020\/03\/suriteclogo1-768x425.jpg 768w, https:\/\/www.feuerundstein.com\/wp-content\/uploads\/2020\/03\/suriteclogo1-600x332.jpg 600w, https:\/\/www.feuerundstein.com\/wp-content\/uploads\/2020\/03\/suriteclogo1-705x390.jpg 705w, https:\/\/www.feuerundstein.com\/wp-content\/uploads\/2020\/03\/suriteclogo1-450x249.jpg 450w, https:\/\/www.feuerundstein.com\/wp-content\/uploads\/2020\/03\/suriteclogo1.jpg 1080w\" sizes=\"auto, (max-width: 300px) 100vw, 300px\" \/><\/a><\/p>\n<div class=\"sh-element-margin\">\n<h2>Suritec &#8211; Syst\u00e8me d&rsquo;alerte pr\u00e9coce<\/h2>\n<p>Prot\u00e9gez votre propri\u00e9t\u00e9 contre les cambrioleurs. Dormez sur vos deux oreilles et profitez d&rsquo;une tranquillit\u00e9 d&rsquo;esprit totale.<\/p>\n<p>Dissuadez les intrus potentiels avant m\u00eame qu&rsquo;ils n&rsquo;atteignent votre domicile et \u00e9pargnez-vous, ainsi qu&rsquo;\u00e0 votre famille, les cons\u00e9quences souvent traumatisantes et psychologiques d&rsquo;un cambriolage.<\/p>\n<p>Contactez-nous pour une consultation !<\/p>\n<p><strong>Installation simple<\/strong><\/p>\n<p>Aucun c\u00e2ble \u00e0 poser, aucun travaux \u00e0 effectuer, aucun d\u00e9sordre. Une simple prise \u00e9lectrique suffit. Aucun capteur ni d\u00e9tecteur suppl\u00e9mentaire \u00e0 visser aux fen\u00eatres ou aux portes.<\/p>\n<p><strong>Facile \u00e0 utiliser<\/strong><\/p>\n<p>Notre syst\u00e8me d&rsquo;alerte pr\u00e9coce FR.ED a \u00e9t\u00e9 con\u00e7u pour une utilisation intuitive. Il s&rsquo;int\u00e8gre facilement \u00e0 votre quotidien sans vous faire perdre de temps.<\/p>\n<p><strong>Protection anti-effraction<\/strong><\/p>\n<p>Si un cambrioleur tente de couper l&rsquo;alimentation \u00e9lectrique de votre b\u00e2timent, notre syst\u00e8me vous prot\u00e8ge jusqu&rsquo;\u00e0 48 heures en cas de coupure de courant.<\/p>\n<p>Design \u00e9l\u00e9gant<\/p>\n<p>Fabriqu\u00e9 et con\u00e7u en Allemagne. Simplicit\u00e9 et efficacit\u00e9 sont pour nous des qualit\u00e9s typiquement allemandes. Nos lignes \u00e9pur\u00e9es et notre design s&rsquo;int\u00e8grent harmonieusement \u00e0 tous les environnements.<\/p>\n<\/div>\n<\/div>\n<\/div><\/section>\n","protected":false},"excerpt":{"rendered":"","protected":false},"author":5,"featured_media":7474,"parent":0,"menu_order":0,"comment_status":"closed","ping_status":"closed","template":"","meta":{"footnotes":""},"class_list":["post-7475","page","type-page","status-publish","has-post-thumbnail","hentry"],"yoast_head":"<!-- This site is optimized with the Yoast SEO plugin v27.5 - https:\/\/yoast.com\/product\/yoast-seo-wordpress\/ -->\n<title>Suritec - Syst\u00e8me d&#039;alerte pr\u00e9coce - Feuer und Stein S\u00e0rl<\/title>\n<meta name=\"description\" content=\"suritec-fruehwarnsystem\" \/>\n<meta name=\"robots\" content=\"index, follow, max-snippet:-1, max-image-preview:large, max-video-preview:-1\" \/>\n<link rel=\"canonical\" href=\"https:\/\/www.feuerundstein.com\/suritec-fruehwarnsystem\/\" \/>\n<meta property=\"og:locale\" content=\"fr_FR\" \/>\n<meta property=\"og:type\" content=\"article\" \/>\n<meta property=\"og:title\" content=\"Suritec - Syst\u00e8me d&#039;alerte pr\u00e9coce - Feuer und Stein S\u00e0rl\" \/>\n<meta property=\"og:description\" content=\"suritec-fruehwarnsystem\" \/>\n<meta property=\"og:url\" content=\"https:\/\/www.feuerundstein.com\/suritec-fruehwarnsystem\/\" \/>\n<meta property=\"og:site_name\" content=\"Feuer und Stein S\u00e0rl\" \/>\n<meta property=\"og:image\" content=\"https:\/\/www.feuerundstein.com\/wp-content\/uploads\/2020\/03\/suriteclogo1.jpg\" \/>\n\t<meta property=\"og:image:width\" content=\"1080\" \/>\n\t<meta property=\"og:image:height\" content=\"597\" \/>\n\t<meta property=\"og:image:type\" content=\"image\/jpeg\" \/>\n<meta name=\"twitter:card\" content=\"summary_large_image\" \/>\n<meta name=\"twitter:label1\" content=\"Dur\u00e9e de lecture estim\u00e9e\" \/>\n\t<meta name=\"twitter:data1\" content=\"2 minutes\" \/>\n<script type=\"application\/ld+json\" class=\"yoast-schema-graph\">{\"@context\":\"https:\\\/\\\/schema.org\",\"@graph\":[{\"@type\":\"WebPage\",\"@id\":\"https:\\\/\\\/www.feuerundstein.com\\\/suritec-fruehwarnsystem\\\/\",\"url\":\"https:\\\/\\\/www.feuerundstein.com\\\/suritec-fruehwarnsystem\\\/\",\"name\":\"Suritec - Syst\u00e8me d'alerte pr\u00e9coce - Feuer und Stein S\u00e0rl\",\"isPartOf\":{\"@id\":\"https:\\\/\\\/www.feuerundstein.com\\\/#website\"},\"primaryImageOfPage\":{\"@id\":\"https:\\\/\\\/www.feuerundstein.com\\\/suritec-fruehwarnsystem\\\/#primaryimage\"},\"image\":{\"@id\":\"https:\\\/\\\/www.feuerundstein.com\\\/suritec-fruehwarnsystem\\\/#primaryimage\"},\"thumbnailUrl\":\"https:\\\/\\\/www.feuerundstein.com\\\/wp-content\\\/uploads\\\/2020\\\/03\\\/suriteclogo1.jpg\",\"datePublished\":\"2026-04-14T16:23:58+00:00\",\"description\":\"suritec-fruehwarnsystem\",\"breadcrumb\":{\"@id\":\"https:\\\/\\\/www.feuerundstein.com\\\/suritec-fruehwarnsystem\\\/#breadcrumb\"},\"inLanguage\":\"fr-FR\",\"potentialAction\":[{\"@type\":\"ReadAction\",\"target\":[\"https:\\\/\\\/www.feuerundstein.com\\\/suritec-fruehwarnsystem\\\/\"]}]},{\"@type\":\"ImageObject\",\"inLanguage\":\"fr-FR\",\"@id\":\"https:\\\/\\\/www.feuerundstein.com\\\/suritec-fruehwarnsystem\\\/#primaryimage\",\"url\":\"https:\\\/\\\/www.feuerundstein.com\\\/wp-content\\\/uploads\\\/2020\\\/03\\\/suriteclogo1.jpg\",\"contentUrl\":\"https:\\\/\\\/www.feuerundstein.com\\\/wp-content\\\/uploads\\\/2020\\\/03\\\/suriteclogo1.jpg\",\"width\":1080,\"height\":597},{\"@type\":\"BreadcrumbList\",\"@id\":\"https:\\\/\\\/www.feuerundstein.com\\\/suritec-fruehwarnsystem\\\/#breadcrumb\",\"itemListElement\":[{\"@type\":\"ListItem\",\"position\":1,\"name\":\"Startseite\",\"item\":\"https:\\\/\\\/www.feuerundstein.com\\\/fr\\\/\"},{\"@type\":\"ListItem\",\"position\":2,\"name\":\"Suritec &#8211; Syst\u00e8me d&#8217;alerte pr\u00e9coce\"}]},{\"@type\":\"WebSite\",\"@id\":\"https:\\\/\\\/www.feuerundstein.com\\\/#website\",\"url\":\"https:\\\/\\\/www.feuerundstein.com\\\/\",\"name\":\"Feuer und Stein S\u00e0rl\",\"description\":\"Fireplace and Wood floor expert\",\"potentialAction\":[{\"@type\":\"SearchAction\",\"target\":{\"@type\":\"EntryPoint\",\"urlTemplate\":\"https:\\\/\\\/www.feuerundstein.com\\\/?s={search_term_string}\"},\"query-input\":{\"@type\":\"PropertyValueSpecification\",\"valueRequired\":true,\"valueName\":\"search_term_string\"}}],\"inLanguage\":\"fr-FR\"}]}<\/script>\n<!-- \/ Yoast SEO plugin. -->","yoast_head_json":{"title":"Suritec - Syst\u00e8me d'alerte pr\u00e9coce - Feuer und Stein S\u00e0rl","description":"suritec-fruehwarnsystem","robots":{"index":"index","follow":"follow","max-snippet":"max-snippet:-1","max-image-preview":"max-image-preview:large","max-video-preview":"max-video-preview:-1"},"canonical":"https:\/\/www.feuerundstein.com\/suritec-fruehwarnsystem\/","og_locale":"fr_FR","og_type":"article","og_title":"Suritec - Syst\u00e8me d'alerte pr\u00e9coce - Feuer und Stein S\u00e0rl","og_description":"suritec-fruehwarnsystem","og_url":"https:\/\/www.feuerundstein.com\/suritec-fruehwarnsystem\/","og_site_name":"Feuer und Stein S\u00e0rl","og_image":[{"width":1080,"height":597,"url":"https:\/\/www.feuerundstein.com\/wp-content\/uploads\/2020\/03\/suriteclogo1.jpg","type":"image\/jpeg"}],"twitter_card":"summary_large_image","twitter_misc":{"Dur\u00e9e de lecture estim\u00e9e":"2 minutes"},"schema":{"@context":"https:\/\/schema.org","@graph":[{"@type":"WebPage","@id":"https:\/\/www.feuerundstein.com\/suritec-fruehwarnsystem\/","url":"https:\/\/www.feuerundstein.com\/suritec-fruehwarnsystem\/","name":"Suritec - Syst\u00e8me d'alerte pr\u00e9coce - Feuer und Stein S\u00e0rl","isPartOf":{"@id":"https:\/\/www.feuerundstein.com\/#website"},"primaryImageOfPage":{"@id":"https:\/\/www.feuerundstein.com\/suritec-fruehwarnsystem\/#primaryimage"},"image":{"@id":"https:\/\/www.feuerundstein.com\/suritec-fruehwarnsystem\/#primaryimage"},"thumbnailUrl":"https:\/\/www.feuerundstein.com\/wp-content\/uploads\/2020\/03\/suriteclogo1.jpg","datePublished":"2026-04-14T16:23:58+00:00","description":"suritec-fruehwarnsystem","breadcrumb":{"@id":"https:\/\/www.feuerundstein.com\/suritec-fruehwarnsystem\/#breadcrumb"},"inLanguage":"fr-FR","potentialAction":[{"@type":"ReadAction","target":["https:\/\/www.feuerundstein.com\/suritec-fruehwarnsystem\/"]}]},{"@type":"ImageObject","inLanguage":"fr-FR","@id":"https:\/\/www.feuerundstein.com\/suritec-fruehwarnsystem\/#primaryimage","url":"https:\/\/www.feuerundstein.com\/wp-content\/uploads\/2020\/03\/suriteclogo1.jpg","contentUrl":"https:\/\/www.feuerundstein.com\/wp-content\/uploads\/2020\/03\/suriteclogo1.jpg","width":1080,"height":597},{"@type":"BreadcrumbList","@id":"https:\/\/www.feuerundstein.com\/suritec-fruehwarnsystem\/#breadcrumb","itemListElement":[{"@type":"ListItem","position":1,"name":"Startseite","item":"https:\/\/www.feuerundstein.com\/fr\/"},{"@type":"ListItem","position":2,"name":"Suritec &#8211; Syst\u00e8me d&#8217;alerte pr\u00e9coce"}]},{"@type":"WebSite","@id":"https:\/\/www.feuerundstein.com\/#website","url":"https:\/\/www.feuerundstein.com\/","name":"Feuer und Stein S\u00e0rl","description":"Fireplace and Wood floor expert","potentialAction":[{"@type":"SearchAction","target":{"@type":"EntryPoint","urlTemplate":"https:\/\/www.feuerundstein.com\/?s={search_term_string}"},"query-input":{"@type":"PropertyValueSpecification","valueRequired":true,"valueName":"search_term_string"}}],"inLanguage":"fr-FR"}]}},"_links":{"self":[{"href":"https:\/\/www.feuerundstein.com\/fr\/wp-json\/wp\/v2\/pages\/7475","targetHints":{"allow":["GET"]}}],"collection":[{"href":"https:\/\/www.feuerundstein.com\/fr\/wp-json\/wp\/v2\/pages"}],"about":[{"href":"https:\/\/www.feuerundstein.com\/fr\/wp-json\/wp\/v2\/types\/page"}],"author":[{"embeddable":true,"href":"https:\/\/www.feuerundstein.com\/fr\/wp-json\/wp\/v2\/users\/5"}],"replies":[{"embeddable":true,"href":"https:\/\/www.feuerundstein.com\/fr\/wp-json\/wp\/v2\/comments?post=7475"}],"version-history":[{"count":2,"href":"https:\/\/www.feuerundstein.com\/fr\/wp-json\/wp\/v2\/pages\/7475\/revisions"}],"predecessor-version":[{"id":7477,"href":"https:\/\/www.feuerundstein.com\/fr\/wp-json\/wp\/v2\/pages\/7475\/revisions\/7477"}],"wp:featuredmedia":[{"embeddable":true,"href":"https:\/\/www.feuerundstein.com\/fr\/wp-json\/wp\/v2\/media\/7474"}],"wp:attachment":[{"href":"https:\/\/www.feuerundstein.com\/fr\/wp-json\/wp\/v2\/media?parent=7475"}],"curies":[{"name":"wp","href":"https:\/\/api.w.org\/{rel}","templated":true}]}}