{"id":7919,"date":"2026-04-16T05:46:50","date_gmt":"2026-04-16T05:46:50","guid":{"rendered":"https:\/\/www.feuerundstein.com\/iwwer-feuer-und-stein\/"},"modified":"2026-04-16T05:48:33","modified_gmt":"2026-04-16T05:48:33","slug":"iwwer-feuer-und-stein","status":"publish","type":"page","link":"https:\/\/www.feuerundstein.com\/lu\/iwwer-feuer-und-stein\/","title":{"rendered":"Iwwer Feuer und Stein"},"content":{"rendered":"\n<style type=\"text\/css\" data-created_by=\"avia_inline_auto\" id=\"style-css-av-9ozbv-254931d2b440d53d335c5808a64f8876\">\n.flex_column.av-9ozbv-254931d2b440d53d335c5808a64f8876{\nborder-radius:0px 0px 0px 0px;\npadding:0px 0px 0px 0px;\n}\n<\/style>\n<div  class='flex_column av-9ozbv-254931d2b440d53d335c5808a64f8876 av_one_full  avia-builder-el-0  avia-builder-el-no-sibling  first flex_column_div av-zero-column-padding  '     ><section  class='av_textblock_section av-jumqrh57-2687a7167a23300e35022788c289d8c6 '   itemscope=\"itemscope\" itemtype=\"https:\/\/schema.org\/CreativeWork\" ><div class='avia_textblock'  itemprop=\"text\" ><h3 style=\"text-align: center;\"><strong>Iwwer Fire and Stone<\/strong><\/h3>\n<p style=\"text-align: center;\">Z\u00ebnter iwwer 26 Joer aktiv am Ber\u00e4ich vun der Kam\u00e4in-, Uewen- a Kam\u00e4inbau, huet sech d&#8217;Produktpalette vun der Firma st\u00e4nneg erweidert. Vill Projeten an D\u00e4itschland, Frankr\u00e4ich a Belsch geh\u00e9ieren zu de Referenze vun der Firma.<\/p>\n<p style=\"text-align: center;\">&#8220;Liewensstil \u00ebnner der Sonn.&#8221; Mat der Konstruktioun vu Sonnesegelen entstinn komplett nei Wunnraim ronder\u00ebm d&#8217;Haus.<\/p>\n<p style=\"text-align: center;\">D\u00ebst Joer, besonnesch fir de Summer an d&#8217;Grillsaison, gouf d&#8217;Palette verbessert. Nieft de Grillen an Uewen, d\u00e9i bannent 20 Minutten d&#8217;Baktemperatur erreechen a mat Holz oder Gas bedriwwe ginn, ass och e Pelletgrill verf\u00fcgbar, deen de Virdeel huet, datt en ouni Rauch ass.<\/p>\n<p style=\"text-align: center;\">Eis Servicer:<\/p>\n<p style=\"text-align: center;\">Individuell Design op de Liewensstil an d&#8217;W\u00ebnsch vum Client zougeschnidden<\/p>\n<p style=\"text-align: center;\">Individuell CAD-Planung a solid, professionell Konstruktioun<\/p>\n<p style=\"text-align: center;\">Benotzung vun der neister Technologie<\/p>\n<p style=\"text-align: center;\">\u00cbmfaassende Service fir Uewen a Kam\u00e4iner.<\/p>\n<\/div><\/section><\/div>\n","protected":false},"excerpt":{"rendered":"","protected":false},"author":1,"featured_media":7918,"parent":0,"menu_order":0,"comment_status":"closed","ping_status":"closed","template":"","meta":{"footnotes":""},"class_list":["post-7919","page","type-page","status-publish","has-post-thumbnail","hentry"],"yoast_head":"<!-- This site is optimized with the Yoast SEO plugin v27.4 - https:\/\/yoast.com\/product\/yoast-seo-wordpress\/ -->\n<title>Iwwer Feuer und Stein - Feuer und Stein S\u00e0rl Luxembourg<\/title>\n<meta name=\"description\" content=\"Iwwer Feuer und Stein. Nodeems d&#039;Firma z\u00ebnter iwwer 20 Joer als Kam\u00e4in- a Uewenbauer aktiv war, huet sech d&#039;Produktpalette vun der Firma st\u00e4nneg erweidert.\" \/>\n<meta name=\"robots\" content=\"index, follow, max-snippet:-1, max-image-preview:large, max-video-preview:-1\" \/>\n<link rel=\"canonical\" href=\"https:\/\/www.feuerundstein.com\/lu\/iwwer-feuer-und-stein\/\" \/>\n<meta property=\"og:locale\" content=\"en_US\" \/>\n<meta property=\"og:type\" content=\"article\" \/>\n<meta property=\"og:title\" content=\"Iwwer Feuer und Stein - Feuer und Stein S\u00e0rl Luxembourg\" \/>\n<meta property=\"og:description\" content=\"Iwwer Feuer und Stein. Nodeems d&#039;Firma z\u00ebnter iwwer 20 Joer als Kam\u00e4in- a Uewenbauer aktiv war, huet sech d&#039;Produktpalette vun der Firma st\u00e4nneg erweidert.\" \/>\n<meta property=\"og:url\" content=\"https:\/\/www.feuerundstein.com\/lu\/iwwer-feuer-und-stein\/\" \/>\n<meta property=\"og:site_name\" content=\"Feuer und Stein S\u00e0rl Luxembourg\" \/>\n<meta property=\"article:modified_time\" content=\"2026-04-16T05:48:33+00:00\" \/>\n<meta property=\"og:image\" content=\"https:\/\/www.feuerundstein.com\/wp-content\/uploads\/2015\/11\/REVUE-1.jpg\" \/>\n\t<meta property=\"og:image:width\" content=\"508\" \/>\n\t<meta property=\"og:image:height\" content=\"705\" \/>\n\t<meta property=\"og:image:type\" content=\"image\/jpeg\" \/>\n<meta name=\"twitter:card\" content=\"summary_large_image\" \/>\n<meta name=\"twitter:label1\" content=\"Est. reading time\" \/>\n\t<meta name=\"twitter:data1\" content=\"1 minute\" \/>\n<script type=\"application\/ld+json\" class=\"yoast-schema-graph\">{\"@context\":\"https:\\\/\\\/schema.org\",\"@graph\":[{\"@type\":\"WebPage\",\"@id\":\"https:\\\/\\\/www.feuerundstein.com\\\/lu\\\/iwwer-feuer-und-stein\\\/\",\"url\":\"https:\\\/\\\/www.feuerundstein.com\\\/lu\\\/iwwer-feuer-und-stein\\\/\",\"name\":\"Iwwer Feuer und Stein - Feuer und Stein S\u00e0rl Luxembourg\",\"isPartOf\":{\"@id\":\"https:\\\/\\\/www.feuerundstein.com\\\/#website\"},\"primaryImageOfPage\":{\"@id\":\"https:\\\/\\\/www.feuerundstein.com\\\/lu\\\/iwwer-feuer-und-stein\\\/#primaryimage\"},\"image\":{\"@id\":\"https:\\\/\\\/www.feuerundstein.com\\\/lu\\\/iwwer-feuer-und-stein\\\/#primaryimage\"},\"thumbnailUrl\":\"https:\\\/\\\/www.feuerundstein.com\\\/wp-content\\\/uploads\\\/2015\\\/11\\\/REVUE-1.jpg\",\"datePublished\":\"2026-04-16T05:46:50+00:00\",\"dateModified\":\"2026-04-16T05:48:33+00:00\",\"description\":\"Iwwer Feuer und Stein. Nodeems d'Firma z\u00ebnter iwwer 20 Joer als Kam\u00e4in- a Uewenbauer aktiv war, huet sech d'Produktpalette vun der Firma st\u00e4nneg erweidert.\",\"breadcrumb\":{\"@id\":\"https:\\\/\\\/www.feuerundstein.com\\\/lu\\\/iwwer-feuer-und-stein\\\/#breadcrumb\"},\"inLanguage\":\"lu-LU\",\"potentialAction\":[{\"@type\":\"ReadAction\",\"target\":[\"https:\\\/\\\/www.feuerundstein.com\\\/lu\\\/iwwer-feuer-und-stein\\\/\"]}]},{\"@type\":\"ImageObject\",\"inLanguage\":\"lu-LU\",\"@id\":\"https:\\\/\\\/www.feuerundstein.com\\\/lu\\\/iwwer-feuer-und-stein\\\/#primaryimage\",\"url\":\"https:\\\/\\\/www.feuerundstein.com\\\/wp-content\\\/uploads\\\/2015\\\/11\\\/REVUE-1.jpg\",\"contentUrl\":\"https:\\\/\\\/www.feuerundstein.com\\\/wp-content\\\/uploads\\\/2015\\\/11\\\/REVUE-1.jpg\",\"width\":508,\"height\":705},{\"@type\":\"BreadcrumbList\",\"@id\":\"https:\\\/\\\/www.feuerundstein.com\\\/lu\\\/iwwer-feuer-und-stein\\\/#breadcrumb\",\"itemListElement\":[{\"@type\":\"ListItem\",\"position\":1,\"name\":\"Startseite\",\"item\":\"https:\\\/\\\/www.feuerundstein.com\\\/lu\\\/home\\\/\"},{\"@type\":\"ListItem\",\"position\":2,\"name\":\"Iwwer Feuer und Stein\"}]},{\"@type\":\"WebSite\",\"@id\":\"https:\\\/\\\/www.feuerundstein.com\\\/#website\",\"url\":\"https:\\\/\\\/www.feuerundstein.com\\\/\",\"name\":\"Feuer und Stein S\u00e0rl Luxembourg\",\"description\":\"Fireplace and Wood floor expert\",\"potentialAction\":[{\"@type\":\"SearchAction\",\"target\":{\"@type\":\"EntryPoint\",\"urlTemplate\":\"https:\\\/\\\/www.feuerundstein.com\\\/?s={search_term_string}\"},\"query-input\":{\"@type\":\"PropertyValueSpecification\",\"valueRequired\":true,\"valueName\":\"search_term_string\"}}],\"inLanguage\":\"lu-LU\"}]}<\/script>\n<!-- \/ Yoast SEO plugin. -->","yoast_head_json":{"title":"Iwwer Feuer und Stein - Feuer und Stein S\u00e0rl Luxembourg","description":"Iwwer Feuer und Stein. Nodeems d'Firma z\u00ebnter iwwer 20 Joer als Kam\u00e4in- a Uewenbauer aktiv war, huet sech d'Produktpalette vun der Firma st\u00e4nneg erweidert.","robots":{"index":"index","follow":"follow","max-snippet":"max-snippet:-1","max-image-preview":"max-image-preview:large","max-video-preview":"max-video-preview:-1"},"canonical":"https:\/\/www.feuerundstein.com\/lu\/iwwer-feuer-und-stein\/","og_locale":"en_US","og_type":"article","og_title":"Iwwer Feuer und Stein - Feuer und Stein S\u00e0rl Luxembourg","og_description":"Iwwer Feuer und Stein. Nodeems d'Firma z\u00ebnter iwwer 20 Joer als Kam\u00e4in- a Uewenbauer aktiv war, huet sech d'Produktpalette vun der Firma st\u00e4nneg erweidert.","og_url":"https:\/\/www.feuerundstein.com\/lu\/iwwer-feuer-und-stein\/","og_site_name":"Feuer und Stein S\u00e0rl Luxembourg","article_modified_time":"2026-04-16T05:48:33+00:00","og_image":[{"width":508,"height":705,"url":"https:\/\/www.feuerundstein.com\/wp-content\/uploads\/2015\/11\/REVUE-1.jpg","type":"image\/jpeg"}],"twitter_card":"summary_large_image","twitter_misc":{"Est. reading time":"1 minute"},"schema":{"@context":"https:\/\/schema.org","@graph":[{"@type":"WebPage","@id":"https:\/\/www.feuerundstein.com\/lu\/iwwer-feuer-und-stein\/","url":"https:\/\/www.feuerundstein.com\/lu\/iwwer-feuer-und-stein\/","name":"Iwwer Feuer und Stein - Feuer und Stein S\u00e0rl Luxembourg","isPartOf":{"@id":"https:\/\/www.feuerundstein.com\/#website"},"primaryImageOfPage":{"@id":"https:\/\/www.feuerundstein.com\/lu\/iwwer-feuer-und-stein\/#primaryimage"},"image":{"@id":"https:\/\/www.feuerundstein.com\/lu\/iwwer-feuer-und-stein\/#primaryimage"},"thumbnailUrl":"https:\/\/www.feuerundstein.com\/wp-content\/uploads\/2015\/11\/REVUE-1.jpg","datePublished":"2026-04-16T05:46:50+00:00","dateModified":"2026-04-16T05:48:33+00:00","description":"Iwwer Feuer und Stein. Nodeems d'Firma z\u00ebnter iwwer 20 Joer als Kam\u00e4in- a Uewenbauer aktiv war, huet sech d'Produktpalette vun der Firma st\u00e4nneg erweidert.","breadcrumb":{"@id":"https:\/\/www.feuerundstein.com\/lu\/iwwer-feuer-und-stein\/#breadcrumb"},"inLanguage":"lu-LU","potentialAction":[{"@type":"ReadAction","target":["https:\/\/www.feuerundstein.com\/lu\/iwwer-feuer-und-stein\/"]}]},{"@type":"ImageObject","inLanguage":"lu-LU","@id":"https:\/\/www.feuerundstein.com\/lu\/iwwer-feuer-und-stein\/#primaryimage","url":"https:\/\/www.feuerundstein.com\/wp-content\/uploads\/2015\/11\/REVUE-1.jpg","contentUrl":"https:\/\/www.feuerundstein.com\/wp-content\/uploads\/2015\/11\/REVUE-1.jpg","width":508,"height":705},{"@type":"BreadcrumbList","@id":"https:\/\/www.feuerundstein.com\/lu\/iwwer-feuer-und-stein\/#breadcrumb","itemListElement":[{"@type":"ListItem","position":1,"name":"Startseite","item":"https:\/\/www.feuerundstein.com\/lu\/home\/"},{"@type":"ListItem","position":2,"name":"Iwwer Feuer und Stein"}]},{"@type":"WebSite","@id":"https:\/\/www.feuerundstein.com\/#website","url":"https:\/\/www.feuerundstein.com\/","name":"Feuer und Stein S\u00e0rl Luxembourg","description":"Fireplace and Wood floor expert","potentialAction":[{"@type":"SearchAction","target":{"@type":"EntryPoint","urlTemplate":"https:\/\/www.feuerundstein.com\/?s={search_term_string}"},"query-input":{"@type":"PropertyValueSpecification","valueRequired":true,"valueName":"search_term_string"}}],"inLanguage":"lu-LU"}]}},"_links":{"self":[{"href":"https:\/\/www.feuerundstein.com\/lu\/wp-json\/wp\/v2\/pages\/7919","targetHints":{"allow":["GET"]}}],"collection":[{"href":"https:\/\/www.feuerundstein.com\/lu\/wp-json\/wp\/v2\/pages"}],"about":[{"href":"https:\/\/www.feuerundstein.com\/lu\/wp-json\/wp\/v2\/types\/page"}],"author":[{"embeddable":true,"href":"https:\/\/www.feuerundstein.com\/lu\/wp-json\/wp\/v2\/users\/1"}],"replies":[{"embeddable":true,"href":"https:\/\/www.feuerundstein.com\/lu\/wp-json\/wp\/v2\/comments?post=7919"}],"version-history":[{"count":4,"href":"https:\/\/www.feuerundstein.com\/lu\/wp-json\/wp\/v2\/pages\/7919\/revisions"}],"predecessor-version":[{"id":7934,"href":"https:\/\/www.feuerundstein.com\/lu\/wp-json\/wp\/v2\/pages\/7919\/revisions\/7934"}],"wp:featuredmedia":[{"embeddable":true,"href":"https:\/\/www.feuerundstein.com\/lu\/wp-json\/wp\/v2\/media\/7918"}],"wp:attachment":[{"href":"https:\/\/www.feuerundstein.com\/lu\/wp-json\/wp\/v2\/media?parent=7919"}],"curies":[{"name":"wp","href":"https:\/\/api.w.org\/{rel}","templated":true}]}}