{"id":8031,"date":"2026-04-20T08:02:22","date_gmt":"2026-04-20T08:02:22","guid":{"rendered":"https:\/\/www.feuerundstein.com\/impressum\/"},"modified":"2026-04-20T08:02:22","modified_gmt":"2026-04-20T08:02:22","slug":"impressum","status":"publish","type":"page","link":"https:\/\/www.feuerundstein.com\/lu\/impressum\/","title":{"rendered":"Impressum"},"content":{"rendered":"\n<style type=\"text\/css\" data-created_by=\"avia_inline_auto\" id=\"style-css-av-2pjr4y-2b1bc3d3ff1be7c1e5c43073e08f7ccd\">\n.flex_column.av-2pjr4y-2b1bc3d3ff1be7c1e5c43073e08f7ccd{\nborder-radius:0px 0px 0px 0px;\npadding:0px 0px 0px 0px;\n}\n<\/style>\n<div  class='flex_column av-2pjr4y-2b1bc3d3ff1be7c1e5c43073e08f7ccd av_one_full  avia-builder-el-0  avia-builder-el-no-sibling  first flex_column_div av-zero-column-padding  '     ><section  class='av_textblock_section av-jiu5mie9-01937607002fb3efa7c268a9d85c568c '   itemscope=\"itemscope\" itemtype=\"https:\/\/schema.org\/CreativeWork\" ><div class='avia_textblock'  itemprop=\"text\" ><p><strong>Feuer &amp; Stein S.\u00e0.r.l.<br \/>\n<\/strong>33 Rue de Munsbach<strong><br \/>\n<\/strong>L-6941 NIEDERANVEN<\/p>\n<p>Tel: +352 34 13 39<\/p>\n<p>E-mail :\u00a0<a href=\"mailto:info@feuerundstein.com\">info@feuerundstein.com<\/a><\/p>\n<p>Gesch\u00e4ftsf\u00e9ierer: Tim HOLSTEIN<\/p>\n<p>Handelsregister:<br \/>TVA-Nummer:<\/p>\n<p>Verzichterkl\u00e4rung<\/p>\n<p><strong>1. Inhalt vum Online-Offer<\/strong><\/p>\n<p>Den Auteur iwwerh\u00eblt keng Haftung fir d&#8217;Aktualit\u00e9it, d&#8217;Korrektheet, d&#8217;Vollst\u00e4ndegkeet oder d&#8217;Qualit\u00e9it vun den uginnen Informatiounen. Haftungsfuerderungen g\u00e9int den Auteur a Bezuch op materiell oder immateriell Schued, d\u00e9i duerch d&#8217;Benotzung oder d&#8217;Net-Benotzung vun den uginnen Informatiounen oder duerch d&#8217;Benotzung vu falschen oder onvollst\u00e4nnegen Informatiounen verursaacht ginn, sinn am Allgemengen ausgeschloss, ausser et kann noweisbar sinn, datt den Auteur mat Absicht oder grober Fahrl\u00e4ssegkeet gehandelt huet.<\/p>\n<p>All Offeren k\u00ebnnen ouni Pr\u00e9avis ge\u00e4nnert ginn a sinn net verbindlech. Den Auteur beh\u00e4lt sech ausdr\u00e9cklech d&#8217;Recht vir, Deeler vun de S\u00e4iten oder dem ganze Offer ouni Pr\u00e9avis z&#8217;\u00e4nneren, z&#8217;erg\u00e4nzen oder ze l\u00e4schen, oder d&#8217;Publikatioun tempor\u00e4r oder permanent opzehalen.<\/p>\n<p><strong>2. Referenzen a Linken<\/strong><\/p>\n<p>Am Fall vun direkten oder indirekten Referenzen op extern Webs\u00e4iten (&#8220;Hyperlinks&#8221;), d\u00e9i ausserhalb vum Verantwortungsber\u00e4ich vum Auteur leien, g\u00ebllt d&#8217;Haftung n\u00ebmme wann den Auteur Kenntnisser vum Inhalt hat an et technesch m\u00e9iglech a vern\u00fcnfteg fir hien war, seng Benotzung am Fall vun illegalen Inhalter ze verh\u00ebnneren.<\/p>\n<p>Den Auteur erkl\u00e4ert hei ausdr\u00e9cklech, datt keen illegalen Inhalt op de verlinkte S\u00e4iten zum Z\u00e4itpunkt vun der Erstellung vun de Linken identifiz\u00e9iert konnt ginn. Den Auteur huet guer keen Afloss op den aktuellen an zuk\u00fcnftegen Design, den Inhalt oder d&#8217;Autorschaft vun de verlinkte\/referenz\u00e9ierte S\u00e4iten. Dofir distanz\u00e9iert sech den Auteur hei ausdr\u00e9cklech vun all Inhalt vun alle verlinkte\/referenz\u00e9ierte S\u00e4iten, d\u00e9i no der Erstellung vun de Linken ge\u00e4nnert goufen. D\u00ebs Ausso g\u00ebllt fir all Linken a Referenzen op der eegener Webs\u00e4it vum Auteur, souw\u00e9i fir B\u00e4itr\u00e4g vun Dr\u00ebttpersounen a G\u00e4schtbicher, Diskussiounsforen, Linkverzeichnisser, Mailingl\u00ebschten an all aner Forme vun Datebanken, d\u00e9i vum Auteur opgeriicht goufen, wou externen Schreifzougang m\u00e9iglech ass. Den Ubidder vun der verlinkter S\u00e4it ass eleng haftbar fir illegalen, falschen oder onvollst\u00e4nnegen Inhalt, an insbesondere fir Schued, deen aus der Notzung oder Netnotzung vun d\u00ebsen Informatiounen entsteet. D\u00e9i Partei, d\u00e9i n\u00ebmme Linken op d\u00e9i jeeweileg Publikatioun ubitt, ass net haftbar.<\/p>\n<p><strong>3. Urheberrecht a Markenrecht<\/strong><\/p>\n<p>Den Auteur bem\u00e9it sech, d&#8217;Urheberrechter vun alle Biller, Grafiken, Audioopnamen, Videosequenzen an Texter ze respekt\u00e9ieren, Biller, Grafiken, Audioopnamen, Videosequenzen an Texter ze benotzen, d\u00e9i vum Auteur erstallt goufen, oder royaltyfr\u00e4i Grafiken, Audioopnamen, Videosequenzen an Texter ze benotzen.<\/p>\n<p>All Marken a Markennimm, d\u00e9i op d\u00ebser Webs\u00e4it ernimmt a m\u00e9iglecherweis vun Dr\u00ebttpersounen gesch\u00fctzt sinn, \u00ebnnerleien ouni Aschr\u00e4nkung de Best\u00ebmmunge vum g\u00ebltege Markenrecht an de Bes\u00ebtzrechter vun de jeeweilegen registr\u00e9ierte Bes\u00ebtzer. D&#8217;Ernimmung vun enger Mark bedeit net, datt se net duerch Rechter vun Dr\u00ebttpersounen gesch\u00fctzt ass!<\/p>\n<p>D&#8217;Urheberrechter fir publiz\u00e9iert Material, dat vum Auteur erstallt gouf, bleiwen eleng beim Auteur vun de S\u00e4iten. D&#8217;Reproduktioun oder d&#8217;Benotzung vun d\u00ebse Grafiken, Audiodokumenter, Videosequenzen an Texter an aneren elektroneschen oder gedr\u00e9ckte Publikatiounen ass net erlaabt ouni d\u00e9i ausdr\u00e9cklech Zoust\u00ebmmung vum Auteur.<\/p>\n<p><strong>4. Rechtslech G\u00ebltegkeet vun d\u00ebser Haftungsausschloss<\/strong><\/p>\n<p>D\u00ebsen Haftungsausschloss g\u00ebllt als Deel vun der Internetpublikatioun, vun d\u00e4r Dir op d\u00ebs S\u00e4it verwisen sidd. Wa Sektiounen oder eenzel Konditioune vun d\u00ebser Erkl\u00e4rung net legal oder korrekt sinn, bleift den Inhalt oder d&#8217;G\u00ebltegkeet vun den aneren Deeler onber\u00e9iert.<\/p>\n<p>Klickt w.e.g. op oder benotzt de Back-Kn\u00e4ppchen vun \u00c4rem Browser fir op d\u00e9i viregt S\u00e4it zr\u00e9ckzekommen!<\/p>\n<\/div><\/section><\/div>\n","protected":false},"excerpt":{"rendered":"","protected":false},"author":1,"featured_media":7823,"parent":0,"menu_order":0,"comment_status":"closed","ping_status":"closed","template":"","meta":{"footnotes":""},"class_list":["post-8031","page","type-page","status-publish","has-post-thumbnail","hentry"],"yoast_head":"<!-- This site is optimized with the Yoast SEO plugin v27.4 - https:\/\/yoast.com\/product\/yoast-seo-wordpress\/ -->\n<title>Impressum - Feuer und Stein S\u00e0rl Luxembourg<\/title>\n<meta name=\"description\" content=\"Impressum vum Feuerundstein\" \/>\n<meta name=\"robots\" content=\"index, follow, max-snippet:-1, max-image-preview:large, max-video-preview:-1\" \/>\n<link rel=\"canonical\" href=\"https:\/\/www.feuerundstein.com\/impressum\/\" \/>\n<meta property=\"og:locale\" content=\"en_US\" \/>\n<meta property=\"og:type\" content=\"article\" \/>\n<meta property=\"og:title\" content=\"Impressum - Feuer und Stein S\u00e0rl Luxembourg\" \/>\n<meta property=\"og:description\" content=\"Impressum vum Feuerundstein\" \/>\n<meta property=\"og:url\" content=\"https:\/\/www.feuerundstein.com\/impressum\/\" \/>\n<meta property=\"og:site_name\" content=\"Feuer und Stein S\u00e0rl Luxembourg\" \/>\n<meta property=\"og:image\" content=\"https:\/\/www.feuerundstein.com\/wp-content\/uploads\/2017\/01\/LoGO-3.jpg\" \/>\n\t<meta property=\"og:image:width\" content=\"2486\" \/>\n\t<meta property=\"og:image:height\" content=\"1222\" \/>\n\t<meta property=\"og:image:type\" content=\"image\/jpeg\" \/>\n<meta name=\"twitter:card\" content=\"summary_large_image\" \/>\n<meta name=\"twitter:label1\" content=\"Est. reading time\" \/>\n\t<meta name=\"twitter:data1\" content=\"4 minutes\" \/>\n<script type=\"application\/ld+json\" class=\"yoast-schema-graph\">{\"@context\":\"https:\\\/\\\/schema.org\",\"@graph\":[{\"@type\":\"WebPage\",\"@id\":\"https:\\\/\\\/www.feuerundstein.com\\\/impressum\\\/\",\"url\":\"https:\\\/\\\/www.feuerundstein.com\\\/impressum\\\/\",\"name\":\"Impressum - Feuer und Stein S\u00e0rl Luxembourg\",\"isPartOf\":{\"@id\":\"https:\\\/\\\/www.feuerundstein.com\\\/#website\"},\"primaryImageOfPage\":{\"@id\":\"https:\\\/\\\/www.feuerundstein.com\\\/impressum\\\/#primaryimage\"},\"image\":{\"@id\":\"https:\\\/\\\/www.feuerundstein.com\\\/impressum\\\/#primaryimage\"},\"thumbnailUrl\":\"https:\\\/\\\/www.feuerundstein.com\\\/wp-content\\\/uploads\\\/2017\\\/01\\\/LoGO-3.jpg\",\"datePublished\":\"2026-04-20T08:02:22+00:00\",\"description\":\"Impressum vum Feuerundstein\",\"breadcrumb\":{\"@id\":\"https:\\\/\\\/www.feuerundstein.com\\\/impressum\\\/#breadcrumb\"},\"inLanguage\":\"lu-LU\",\"potentialAction\":[{\"@type\":\"ReadAction\",\"target\":[\"https:\\\/\\\/www.feuerundstein.com\\\/impressum\\\/\"]}]},{\"@type\":\"ImageObject\",\"inLanguage\":\"lu-LU\",\"@id\":\"https:\\\/\\\/www.feuerundstein.com\\\/impressum\\\/#primaryimage\",\"url\":\"https:\\\/\\\/www.feuerundstein.com\\\/wp-content\\\/uploads\\\/2017\\\/01\\\/LoGO-3.jpg\",\"contentUrl\":\"https:\\\/\\\/www.feuerundstein.com\\\/wp-content\\\/uploads\\\/2017\\\/01\\\/LoGO-3.jpg\",\"width\":2486,\"height\":1222},{\"@type\":\"BreadcrumbList\",\"@id\":\"https:\\\/\\\/www.feuerundstein.com\\\/impressum\\\/#breadcrumb\",\"itemListElement\":[{\"@type\":\"ListItem\",\"position\":1,\"name\":\"Startseite\",\"item\":\"https:\\\/\\\/www.feuerundstein.com\\\/lu\\\/home\\\/\"},{\"@type\":\"ListItem\",\"position\":2,\"name\":\"Impressum\"}]},{\"@type\":\"WebSite\",\"@id\":\"https:\\\/\\\/www.feuerundstein.com\\\/#website\",\"url\":\"https:\\\/\\\/www.feuerundstein.com\\\/\",\"name\":\"Feuer und Stein S\u00e0rl Luxembourg\",\"description\":\"Fireplace and Wood floor expert\",\"potentialAction\":[{\"@type\":\"SearchAction\",\"target\":{\"@type\":\"EntryPoint\",\"urlTemplate\":\"https:\\\/\\\/www.feuerundstein.com\\\/?s={search_term_string}\"},\"query-input\":{\"@type\":\"PropertyValueSpecification\",\"valueRequired\":true,\"valueName\":\"search_term_string\"}}],\"inLanguage\":\"lu-LU\"}]}<\/script>\n<!-- \/ Yoast SEO plugin. -->","yoast_head_json":{"title":"Impressum - Feuer und Stein S\u00e0rl Luxembourg","description":"Impressum vum Feuerundstein","robots":{"index":"index","follow":"follow","max-snippet":"max-snippet:-1","max-image-preview":"max-image-preview:large","max-video-preview":"max-video-preview:-1"},"canonical":"https:\/\/www.feuerundstein.com\/impressum\/","og_locale":"en_US","og_type":"article","og_title":"Impressum - Feuer und Stein S\u00e0rl Luxembourg","og_description":"Impressum vum Feuerundstein","og_url":"https:\/\/www.feuerundstein.com\/impressum\/","og_site_name":"Feuer und Stein S\u00e0rl Luxembourg","og_image":[{"width":2486,"height":1222,"url":"https:\/\/www.feuerundstein.com\/wp-content\/uploads\/2017\/01\/LoGO-3.jpg","type":"image\/jpeg"}],"twitter_card":"summary_large_image","twitter_misc":{"Est. reading time":"4 minutes"},"schema":{"@context":"https:\/\/schema.org","@graph":[{"@type":"WebPage","@id":"https:\/\/www.feuerundstein.com\/impressum\/","url":"https:\/\/www.feuerundstein.com\/impressum\/","name":"Impressum - Feuer und Stein S\u00e0rl Luxembourg","isPartOf":{"@id":"https:\/\/www.feuerundstein.com\/#website"},"primaryImageOfPage":{"@id":"https:\/\/www.feuerundstein.com\/impressum\/#primaryimage"},"image":{"@id":"https:\/\/www.feuerundstein.com\/impressum\/#primaryimage"},"thumbnailUrl":"https:\/\/www.feuerundstein.com\/wp-content\/uploads\/2017\/01\/LoGO-3.jpg","datePublished":"2026-04-20T08:02:22+00:00","description":"Impressum vum Feuerundstein","breadcrumb":{"@id":"https:\/\/www.feuerundstein.com\/impressum\/#breadcrumb"},"inLanguage":"lu-LU","potentialAction":[{"@type":"ReadAction","target":["https:\/\/www.feuerundstein.com\/impressum\/"]}]},{"@type":"ImageObject","inLanguage":"lu-LU","@id":"https:\/\/www.feuerundstein.com\/impressum\/#primaryimage","url":"https:\/\/www.feuerundstein.com\/wp-content\/uploads\/2017\/01\/LoGO-3.jpg","contentUrl":"https:\/\/www.feuerundstein.com\/wp-content\/uploads\/2017\/01\/LoGO-3.jpg","width":2486,"height":1222},{"@type":"BreadcrumbList","@id":"https:\/\/www.feuerundstein.com\/impressum\/#breadcrumb","itemListElement":[{"@type":"ListItem","position":1,"name":"Startseite","item":"https:\/\/www.feuerundstein.com\/lu\/home\/"},{"@type":"ListItem","position":2,"name":"Impressum"}]},{"@type":"WebSite","@id":"https:\/\/www.feuerundstein.com\/#website","url":"https:\/\/www.feuerundstein.com\/","name":"Feuer und Stein S\u00e0rl Luxembourg","description":"Fireplace and Wood floor expert","potentialAction":[{"@type":"SearchAction","target":{"@type":"EntryPoint","urlTemplate":"https:\/\/www.feuerundstein.com\/?s={search_term_string}"},"query-input":{"@type":"PropertyValueSpecification","valueRequired":true,"valueName":"search_term_string"}}],"inLanguage":"lu-LU"}]}},"_links":{"self":[{"href":"https:\/\/www.feuerundstein.com\/lu\/wp-json\/wp\/v2\/pages\/8031","targetHints":{"allow":["GET"]}}],"collection":[{"href":"https:\/\/www.feuerundstein.com\/lu\/wp-json\/wp\/v2\/pages"}],"about":[{"href":"https:\/\/www.feuerundstein.com\/lu\/wp-json\/wp\/v2\/types\/page"}],"author":[{"embeddable":true,"href":"https:\/\/www.feuerundstein.com\/lu\/wp-json\/wp\/v2\/users\/1"}],"replies":[{"embeddable":true,"href":"https:\/\/www.feuerundstein.com\/lu\/wp-json\/wp\/v2\/comments?post=8031"}],"version-history":[{"count":2,"href":"https:\/\/www.feuerundstein.com\/lu\/wp-json\/wp\/v2\/pages\/8031\/revisions"}],"predecessor-version":[{"id":8033,"href":"https:\/\/www.feuerundstein.com\/lu\/wp-json\/wp\/v2\/pages\/8031\/revisions\/8033"}],"wp:featuredmedia":[{"embeddable":true,"href":"https:\/\/www.feuerundstein.com\/lu\/wp-json\/wp\/v2\/media\/7823"}],"wp:attachment":[{"href":"https:\/\/www.feuerundstein.com\/lu\/wp-json\/wp\/v2\/media?parent=8031"}],"curies":[{"name":"wp","href":"https:\/\/api.w.org\/{rel}","templated":true}]}}