{"id":8176,"date":"2026-04-20T08:34:06","date_gmt":"2026-04-20T08:34:06","guid":{"rendered":"https:\/\/www.feuerundstein.com\/eis-fournisseuren\/"},"modified":"2026-04-20T08:34:06","modified_gmt":"2026-04-20T08:34:06","slug":"eis-fournisseuren","status":"publish","type":"page","link":"https:\/\/www.feuerundstein.com\/lu\/eis-fournisseuren\/","title":{"rendered":"Eis Fournisseuren"},"content":{"rendered":"<section  class='av_textblock_section av-jikaw5p3-d31080fb57fae2541aed07387659c2fd '   itemscope=\"itemscope\" itemtype=\"https:\/\/schema.org\/CreativeWork\" ><div class='avia_textblock'  itemprop=\"text\" ><p>Hei fannt Dir eng Iwwersiicht vun eisen heefegsten Ubidder. Wann Dir awer un anere Produkter oder Hiersteller interess\u00e9iert sidd, kontakt\u00e9iert eis w.e.g. Mir beroden Iech g\u00e4ren a h\u00ebllefen Iech weider.<\/p>\n<table class=\"table table-bordered table-striped\">\n<thead>\n<tr>\n<th>PRODUIT<\/th>\n<th>Liwweranten<\/th>\n<th>Webs\u00e4it<\/th>\n<\/tr>\n<\/thead>\n<tbody>\n<tr>\n<td>BIOETHANOLBRENNER<\/td>\n<td>XARALYN<\/td>\n<td><a href=\"https:\/\/xaralyn.com\/home-de\">Xaralyn.com<\/a><\/td>\n<\/tr>\n<tr>\n<td>BIOETHANOLBRENNER<\/td>\n<td>PLANIKA INTELLIGENT FIRES<\/td>\n<td><a href=\"http:\/\/www.planikafires.de\/\" target=\"_blank\" rel=\"noopener\">Planikafires.de<\/a><\/td>\n<\/tr>\n<tr>\n<td>DESIGNEROFEN<\/td>\n<td>FOCUS &#8211; ATELIER DOMINIQUE IMBERT<\/td>\n<td><a href=\"http:\/\/www.focus-kamin-design.de\/\" target=\"_blank\" rel=\"noopener\">Focus.fr\/de<\/a><\/td>\n<\/tr>\n<tr>\n<td>GASKAMIN<\/td>\n<td>BOLEY EXCLUSIVE FIRPLACES<\/td>\n<td><a href=\"http:\/\/www.boley-kamine.de\/\" target=\"_blank\" rel=\"noopener\">Boley-Kamine.de<\/a><\/td>\n<\/tr>\n<tr>\n<td>GASKAMINEINSATZ<\/td>\n<td>CAMINA FEUERUNGSTECHNIK GMBH<\/td>\n<td><a href=\"https:\/\/camina-schmid.de\/\">https:\/\/camina-schmid.de\/<\/a><\/td>\n<\/tr>\n<tr>\n<td>GASKAMINEINSATZ<\/td>\n<td>FABER DEUTSCHLAND GMBH &amp; CO KG<\/td>\n<td><a href=\"https:\/\/www.faber.nl\/de\/\" target=\"_blank\" rel=\"noopener\">Faber.nl\/de<\/a><\/td>\n<\/tr>\n<tr>\n<td>GASKAMINEINSATZ<\/td>\n<td>M-DESIGN DEUTSCHLAND GMBH<\/td>\n<td>\u00a0<a href=\"http:\/\/www.m-design.be\/de\/gallery\/gaskamine\/\" target=\"_blank\" rel=\"noopener\">M-design.be\/Gaskamine<\/a><\/td>\n<\/tr>\n<tr>\n<td>GASKAMINEINSATZ<\/td>\n<td>METALFIRE NV<\/td>\n<td>\u00a0<a href=\"http:\/\/www.metalfire.eu\/de\/produkte\/gas\" target=\"_blank\" rel=\"noopener\">Metalfire.eu\/de<\/a><\/td>\n<\/tr>\n<tr>\n<td>GASKAMINEINSATZ<\/td>\n<td>SPARTHERM FEUERUNGSTECHNIK GMBH<\/td>\n<td>\u00a0<a href=\"http:\/\/www.spartherm.com\/produkte\/brennzellen\/#\" target=\"_blank\" rel=\"noopener\">Spartherm.com<\/a><\/td>\n<\/tr>\n<tr>\n<td>HOLZKAMIN<\/td>\n<td>CAMINA FEUERUNGSTECHNIK GMBH<\/td>\n<td>\u00a0<a href=\"http:\/\/camina.de\/de\/startseite.html\" target=\"_blank\" rel=\"noopener\">Camina.de<\/a><\/td>\n<\/tr>\n<tr>\n<td>HOLZKAMINEINSATZ<\/td>\n<td>M-DESIGN DEUTSCHLAND GMBH<\/td>\n<td>\u00a0<a href=\"http:\/\/www.m-design.be\/de\/cat\/kamine-mit-sichtscheibe\/\" target=\"_blank\" rel=\"noopener\">M-Design.be\/de<\/a><\/td>\n<\/tr>\n<tr>\n<td>HOLZKAMINEINSATZ<\/td>\n<td>METALFIRE NV<\/td>\n<td>\u00a0<a href=\"http:\/\/www.metalfire.eu\/de\/produkte\/holz\" target=\"_blank\" rel=\"noopener\">Metalfire.eu\/Holz<\/a><\/td>\n<\/tr>\n<tr>\n<td>HOLZKAMINEINSATZ<\/td>\n<td>SPARTHERM FEUERUNGSTECHNIK GMBH<\/td>\n<td>\u00a0<a href=\"http:\/\/www.spartherm.com\/produkte\/brennzellen\/#\" target=\"_blank\" rel=\"noopener\">Spartherm.com<\/a><\/td>\n<\/tr>\n<tr>\n<td>HOLZKAMINEINSATZ<\/td>\n<td>SCHMID FEUERUNGSTECHNIK GMBH<\/td>\n<td>\u00a0<a href=\"http:\/\/www.schmid.st\/de\/\" target=\"_blank\" rel=\"noopener\">Schmid.st\/de<\/a><\/td>\n<\/tr>\n<tr>\n<td>KAMIN\u00d6FEN<\/td>\n<td>AUSTROFLAMM GMBH<\/td>\n<td>\u00a0<a href=\"http:\/\/www.austroflamm.com\/de\/index.html\" target=\"_blank\" rel=\"noopener\">Austroflamm.com\/de<\/a><\/td>\n<\/tr>\n<tr>\n<td>KAMIN\u00d6FEN<\/td>\n<td>CERA DESIGN<\/td>\n<td>\u00a0<a href=\"http:\/\/www.cera.de\/de\/home.html\" target=\"_blank\" rel=\"noopener\">Cera.de<\/a><\/td>\n<\/tr>\n<tr>\n<td>KAMIN\u00d6FEN<\/td>\n<td>MORS<span class=\"font5\">\u00d8<\/span><\/td>\n<td>\u00a0<a href=\"http:\/\/morsoe.com\/de\/indoor\" target=\"_blank\" rel=\"noopener\">Mors\u00d8.com<\/a><\/td>\n<\/tr>\n<tr>\n<td>KAMIN\u00d6FEN<\/td>\n<td>TIBA AG<\/td>\n<td>\u00a0<a href=\"http:\/\/www.tiba.ch\/de\/kaminofen.html\" target=\"_blank\" rel=\"noopener\">Tiba.ch<\/a><\/td>\n<\/tr>\n<tr>\n<td>KAMIN\u00d6FEN (wassergef\u00fchrt)<\/td>\n<td>ROKOSSA ENERGIETECHNIK GMBH<\/td>\n<td>\u00a0<a href=\"http:\/\/www.rokossa-energy.com\/produkte\/wasserfuehrende-kaminoefen\/\" target=\"_blank\" rel=\"noopener\">Rokossa-Energy.com<\/a><\/td>\n<\/tr>\n<tr>\n<td>PELLET\u00d6FEN (wassergef\u00fchrt)<\/td>\n<td>MZC GROUP<\/td>\n<td>\u00a0<a href=\"http:\/\/www.mcz.it\/de\/\" target=\"_blank\" rel=\"noopener\">MCZ GROUP<\/a><\/td>\n<\/tr>\n<tr>\n<td>SPEICHER\u00d6FEN<\/td>\n<td>NORDPEIS<\/td>\n<td>\u00a0<a href=\"http:\/\/nordpeis.de\/Produkte\/Kaminofen\" target=\"_blank\" rel=\"noopener\">Nordpeis.de<\/a><\/td>\n<\/tr>\n<tr>\n<td>SPEICHER\u00d6FEN<\/td>\n<td>TONWERK LAUSEN AG<\/td>\n<td>\u00a0<a href=\"http:\/\/www.tonwerk-ag.com\/\" target=\"_blank\" rel=\"noopener\">Tonwerk.com<\/a><\/td>\n<\/tr>\n<tr>\n<td>PIZZA \u00d6FEN<\/td>\n<td>ALFA REFRATTARI<\/td>\n<td>\u00a0<a href=\"http:\/\/www.alfapizza.it\/hausgebrauch\/\" target=\"_blank\" rel=\"noopener\">AlfaPizza.it<\/a><\/td>\n<\/tr>\n<tr>\n<td>SCHORNSTEIN<\/td>\n<td>EKA EDELSTAHLKAMINE GMBH<\/td>\n<td>\u00a0<a href=\"http:\/\/www.eka-edelstahlkamine.de\/Home.htm\" target=\"_blank\" rel=\"noopener\">Eka-Edelstahlkamine.de<\/a><\/td>\n<\/tr>\n<tr>\n<td>SONNENSEGEL<\/td>\n<td>PLASPACK NETZE GMBH<\/td>\n<td>\u00a0<a href=\"http:\/\/www.soliday.eu\/\" target=\"_blank\" rel=\"noopener\">Soliday.eu<\/a><\/td>\n<\/tr>\n<\/tbody>\n<\/table>\n<\/div><\/section>\n","protected":false},"excerpt":{"rendered":"","protected":false},"author":4,"featured_media":7823,"parent":0,"menu_order":0,"comment_status":"closed","ping_status":"closed","template":"","meta":{"footnotes":""},"class_list":["post-8176","page","type-page","status-publish","has-post-thumbnail","hentry"],"yoast_head":"<!-- This site is optimized with the Yoast SEO plugin v27.4 - https:\/\/yoast.com\/product\/yoast-seo-wordpress\/ -->\n<title>Eis Fournisseuren - Feuer und Stein S\u00e0rl Luxembourg<\/title>\n<meta name=\"description\" content=\"Eis Fournisseuren Feuerundstein\" \/>\n<meta name=\"robots\" content=\"index, follow, max-snippet:-1, max-image-preview:large, max-video-preview:-1\" \/>\n<link rel=\"canonical\" href=\"https:\/\/www.feuerundstein.com\/unsere-lieferanten\/\" \/>\n<meta property=\"og:locale\" content=\"en_US\" \/>\n<meta property=\"og:type\" content=\"article\" \/>\n<meta property=\"og:title\" content=\"Eis Fournisseuren - Feuer und Stein S\u00e0rl Luxembourg\" \/>\n<meta property=\"og:description\" content=\"Eis Fournisseuren Feuerundstein\" \/>\n<meta property=\"og:url\" content=\"https:\/\/www.feuerundstein.com\/unsere-lieferanten\/\" \/>\n<meta property=\"og:site_name\" content=\"Feuer und Stein S\u00e0rl Luxembourg\" \/>\n<meta property=\"og:image\" content=\"https:\/\/www.feuerundstein.com\/wp-content\/uploads\/2017\/01\/LoGO-3.jpg\" \/>\n\t<meta property=\"og:image:width\" content=\"2486\" \/>\n\t<meta property=\"og:image:height\" content=\"1222\" \/>\n\t<meta property=\"og:image:type\" content=\"image\/jpeg\" \/>\n<meta name=\"twitter:card\" content=\"summary_large_image\" \/>\n<meta name=\"twitter:label1\" content=\"Est. reading time\" \/>\n\t<meta name=\"twitter:data1\" content=\"1 minute\" \/>\n<script type=\"application\/ld+json\" class=\"yoast-schema-graph\">{\"@context\":\"https:\\\/\\\/schema.org\",\"@graph\":[{\"@type\":\"WebPage\",\"@id\":\"https:\\\/\\\/www.feuerundstein.com\\\/unsere-lieferanten\\\/\",\"url\":\"https:\\\/\\\/www.feuerundstein.com\\\/unsere-lieferanten\\\/\",\"name\":\"Eis Fournisseuren - Feuer und Stein S\u00e0rl Luxembourg\",\"isPartOf\":{\"@id\":\"https:\\\/\\\/www.feuerundstein.com\\\/#website\"},\"primaryImageOfPage\":{\"@id\":\"https:\\\/\\\/www.feuerundstein.com\\\/unsere-lieferanten\\\/#primaryimage\"},\"image\":{\"@id\":\"https:\\\/\\\/www.feuerundstein.com\\\/unsere-lieferanten\\\/#primaryimage\"},\"thumbnailUrl\":\"https:\\\/\\\/www.feuerundstein.com\\\/wp-content\\\/uploads\\\/2017\\\/01\\\/LoGO-3.jpg\",\"datePublished\":\"2026-04-20T08:34:06+00:00\",\"description\":\"Eis Fournisseuren Feuerundstein\",\"breadcrumb\":{\"@id\":\"https:\\\/\\\/www.feuerundstein.com\\\/unsere-lieferanten\\\/#breadcrumb\"},\"inLanguage\":\"lu-LU\",\"potentialAction\":[{\"@type\":\"ReadAction\",\"target\":[\"https:\\\/\\\/www.feuerundstein.com\\\/unsere-lieferanten\\\/\"]}]},{\"@type\":\"ImageObject\",\"inLanguage\":\"lu-LU\",\"@id\":\"https:\\\/\\\/www.feuerundstein.com\\\/unsere-lieferanten\\\/#primaryimage\",\"url\":\"https:\\\/\\\/www.feuerundstein.com\\\/wp-content\\\/uploads\\\/2017\\\/01\\\/LoGO-3.jpg\",\"contentUrl\":\"https:\\\/\\\/www.feuerundstein.com\\\/wp-content\\\/uploads\\\/2017\\\/01\\\/LoGO-3.jpg\",\"width\":2486,\"height\":1222},{\"@type\":\"BreadcrumbList\",\"@id\":\"https:\\\/\\\/www.feuerundstein.com\\\/unsere-lieferanten\\\/#breadcrumb\",\"itemListElement\":[{\"@type\":\"ListItem\",\"position\":1,\"name\":\"Startseite\",\"item\":\"https:\\\/\\\/www.feuerundstein.com\\\/lu\\\/home\\\/\"},{\"@type\":\"ListItem\",\"position\":2,\"name\":\"Eis Fournisseuren\"}]},{\"@type\":\"WebSite\",\"@id\":\"https:\\\/\\\/www.feuerundstein.com\\\/#website\",\"url\":\"https:\\\/\\\/www.feuerundstein.com\\\/\",\"name\":\"Feuer und Stein S\u00e0rl Luxembourg\",\"description\":\"Fireplace and Wood floor expert\",\"potentialAction\":[{\"@type\":\"SearchAction\",\"target\":{\"@type\":\"EntryPoint\",\"urlTemplate\":\"https:\\\/\\\/www.feuerundstein.com\\\/?s={search_term_string}\"},\"query-input\":{\"@type\":\"PropertyValueSpecification\",\"valueRequired\":true,\"valueName\":\"search_term_string\"}}],\"inLanguage\":\"lu-LU\"}]}<\/script>\n<!-- \/ Yoast SEO plugin. -->","yoast_head_json":{"title":"Eis Fournisseuren - Feuer und Stein S\u00e0rl Luxembourg","description":"Eis Fournisseuren Feuerundstein","robots":{"index":"index","follow":"follow","max-snippet":"max-snippet:-1","max-image-preview":"max-image-preview:large","max-video-preview":"max-video-preview:-1"},"canonical":"https:\/\/www.feuerundstein.com\/unsere-lieferanten\/","og_locale":"en_US","og_type":"article","og_title":"Eis Fournisseuren - Feuer und Stein S\u00e0rl Luxembourg","og_description":"Eis Fournisseuren Feuerundstein","og_url":"https:\/\/www.feuerundstein.com\/unsere-lieferanten\/","og_site_name":"Feuer und Stein S\u00e0rl Luxembourg","og_image":[{"width":2486,"height":1222,"url":"https:\/\/www.feuerundstein.com\/wp-content\/uploads\/2017\/01\/LoGO-3.jpg","type":"image\/jpeg"}],"twitter_card":"summary_large_image","twitter_misc":{"Est. reading time":"1 minute"},"schema":{"@context":"https:\/\/schema.org","@graph":[{"@type":"WebPage","@id":"https:\/\/www.feuerundstein.com\/unsere-lieferanten\/","url":"https:\/\/www.feuerundstein.com\/unsere-lieferanten\/","name":"Eis Fournisseuren - Feuer und Stein S\u00e0rl Luxembourg","isPartOf":{"@id":"https:\/\/www.feuerundstein.com\/#website"},"primaryImageOfPage":{"@id":"https:\/\/www.feuerundstein.com\/unsere-lieferanten\/#primaryimage"},"image":{"@id":"https:\/\/www.feuerundstein.com\/unsere-lieferanten\/#primaryimage"},"thumbnailUrl":"https:\/\/www.feuerundstein.com\/wp-content\/uploads\/2017\/01\/LoGO-3.jpg","datePublished":"2026-04-20T08:34:06+00:00","description":"Eis Fournisseuren Feuerundstein","breadcrumb":{"@id":"https:\/\/www.feuerundstein.com\/unsere-lieferanten\/#breadcrumb"},"inLanguage":"lu-LU","potentialAction":[{"@type":"ReadAction","target":["https:\/\/www.feuerundstein.com\/unsere-lieferanten\/"]}]},{"@type":"ImageObject","inLanguage":"lu-LU","@id":"https:\/\/www.feuerundstein.com\/unsere-lieferanten\/#primaryimage","url":"https:\/\/www.feuerundstein.com\/wp-content\/uploads\/2017\/01\/LoGO-3.jpg","contentUrl":"https:\/\/www.feuerundstein.com\/wp-content\/uploads\/2017\/01\/LoGO-3.jpg","width":2486,"height":1222},{"@type":"BreadcrumbList","@id":"https:\/\/www.feuerundstein.com\/unsere-lieferanten\/#breadcrumb","itemListElement":[{"@type":"ListItem","position":1,"name":"Startseite","item":"https:\/\/www.feuerundstein.com\/lu\/home\/"},{"@type":"ListItem","position":2,"name":"Eis Fournisseuren"}]},{"@type":"WebSite","@id":"https:\/\/www.feuerundstein.com\/#website","url":"https:\/\/www.feuerundstein.com\/","name":"Feuer und Stein S\u00e0rl Luxembourg","description":"Fireplace and Wood floor expert","potentialAction":[{"@type":"SearchAction","target":{"@type":"EntryPoint","urlTemplate":"https:\/\/www.feuerundstein.com\/?s={search_term_string}"},"query-input":{"@type":"PropertyValueSpecification","valueRequired":true,"valueName":"search_term_string"}}],"inLanguage":"lu-LU"}]}},"_links":{"self":[{"href":"https:\/\/www.feuerundstein.com\/lu\/wp-json\/wp\/v2\/pages\/8176","targetHints":{"allow":["GET"]}}],"collection":[{"href":"https:\/\/www.feuerundstein.com\/lu\/wp-json\/wp\/v2\/pages"}],"about":[{"href":"https:\/\/www.feuerundstein.com\/lu\/wp-json\/wp\/v2\/types\/page"}],"author":[{"embeddable":true,"href":"https:\/\/www.feuerundstein.com\/lu\/wp-json\/wp\/v2\/users\/4"}],"replies":[{"embeddable":true,"href":"https:\/\/www.feuerundstein.com\/lu\/wp-json\/wp\/v2\/comments?post=8176"}],"version-history":[{"count":2,"href":"https:\/\/www.feuerundstein.com\/lu\/wp-json\/wp\/v2\/pages\/8176\/revisions"}],"predecessor-version":[{"id":8178,"href":"https:\/\/www.feuerundstein.com\/lu\/wp-json\/wp\/v2\/pages\/8176\/revisions\/8178"}],"wp:featuredmedia":[{"embeddable":true,"href":"https:\/\/www.feuerundstein.com\/lu\/wp-json\/wp\/v2\/media\/7823"}],"wp:attachment":[{"href":"https:\/\/www.feuerundstein.com\/lu\/wp-json\/wp\/v2\/media?parent=8176"}],"curies":[{"name":"wp","href":"https:\/\/api.w.org\/{rel}","templated":true}]}}