{"id":8260,"date":"2026-04-20T13:37:39","date_gmt":"2026-04-20T13:37:39","guid":{"rendered":"https:\/\/www.feuerundstein.com\/kamaeiner-uewen\/bioethanol\/planika\/"},"modified":"2026-04-20T13:37:40","modified_gmt":"2026-04-20T13:37:40","slug":"planika","status":"publish","type":"page","link":"https:\/\/www.feuerundstein.com\/lu\/kamaeiner-uewen\/bioethanol\/planika\/","title":{"rendered":"Planika"},"content":{"rendered":"\n<style type=\"text\/css\" data-created_by=\"avia_inline_auto\" id=\"style-css-av-863zo-48fdaece4817d2bd87f0cea919305d1e\">\n.flex_column.av-863zo-48fdaece4817d2bd87f0cea919305d1e{\nborder-radius:0px 0px 0px 0px;\npadding:0px 0px 0px 0px;\n}\n<\/style>\n<div  class='flex_column av-863zo-48fdaece4817d2bd87f0cea919305d1e av_one_full  avia-builder-el-0  avia-builder-el-no-sibling  first flex_column_div av-zero-column-padding  '     ><section  class='av_textblock_section av-jik67hxm-202fe40daff16201541c93eb7627f05c '   itemscope=\"itemscope\" itemtype=\"https:\/\/schema.org\/CreativeWork\" ><div class='avia_textblock'  itemprop=\"text\" ><p style=\"text-align: justify;\"><strong><a href=\"https:\/\/www.feuerundstein.com\/wp-content\/uploads\/2016\/05\/01-300x169.jpg\"><img loading=\"lazy\" decoding=\"async\" class=\" wp-image-2943 alignnone\" src=\"https:\/\/www.feuerundstein.com\/wp-content\/uploads\/2016\/05\/01-300x169.jpg\" alt=\"Planika\" width=\"1014\" height=\"571\" srcset=\"https:\/\/www.feuerundstein.com\/wp-content\/uploads\/2016\/05\/01-300x169.jpg 300w, https:\/\/www.feuerundstein.com\/wp-content\/uploads\/2016\/05\/01-768x432.jpg 768w, https:\/\/www.feuerundstein.com\/wp-content\/uploads\/2016\/05\/01-1024x576.jpg 1024w, https:\/\/www.feuerundstein.com\/wp-content\/uploads\/2016\/05\/01.jpg 1517w\" sizes=\"auto, (max-width: 1014px) 100vw, 1014px\" \/><\/a><\/strong><\/p>\n<h3>D\u00e9i eenzegaarteg Welt vu Planika<\/h3>\n<p><strong>Planika<\/strong> Produkter kombin\u00e9ieren d\u00e9i urspr\u00e9nglech Sch\u00e9inheet vum natierleche Feier mat fortgeschratt Technologie.<\/p>\n<p><strong>Planika<\/strong> gouf vum Alfred Weilandt a Jaroslaw D\u0105browski gegr\u00ebnnt. Hiert Zil war et, eng Method z&#8217;entw\u00e9ckelen, d\u00e9i op der enger S\u00e4it duerch en individuellen Design en eenzegaartegen Charakter huet an op der anerer S\u00e4it s\u00e9cher an einfach ze benotzen ass.<\/p>\n<p><strong>Bioethanol<\/strong> ass z\u00ebnter 15 Joer um weltw\u00e4ite Maart verf\u00fcgbar an huet domat eng f\u00e9ierend Positioun an der Produktioun an dem Verdeelung vu Bioethanol Kam\u00e4iner.<\/p>\n<p>Den Erfolleg vun d\u00ebse Produkter bas\u00e9iert op der gr\u00ebndlecher Opmierksamkeet vu <strong>Planika<\/strong> op Detailer an der Notzung vu Materialien vun der h\u00e9chster Qualit\u00e9it. Ausserdeem erlaabt eis d&#8217;Produktpalette, Kam\u00e4iner op bal all Plaz ze plangen an ze kre\u00e9ieren. D&#8217;Designen kr\u00e9ien hiren eenzegaartege Charakter och duerch Zesummenaarbecht mat Architekten an Innenarchitekten w\u00e9i Christopher Pillet, Arik Levy a Serge Atallah.<\/p>\n<p>Planika Produkter sinn a m\u00e9i w\u00e9i 80 L\u00e4nner verf\u00fcgbar a k\u00ebnnen weltw\u00e4it gesi ginn, dor\u00ebnner an Hilton Hotellen, Kempinski Hotellen a villen aneren.<\/p>\n<p>D\u00ebs Produkter sinn e richtege Bl\u00e9ckfanger an all \u00cbmfeld, egal ob privat oder kommerziell.<\/p>\n<p>Dank der patent\u00e9ierter BEV-Technologie ginn d\u00e9i folgend Virdeeler erreecht:<\/p>\n<ul>\n<li>Kee direkten Kontakt t\u00ebscht dem Brennstoff an der Flam<\/li>\n<li>De propperste Verbrennungsprozess<\/li>\n<li>Natierlech g\u00ebllen Flam<\/li>\n<li>L\u00e4nger Brennz\u00e4it<\/li>\n<\/ul>\n<p>Loosst Iech vun d\u00ebse Produkter iwwerzeegen an erlieft de faszin\u00e9ierende Charme vum Feier an \u00c4rem eegenen Heem.<\/p>\n<\/div><\/section><\/div>\n","protected":false},"excerpt":{"rendered":"","protected":false},"author":4,"featured_media":8259,"parent":8144,"menu_order":0,"comment_status":"closed","ping_status":"closed","template":"","meta":{"footnotes":""},"class_list":["post-8260","page","type-page","status-publish","has-post-thumbnail","hentry"],"yoast_head":"<!-- This site is optimized with the Yoast SEO plugin v27.4 - https:\/\/yoast.com\/product\/yoast-seo-wordpress\/ -->\n<title>Planika<\/title>\n<meta name=\"description\" content=\"Planika konzentr\u00e9iert sech permanent op technologesch Entw\u00e9cklung. Eis Produkter entspriechen den h\u00e9chste S\u00e9cherheetsnormen.\" \/>\n<meta name=\"robots\" content=\"index, follow, max-snippet:-1, max-image-preview:large, max-video-preview:-1\" \/>\n<link rel=\"canonical\" href=\"https:\/\/www.feuerundstein.com\/kamineofen\/bioethanol\/planika\/\" \/>\n<meta property=\"og:locale\" content=\"en_US\" \/>\n<meta property=\"og:type\" content=\"article\" \/>\n<meta property=\"og:title\" content=\"Planika\" \/>\n<meta property=\"og:description\" content=\"Planika konzentr\u00e9iert sech permanent op technologesch Entw\u00e9cklung. Eis Produkter entspriechen den h\u00e9chste S\u00e9cherheetsnormen.\" \/>\n<meta property=\"og:url\" content=\"https:\/\/www.feuerundstein.com\/kamineofen\/bioethanol\/planika\/\" \/>\n<meta property=\"og:site_name\" content=\"Feuer und Stein S\u00e0rl Luxembourg\" \/>\n<meta property=\"article:modified_time\" content=\"2026-04-20T13:37:40+00:00\" \/>\n<meta property=\"og:image\" content=\"https:\/\/www.feuerundstein.com\/wp-content\/uploads\/2016\/05\/01.jpg\" \/>\n\t<meta property=\"og:image:width\" content=\"1517\" \/>\n\t<meta property=\"og:image:height\" content=\"853\" \/>\n\t<meta property=\"og:image:type\" content=\"image\/jpeg\" \/>\n<meta name=\"twitter:card\" content=\"summary_large_image\" \/>\n<meta name=\"twitter:label1\" content=\"Est. reading time\" \/>\n\t<meta name=\"twitter:data1\" content=\"2 minutes\" \/>\n<script type=\"application\/ld+json\" class=\"yoast-schema-graph\">{\"@context\":\"https:\\\/\\\/schema.org\",\"@graph\":[{\"@type\":\"WebPage\",\"@id\":\"https:\\\/\\\/www.feuerundstein.com\\\/kamineofen\\\/bioethanol\\\/planika\\\/\",\"url\":\"https:\\\/\\\/www.feuerundstein.com\\\/kamineofen\\\/bioethanol\\\/planika\\\/\",\"name\":\"Planika\",\"isPartOf\":{\"@id\":\"https:\\\/\\\/www.feuerundstein.com\\\/#website\"},\"primaryImageOfPage\":{\"@id\":\"https:\\\/\\\/www.feuerundstein.com\\\/kamineofen\\\/bioethanol\\\/planika\\\/#primaryimage\"},\"image\":{\"@id\":\"https:\\\/\\\/www.feuerundstein.com\\\/kamineofen\\\/bioethanol\\\/planika\\\/#primaryimage\"},\"thumbnailUrl\":\"https:\\\/\\\/www.feuerundstein.com\\\/wp-content\\\/uploads\\\/2016\\\/05\\\/01.jpg\",\"datePublished\":\"2026-04-20T13:37:39+00:00\",\"dateModified\":\"2026-04-20T13:37:40+00:00\",\"description\":\"Planika konzentr\u00e9iert sech permanent op technologesch Entw\u00e9cklung. Eis Produkter entspriechen den h\u00e9chste S\u00e9cherheetsnormen.\",\"breadcrumb\":{\"@id\":\"https:\\\/\\\/www.feuerundstein.com\\\/kamineofen\\\/bioethanol\\\/planika\\\/#breadcrumb\"},\"inLanguage\":\"lu-LU\",\"potentialAction\":[{\"@type\":\"ReadAction\",\"target\":[\"https:\\\/\\\/www.feuerundstein.com\\\/kamineofen\\\/bioethanol\\\/planika\\\/\"]}]},{\"@type\":\"ImageObject\",\"inLanguage\":\"lu-LU\",\"@id\":\"https:\\\/\\\/www.feuerundstein.com\\\/kamineofen\\\/bioethanol\\\/planika\\\/#primaryimage\",\"url\":\"https:\\\/\\\/www.feuerundstein.com\\\/wp-content\\\/uploads\\\/2016\\\/05\\\/01.jpg\",\"contentUrl\":\"https:\\\/\\\/www.feuerundstein.com\\\/wp-content\\\/uploads\\\/2016\\\/05\\\/01.jpg\",\"width\":1517,\"height\":853,\"caption\":\"Planika\"},{\"@type\":\"BreadcrumbList\",\"@id\":\"https:\\\/\\\/www.feuerundstein.com\\\/kamineofen\\\/bioethanol\\\/planika\\\/#breadcrumb\",\"itemListElement\":[{\"@type\":\"ListItem\",\"position\":1,\"name\":\"Startseite\",\"item\":\"https:\\\/\\\/www.feuerundstein.com\\\/lu\\\/home\\\/\"},{\"@type\":\"ListItem\",\"position\":2,\"name\":\"Kam\u00e4iner\\\/Uewen\",\"item\":\"https:\\\/\\\/www.feuerundstein.com\\\/lu\\\/kamaeiner-uewen\\\/\"},{\"@type\":\"ListItem\",\"position\":3,\"name\":\"Bioethanol\",\"item\":\"https:\\\/\\\/www.feuerundstein.com\\\/lu\\\/kamaeiner-uewen\\\/bioethanol\\\/\"},{\"@type\":\"ListItem\",\"position\":4,\"name\":\"Planika\"}]},{\"@type\":\"WebSite\",\"@id\":\"https:\\\/\\\/www.feuerundstein.com\\\/#website\",\"url\":\"https:\\\/\\\/www.feuerundstein.com\\\/\",\"name\":\"Feuer und Stein S\u00e0rl Luxembourg\",\"description\":\"Fireplace and Wood floor expert\",\"potentialAction\":[{\"@type\":\"SearchAction\",\"target\":{\"@type\":\"EntryPoint\",\"urlTemplate\":\"https:\\\/\\\/www.feuerundstein.com\\\/?s={search_term_string}\"},\"query-input\":{\"@type\":\"PropertyValueSpecification\",\"valueRequired\":true,\"valueName\":\"search_term_string\"}}],\"inLanguage\":\"lu-LU\"}]}<\/script>\n<!-- \/ Yoast SEO plugin. -->","yoast_head_json":{"title":"Planika","description":"Planika konzentr\u00e9iert sech permanent op technologesch Entw\u00e9cklung. Eis Produkter entspriechen den h\u00e9chste S\u00e9cherheetsnormen.","robots":{"index":"index","follow":"follow","max-snippet":"max-snippet:-1","max-image-preview":"max-image-preview:large","max-video-preview":"max-video-preview:-1"},"canonical":"https:\/\/www.feuerundstein.com\/kamineofen\/bioethanol\/planika\/","og_locale":"en_US","og_type":"article","og_title":"Planika","og_description":"Planika konzentr\u00e9iert sech permanent op technologesch Entw\u00e9cklung. Eis Produkter entspriechen den h\u00e9chste S\u00e9cherheetsnormen.","og_url":"https:\/\/www.feuerundstein.com\/kamineofen\/bioethanol\/planika\/","og_site_name":"Feuer und Stein S\u00e0rl Luxembourg","article_modified_time":"2026-04-20T13:37:40+00:00","og_image":[{"width":1517,"height":853,"url":"https:\/\/www.feuerundstein.com\/wp-content\/uploads\/2016\/05\/01.jpg","type":"image\/jpeg"}],"twitter_card":"summary_large_image","twitter_misc":{"Est. reading time":"2 minutes"},"schema":{"@context":"https:\/\/schema.org","@graph":[{"@type":"WebPage","@id":"https:\/\/www.feuerundstein.com\/kamineofen\/bioethanol\/planika\/","url":"https:\/\/www.feuerundstein.com\/kamineofen\/bioethanol\/planika\/","name":"Planika","isPartOf":{"@id":"https:\/\/www.feuerundstein.com\/#website"},"primaryImageOfPage":{"@id":"https:\/\/www.feuerundstein.com\/kamineofen\/bioethanol\/planika\/#primaryimage"},"image":{"@id":"https:\/\/www.feuerundstein.com\/kamineofen\/bioethanol\/planika\/#primaryimage"},"thumbnailUrl":"https:\/\/www.feuerundstein.com\/wp-content\/uploads\/2016\/05\/01.jpg","datePublished":"2026-04-20T13:37:39+00:00","dateModified":"2026-04-20T13:37:40+00:00","description":"Planika konzentr\u00e9iert sech permanent op technologesch Entw\u00e9cklung. Eis Produkter entspriechen den h\u00e9chste S\u00e9cherheetsnormen.","breadcrumb":{"@id":"https:\/\/www.feuerundstein.com\/kamineofen\/bioethanol\/planika\/#breadcrumb"},"inLanguage":"lu-LU","potentialAction":[{"@type":"ReadAction","target":["https:\/\/www.feuerundstein.com\/kamineofen\/bioethanol\/planika\/"]}]},{"@type":"ImageObject","inLanguage":"lu-LU","@id":"https:\/\/www.feuerundstein.com\/kamineofen\/bioethanol\/planika\/#primaryimage","url":"https:\/\/www.feuerundstein.com\/wp-content\/uploads\/2016\/05\/01.jpg","contentUrl":"https:\/\/www.feuerundstein.com\/wp-content\/uploads\/2016\/05\/01.jpg","width":1517,"height":853,"caption":"Planika"},{"@type":"BreadcrumbList","@id":"https:\/\/www.feuerundstein.com\/kamineofen\/bioethanol\/planika\/#breadcrumb","itemListElement":[{"@type":"ListItem","position":1,"name":"Startseite","item":"https:\/\/www.feuerundstein.com\/lu\/home\/"},{"@type":"ListItem","position":2,"name":"Kam\u00e4iner\/Uewen","item":"https:\/\/www.feuerundstein.com\/lu\/kamaeiner-uewen\/"},{"@type":"ListItem","position":3,"name":"Bioethanol","item":"https:\/\/www.feuerundstein.com\/lu\/kamaeiner-uewen\/bioethanol\/"},{"@type":"ListItem","position":4,"name":"Planika"}]},{"@type":"WebSite","@id":"https:\/\/www.feuerundstein.com\/#website","url":"https:\/\/www.feuerundstein.com\/","name":"Feuer und Stein S\u00e0rl Luxembourg","description":"Fireplace and Wood floor expert","potentialAction":[{"@type":"SearchAction","target":{"@type":"EntryPoint","urlTemplate":"https:\/\/www.feuerundstein.com\/?s={search_term_string}"},"query-input":{"@type":"PropertyValueSpecification","valueRequired":true,"valueName":"search_term_string"}}],"inLanguage":"lu-LU"}]}},"_links":{"self":[{"href":"https:\/\/www.feuerundstein.com\/lu\/wp-json\/wp\/v2\/pages\/8260","targetHints":{"allow":["GET"]}}],"collection":[{"href":"https:\/\/www.feuerundstein.com\/lu\/wp-json\/wp\/v2\/pages"}],"about":[{"href":"https:\/\/www.feuerundstein.com\/lu\/wp-json\/wp\/v2\/types\/page"}],"author":[{"embeddable":true,"href":"https:\/\/www.feuerundstein.com\/lu\/wp-json\/wp\/v2\/users\/4"}],"replies":[{"embeddable":true,"href":"https:\/\/www.feuerundstein.com\/lu\/wp-json\/wp\/v2\/comments?post=8260"}],"version-history":[{"count":2,"href":"https:\/\/www.feuerundstein.com\/lu\/wp-json\/wp\/v2\/pages\/8260\/revisions"}],"predecessor-version":[{"id":8263,"href":"https:\/\/www.feuerundstein.com\/lu\/wp-json\/wp\/v2\/pages\/8260\/revisions\/8263"}],"up":[{"embeddable":true,"href":"https:\/\/www.feuerundstein.com\/lu\/wp-json\/wp\/v2\/pages\/8144"}],"wp:featuredmedia":[{"embeddable":true,"href":"https:\/\/www.feuerundstein.com\/lu\/wp-json\/wp\/v2\/media\/8259"}],"wp:attachment":[{"href":"https:\/\/www.feuerundstein.com\/lu\/wp-json\/wp\/v2\/media?parent=8260"}],"curies":[{"name":"wp","href":"https:\/\/api.w.org\/{rel}","templated":true}]}}