{"id":8276,"date":"2026-04-20T13:52:01","date_gmt":"2026-04-20T13:52:01","guid":{"rendered":"https:\/\/www.feuerundstein.com\/kamaeiner-uewen\/bioethanol\/ruby-fires\/"},"modified":"2026-04-20T13:52:02","modified_gmt":"2026-04-20T13:52:02","slug":"ruby-fires","status":"publish","type":"page","link":"https:\/\/www.feuerundstein.com\/lu\/kamaeiner-uewen\/bioethanol\/ruby-fires\/","title":{"rendered":"Ruby Fires"},"content":{"rendered":"\n<style type=\"text\/css\" data-created_by=\"avia_inline_auto\" id=\"style-css-av-863zo-48fdaece4817d2bd87f0cea919305d1e\">\n.flex_column.av-863zo-48fdaece4817d2bd87f0cea919305d1e{\nborder-radius:0px 0px 0px 0px;\npadding:0px 0px 0px 0px;\n}\n<\/style>\n<div  class='flex_column av-863zo-48fdaece4817d2bd87f0cea919305d1e av_one_full  avia-builder-el-0  el_before_av_gallery  avia-builder-el-first  first flex_column_div av-zero-column-padding  '     ><section  class='av_textblock_section av-2zq0lz-67f6032b8d4482c717aed7570da8cdaa '   itemscope=\"itemscope\" itemtype=\"https:\/\/schema.org\/CreativeWork\" ><div class='avia_textblock'  itemprop=\"text\" ><p><a href=\"https:\/\/www.feuerundstein.com\/wp-content\/uploads\/2016\/05\/2942_IM3_e0d599b0091e9fcc81bd2153dbbc4a3d-300x229.jpg\"><img loading=\"lazy\" decoding=\"async\" class=\"alignnone wp-image-5009\" src=\"https:\/\/www.feuerundstein.com\/wp-content\/uploads\/2016\/05\/2942_IM3_e0d599b0091e9fcc81bd2153dbbc4a3d-300x229.jpg\" alt=\"\" width=\"334\" height=\"255\" srcset=\"https:\/\/www.feuerundstein.com\/wp-content\/uploads\/2016\/05\/2942_IM3_e0d599b0091e9fcc81bd2153dbbc4a3d-300x229.jpg 300w, https:\/\/www.feuerundstein.com\/wp-content\/uploads\/2016\/05\/2942_IM3_e0d599b0091e9fcc81bd2153dbbc4a3d-600x459.jpg 600w, https:\/\/www.feuerundstein.com\/wp-content\/uploads\/2016\/05\/2942_IM3_e0d599b0091e9fcc81bd2153dbbc4a3d-450x344.jpg 450w, https:\/\/www.feuerundstein.com\/wp-content\/uploads\/2016\/05\/2942_IM3_e0d599b0091e9fcc81bd2153dbbc4a3d.jpg 687w\" sizes=\"auto, (max-width: 334px) 100vw, 334px\" \/><\/a><\/p>\n<h3>Ruby Fires Kollektioun<\/h3>\n<p>Ruby Fires bitt <strong>Kam\u00e4iner, fr\u00e4istehend Modeller, Wandmodeller an As\u00e4tz<\/strong> un. All d\u00ebs Produkter k\u00ebnnen ouni Kam\u00e4in install\u00e9iert ginn.<\/p>\n<p>All Kam\u00e4iner, egal ob fr\u00e4istehend oder Wandmont\u00e9iert, k\u00ebnnen op \u00c4re <strong>pers\u00e9inleche Go\u00fbt<\/strong> oder Interieurdesign ugepasst ginn. Dir wielt de Material an dann den gew\u00ebnschten Asaz.<\/p>\n<p>Klickt hei fir <strong>Bioethanolbrenner<\/strong> a <strong>Bioethanolkaminer<\/strong> ze gesinn.<\/p>\n<p>Eng eenzegaarteg Feature vu Ruby Fires ass, datt Dir t\u00ebscht engem Bioethanolbrenner an engem elektresche Feier wielen k\u00ebnnt.<\/p>\n<div  class='avia-button-wrap av-39ggcn-89b2ad354866d181addba0c2949459a7-wrap avia-button-right  avia-builder-el-2  avia-builder-el-no-sibling '><a href='https:\/\/www.feuerundstein.com\/portfolio\/elektrokamine\/'  class='avia-button av-39ggcn-89b2ad354866d181addba0c2949459a7 av-link-btn avia-icon_select-no avia-size-small avia-position-right avia-color-theme-color'   aria-label=\"Elektresch Kam\u00e4iner\"><span class='avia_iconbox_title' >Elektresch Kam\u00e4iner<\/span><\/a><\/div>\n<\/div><\/section><\/div>\n<style type=\"text\/css\" data-created_by=\"avia_inline_auto\" id=\"style-css-av-jk41wnts-5f59af1783cb4cd35a771460736a1d68\">\n#top .avia-gallery.av-jk41wnts-5f59af1783cb4cd35a771460736a1d68 .avia-gallery-thumb a{\nwidth:20%;\n}\n<\/style>\n<div  class='avia-gallery av-jk41wnts-5f59af1783cb4cd35a771460736a1d68 avia_animate_when_visible  avia-builder-el-3  el_after_av_one_full  avia-builder-el-last  avia_lazyload avia-gallery-animate avia-gallery-1'  itemprop=\"image\" itemscope=\"itemscope\" itemtype=\"https:\/\/schema.org\/ImageObject\" ><meta itemprop=\"contentURL\" content=\"https:\/\/www.feuerundstein.com\/lu\/kamaeiner-uewen\/bioethanol\/ruby-fires\/\"><div class='avia-gallery-thumb'><a href=\"https:\/\/www.feuerundstein.com\/wp-content\/uploads\/2018\/07\/ATRI-1030x773.png\" data-srcset=\"https:\/\/www.feuerundstein.com\/wp-content\/uploads\/2018\/07\/ATRI-1030x773.png 1030w, https:\/\/www.feuerundstein.com\/wp-content\/uploads\/2018\/07\/ATRI-300x225.png 300w, https:\/\/www.feuerundstein.com\/wp-content\/uploads\/2018\/07\/ATRI-768x576.png 768w, https:\/\/www.feuerundstein.com\/wp-content\/uploads\/2018\/07\/ATRI-600x450.png 600w, https:\/\/www.feuerundstein.com\/wp-content\/uploads\/2018\/07\/ATRI-705x529.png 705w, https:\/\/www.feuerundstein.com\/wp-content\/uploads\/2018\/07\/ATRI-450x338.png 450w, https:\/\/www.feuerundstein.com\/wp-content\/uploads\/2018\/07\/ATRI.png 1181w\" data-sizes=\"(max-width: 1030px) 100vw, 1030px\" data-rel='gallery-1' data-prev-img='https:\/\/www.feuerundstein.com\/wp-content\/uploads\/2018\/07\/ATRI-495x400.png' class='first_thumb lightbox ' data-onclick='1' title='ATRI'  itemprop=\"thumbnailUrl\"  ><img decoding=\"async\" fetchpriority=\"high\" class=\"wp-image-8273 avia-img-lazy-loading-not-8273\"   src=\"https:\/\/www.feuerundstein.com\/wp-content\/uploads\/2018\/07\/ATRI-495x400.png\" width=\"495\" height=\"400\"  title='ATRI' alt='' srcset=\"https:\/\/www.feuerundstein.com\/wp-content\/uploads\/2018\/07\/ATRI-495x400.png 495w, https:\/\/www.feuerundstein.com\/wp-content\/uploads\/2018\/07\/ATRI-845x684.png 845w\" sizes=\"(max-width: 495px) 100vw, 495px\" \/><div class='big-prev-fake'><img decoding=\"async\" loading=\"lazy\" class=\"wp-image-8273 avia-img-lazy-loading-8273\"  width=\"495\" height=\"400\" src=\"https:\/\/www.feuerundstein.com\/wp-content\/uploads\/2018\/07\/ATRI-495x400.png\" title='ATRI' alt='' srcset=\"https:\/\/www.feuerundstein.com\/wp-content\/uploads\/2018\/07\/ATRI-495x400.png 495w, https:\/\/www.feuerundstein.com\/wp-content\/uploads\/2018\/07\/ATRI-845x684.png 845w\" sizes=\"auto, (max-width: 495px) 100vw, 495px\" \/><\/div><\/a><a href=\"https:\/\/www.feuerundstein.com\/wp-content\/uploads\/2018\/07\/CADIZ.jpg\" data-srcset=\"https:\/\/www.feuerundstein.com\/wp-content\/uploads\/2018\/07\/CADIZ.jpg 900w, https:\/\/www.feuerundstein.com\/wp-content\/uploads\/2018\/07\/CADIZ-300x226.jpg 300w, https:\/\/www.feuerundstein.com\/wp-content\/uploads\/2018\/07\/CADIZ-768x579.jpg 768w, https:\/\/www.feuerundstein.com\/wp-content\/uploads\/2018\/07\/CADIZ-600x452.jpg 600w, https:\/\/www.feuerundstein.com\/wp-content\/uploads\/2018\/07\/CADIZ-705x531.jpg 705w, https:\/\/www.feuerundstein.com\/wp-content\/uploads\/2018\/07\/CADIZ-450x339.jpg 450w\" data-sizes=\"(max-width: 900px) 100vw, 900px\" data-rel='gallery-1' data-prev-img='https:\/\/www.feuerundstein.com\/wp-content\/uploads\/2018\/07\/CADIZ-495x400.jpg' class='lightbox ' data-onclick='2' title='CADIZ'  itemprop=\"thumbnailUrl\"  ><img decoding=\"async\" fetchpriority=\"high\" class=\"wp-image-8139 avia-img-lazy-loading-not-8139\"   src=\"https:\/\/www.feuerundstein.com\/wp-content\/uploads\/2018\/07\/CADIZ-495x400.jpg\" width=\"495\" height=\"400\"  title='CADIZ' alt='' \/><div class='big-prev-fake'><img decoding=\"async\" loading=\"lazy\" class=\"wp-image-8139 avia-img-lazy-loading-8139\"  width=\"495\" height=\"400\" src=\"https:\/\/www.feuerundstein.com\/wp-content\/uploads\/2018\/07\/CADIZ-495x400.jpg\" title='CADIZ' alt='' \/><\/div><\/a><a href=\"https:\/\/www.feuerundstein.com\/wp-content\/uploads\/2018\/07\/NOVA_WANDKAMIN.jpg\" data-srcset=\"https:\/\/www.feuerundstein.com\/wp-content\/uploads\/2018\/07\/NOVA_WANDKAMIN.jpg 687w, https:\/\/www.feuerundstein.com\/wp-content\/uploads\/2018\/07\/NOVA_WANDKAMIN-300x225.jpg 300w, https:\/\/www.feuerundstein.com\/wp-content\/uploads\/2018\/07\/NOVA_WANDKAMIN-600x450.jpg 600w, https:\/\/www.feuerundstein.com\/wp-content\/uploads\/2018\/07\/NOVA_WANDKAMIN-450x337.jpg 450w\" data-sizes=\"(max-width: 687px) 100vw, 687px\" data-rel='gallery-1' data-prev-img='https:\/\/www.feuerundstein.com\/wp-content\/uploads\/2018\/07\/NOVA_WANDKAMIN-495x400.jpg' class='lightbox ' data-onclick='3' title='NOVA_WANDKAMIN'  itemprop=\"thumbnailUrl\"  ><img decoding=\"async\" fetchpriority=\"high\" class=\"wp-image-8274 avia-img-lazy-loading-not-8274\"   src=\"https:\/\/www.feuerundstein.com\/wp-content\/uploads\/2018\/07\/NOVA_WANDKAMIN-495x400.jpg\" width=\"495\" height=\"400\"  title='NOVA_WANDKAMIN' alt='' \/><div class='big-prev-fake'><img decoding=\"async\" loading=\"lazy\" class=\"wp-image-8274 avia-img-lazy-loading-8274\"  width=\"495\" height=\"400\" src=\"https:\/\/www.feuerundstein.com\/wp-content\/uploads\/2018\/07\/NOVA_WANDKAMIN-495x400.jpg\" title='NOVA_WANDKAMIN' alt='' \/><\/div><\/a><a href=\"https:\/\/www.feuerundstein.com\/wp-content\/uploads\/2018\/07\/SERRA.jpg\" data-srcset=\"https:\/\/www.feuerundstein.com\/wp-content\/uploads\/2018\/07\/SERRA.jpg 424w, https:\/\/www.feuerundstein.com\/wp-content\/uploads\/2018\/07\/SERRA-80x80.jpg 80w, https:\/\/www.feuerundstein.com\/wp-content\/uploads\/2018\/07\/SERRA-300x300.jpg 300w, https:\/\/www.feuerundstein.com\/wp-content\/uploads\/2018\/07\/SERRA-36x36.jpg 36w, https:\/\/www.feuerundstein.com\/wp-content\/uploads\/2018\/07\/SERRA-180x180.jpg 180w, https:\/\/www.feuerundstein.com\/wp-content\/uploads\/2018\/07\/SERRA-120x120.jpg 120w\" data-sizes=\"(max-width: 424px) 100vw, 424px\" data-rel='gallery-1' data-prev-img='https:\/\/www.feuerundstein.com\/wp-content\/uploads\/2018\/07\/SERRA-424x400.jpg' class='lightbox ' data-onclick='4' title='SERRA'  itemprop=\"thumbnailUrl\"  ><img decoding=\"async\" fetchpriority=\"high\" class=\"wp-image-8136 avia-img-lazy-loading-not-8136\"   src=\"https:\/\/www.feuerundstein.com\/wp-content\/uploads\/2018\/07\/SERRA-424x400.jpg\" width=\"424\" height=\"400\"  title='SERRA' alt='' \/><div class='big-prev-fake'><img decoding=\"async\" loading=\"lazy\" class=\"wp-image-8136 avia-img-lazy-loading-8136\"  width=\"424\" height=\"400\" src=\"https:\/\/www.feuerundstein.com\/wp-content\/uploads\/2018\/07\/SERRA-424x400.jpg\" title='SERRA' alt='' \/><\/div><\/a><a href=\"https:\/\/www.feuerundstein.com\/wp-content\/uploads\/2018\/07\/Shigo.jpg\" data-srcset=\"https:\/\/www.feuerundstein.com\/wp-content\/uploads\/2018\/07\/Shigo.jpg 687w, https:\/\/www.feuerundstein.com\/wp-content\/uploads\/2018\/07\/Shigo-300x234.jpg 300w, https:\/\/www.feuerundstein.com\/wp-content\/uploads\/2018\/07\/Shigo-600x469.jpg 600w, https:\/\/www.feuerundstein.com\/wp-content\/uploads\/2018\/07\/Shigo-450x352.jpg 450w\" data-sizes=\"(max-width: 687px) 100vw, 687px\" data-rel='gallery-1' data-prev-img='https:\/\/www.feuerundstein.com\/wp-content\/uploads\/2018\/07\/Shigo-495x400.jpg' class='lightbox ' data-onclick='5' title='Shigo'  itemprop=\"thumbnailUrl\"  ><img decoding=\"async\" fetchpriority=\"high\" class=\"wp-image-8137 avia-img-lazy-loading-not-8137\"   src=\"https:\/\/www.feuerundstein.com\/wp-content\/uploads\/2018\/07\/Shigo-495x400.jpg\" width=\"495\" height=\"400\"  title='Shigo' alt='' \/><div class='big-prev-fake'><img decoding=\"async\" loading=\"lazy\" class=\"wp-image-8137 avia-img-lazy-loading-8137\"  width=\"495\" height=\"400\" src=\"https:\/\/www.feuerundstein.com\/wp-content\/uploads\/2018\/07\/Shigo-495x400.jpg\" title='Shigo' alt='' \/><\/div><\/a><\/div><\/div><\/p>\n","protected":false},"excerpt":{"rendered":"","protected":false},"author":4,"featured_media":8275,"parent":8144,"menu_order":0,"comment_status":"closed","ping_status":"closed","template":"","meta":{"footnotes":""},"class_list":["post-8276","page","type-page","status-publish","has-post-thumbnail","hentry"],"yoast_head":"<!-- This site is optimized with the Yoast SEO plugin v27.4 - https:\/\/yoast.com\/product\/yoast-seo-wordpress\/ -->\n<title>Bioethanol fireplaces Camina Living Flame - Feuer und Stein<\/title>\n<meta name=\"description\" content=\"Bio-ethanol fireplace Camina Living Flame, ideal for apartments, flats, bars, restaurants, hotels and offices, for a romantic atmosphere.\" \/>\n<meta name=\"robots\" content=\"index, follow, max-snippet:-1, max-image-preview:large, max-video-preview:-1\" \/>\n<link rel=\"canonical\" href=\"https:\/\/www.feuerundstein.com\/lu\/kamaeiner-uewen\/bioethanol\/ruby-fires\/\" \/>\n<meta property=\"og:locale\" content=\"en_US\" \/>\n<meta property=\"og:type\" content=\"article\" \/>\n<meta property=\"og:title\" content=\"Bioethanol fireplaces Camina Living Flame - Feuer und Stein\" \/>\n<meta property=\"og:description\" content=\"Bio-ethanol fireplace Camina Living Flame, ideal for apartments, flats, bars, restaurants, hotels and offices, for a romantic atmosphere.\" \/>\n<meta property=\"og:url\" content=\"https:\/\/www.feuerundstein.com\/lu\/kamaeiner-uewen\/bioethanol\/ruby-fires\/\" \/>\n<meta property=\"og:site_name\" content=\"Feuer und Stein S\u00e0rl Luxembourg\" \/>\n<meta property=\"article:modified_time\" content=\"2026-04-20T13:52:02+00:00\" \/>\n<meta property=\"og:image\" content=\"https:\/\/www.feuerundstein.com\/wp-content\/uploads\/2016\/05\/Titelbild_LF39-1.jpg\" \/>\n\t<meta property=\"og:image:width\" content=\"640\" \/>\n\t<meta property=\"og:image:height\" content=\"420\" \/>\n\t<meta property=\"og:image:type\" content=\"image\/jpeg\" \/>\n<meta name=\"twitter:card\" content=\"summary_large_image\" \/>\n<meta name=\"twitter:label1\" content=\"Est. reading time\" \/>\n\t<meta name=\"twitter:data1\" content=\"2 minutes\" \/>\n<script type=\"application\/ld+json\" class=\"yoast-schema-graph\">{\"@context\":\"https:\\\/\\\/schema.org\",\"@graph\":[{\"@type\":\"WebPage\",\"@id\":\"https:\\\/\\\/www.feuerundstein.com\\\/lu\\\/kamaeiner-uewen\\\/bioethanol\\\/ruby-fires\\\/\",\"url\":\"https:\\\/\\\/www.feuerundstein.com\\\/lu\\\/kamaeiner-uewen\\\/bioethanol\\\/ruby-fires\\\/\",\"name\":\"Bioethanol fireplaces Camina Living Flame - Feuer und Stein\",\"isPartOf\":{\"@id\":\"https:\\\/\\\/www.feuerundstein.com\\\/#website\"},\"primaryImageOfPage\":{\"@id\":\"https:\\\/\\\/www.feuerundstein.com\\\/lu\\\/kamaeiner-uewen\\\/bioethanol\\\/ruby-fires\\\/#primaryimage\"},\"image\":{\"@id\":\"https:\\\/\\\/www.feuerundstein.com\\\/lu\\\/kamaeiner-uewen\\\/bioethanol\\\/ruby-fires\\\/#primaryimage\"},\"thumbnailUrl\":\"https:\\\/\\\/www.feuerundstein.com\\\/wp-content\\\/uploads\\\/2016\\\/05\\\/Titelbild_LF39-1.jpg\",\"datePublished\":\"2026-04-20T13:52:01+00:00\",\"dateModified\":\"2026-04-20T13:52:02+00:00\",\"description\":\"Bio-ethanol fireplace Camina Living Flame, ideal for apartments, flats, bars, restaurants, hotels and offices, for a romantic atmosphere.\",\"breadcrumb\":{\"@id\":\"https:\\\/\\\/www.feuerundstein.com\\\/lu\\\/kamaeiner-uewen\\\/bioethanol\\\/ruby-fires\\\/#breadcrumb\"},\"inLanguage\":\"lu-LU\",\"potentialAction\":[{\"@type\":\"ReadAction\",\"target\":[\"https:\\\/\\\/www.feuerundstein.com\\\/lu\\\/kamaeiner-uewen\\\/bioethanol\\\/ruby-fires\\\/\"]}]},{\"@type\":\"ImageObject\",\"inLanguage\":\"lu-LU\",\"@id\":\"https:\\\/\\\/www.feuerundstein.com\\\/lu\\\/kamaeiner-uewen\\\/bioethanol\\\/ruby-fires\\\/#primaryimage\",\"url\":\"https:\\\/\\\/www.feuerundstein.com\\\/wp-content\\\/uploads\\\/2016\\\/05\\\/Titelbild_LF39-1.jpg\",\"contentUrl\":\"https:\\\/\\\/www.feuerundstein.com\\\/wp-content\\\/uploads\\\/2016\\\/05\\\/Titelbild_LF39-1.jpg\",\"width\":640,\"height\":420},{\"@type\":\"BreadcrumbList\",\"@id\":\"https:\\\/\\\/www.feuerundstein.com\\\/lu\\\/kamaeiner-uewen\\\/bioethanol\\\/ruby-fires\\\/#breadcrumb\",\"itemListElement\":[{\"@type\":\"ListItem\",\"position\":1,\"name\":\"Startseite\",\"item\":\"https:\\\/\\\/www.feuerundstein.com\\\/lu\\\/home\\\/\"},{\"@type\":\"ListItem\",\"position\":2,\"name\":\"Kam\u00e4iner\\\/Uewen\",\"item\":\"https:\\\/\\\/www.feuerundstein.com\\\/lu\\\/kamaeiner-uewen\\\/\"},{\"@type\":\"ListItem\",\"position\":3,\"name\":\"Bioethanol\",\"item\":\"https:\\\/\\\/www.feuerundstein.com\\\/lu\\\/kamaeiner-uewen\\\/bioethanol\\\/\"},{\"@type\":\"ListItem\",\"position\":4,\"name\":\"Ruby Fires\"}]},{\"@type\":\"WebSite\",\"@id\":\"https:\\\/\\\/www.feuerundstein.com\\\/#website\",\"url\":\"https:\\\/\\\/www.feuerundstein.com\\\/\",\"name\":\"Feuer und Stein S\u00e0rl Luxembourg\",\"description\":\"Fireplace and Wood floor expert\",\"potentialAction\":[{\"@type\":\"SearchAction\",\"target\":{\"@type\":\"EntryPoint\",\"urlTemplate\":\"https:\\\/\\\/www.feuerundstein.com\\\/?s={search_term_string}\"},\"query-input\":{\"@type\":\"PropertyValueSpecification\",\"valueRequired\":true,\"valueName\":\"search_term_string\"}}],\"inLanguage\":\"lu-LU\"}]}<\/script>\n<!-- \/ Yoast SEO plugin. -->","yoast_head_json":{"title":"Bioethanol fireplaces Camina Living Flame - Feuer und Stein","description":"Bio-ethanol fireplace Camina Living Flame, ideal for apartments, flats, bars, restaurants, hotels and offices, for a romantic atmosphere.","robots":{"index":"index","follow":"follow","max-snippet":"max-snippet:-1","max-image-preview":"max-image-preview:large","max-video-preview":"max-video-preview:-1"},"canonical":"https:\/\/www.feuerundstein.com\/lu\/kamaeiner-uewen\/bioethanol\/ruby-fires\/","og_locale":"en_US","og_type":"article","og_title":"Bioethanol fireplaces Camina Living Flame - Feuer und Stein","og_description":"Bio-ethanol fireplace Camina Living Flame, ideal for apartments, flats, bars, restaurants, hotels and offices, for a romantic atmosphere.","og_url":"https:\/\/www.feuerundstein.com\/lu\/kamaeiner-uewen\/bioethanol\/ruby-fires\/","og_site_name":"Feuer und Stein S\u00e0rl Luxembourg","article_modified_time":"2026-04-20T13:52:02+00:00","og_image":[{"width":640,"height":420,"url":"https:\/\/www.feuerundstein.com\/wp-content\/uploads\/2016\/05\/Titelbild_LF39-1.jpg","type":"image\/jpeg"}],"twitter_card":"summary_large_image","twitter_misc":{"Est. reading time":"2 minutes"},"schema":{"@context":"https:\/\/schema.org","@graph":[{"@type":"WebPage","@id":"https:\/\/www.feuerundstein.com\/lu\/kamaeiner-uewen\/bioethanol\/ruby-fires\/","url":"https:\/\/www.feuerundstein.com\/lu\/kamaeiner-uewen\/bioethanol\/ruby-fires\/","name":"Bioethanol fireplaces Camina Living Flame - Feuer und Stein","isPartOf":{"@id":"https:\/\/www.feuerundstein.com\/#website"},"primaryImageOfPage":{"@id":"https:\/\/www.feuerundstein.com\/lu\/kamaeiner-uewen\/bioethanol\/ruby-fires\/#primaryimage"},"image":{"@id":"https:\/\/www.feuerundstein.com\/lu\/kamaeiner-uewen\/bioethanol\/ruby-fires\/#primaryimage"},"thumbnailUrl":"https:\/\/www.feuerundstein.com\/wp-content\/uploads\/2016\/05\/Titelbild_LF39-1.jpg","datePublished":"2026-04-20T13:52:01+00:00","dateModified":"2026-04-20T13:52:02+00:00","description":"Bio-ethanol fireplace Camina Living Flame, ideal for apartments, flats, bars, restaurants, hotels and offices, for a romantic atmosphere.","breadcrumb":{"@id":"https:\/\/www.feuerundstein.com\/lu\/kamaeiner-uewen\/bioethanol\/ruby-fires\/#breadcrumb"},"inLanguage":"lu-LU","potentialAction":[{"@type":"ReadAction","target":["https:\/\/www.feuerundstein.com\/lu\/kamaeiner-uewen\/bioethanol\/ruby-fires\/"]}]},{"@type":"ImageObject","inLanguage":"lu-LU","@id":"https:\/\/www.feuerundstein.com\/lu\/kamaeiner-uewen\/bioethanol\/ruby-fires\/#primaryimage","url":"https:\/\/www.feuerundstein.com\/wp-content\/uploads\/2016\/05\/Titelbild_LF39-1.jpg","contentUrl":"https:\/\/www.feuerundstein.com\/wp-content\/uploads\/2016\/05\/Titelbild_LF39-1.jpg","width":640,"height":420},{"@type":"BreadcrumbList","@id":"https:\/\/www.feuerundstein.com\/lu\/kamaeiner-uewen\/bioethanol\/ruby-fires\/#breadcrumb","itemListElement":[{"@type":"ListItem","position":1,"name":"Startseite","item":"https:\/\/www.feuerundstein.com\/lu\/home\/"},{"@type":"ListItem","position":2,"name":"Kam\u00e4iner\/Uewen","item":"https:\/\/www.feuerundstein.com\/lu\/kamaeiner-uewen\/"},{"@type":"ListItem","position":3,"name":"Bioethanol","item":"https:\/\/www.feuerundstein.com\/lu\/kamaeiner-uewen\/bioethanol\/"},{"@type":"ListItem","position":4,"name":"Ruby Fires"}]},{"@type":"WebSite","@id":"https:\/\/www.feuerundstein.com\/#website","url":"https:\/\/www.feuerundstein.com\/","name":"Feuer und Stein S\u00e0rl Luxembourg","description":"Fireplace and Wood floor expert","potentialAction":[{"@type":"SearchAction","target":{"@type":"EntryPoint","urlTemplate":"https:\/\/www.feuerundstein.com\/?s={search_term_string}"},"query-input":{"@type":"PropertyValueSpecification","valueRequired":true,"valueName":"search_term_string"}}],"inLanguage":"lu-LU"}]}},"_links":{"self":[{"href":"https:\/\/www.feuerundstein.com\/lu\/wp-json\/wp\/v2\/pages\/8276","targetHints":{"allow":["GET"]}}],"collection":[{"href":"https:\/\/www.feuerundstein.com\/lu\/wp-json\/wp\/v2\/pages"}],"about":[{"href":"https:\/\/www.feuerundstein.com\/lu\/wp-json\/wp\/v2\/types\/page"}],"author":[{"embeddable":true,"href":"https:\/\/www.feuerundstein.com\/lu\/wp-json\/wp\/v2\/users\/4"}],"replies":[{"embeddable":true,"href":"https:\/\/www.feuerundstein.com\/lu\/wp-json\/wp\/v2\/comments?post=8276"}],"version-history":[{"count":3,"href":"https:\/\/www.feuerundstein.com\/lu\/wp-json\/wp\/v2\/pages\/8276\/revisions"}],"predecessor-version":[{"id":8279,"href":"https:\/\/www.feuerundstein.com\/lu\/wp-json\/wp\/v2\/pages\/8276\/revisions\/8279"}],"up":[{"embeddable":true,"href":"https:\/\/www.feuerundstein.com\/lu\/wp-json\/wp\/v2\/pages\/8144"}],"wp:featuredmedia":[{"embeddable":true,"href":"https:\/\/www.feuerundstein.com\/lu\/wp-json\/wp\/v2\/media\/8275"}],"wp:attachment":[{"href":"https:\/\/www.feuerundstein.com\/lu\/wp-json\/wp\/v2\/media?parent=8276"}],"curies":[{"name":"wp","href":"https:\/\/api.w.org\/{rel}","templated":true}]}}