{"id":8287,"date":"2026-04-20T14:00:15","date_gmt":"2026-04-20T14:00:15","guid":{"rendered":"https:\/\/www.feuerundstein.com\/kamaeiner-uewen\/gaskamin\/"},"modified":"2026-04-20T14:00:15","modified_gmt":"2026-04-20T14:00:15","slug":"gaskamin","status":"publish","type":"page","link":"https:\/\/www.feuerundstein.com\/lu\/kamaeiner-uewen\/gaskamin\/","title":{"rendered":"Gaskamin"},"content":{"rendered":"<p><strong>Gaskamin<\/strong><\/p>\n<p>Romantesch Flamen, W\u00e4ermt an e Feiererliefnes mat engem Kn\u00e4ppchendrock: Gasfliesenuewen, Gaskaminen a Gaskaminen mat speziellen Heizelementer sinn ideal Lifestyle-Apparater.<\/p>\n<p>Et g\u00ebtt en \u00cbnnerscheed t\u00ebscht zouenen an oppene Gaskaminen gemaach.<\/p>\n<p>Wann Dir Komfort a Komfort sch\u00e4tzt, w\u00e4ert Dir mat engem Gaskamin ganz zefridden sinn. Dir musst Iech keng Suergen \u00ebm Brennholz maachen, nach manner et ze sp\u00e4icheren. Et ass net n\u00e9ideg, d&#8217;Feierk\u00ebscht st\u00e4nneg ze botzen. D&#8217;Feiererliefnes ass ganz intensiv, an dat result\u00e9ierend Flammebild ass bal net vun engem Holzfeier z&#8217;\u00ebnnerscheeden.<\/p>\n<p>W\u00e9i och \u00ebmmer, mussen e puer strukturell Ufuerderunge fir d&#8217;Installatioun vun engem Gaskamin erf\u00ebllt ginn:<\/p>\n<ul>\n<li>D&#8217;Pr\u00e4senz vun enger Gasleitung am Haus<\/li>\n<li>Elektro- an Gasuschl\u00ebss fir de Gasbrenner<\/li>\n<li>E gasf\u00e4ege Kam\u00e4in<\/li>\n<\/ul>\n<p>Eis Gaskaminen (ob oppen oder zou) sinn individuell fir Iech entworf, genau w\u00e9i eis Holzkaminen.<\/p>\n<p>Bei der Produktioun vun engem personalis\u00e9ierte Gaskamin benotze mir Heizelementer vun de folgende Produzenten: <strong>Boley, Bell-fires, M-Design a Faber.<\/strong> Wann Dir op d\u00ebs Linken klickt, k\u00ebnnt Dir hir Katalogen duerchsichen.<\/p>\n<p>Open Gaskamine k\u00ebnnen och einfach a Passiv- oder Energiespueren install\u00e9iert ginn, andeems se dicht zouene Loftzu- an Ofzuchsd\u00e4mpfer benotzen.<\/p>\n","protected":false},"excerpt":{"rendered":"<p>Gaskamin Romantesch Flamen, W\u00e4ermt an e Feiererliefnes mat engem Kn\u00e4ppchendrock: Gasfliesenuewen, Gaskaminen a Gaskaminen mat speziellen Heizelementer sinn ideal Lifestyle-Apparater. Et g\u00ebtt en \u00cbnnerscheed t\u00ebscht zouenen an oppene Gaskaminen gemaach. Wann Dir Komfort a Komfort sch\u00e4tzt, w\u00e4ert Dir mat engem Gaskamin ganz zefridden sinn. Dir musst Iech keng Suergen \u00ebm Brennholz maachen, nach manner et [&hellip;]<\/p>\n","protected":false},"author":1,"featured_media":7818,"parent":8101,"menu_order":0,"comment_status":"closed","ping_status":"closed","template":"","meta":{"footnotes":""},"class_list":["post-8287","page","type-page","status-publish","has-post-thumbnail","hentry"],"yoast_head":"<!-- This site is optimized with the Yoast SEO plugin v27.4 - https:\/\/yoast.com\/product\/yoast-seo-wordpress\/ -->\n<title>Feuer und Stein, Spezialist fir Gaskaminen a Gasheizungskaminen.<\/title>\n<meta name=\"description\" content=\"Flammenromantik, W\u00e4ermt an e Feiererliefnes mat engem Kn\u00e4ppchendrock: Gaskaminen a Gaskaminen mat speziellen Heizas\u00e4tz si perfekt...\" \/>\n<meta name=\"robots\" content=\"index, follow, max-snippet:-1, max-image-preview:large, max-video-preview:-1\" \/>\n<link rel=\"canonical\" href=\"https:\/\/www.feuerundstein.com\/kamineofen\/gaskamin\/\" \/>\n<meta property=\"og:locale\" content=\"en_US\" \/>\n<meta property=\"og:type\" content=\"article\" \/>\n<meta property=\"og:title\" content=\"Feuer und Stein, Spezialist fir Gaskaminen a Gasheizungskaminen.\" \/>\n<meta property=\"og:description\" content=\"Flammenromantik, W\u00e4ermt an e Feiererliefnes mat engem Kn\u00e4ppchendrock: Gaskaminen a Gaskaminen mat speziellen Heizas\u00e4tz si perfekt...\" \/>\n<meta property=\"og:url\" content=\"https:\/\/www.feuerundstein.com\/kamineofen\/gaskamin\/\" \/>\n<meta property=\"og:site_name\" content=\"Feuer und Stein S\u00e0rl Luxembourg\" \/>\n<meta property=\"og:image\" content=\"https:\/\/www.feuerundstein.com\/wp-content\/uploads\/2026\/04\/FeuerStein_09Oktober2024_JM_00011-1030x687.jpg\" \/>\n\t<meta property=\"og:image:width\" content=\"1030\" \/>\n\t<meta property=\"og:image:height\" content=\"687\" \/>\n\t<meta property=\"og:image:type\" content=\"image\/jpeg\" \/>\n<meta name=\"twitter:card\" content=\"summary_large_image\" \/>\n<meta name=\"twitter:label1\" content=\"Est. reading time\" \/>\n\t<meta name=\"twitter:data1\" content=\"1 minute\" \/>\n<script type=\"application\/ld+json\" class=\"yoast-schema-graph\">{\"@context\":\"https:\\\/\\\/schema.org\",\"@graph\":[{\"@type\":\"WebPage\",\"@id\":\"https:\\\/\\\/www.feuerundstein.com\\\/kamineofen\\\/gaskamin\\\/\",\"url\":\"https:\\\/\\\/www.feuerundstein.com\\\/kamineofen\\\/gaskamin\\\/\",\"name\":\"Feuer und Stein, Spezialist fir Gaskaminen a Gasheizungskaminen.\",\"isPartOf\":{\"@id\":\"https:\\\/\\\/www.feuerundstein.com\\\/#website\"},\"primaryImageOfPage\":{\"@id\":\"https:\\\/\\\/www.feuerundstein.com\\\/kamineofen\\\/gaskamin\\\/#primaryimage\"},\"image\":{\"@id\":\"https:\\\/\\\/www.feuerundstein.com\\\/kamineofen\\\/gaskamin\\\/#primaryimage\"},\"thumbnailUrl\":\"https:\\\/\\\/www.feuerundstein.com\\\/wp-content\\\/uploads\\\/2026\\\/04\\\/FeuerStein_09Oktober2024_JM_00011-scaled.jpg\",\"datePublished\":\"2026-04-20T14:00:15+00:00\",\"description\":\"Flammenromantik, W\u00e4ermt an e Feiererliefnes mat engem Kn\u00e4ppchendrock: Gaskaminen a Gaskaminen mat speziellen Heizas\u00e4tz si perfekt...\",\"breadcrumb\":{\"@id\":\"https:\\\/\\\/www.feuerundstein.com\\\/kamineofen\\\/gaskamin\\\/#breadcrumb\"},\"inLanguage\":\"lu-LU\",\"potentialAction\":[{\"@type\":\"ReadAction\",\"target\":[\"https:\\\/\\\/www.feuerundstein.com\\\/kamineofen\\\/gaskamin\\\/\"]}]},{\"@type\":\"ImageObject\",\"inLanguage\":\"lu-LU\",\"@id\":\"https:\\\/\\\/www.feuerundstein.com\\\/kamineofen\\\/gaskamin\\\/#primaryimage\",\"url\":\"https:\\\/\\\/www.feuerundstein.com\\\/wp-content\\\/uploads\\\/2026\\\/04\\\/FeuerStein_09Oktober2024_JM_00011-scaled.jpg\",\"contentUrl\":\"https:\\\/\\\/www.feuerundstein.com\\\/wp-content\\\/uploads\\\/2026\\\/04\\\/FeuerStein_09Oktober2024_JM_00011-scaled.jpg\",\"width\":2560,\"height\":1707},{\"@type\":\"BreadcrumbList\",\"@id\":\"https:\\\/\\\/www.feuerundstein.com\\\/kamineofen\\\/gaskamin\\\/#breadcrumb\",\"itemListElement\":[{\"@type\":\"ListItem\",\"position\":1,\"name\":\"Startseite\",\"item\":\"https:\\\/\\\/www.feuerundstein.com\\\/lu\\\/home\\\/\"},{\"@type\":\"ListItem\",\"position\":2,\"name\":\"Kam\u00e4iner\\\/Uewen\",\"item\":\"https:\\\/\\\/www.feuerundstein.com\\\/lu\\\/kamaeiner-uewen\\\/\"},{\"@type\":\"ListItem\",\"position\":3,\"name\":\"Gaskamin\"}]},{\"@type\":\"WebSite\",\"@id\":\"https:\\\/\\\/www.feuerundstein.com\\\/#website\",\"url\":\"https:\\\/\\\/www.feuerundstein.com\\\/\",\"name\":\"Feuer und Stein S\u00e0rl Luxembourg\",\"description\":\"Fireplace and Wood floor expert\",\"potentialAction\":[{\"@type\":\"SearchAction\",\"target\":{\"@type\":\"EntryPoint\",\"urlTemplate\":\"https:\\\/\\\/www.feuerundstein.com\\\/?s={search_term_string}\"},\"query-input\":{\"@type\":\"PropertyValueSpecification\",\"valueRequired\":true,\"valueName\":\"search_term_string\"}}],\"inLanguage\":\"lu-LU\"}]}<\/script>\n<!-- \/ Yoast SEO plugin. -->","yoast_head_json":{"title":"Feuer und Stein, Spezialist fir Gaskaminen a Gasheizungskaminen.","description":"Flammenromantik, W\u00e4ermt an e Feiererliefnes mat engem Kn\u00e4ppchendrock: Gaskaminen a Gaskaminen mat speziellen Heizas\u00e4tz si perfekt...","robots":{"index":"index","follow":"follow","max-snippet":"max-snippet:-1","max-image-preview":"max-image-preview:large","max-video-preview":"max-video-preview:-1"},"canonical":"https:\/\/www.feuerundstein.com\/kamineofen\/gaskamin\/","og_locale":"en_US","og_type":"article","og_title":"Feuer und Stein, Spezialist fir Gaskaminen a Gasheizungskaminen.","og_description":"Flammenromantik, W\u00e4ermt an e Feiererliefnes mat engem Kn\u00e4ppchendrock: Gaskaminen a Gaskaminen mat speziellen Heizas\u00e4tz si perfekt...","og_url":"https:\/\/www.feuerundstein.com\/kamineofen\/gaskamin\/","og_site_name":"Feuer und Stein S\u00e0rl Luxembourg","og_image":[{"width":1030,"height":687,"url":"https:\/\/www.feuerundstein.com\/wp-content\/uploads\/2026\/04\/FeuerStein_09Oktober2024_JM_00011-1030x687.jpg","type":"image\/jpeg"}],"twitter_card":"summary_large_image","twitter_misc":{"Est. reading time":"1 minute"},"schema":{"@context":"https:\/\/schema.org","@graph":[{"@type":"WebPage","@id":"https:\/\/www.feuerundstein.com\/kamineofen\/gaskamin\/","url":"https:\/\/www.feuerundstein.com\/kamineofen\/gaskamin\/","name":"Feuer und Stein, Spezialist fir Gaskaminen a Gasheizungskaminen.","isPartOf":{"@id":"https:\/\/www.feuerundstein.com\/#website"},"primaryImageOfPage":{"@id":"https:\/\/www.feuerundstein.com\/kamineofen\/gaskamin\/#primaryimage"},"image":{"@id":"https:\/\/www.feuerundstein.com\/kamineofen\/gaskamin\/#primaryimage"},"thumbnailUrl":"https:\/\/www.feuerundstein.com\/wp-content\/uploads\/2026\/04\/FeuerStein_09Oktober2024_JM_00011-scaled.jpg","datePublished":"2026-04-20T14:00:15+00:00","description":"Flammenromantik, W\u00e4ermt an e Feiererliefnes mat engem Kn\u00e4ppchendrock: Gaskaminen a Gaskaminen mat speziellen Heizas\u00e4tz si perfekt...","breadcrumb":{"@id":"https:\/\/www.feuerundstein.com\/kamineofen\/gaskamin\/#breadcrumb"},"inLanguage":"lu-LU","potentialAction":[{"@type":"ReadAction","target":["https:\/\/www.feuerundstein.com\/kamineofen\/gaskamin\/"]}]},{"@type":"ImageObject","inLanguage":"lu-LU","@id":"https:\/\/www.feuerundstein.com\/kamineofen\/gaskamin\/#primaryimage","url":"https:\/\/www.feuerundstein.com\/wp-content\/uploads\/2026\/04\/FeuerStein_09Oktober2024_JM_00011-scaled.jpg","contentUrl":"https:\/\/www.feuerundstein.com\/wp-content\/uploads\/2026\/04\/FeuerStein_09Oktober2024_JM_00011-scaled.jpg","width":2560,"height":1707},{"@type":"BreadcrumbList","@id":"https:\/\/www.feuerundstein.com\/kamineofen\/gaskamin\/#breadcrumb","itemListElement":[{"@type":"ListItem","position":1,"name":"Startseite","item":"https:\/\/www.feuerundstein.com\/lu\/home\/"},{"@type":"ListItem","position":2,"name":"Kam\u00e4iner\/Uewen","item":"https:\/\/www.feuerundstein.com\/lu\/kamaeiner-uewen\/"},{"@type":"ListItem","position":3,"name":"Gaskamin"}]},{"@type":"WebSite","@id":"https:\/\/www.feuerundstein.com\/#website","url":"https:\/\/www.feuerundstein.com\/","name":"Feuer und Stein S\u00e0rl Luxembourg","description":"Fireplace and Wood floor expert","potentialAction":[{"@type":"SearchAction","target":{"@type":"EntryPoint","urlTemplate":"https:\/\/www.feuerundstein.com\/?s={search_term_string}"},"query-input":{"@type":"PropertyValueSpecification","valueRequired":true,"valueName":"search_term_string"}}],"inLanguage":"lu-LU"}]}},"_links":{"self":[{"href":"https:\/\/www.feuerundstein.com\/lu\/wp-json\/wp\/v2\/pages\/8287","targetHints":{"allow":["GET"]}}],"collection":[{"href":"https:\/\/www.feuerundstein.com\/lu\/wp-json\/wp\/v2\/pages"}],"about":[{"href":"https:\/\/www.feuerundstein.com\/lu\/wp-json\/wp\/v2\/types\/page"}],"author":[{"embeddable":true,"href":"https:\/\/www.feuerundstein.com\/lu\/wp-json\/wp\/v2\/users\/1"}],"replies":[{"embeddable":true,"href":"https:\/\/www.feuerundstein.com\/lu\/wp-json\/wp\/v2\/comments?post=8287"}],"version-history":[{"count":0,"href":"https:\/\/www.feuerundstein.com\/lu\/wp-json\/wp\/v2\/pages\/8287\/revisions"}],"up":[{"embeddable":true,"href":"https:\/\/www.feuerundstein.com\/lu\/wp-json\/wp\/v2\/pages\/8101"}],"wp:featuredmedia":[{"embeddable":true,"href":"https:\/\/www.feuerundstein.com\/lu\/wp-json\/wp\/v2\/media\/7818"}],"wp:attachment":[{"href":"https:\/\/www.feuerundstein.com\/lu\/wp-json\/wp\/v2\/media?parent=8287"}],"curies":[{"name":"wp","href":"https:\/\/api.w.org\/{rel}","templated":true}]}}