{"id":8345,"date":"2026-04-21T07:55:06","date_gmt":"2026-04-21T07:55:06","guid":{"rendered":"https:\/\/www.feuerundstein.com\/kamaeiner-uewen\/niddregenergie-a-passivhaiser\/"},"modified":"2026-04-21T07:55:06","modified_gmt":"2026-04-21T07:55:06","slug":"niddregenergie-a-passivhaiser","status":"publish","type":"page","link":"https:\/\/www.feuerundstein.com\/lu\/kamaeiner-uewen\/niddregenergie-a-passivhaiser\/","title":{"rendered":"Niddregenergie- a Passivhaiser"},"content":{"rendered":"\n<style type=\"text\/css\" data-created_by=\"avia_inline_auto\" id=\"style-css-av-2ewyob-00052923925d62b06b7244197799ceef\">\n.flex_column.av-2ewyob-00052923925d62b06b7244197799ceef{\nborder-radius:0px 0px 0px 0px;\npadding:0px 0px 0px 0px;\n}\n<\/style>\n<div  class='flex_column av-2ewyob-00052923925d62b06b7244197799ceef av_one_full  avia-builder-el-0  el_before_av_gallery  avia-builder-el-first  first flex_column_div av-zero-column-padding  '     ><section  class='av_textblock_section av-jk3p7wib-e96c2ef7d3e134c9e3a52074af37ff8e '   itemscope=\"itemscope\" itemtype=\"https:\/\/schema.org\/CreativeWork\" ><div class='avia_textblock'  itemprop=\"text\" ><h2>Niddregenergie- a Passivhaiser<\/h2>\n<p>Z\u00ebnter 2017 d\u00e4erfen zu L\u00ebtzebuerg offiziell n\u00ebmme Passivhaiser gebaut ginn. D&#8217;Zuel vun Niddregenergie- a Passivhaiser kl\u00ebmmt och an D\u00e4itschland st\u00e4nneg. D\u00ebst werft natierlech d&#8217;Fro op: <strong>Passt e Holzuewen oder e Kam\u00e4in a m\u00e4i Wunnkonzept?<\/strong><\/p>\n<p>Bauh\u00e4ren oder Bes\u00ebtzer vun Niddregenergie- oder Passivhaiser gleewen dacks, datt e Kam\u00e4in oder e Holzuewen zu enger Iwwerh\u00ebtzung vum Wunnraum f\u00e9iere kann oder d&#8217;Loftdichtheet vum Haus a Gefor br\u00e9nge kann.<\/p>\n<p>Genau fir d\u00ebs Zort Haiser g\u00ebtt et<strong> speziell entw\u00e9ckelt Uewen a Kam\u00e4insystemer, d\u00e9i et erm\u00e9iglechen<\/strong>, och an d\u00ebse Wunnkonzepter e gemittlecht Feier ze gen\u00e9issen.<\/p>\n<p>Erkl\u00e4rung:<\/p>\n<p>An Niddregenergie- a Passivhaiser <strong>mussen<\/strong> d&#8217;Kam\u00e4iner an d&#8217;Uewen <strong>onofh\u00e4ngeg<\/strong> <strong>vun der Raumloftzoufuhr<\/strong> bedriwwe ginn. D&#8217;Verbrennungsloft, d\u00e9i dofir gebraucht g\u00ebtt, d\u00e4erf net aus dem Raum selwer ofgezunn ginn, m\u00e4 muss <strong>vun dobausse geliwwert ginn<\/strong>.<\/p>\n<p>W\u00e9inst der loftdichter Konstruktioun kann sech bannent Minutten en gef\u00e9ierlechen \u00cbnnerdrock am Gebai entw\u00e9ckelen. D\u00ebst kann dozou f\u00e9ieren, datt Ofgaser w\u00e4hrend der Verbrennung an de Wunnraum kommen. D\u00ebst kann verh\u00ebnnert ginn, andeems eng S\u00e9cherheetsvorrichtung a Form vun engem Negativdrockmonitor install\u00e9iert g\u00ebtt. D\u00ebsen Apparat erkennt den Negativdrock am Gebai a kann d&#8217;Bel\u00ebftungssystem ausschalten, wouduerch den Drock direkt ausgeglach ka ginn an d&#8217;Gefor elimin\u00e9iert g\u00ebtt.<\/p>\n<p>Fir datt d\u00ebst funktion\u00e9iert, mussen all Kam\u00e4iner an Uewen permanent loftdicht entworf sinn. D\u00ebs Loftdichtheet g\u00ebtt entweder duerch extern D\u00e4mpfer erreecht, d\u00e9i d&#8217;Verbrennungsloftzufuhr an den Ofgasstroum regul\u00e9ieren, oder andeems een en DIBt-zertifiz\u00e9ierten Uewen oder Asaz wielt.<\/p>\n<p>Bei DIBt-zertifiz\u00e9ierten Uewen oder As\u00e4tz sinn extern D\u00e4mpfer an eng S\u00e9cherheetsvorrichtung (Negativdrockmonitor) net erfuerderlech.<\/p>\n<p>Mir beroden Iech g\u00e4ren pers\u00e9inlech zu d\u00ebsem Thema an eisem Showroom.<\/p>\n<\/div><\/section><\/div>\n\n<style type=\"text\/css\" data-created_by=\"avia_inline_auto\" id=\"style-css-av-jk3udin7-b68fb52c4fc37687c6ce8d6bb59e5593\">\n#top .avia-gallery.av-jk3udin7-b68fb52c4fc37687c6ce8d6bb59e5593 .avia-gallery-thumb a{\nwidth:20%;\n}\n<\/style>\n<div  class='avia-gallery av-jk3udin7-b68fb52c4fc37687c6ce8d6bb59e5593 avia_animate_when_visible  avia-builder-el-2  el_after_av_one_full  avia-builder-el-last  avia_lazyload avia-gallery-animate avia-gallery-1'  itemprop=\"image\" itemscope=\"itemscope\" itemtype=\"https:\/\/schema.org\/ImageObject\" ><meta itemprop=\"contentURL\" content=\"https:\/\/www.feuerundstein.com\/lu\/kamaeiner-uewen\/niddregenergie-a-passivhaiser\/\"><div class='avia-gallery-thumb'><a href=\"https:\/\/www.feuerundstein.com\/wp-content\/uploads\/2018\/07\/TONWERK.jpg\" data-srcset=\"https:\/\/www.feuerundstein.com\/wp-content\/uploads\/2018\/07\/TONWERK.jpg 600w, https:\/\/www.feuerundstein.com\/wp-content\/uploads\/2018\/07\/TONWERK-300x243.jpg 300w, https:\/\/www.feuerundstein.com\/wp-content\/uploads\/2018\/07\/TONWERK-495x400.jpg 495w, https:\/\/www.feuerundstein.com\/wp-content\/uploads\/2018\/07\/TONWERK-450x365.jpg 450w\" data-sizes=\"(max-width: 600px) 100vw, 600px\" data-rel='gallery-1' data-prev-img='https:\/\/www.feuerundstein.com\/wp-content\/uploads\/2018\/07\/TONWERK-495x400.jpg' class='first_thumb lightbox ' data-onclick='1' title='Tonwerk &#8211; T-Sky eco2'  itemprop=\"thumbnailUrl\"  ><img decoding=\"async\" fetchpriority=\"high\" class=\"wp-image-7844 avia-img-lazy-loading-not-7844\"  data-avia-tooltip='Tonwerk &#8211; T-Sky eco2' src=\"https:\/\/www.feuerundstein.com\/wp-content\/uploads\/2018\/07\/TONWERK-495x400.jpg\" width=\"495\" height=\"400\"  title='TONWERK' alt='' srcset=\"https:\/\/www.feuerundstein.com\/wp-content\/uploads\/2018\/07\/TONWERK-495x400.jpg 495w, https:\/\/www.feuerundstein.com\/wp-content\/uploads\/2018\/07\/TONWERK-300x243.jpg 300w, https:\/\/www.feuerundstein.com\/wp-content\/uploads\/2018\/07\/TONWERK.jpg 600w, https:\/\/www.feuerundstein.com\/wp-content\/uploads\/2018\/07\/TONWERK-450x365.jpg 450w\" sizes=\"(max-width: 495px) 100vw, 495px\" \/><div class='big-prev-fake'><img decoding=\"async\" loading=\"lazy\" class=\"wp-image-7844 avia-img-lazy-loading-7844\"  width=\"495\" height=\"400\" src=\"https:\/\/www.feuerundstein.com\/wp-content\/uploads\/2018\/07\/TONWERK-495x400.jpg\" title='TONWERK' alt='' srcset=\"https:\/\/www.feuerundstein.com\/wp-content\/uploads\/2018\/07\/TONWERK-495x400.jpg 495w, https:\/\/www.feuerundstein.com\/wp-content\/uploads\/2018\/07\/TONWERK-300x243.jpg 300w, https:\/\/www.feuerundstein.com\/wp-content\/uploads\/2018\/07\/TONWERK.jpg 600w, https:\/\/www.feuerundstein.com\/wp-content\/uploads\/2018\/07\/TONWERK-450x365.jpg 450w\" sizes=\"auto, (max-width: 495px) 100vw, 495px\" \/><\/div><\/a><a href=\"https:\/\/www.feuerundstein.com\/wp-content\/uploads\/2018\/07\/EkkoU100_Emotion.jpg\" data-srcset=\"https:\/\/www.feuerundstein.com\/wp-content\/uploads\/2018\/07\/EkkoU100_Emotion.jpg 700w, https:\/\/www.feuerundstein.com\/wp-content\/uploads\/2018\/07\/EkkoU100_Emotion-300x203.jpg 300w, https:\/\/www.feuerundstein.com\/wp-content\/uploads\/2018\/07\/EkkoU100_Emotion-600x406.jpg 600w, https:\/\/www.feuerundstein.com\/wp-content\/uploads\/2018\/07\/EkkoU100_Emotion-450x305.jpg 450w\" data-sizes=\"(max-width: 700px) 100vw, 700px\" data-rel='gallery-1' data-prev-img='https:\/\/www.feuerundstein.com\/wp-content\/uploads\/2018\/07\/EkkoU100_Emotion-495x400.jpg' class='lightbox ' data-onclick='2' title='Schmid '  itemprop=\"thumbnailUrl\"  ><img decoding=\"async\" fetchpriority=\"high\" class=\"wp-image-8303 avia-img-lazy-loading-not-8303\"  data-avia-tooltip='Schmid ' src=\"https:\/\/www.feuerundstein.com\/wp-content\/uploads\/2018\/07\/EkkoU100_Emotion-495x400.jpg\" width=\"495\" height=\"400\"  title='EkkoU100_Emotion' alt='' \/><div class='big-prev-fake'><img decoding=\"async\" loading=\"lazy\" class=\"wp-image-8303 avia-img-lazy-loading-8303\"  width=\"495\" height=\"400\" src=\"https:\/\/www.feuerundstein.com\/wp-content\/uploads\/2018\/07\/EkkoU100_Emotion-495x400.jpg\" title='EkkoU100_Emotion' alt='' \/><\/div><\/a><a href=\"https:\/\/www.feuerundstein.com\/wp-content\/uploads\/2018\/07\/SPARTHERM_Varia_ASh-2L-4S-1-1030x671.jpg\" data-srcset=\"https:\/\/www.feuerundstein.com\/wp-content\/uploads\/2018\/07\/SPARTHERM_Varia_ASh-2L-4S-1-1030x671.jpg 1030w, https:\/\/www.feuerundstein.com\/wp-content\/uploads\/2018\/07\/SPARTHERM_Varia_ASh-2L-4S-1-300x196.jpg 300w, https:\/\/www.feuerundstein.com\/wp-content\/uploads\/2018\/07\/SPARTHERM_Varia_ASh-2L-4S-1-768x501.jpg 768w, https:\/\/www.feuerundstein.com\/wp-content\/uploads\/2018\/07\/SPARTHERM_Varia_ASh-2L-4S-1-600x391.jpg 600w, https:\/\/www.feuerundstein.com\/wp-content\/uploads\/2018\/07\/SPARTHERM_Varia_ASh-2L-4S-1-705x459.jpg 705w, https:\/\/www.feuerundstein.com\/wp-content\/uploads\/2018\/07\/SPARTHERM_Varia_ASh-2L-4S-1-450x293.jpg 450w, https:\/\/www.feuerundstein.com\/wp-content\/uploads\/2018\/07\/SPARTHERM_Varia_ASh-2L-4S-1.jpg 1473w\" data-sizes=\"(max-width: 1030px) 100vw, 1030px\" data-rel='gallery-1' data-prev-img='https:\/\/www.feuerundstein.com\/wp-content\/uploads\/2018\/07\/SPARTHERM_Varia_ASh-2L-4S-1-495x400.jpg' class='lightbox ' data-onclick='3' title='Spartherm'  itemprop=\"thumbnailUrl\"  ><img decoding=\"async\" fetchpriority=\"high\" class=\"wp-image-8314 avia-img-lazy-loading-not-8314\"  data-avia-tooltip='Spartherm' src=\"https:\/\/www.feuerundstein.com\/wp-content\/uploads\/2018\/07\/SPARTHERM_Varia_ASh-2L-4S-1-495x400.jpg\" width=\"495\" height=\"400\"  title='SPARTHERM_Varia_ASh-2L-4S' alt='' srcset=\"https:\/\/www.feuerundstein.com\/wp-content\/uploads\/2018\/07\/SPARTHERM_Varia_ASh-2L-4S-1-495x400.jpg 495w, https:\/\/www.feuerundstein.com\/wp-content\/uploads\/2018\/07\/SPARTHERM_Varia_ASh-2L-4S-1-845x684.jpg 845w\" sizes=\"(max-width: 495px) 100vw, 495px\" \/><div class='big-prev-fake'><img decoding=\"async\" loading=\"lazy\" class=\"wp-image-8314 avia-img-lazy-loading-8314\"  width=\"495\" height=\"400\" src=\"https:\/\/www.feuerundstein.com\/wp-content\/uploads\/2018\/07\/SPARTHERM_Varia_ASh-2L-4S-1-495x400.jpg\" title='SPARTHERM_Varia_ASh-2L-4S' alt='' srcset=\"https:\/\/www.feuerundstein.com\/wp-content\/uploads\/2018\/07\/SPARTHERM_Varia_ASh-2L-4S-1-495x400.jpg 495w, https:\/\/www.feuerundstein.com\/wp-content\/uploads\/2018\/07\/SPARTHERM_Varia_ASh-2L-4S-1-845x684.jpg 845w\" sizes=\"auto, (max-width: 495px) 100vw, 495px\" \/><\/div><\/a><a href=\"https:\/\/www.feuerundstein.com\/wp-content\/uploads\/2018\/06\/GP110_55C-1030x687.jpg\" data-srcset=\"https:\/\/www.feuerundstein.com\/wp-content\/uploads\/2018\/06\/GP110_55C-1030x687.jpg 1030w, https:\/\/www.feuerundstein.com\/wp-content\/uploads\/2018\/06\/GP110_55C-300x200.jpg 300w, https:\/\/www.feuerundstein.com\/wp-content\/uploads\/2018\/06\/GP110_55C-768x512.jpg 768w, https:\/\/www.feuerundstein.com\/wp-content\/uploads\/2018\/06\/GP110_55C-600x400.jpg 600w, https:\/\/www.feuerundstein.com\/wp-content\/uploads\/2018\/06\/GP110_55C-1500x1001.jpg 1500w, https:\/\/www.feuerundstein.com\/wp-content\/uploads\/2018\/06\/GP110_55C-705x470.jpg 705w, https:\/\/www.feuerundstein.com\/wp-content\/uploads\/2018\/06\/GP110_55C-450x300.jpg 450w\" data-sizes=\"(max-width: 1030px) 100vw, 1030px\" data-rel='gallery-1' data-prev-img='https:\/\/www.feuerundstein.com\/wp-content\/uploads\/2018\/06\/GP110_55C-495x400.jpg' class='lightbox ' data-onclick='4' title='Kalfire'  itemprop=\"thumbnailUrl\"  ><img decoding=\"async\" fetchpriority=\"high\" class=\"wp-image-8343 avia-img-lazy-loading-not-8343\"  data-avia-tooltip='Kalfire' src=\"https:\/\/www.feuerundstein.com\/wp-content\/uploads\/2018\/06\/GP110_55C-495x400.jpg\" width=\"495\" height=\"400\"  title='GP110_55C' alt='' srcset=\"https:\/\/www.feuerundstein.com\/wp-content\/uploads\/2018\/06\/GP110_55C-495x400.jpg 495w, https:\/\/www.feuerundstein.com\/wp-content\/uploads\/2018\/06\/GP110_55C-845x684.jpg 845w\" sizes=\"(max-width: 495px) 100vw, 495px\" \/><div class='big-prev-fake'><img decoding=\"async\" loading=\"lazy\" class=\"wp-image-8343 avia-img-lazy-loading-8343\"  width=\"495\" height=\"400\" src=\"https:\/\/www.feuerundstein.com\/wp-content\/uploads\/2018\/06\/GP110_55C-495x400.jpg\" title='GP110_55C' alt='' srcset=\"https:\/\/www.feuerundstein.com\/wp-content\/uploads\/2018\/06\/GP110_55C-495x400.jpg 495w, https:\/\/www.feuerundstein.com\/wp-content\/uploads\/2018\/06\/GP110_55C-845x684.jpg 845w\" sizes=\"auto, (max-width: 495px) 100vw, 495px\" \/><\/div><\/a><\/div><\/div>\n","protected":false},"excerpt":{"rendered":"","protected":false},"author":1,"featured_media":8344,"parent":8101,"menu_order":0,"comment_status":"closed","ping_status":"closed","template":"","meta":{"footnotes":""},"class_list":["post-8345","page","type-page","status-publish","has-post-thumbnail","hentry"],"yoast_head":"<!-- This site is optimized with the Yoast SEO plugin v27.4 - https:\/\/yoast.com\/product\/yoast-seo-wordpress\/ -->\n<title>Niddregenergie- a Passivhaiser - Feuer und Stein S\u00e0rl Luxembourg<\/title>\n<meta name=\"robots\" content=\"index, follow, max-snippet:-1, max-image-preview:large, max-video-preview:-1\" \/>\n<link rel=\"canonical\" href=\"https:\/\/www.feuerundstein.com\/lu\/kamaeiner-uewen\/niddregenergie-a-passivhaiser\/\" \/>\n<meta property=\"og:locale\" content=\"en_US\" \/>\n<meta property=\"og:type\" content=\"article\" \/>\n<meta property=\"og:title\" content=\"Niddregenergie- a Passivhaiser - Feuer und Stein S\u00e0rl Luxembourg\" \/>\n<meta property=\"og:url\" content=\"https:\/\/www.feuerundstein.com\/lu\/kamaeiner-uewen\/niddregenergie-a-passivhaiser\/\" \/>\n<meta property=\"og:site_name\" content=\"Feuer und Stein S\u00e0rl Luxembourg\" \/>\n<meta property=\"og:image\" content=\"https:\/\/www.feuerundstein.com\/wp-content\/uploads\/2018\/07\/Premium_A3RL_80h.jpg\" \/>\n\t<meta property=\"og:image:width\" content=\"1024\" \/>\n\t<meta property=\"og:image:height\" content=\"734\" \/>\n\t<meta property=\"og:image:type\" content=\"image\/jpeg\" \/>\n<meta name=\"twitter:card\" content=\"summary_large_image\" \/>\n<meta name=\"twitter:label1\" content=\"Est. reading time\" \/>\n\t<meta name=\"twitter:data1\" content=\"2 minutes\" \/>\n<script type=\"application\/ld+json\" class=\"yoast-schema-graph\">{\"@context\":\"https:\\\/\\\/schema.org\",\"@graph\":[{\"@type\":\"WebPage\",\"@id\":\"https:\\\/\\\/www.feuerundstein.com\\\/lu\\\/kamaeiner-uewen\\\/niddregenergie-a-passivhaiser\\\/\",\"url\":\"https:\\\/\\\/www.feuerundstein.com\\\/lu\\\/kamaeiner-uewen\\\/niddregenergie-a-passivhaiser\\\/\",\"name\":\"Niddregenergie- a Passivhaiser - Feuer und Stein S\u00e0rl Luxembourg\",\"isPartOf\":{\"@id\":\"https:\\\/\\\/www.feuerundstein.com\\\/#website\"},\"primaryImageOfPage\":{\"@id\":\"https:\\\/\\\/www.feuerundstein.com\\\/lu\\\/kamaeiner-uewen\\\/niddregenergie-a-passivhaiser\\\/#primaryimage\"},\"image\":{\"@id\":\"https:\\\/\\\/www.feuerundstein.com\\\/lu\\\/kamaeiner-uewen\\\/niddregenergie-a-passivhaiser\\\/#primaryimage\"},\"thumbnailUrl\":\"https:\\\/\\\/www.feuerundstein.com\\\/wp-content\\\/uploads\\\/2018\\\/07\\\/Premium_A3RL_80h.jpg\",\"datePublished\":\"2026-04-21T07:55:06+00:00\",\"breadcrumb\":{\"@id\":\"https:\\\/\\\/www.feuerundstein.com\\\/lu\\\/kamaeiner-uewen\\\/niddregenergie-a-passivhaiser\\\/#breadcrumb\"},\"inLanguage\":\"lu-LU\",\"potentialAction\":[{\"@type\":\"ReadAction\",\"target\":[\"https:\\\/\\\/www.feuerundstein.com\\\/lu\\\/kamaeiner-uewen\\\/niddregenergie-a-passivhaiser\\\/\"]}]},{\"@type\":\"ImageObject\",\"inLanguage\":\"lu-LU\",\"@id\":\"https:\\\/\\\/www.feuerundstein.com\\\/lu\\\/kamaeiner-uewen\\\/niddregenergie-a-passivhaiser\\\/#primaryimage\",\"url\":\"https:\\\/\\\/www.feuerundstein.com\\\/wp-content\\\/uploads\\\/2018\\\/07\\\/Premium_A3RL_80h.jpg\",\"contentUrl\":\"https:\\\/\\\/www.feuerundstein.com\\\/wp-content\\\/uploads\\\/2018\\\/07\\\/Premium_A3RL_80h.jpg\",\"width\":1024,\"height\":734,\"caption\":\"Spartherm\"},{\"@type\":\"BreadcrumbList\",\"@id\":\"https:\\\/\\\/www.feuerundstein.com\\\/lu\\\/kamaeiner-uewen\\\/niddregenergie-a-passivhaiser\\\/#breadcrumb\",\"itemListElement\":[{\"@type\":\"ListItem\",\"position\":1,\"name\":\"Startseite\",\"item\":\"https:\\\/\\\/www.feuerundstein.com\\\/lu\\\/home\\\/\"},{\"@type\":\"ListItem\",\"position\":2,\"name\":\"Kam\u00e4iner\\\/Uewen\",\"item\":\"https:\\\/\\\/www.feuerundstein.com\\\/lu\\\/kamaeiner-uewen\\\/\"},{\"@type\":\"ListItem\",\"position\":3,\"name\":\"Niddregenergie- a Passivhaiser\"}]},{\"@type\":\"WebSite\",\"@id\":\"https:\\\/\\\/www.feuerundstein.com\\\/#website\",\"url\":\"https:\\\/\\\/www.feuerundstein.com\\\/\",\"name\":\"Feuer und Stein S\u00e0rl Luxembourg\",\"description\":\"Fireplace and Wood floor expert\",\"potentialAction\":[{\"@type\":\"SearchAction\",\"target\":{\"@type\":\"EntryPoint\",\"urlTemplate\":\"https:\\\/\\\/www.feuerundstein.com\\\/?s={search_term_string}\"},\"query-input\":{\"@type\":\"PropertyValueSpecification\",\"valueRequired\":true,\"valueName\":\"search_term_string\"}}],\"inLanguage\":\"lu-LU\"}]}<\/script>\n<!-- \/ Yoast SEO plugin. -->","yoast_head_json":{"title":"Niddregenergie- a Passivhaiser - Feuer und Stein S\u00e0rl Luxembourg","robots":{"index":"index","follow":"follow","max-snippet":"max-snippet:-1","max-image-preview":"max-image-preview:large","max-video-preview":"max-video-preview:-1"},"canonical":"https:\/\/www.feuerundstein.com\/lu\/kamaeiner-uewen\/niddregenergie-a-passivhaiser\/","og_locale":"en_US","og_type":"article","og_title":"Niddregenergie- a Passivhaiser - Feuer und Stein S\u00e0rl Luxembourg","og_url":"https:\/\/www.feuerundstein.com\/lu\/kamaeiner-uewen\/niddregenergie-a-passivhaiser\/","og_site_name":"Feuer und Stein S\u00e0rl Luxembourg","og_image":[{"width":1024,"height":734,"url":"https:\/\/www.feuerundstein.com\/wp-content\/uploads\/2018\/07\/Premium_A3RL_80h.jpg","type":"image\/jpeg"}],"twitter_card":"summary_large_image","twitter_misc":{"Est. reading time":"2 minutes"},"schema":{"@context":"https:\/\/schema.org","@graph":[{"@type":"WebPage","@id":"https:\/\/www.feuerundstein.com\/lu\/kamaeiner-uewen\/niddregenergie-a-passivhaiser\/","url":"https:\/\/www.feuerundstein.com\/lu\/kamaeiner-uewen\/niddregenergie-a-passivhaiser\/","name":"Niddregenergie- a Passivhaiser - Feuer und Stein S\u00e0rl Luxembourg","isPartOf":{"@id":"https:\/\/www.feuerundstein.com\/#website"},"primaryImageOfPage":{"@id":"https:\/\/www.feuerundstein.com\/lu\/kamaeiner-uewen\/niddregenergie-a-passivhaiser\/#primaryimage"},"image":{"@id":"https:\/\/www.feuerundstein.com\/lu\/kamaeiner-uewen\/niddregenergie-a-passivhaiser\/#primaryimage"},"thumbnailUrl":"https:\/\/www.feuerundstein.com\/wp-content\/uploads\/2018\/07\/Premium_A3RL_80h.jpg","datePublished":"2026-04-21T07:55:06+00:00","breadcrumb":{"@id":"https:\/\/www.feuerundstein.com\/lu\/kamaeiner-uewen\/niddregenergie-a-passivhaiser\/#breadcrumb"},"inLanguage":"lu-LU","potentialAction":[{"@type":"ReadAction","target":["https:\/\/www.feuerundstein.com\/lu\/kamaeiner-uewen\/niddregenergie-a-passivhaiser\/"]}]},{"@type":"ImageObject","inLanguage":"lu-LU","@id":"https:\/\/www.feuerundstein.com\/lu\/kamaeiner-uewen\/niddregenergie-a-passivhaiser\/#primaryimage","url":"https:\/\/www.feuerundstein.com\/wp-content\/uploads\/2018\/07\/Premium_A3RL_80h.jpg","contentUrl":"https:\/\/www.feuerundstein.com\/wp-content\/uploads\/2018\/07\/Premium_A3RL_80h.jpg","width":1024,"height":734,"caption":"Spartherm"},{"@type":"BreadcrumbList","@id":"https:\/\/www.feuerundstein.com\/lu\/kamaeiner-uewen\/niddregenergie-a-passivhaiser\/#breadcrumb","itemListElement":[{"@type":"ListItem","position":1,"name":"Startseite","item":"https:\/\/www.feuerundstein.com\/lu\/home\/"},{"@type":"ListItem","position":2,"name":"Kam\u00e4iner\/Uewen","item":"https:\/\/www.feuerundstein.com\/lu\/kamaeiner-uewen\/"},{"@type":"ListItem","position":3,"name":"Niddregenergie- a Passivhaiser"}]},{"@type":"WebSite","@id":"https:\/\/www.feuerundstein.com\/#website","url":"https:\/\/www.feuerundstein.com\/","name":"Feuer und Stein S\u00e0rl Luxembourg","description":"Fireplace and Wood floor expert","potentialAction":[{"@type":"SearchAction","target":{"@type":"EntryPoint","urlTemplate":"https:\/\/www.feuerundstein.com\/?s={search_term_string}"},"query-input":{"@type":"PropertyValueSpecification","valueRequired":true,"valueName":"search_term_string"}}],"inLanguage":"lu-LU"}]}},"_links":{"self":[{"href":"https:\/\/www.feuerundstein.com\/lu\/wp-json\/wp\/v2\/pages\/8345","targetHints":{"allow":["GET"]}}],"collection":[{"href":"https:\/\/www.feuerundstein.com\/lu\/wp-json\/wp\/v2\/pages"}],"about":[{"href":"https:\/\/www.feuerundstein.com\/lu\/wp-json\/wp\/v2\/types\/page"}],"author":[{"embeddable":true,"href":"https:\/\/www.feuerundstein.com\/lu\/wp-json\/wp\/v2\/users\/1"}],"replies":[{"embeddable":true,"href":"https:\/\/www.feuerundstein.com\/lu\/wp-json\/wp\/v2\/comments?post=8345"}],"version-history":[{"count":3,"href":"https:\/\/www.feuerundstein.com\/lu\/wp-json\/wp\/v2\/pages\/8345\/revisions"}],"predecessor-version":[{"id":8348,"href":"https:\/\/www.feuerundstein.com\/lu\/wp-json\/wp\/v2\/pages\/8345\/revisions\/8348"}],"up":[{"embeddable":true,"href":"https:\/\/www.feuerundstein.com\/lu\/wp-json\/wp\/v2\/pages\/8101"}],"wp:featuredmedia":[{"embeddable":true,"href":"https:\/\/www.feuerundstein.com\/lu\/wp-json\/wp\/v2\/media\/8344"}],"wp:attachment":[{"href":"https:\/\/www.feuerundstein.com\/lu\/wp-json\/wp\/v2\/media?parent=8345"}],"curies":[{"name":"wp","href":"https:\/\/api.w.org\/{rel}","templated":true}]}}