{"id":8462,"date":"2026-04-21T08:22:13","date_gmt":"2026-04-21T08:22:13","guid":{"rendered":"https:\/\/www.feuerundstein.com\/suritec-freiwarnsystem\/"},"modified":"2026-04-21T08:22:13","modified_gmt":"2026-04-21T08:22:13","slug":"suritec-freiwarnsystem","status":"publish","type":"page","link":"https:\/\/www.feuerundstein.com\/lu\/suritec-freiwarnsystem\/","title":{"rendered":"Suritec &#8211; Fr\u00e9iwarnsystem"},"content":{"rendered":"<section  class='av_textblock_section av-k7gc4p96-8e6a7f69ff0f3507f4f4bbb97806f208 '   itemscope=\"itemscope\" itemtype=\"https:\/\/schema.org\/CreativeWork\" ><div class='avia_textblock'  itemprop=\"text\" ><div id=\"heading-4A8bIKCcOP\" class=\"sh-heading \">\n<p><a href=\"https:\/\/www.feuerundstein.com\/wp-content\/uploads\/2020\/03\/suriteclogo1-300x166.jpg\"><img loading=\"lazy\" decoding=\"async\" class=\"alignnone size-medium wp-image-5968\" src=\"https:\/\/www.feuerundstein.com\/wp-content\/uploads\/2020\/03\/suriteclogo1-300x166.jpg\" alt=\"\" width=\"300\" height=\"166\" srcset=\"https:\/\/www.feuerundstein.com\/wp-content\/uploads\/2020\/03\/suriteclogo1-300x166.jpg 300w, https:\/\/www.feuerundstein.com\/wp-content\/uploads\/2020\/03\/suriteclogo1-1030x569.jpg 1030w, https:\/\/www.feuerundstein.com\/wp-content\/uploads\/2020\/03\/suriteclogo1-768x425.jpg 768w, https:\/\/www.feuerundstein.com\/wp-content\/uploads\/2020\/03\/suriteclogo1-600x332.jpg 600w, https:\/\/www.feuerundstein.com\/wp-content\/uploads\/2020\/03\/suriteclogo1-705x390.jpg 705w, https:\/\/www.feuerundstein.com\/wp-content\/uploads\/2020\/03\/suriteclogo1-450x249.jpg 450w, https:\/\/www.feuerundstein.com\/wp-content\/uploads\/2020\/03\/suriteclogo1.jpg 1080w\" sizes=\"auto, (max-width: 300px) 100vw, 300px\" \/><\/a><\/p>\n<div class=\"sh-element-margin\">\n<h2><strong>Suritec &#8211; Fr\u00fchwarnsystem<\/strong><\/h2>\n<p>Sch\u00fctzt \u00c4ert Bes\u00ebtz virun Abriecher. Schlof weider roueg ouni Albtr\u00e4ume vun Abriecher.<\/p>\n<p>Schreckt potenziell Abriecher of, ier se iwwerhaapt bei Iech doheem ukommen, a spuert Iech an \u00c4rer Famill d\u00e9i dacks traumatesch a psychologesch Konsequenze vun engem Abroch.<\/p>\n<p>Kontakt\u00e9iert eis fir eng Berodung!<\/p>\n<p><strong>Keng Installatioun n\u00e9ideg<\/strong><\/p>\n<p>Keng Kabelen ze verlee\u00ebn, keng Bauaarbechten, kee Mess. Eng Standard Steckdous ass alles wat Dir braucht. Keng zous\u00e4tzlech Sensoren oder Detektoren, d\u00e9i a F\u00ebnsteren oder Dieren geschrauft musse ginn.<\/p>\n<p><strong>Einfach ze benotzen<\/strong><\/p>\n<p>Eist FR.ED Fr\u00fchwarnsystem gouf mat enger intuitiver Operatioun am Kapp entw\u00e9ckelt. Et integr\u00e9iert sech nahtlos an \u00c4r deeglech Routine, ouni w\u00e4ertvoll Z\u00e4it ze verbrauchen.<\/p>\n<p><strong>Manipulatiounsschutz<\/strong><\/p>\n<p>Sollt en Abriecher prob\u00e9ieren, d&#8217;Stroumversuergung vun \u00c4rem Gebai auszeschalten, bitt eist System Schutz fir bis zu 48 Stonnen ouni Stroumquell.<\/p>\n<p><strong>Stylescht Design<\/strong><\/p>\n<p>Hiergestallt an entw\u00e9ckelt an D\u00e4itschland. Einfachheet an Direktheet si fir eis gutt d\u00e4itsch Qualit\u00e9iten. Eis kloer Linnen an eis Designsprooch passen perfekt an all \u00cbmfeld.<\/p>\n<\/div>\n<\/div>\n<\/div><\/section>\n","protected":false},"excerpt":{"rendered":"","protected":false},"author":5,"featured_media":8461,"parent":0,"menu_order":0,"comment_status":"closed","ping_status":"closed","template":"","meta":{"footnotes":""},"class_list":["post-8462","page","type-page","status-publish","has-post-thumbnail","hentry"],"yoast_head":"<!-- This site is optimized with the Yoast SEO plugin v27.5 - https:\/\/yoast.com\/product\/yoast-seo-wordpress\/ -->\n<title>Suritec - Fr\u00e9iwarnsystem - Feuer und Stein S\u00e0rl Luxembourg<\/title>\n<meta name=\"description\" content=\"Suritec - Fr\u00e9iwarnsystem\" \/>\n<meta name=\"robots\" content=\"index, follow, max-snippet:-1, max-image-preview:large, max-video-preview:-1\" \/>\n<link rel=\"canonical\" href=\"https:\/\/www.feuerundstein.com\/suritec-fruehwarnsystem\/\" \/>\n<meta property=\"og:locale\" content=\"en_US\" \/>\n<meta property=\"og:type\" content=\"article\" \/>\n<meta property=\"og:title\" content=\"Suritec - Fr\u00e9iwarnsystem - Feuer und Stein S\u00e0rl Luxembourg\" \/>\n<meta property=\"og:description\" content=\"Suritec - Fr\u00e9iwarnsystem\" \/>\n<meta property=\"og:url\" content=\"https:\/\/www.feuerundstein.com\/suritec-fruehwarnsystem\/\" \/>\n<meta property=\"og:site_name\" content=\"Feuer und Stein S\u00e0rl Luxembourg\" \/>\n<meta property=\"og:image\" content=\"https:\/\/www.feuerundstein.com\/wp-content\/uploads\/2020\/03\/suriteclogo1.jpg\" \/>\n\t<meta property=\"og:image:width\" content=\"1080\" \/>\n\t<meta property=\"og:image:height\" content=\"597\" \/>\n\t<meta property=\"og:image:type\" content=\"image\/jpeg\" \/>\n<meta name=\"twitter:card\" content=\"summary_large_image\" \/>\n<meta name=\"twitter:label1\" content=\"Est. reading time\" \/>\n\t<meta name=\"twitter:data1\" content=\"2 minutes\" \/>\n<script type=\"application\/ld+json\" class=\"yoast-schema-graph\">{\"@context\":\"https:\\\/\\\/schema.org\",\"@graph\":[{\"@type\":\"WebPage\",\"@id\":\"https:\\\/\\\/www.feuerundstein.com\\\/suritec-fruehwarnsystem\\\/\",\"url\":\"https:\\\/\\\/www.feuerundstein.com\\\/suritec-fruehwarnsystem\\\/\",\"name\":\"Suritec - Fr\u00e9iwarnsystem - Feuer und Stein S\u00e0rl Luxembourg\",\"isPartOf\":{\"@id\":\"https:\\\/\\\/www.feuerundstein.com\\\/#website\"},\"primaryImageOfPage\":{\"@id\":\"https:\\\/\\\/www.feuerundstein.com\\\/suritec-fruehwarnsystem\\\/#primaryimage\"},\"image\":{\"@id\":\"https:\\\/\\\/www.feuerundstein.com\\\/suritec-fruehwarnsystem\\\/#primaryimage\"},\"thumbnailUrl\":\"https:\\\/\\\/www.feuerundstein.com\\\/wp-content\\\/uploads\\\/2020\\\/03\\\/suriteclogo1.jpg\",\"datePublished\":\"2026-04-21T08:22:13+00:00\",\"description\":\"Suritec - Fr\u00e9iwarnsystem\",\"breadcrumb\":{\"@id\":\"https:\\\/\\\/www.feuerundstein.com\\\/suritec-fruehwarnsystem\\\/#breadcrumb\"},\"inLanguage\":\"lu-LU\",\"potentialAction\":[{\"@type\":\"ReadAction\",\"target\":[\"https:\\\/\\\/www.feuerundstein.com\\\/suritec-fruehwarnsystem\\\/\"]}]},{\"@type\":\"ImageObject\",\"inLanguage\":\"lu-LU\",\"@id\":\"https:\\\/\\\/www.feuerundstein.com\\\/suritec-fruehwarnsystem\\\/#primaryimage\",\"url\":\"https:\\\/\\\/www.feuerundstein.com\\\/wp-content\\\/uploads\\\/2020\\\/03\\\/suriteclogo1.jpg\",\"contentUrl\":\"https:\\\/\\\/www.feuerundstein.com\\\/wp-content\\\/uploads\\\/2020\\\/03\\\/suriteclogo1.jpg\",\"width\":1080,\"height\":597},{\"@type\":\"BreadcrumbList\",\"@id\":\"https:\\\/\\\/www.feuerundstein.com\\\/suritec-fruehwarnsystem\\\/#breadcrumb\",\"itemListElement\":[{\"@type\":\"ListItem\",\"position\":1,\"name\":\"Startseite\",\"item\":\"https:\\\/\\\/www.feuerundstein.com\\\/lu\\\/\"},{\"@type\":\"ListItem\",\"position\":2,\"name\":\"Suritec &#8211; Fr\u00e9iwarnsystem\"}]},{\"@type\":\"WebSite\",\"@id\":\"https:\\\/\\\/www.feuerundstein.com\\\/#website\",\"url\":\"https:\\\/\\\/www.feuerundstein.com\\\/\",\"name\":\"Feuer und Stein S\u00e0rl Luxembourg\",\"description\":\"Fireplace and Wood floor expert\",\"potentialAction\":[{\"@type\":\"SearchAction\",\"target\":{\"@type\":\"EntryPoint\",\"urlTemplate\":\"https:\\\/\\\/www.feuerundstein.com\\\/?s={search_term_string}\"},\"query-input\":{\"@type\":\"PropertyValueSpecification\",\"valueRequired\":true,\"valueName\":\"search_term_string\"}}],\"inLanguage\":\"lu-LU\"}]}<\/script>\n<!-- \/ Yoast SEO plugin. -->","yoast_head_json":{"title":"Suritec - Fr\u00e9iwarnsystem - Feuer und Stein S\u00e0rl Luxembourg","description":"Suritec - Fr\u00e9iwarnsystem","robots":{"index":"index","follow":"follow","max-snippet":"max-snippet:-1","max-image-preview":"max-image-preview:large","max-video-preview":"max-video-preview:-1"},"canonical":"https:\/\/www.feuerundstein.com\/suritec-fruehwarnsystem\/","og_locale":"en_US","og_type":"article","og_title":"Suritec - Fr\u00e9iwarnsystem - Feuer und Stein S\u00e0rl Luxembourg","og_description":"Suritec - Fr\u00e9iwarnsystem","og_url":"https:\/\/www.feuerundstein.com\/suritec-fruehwarnsystem\/","og_site_name":"Feuer und Stein S\u00e0rl Luxembourg","og_image":[{"width":1080,"height":597,"url":"https:\/\/www.feuerundstein.com\/wp-content\/uploads\/2020\/03\/suriteclogo1.jpg","type":"image\/jpeg"}],"twitter_card":"summary_large_image","twitter_misc":{"Est. reading time":"2 minutes"},"schema":{"@context":"https:\/\/schema.org","@graph":[{"@type":"WebPage","@id":"https:\/\/www.feuerundstein.com\/suritec-fruehwarnsystem\/","url":"https:\/\/www.feuerundstein.com\/suritec-fruehwarnsystem\/","name":"Suritec - Fr\u00e9iwarnsystem - Feuer und Stein S\u00e0rl Luxembourg","isPartOf":{"@id":"https:\/\/www.feuerundstein.com\/#website"},"primaryImageOfPage":{"@id":"https:\/\/www.feuerundstein.com\/suritec-fruehwarnsystem\/#primaryimage"},"image":{"@id":"https:\/\/www.feuerundstein.com\/suritec-fruehwarnsystem\/#primaryimage"},"thumbnailUrl":"https:\/\/www.feuerundstein.com\/wp-content\/uploads\/2020\/03\/suriteclogo1.jpg","datePublished":"2026-04-21T08:22:13+00:00","description":"Suritec - Fr\u00e9iwarnsystem","breadcrumb":{"@id":"https:\/\/www.feuerundstein.com\/suritec-fruehwarnsystem\/#breadcrumb"},"inLanguage":"lu-LU","potentialAction":[{"@type":"ReadAction","target":["https:\/\/www.feuerundstein.com\/suritec-fruehwarnsystem\/"]}]},{"@type":"ImageObject","inLanguage":"lu-LU","@id":"https:\/\/www.feuerundstein.com\/suritec-fruehwarnsystem\/#primaryimage","url":"https:\/\/www.feuerundstein.com\/wp-content\/uploads\/2020\/03\/suriteclogo1.jpg","contentUrl":"https:\/\/www.feuerundstein.com\/wp-content\/uploads\/2020\/03\/suriteclogo1.jpg","width":1080,"height":597},{"@type":"BreadcrumbList","@id":"https:\/\/www.feuerundstein.com\/suritec-fruehwarnsystem\/#breadcrumb","itemListElement":[{"@type":"ListItem","position":1,"name":"Startseite","item":"https:\/\/www.feuerundstein.com\/lu\/"},{"@type":"ListItem","position":2,"name":"Suritec &#8211; Fr\u00e9iwarnsystem"}]},{"@type":"WebSite","@id":"https:\/\/www.feuerundstein.com\/#website","url":"https:\/\/www.feuerundstein.com\/","name":"Feuer und Stein S\u00e0rl Luxembourg","description":"Fireplace and Wood floor expert","potentialAction":[{"@type":"SearchAction","target":{"@type":"EntryPoint","urlTemplate":"https:\/\/www.feuerundstein.com\/?s={search_term_string}"},"query-input":{"@type":"PropertyValueSpecification","valueRequired":true,"valueName":"search_term_string"}}],"inLanguage":"lu-LU"}]}},"_links":{"self":[{"href":"https:\/\/www.feuerundstein.com\/lu\/wp-json\/wp\/v2\/pages\/8462","targetHints":{"allow":["GET"]}}],"collection":[{"href":"https:\/\/www.feuerundstein.com\/lu\/wp-json\/wp\/v2\/pages"}],"about":[{"href":"https:\/\/www.feuerundstein.com\/lu\/wp-json\/wp\/v2\/types\/page"}],"author":[{"embeddable":true,"href":"https:\/\/www.feuerundstein.com\/lu\/wp-json\/wp\/v2\/users\/5"}],"replies":[{"embeddable":true,"href":"https:\/\/www.feuerundstein.com\/lu\/wp-json\/wp\/v2\/comments?post=8462"}],"version-history":[{"count":2,"href":"https:\/\/www.feuerundstein.com\/lu\/wp-json\/wp\/v2\/pages\/8462\/revisions"}],"predecessor-version":[{"id":8464,"href":"https:\/\/www.feuerundstein.com\/lu\/wp-json\/wp\/v2\/pages\/8462\/revisions\/8464"}],"wp:featuredmedia":[{"embeddable":true,"href":"https:\/\/www.feuerundstein.com\/lu\/wp-json\/wp\/v2\/media\/8461"}],"wp:attachment":[{"href":"https:\/\/www.feuerundstein.com\/lu\/wp-json\/wp\/v2\/media?parent=8462"}],"curies":[{"name":"wp","href":"https:\/\/api.w.org\/{rel}","templated":true}]}}